{"id":452,"date":"2025-01-16T17:51:28","date_gmt":"2025-01-16T16:51:28","guid":{"rendered":"https:\/\/www.hautesvallees.com\/lizoard\/?page_id=452"},"modified":"2025-03-13T08:19:14","modified_gmt":"2025-03-13T07:19:14","slug":"fonts-de-cervieres","status":"publish","type":"page","link":"https:\/\/www.hautesvallees.com\/lizoard\/decouvrir\/incontournables\/fonts-de-cervieres\/","title":{"rendered":"Les Fonts de Cervi\u00e8res"},"content":{"rendered":"<div class=\"GutText  GutContainer\">\n        <div class=\"GutText-inner\">\n            <div class=\"GutTitle Center\">\n                    <h2 class=\"GutTitle-title\">\n                                    <span class=\"GutTitle-surtitle\">La vall\u00e9e des Fonts de Cervi\u00e8res<\/span>\n                                                        une vall\u00e9e d&#039;alpage pr\u00e9serv\u00e9e\n                            <\/h2>\n                    <\/div>\n                            <div class=\"GutText-intro Center\">La vall\u00e9e des Fonts de Cervi\u00e8res, un paysage remarquable. Partez \u00e0 la d\u00e9couverte d\u2019une vall\u00e9e hors du temps offrant une belle diversit\u00e9 de paysages. Venez d\u00e9couvrir les diff\u00e9rents hameaux et la biodiversit\u00e9 du site.<\/div>\n                                        <div class=\"GutText-wysiwyg Content\">\n                    <p style=\"text-align: center;\">La vall\u00e9e des Fonts de Cervi\u00e8res\u00a0est<strong> travers\u00e9e par\u00a0le torrent de la Cerveyrette, affluent de la Durance.<\/strong>\u00a0<strong>La fronti\u00e8re italienne\u00a0est toute proche<\/strong> tout comme\u00a0<strong>la station de ski de Montgen\u00e8vre<\/strong>, cach\u00e9e derri\u00e8re les cr\u00eates. C\u2019est une\u00a0vall\u00e9e pr\u00e9serv\u00e9e et discr\u00e8te\u00a0qui se compose de\u00a0<strong>diff\u00e9rents hameaux d\u2019estive tr\u00e8s charmants : les Fonts, Lachau, le Bourget, les Hugues, les Chalps.<\/strong>\u00a0Les chalets \u00e0 l\u2019architecture typique rappellent qu\u2019ici la vie paysanne est berc\u00e9e par le rythme des saisons.<\/p>\n\n                <\/div>\n                    <\/div>\n    <\/div>\n\n\n<div class=\"GutCol2  GutContainer\">\n        <div class=\"GutCol2-container\">\n\n            \n                                                                                                        <div class=\"GutCol2-wrap GutCol2-blocTexte Left\">\n                                <div class=\"GutCol2-blocTexte--inner\">\n                                                                            <div class=\"GutTitle Left\">\n                    <h2 class=\"GutTitle-title\">\n                                    <span class=\"GutTitle-surtitle\">La vall\u00e9es des Fonts de Cervi\u00e8res<\/span>\n                                                        un paysage de montagne remarquable\n                            <\/h2>\n                    <\/div>\n                                                                                                                                                    <div class=\"GutCol2-text Content\">\n                                            <p class=\"text-justify\">La vall\u00e9e des Fonts de Cervi\u00e8res offre sur <strong>10km de nombreuses possibilit\u00e9s d\u2019activit\u00e9s.<\/strong>\u00a0C\u2019est un site privil\u00e9gi\u00e9 pour la pratique du\u00a0<a href=\"https:\/\/www.hautesvallees.com\/lizoard\/que-faire\/en-hiver\/domaine-nordique-de-cervieres\/\" target=\"_blank\" rel=\"noopener\">ski de fond<\/a>, mais \u00e9galement pour\u00a0<a href=\"https:\/\/www.hautesvallees.com\/lizoard\/que-faire\/en-hiver\/raquettes\/\" target=\"_blank\" rel=\"noopener\">la randonn\u00e9e en raquette<\/a>\u00a0ou le\u00a0<a href=\"https:\/\/www.hautesvallees.com\/lizoard\/que-faire\/en-hiver\/ski-de-rando\/\" target=\"_blank\" rel=\"noopener\">ski de rando<\/a>. En \u00e9t\u00e9, la\u00a0<a href=\"https:\/\/www.hautesvallees.com\/lizoard\/que-faire\/en-ete\/balades-et-randonnees\/\" target=\"_blank\" rel=\"noopener\">randonn\u00e9e<\/a>\u00a0vous\u00a0permet\u00a0de prendre le temps de d\u00e9couvrir la faune et la flore du site. Les plus avis\u00e9s iront explorer\u00a0<a href=\"https:\/\/www.hautesvallees.com\/lizoard\/que-faire\/sites-geologiques\/\" target=\"_blank\" rel=\"noopener\">le site g\u00e9ologique du Chenaillet<\/a>.<\/p>\n<p class=\"text-justify\">Peu importe vos pr\u00e9f\u00e9rences, les paysages atypiques de cette vall\u00e9e de caract\u00e8re vous charmeront. Plus que des vacances, un v\u00e9ritable voyage vous attend.<\/p>\n\n                                        <\/div>\n                                                                    <\/div>\n                            <\/div>\n                                                                                                                                                        <div class=\"GutCol2-wrap GutCol2-blocImage Right\">\n                                    <picture class=\"GutCol2-picture\">\n                                        <img decoding=\"async\" src=\"https:\/\/www.hautesvallees.com\/content\/uploads\/sites\/4\/2025\/01\/Fonts-de-Cervieres-coucher-de-soleil-\u00a9T.Blais_-scaled-1-664x480.jpg\"\n                                             alt=\"Fonts-de-Cervieres-coucher-de-soleil-\u00a9T.Blais_-scaled\" \/>\n                                    <\/picture>\n                                                                            <span class=\"GutCol2-credit\">\u00a9 Blais T.<\/span>\n                                                                    <\/div>\n                                                                                            <\/div>\n    <\/div>\n\n\n<div class=\"GutGallery  GutContainer\">\n\n        <div class=\"GutTitle Center\">\n                    <h2 class=\"GutTitle-title\">\n                                    <span class=\"GutTitle-surtitle\">Au fil des saisons <\/span>\n                                                        dans la vall\u00e9es des Fonts de Cervi\u00e8res\n                            <\/h2>\n                    <\/div>\n\n                    <div class=\"GutGallery-container three_column __gallery\" id=\"gallery_69e74191e7c6a\" data-galleryid=\"gallery_69e74191e7c6a\" data-download=\"false\">\n                                                            <a class=\"GutGallery-item\"\n                           href=\"https:\/\/www.hautesvallees.com\/content\/uploads\/sites\/4\/2025\/03\/\u00a9MDucoux034_Chapelle-du-Bourget-1-scaled-1.jpg\"\n                            data-lg-size=\"2560-1707\"                             data-sub-html=\"Morattel S.\"                         >\n                            <picture class=\"GutGallery-pic\">\n                                <img decoding=\"async\" class=\"GutGallery-img\" src=\"https:\/\/www.hautesvallees.com\/content\/uploads\/sites\/4\/2025\/03\/\u00a9MDucoux034_Chapelle-du-Bourget-1-scaled-1-436x436.jpg\" alt=\"\u00a9MDucoux034_Chapelle-du-Bourget-1-scaled-1\">\n                            <\/picture>\n                                                            <div class=\"GutGallery-creditphoto\">Morattel S.<\/div>\n                                                    <\/a>\n                                                                                <a class=\"GutGallery-item\"\n                           href=\"https:\/\/www.hautesvallees.com\/content\/uploads\/sites\/4\/2025\/02\/Fonts-de-Cervieres\u00a9Soline-Morattel-6-1-scaled-1.jpg\"\n                            data-lg-size=\"1922-2560\"                             data-sub-html=\"Morattel S.\"                         >\n                            <picture class=\"GutGallery-pic\">\n                                <img decoding=\"async\" class=\"GutGallery-img\" src=\"https:\/\/www.hautesvallees.com\/content\/uploads\/sites\/4\/2025\/02\/Fonts-de-Cervieres\u00a9Soline-Morattel-6-1-scaled-1-436x436.jpg\" alt=\"1\">\n                            <\/picture>\n                                                            <div class=\"GutGallery-creditphoto\">Morattel S.<\/div>\n                                                    <\/a>\n                                                                                <a class=\"GutGallery-item\"\n                           href=\"https:\/\/www.hautesvallees.com\/content\/uploads\/sites\/4\/2025\/02\/Les-fonts-de-Cervieres-Cedric-Tempier-1-scaled.jpg\"\n                            data-lg-size=\"1662-2560\"                             data-sub-html=\"Tempier C. Hautes Alpes\"                         >\n                            <picture class=\"GutGallery-pic\">\n                                <img decoding=\"async\" class=\"GutGallery-img\" src=\"https:\/\/www.hautesvallees.com\/content\/uploads\/sites\/4\/2025\/02\/Les-fonts-de-Cervieres-Cedric-Tempier-1-436x436.jpg\" alt=\"1\">\n                            <\/picture>\n                                                            <div class=\"GutGallery-creditphoto\">Tempier C. Hautes Alpes<\/div>\n                                                    <\/a>\n                                                <\/div>\n            <\/div>\n\n\n<div class=\"GutCol2  GutContainer\">\n        <div class=\"GutCol2-container\">\n\n            \n                                                                                                        <div class=\"GutCol2-wrap GutCol2-blocTexte Left\">\n                                <div class=\"GutCol2-blocTexte--inner\">\n                                                                            <div class=\"GutTitle Left\">\n                    <h2 class=\"GutTitle-title\">\n                                    <span class=\"GutTitle-surtitle\">La plaine du Bourget<\/span>\n                                                        une zone natura 2000\n                            <\/h2>\n                    <\/div>\n                                                                                                                <div class=\"GutCol2-intro\">En avant de la haute vall\u00e9e de la Cerveyrette, vaste \u00e9tendue quasi plane et mar\u00e9cageuse, venez d\u00e9couvrir l\u2019un des plus grands complexes tourbeux des Alpes du Sud.<\/div>\n                                                                                                                <div class=\"GutCol2-text Content\">\n                                            <p class=\"text-justify\">Le marais du Bourget de Cervi\u00e8res est inscrit aux <strong>sites Natura 2000 et reconnu comme zone d\u2019int\u00e9r\u00eat \u00e9cologique, faunistique et floristique.<\/strong> Vous pouvez d\u00e9couvrir ce patrimoine naturel gr\u00e2ce au <strong><a href=\"https:\/\/www.hautesvallees.com\/lizoard\/que-faire\/en-ete\/balades-et-randonnees\/les-sentiers-thematiques\/\">sentier d\u2019interpr\u00e9tation<\/a><\/strong> compos\u00e9 de deux boucles<strong> reli\u00e9es entre elles par le chemin de l\u2019Aigalan<\/strong>.<\/p>\n<p class=\"text-justify\"><strong>Ce vallon bucolique est un lieu authentique<\/strong> plus que touristique o\u00f9 il fait bon ralentir le rythme et oublier le quotidien.<\/p>\n\n                                        <\/div>\n                                                                    <\/div>\n                            <\/div>\n                                                                                                                                                        <div class=\"GutCol2-wrap GutCol2-blocImage Right\">\n                                    <picture class=\"GutCol2-picture\">\n                                        <img decoding=\"async\" src=\"https:\/\/www.hautesvallees.com\/content\/uploads\/sites\/4\/2025\/02\/\u00a9MDucoux084_Faucon-Crecerelle-Le-Bourget-scaled-1-588x588.jpg\"\n                                             alt=\"Sentiers th\u00e9matiques - Faucon Crecerelle - Le Bourget - Ducroux M.\" \/>\n                                    <\/picture>\n                                                                            <span class=\"GutCol2-credit\">\u00a9 Ducroux M.<\/span>\n                                                                    <\/div>\n                                                                                            <\/div>\n    <\/div>\n\n\n<div class=\"GutCol2  GutContainer\">\n        <div class=\"GutCol2-container\">\n\n            \n                                                                                                                                        <div class=\"GutCol2-wrap GutCol2-blocImage Left\">\n                                    <picture class=\"GutCol2-picture\">\n                                        <img decoding=\"async\" src=\"https:\/\/www.hautesvallees.com\/content\/uploads\/sites\/4\/2025\/02\/DSC_2490-1-scaled-1-664x480.jpg\"\n                                             alt=\"Gaec du Lasseron en alpage - Selberg J.\" \/>\n                                    <\/picture>\n                                                                            <span class=\"GutCol2-credit\">\u00a9 Selberg J.<\/span>\n                                                                    <\/div>\n                                                                                                                                                    <div class=\"GutCol2-wrap GutCol2-blocTexte Right\">\n                                <div class=\"GutCol2-blocTexte--inner\">\n                                                                            <div class=\"GutTitle Left\">\n                    <h2 class=\"GutTitle-title\">\n                                    <span class=\"GutTitle-surtitle\">Le pastoralisme<\/span>\n                                                        dans la vall\u00e9e des Fonts\n                            <\/h2>\n                    <\/div>\n                                                                                                                <div class=\"GutCol2-intro\">Le territoire est fort d\u2019une longue tradition pastorale\u00a0dont les paysages et le b\u00e2ti sont les t\u00e9moins.<\/div>\n                                                                                                                <div class=\"GutCol2-text Content\">\n                                            <p class=\"text-justify\">Les habitants des hautes vall\u00e9es alpines ont d\u00e9velopp\u00e9 des savoir-faire leur permettant de tirer le meilleur des territoires dans lequel ils vivent. Autrefois,<strong> les communaut\u00e9s changeaient d\u2019habitat au fur et \u00e0 mesure des saisons<\/strong>. Les villages permanents \u00e9taient install\u00e9s en fond de vall\u00e9e ou au pied des versants tandis que les habitats saisonniers, hameaux d\u2019estive ou chalets isol\u00e9s, se trouvaient en altitude. <strong>Le mode d\u2019exploitation dite de la petite montagne<\/strong> consistait \u00e0 monter le b\u00e9tail en alpage et \u00e0 tour de r\u00f4le un membre de la famille le gardait. Ce mode d\u2019exploitation est encore pratiqu\u00e9 aujourd&rsquo;hui. L\u2019agriculture reste une activit\u00e9 tr\u00e8s importante pour le village de Cervi\u00e8res.<\/p>\n<p class=\"text-justify\">Apr\u00e8s avoir pass\u00e9 l\u2019hiver au village, <strong>les troupeaux rejoignent la vall\u00e9e des Fonts pour la belle saison.<\/strong> Ils sont souvent gard\u00e9s par des chiens de protection.\u00a0<a href=\"https:\/\/www.hautesvallees.com\/comment-se-comporter-face-aux-chiens-de-protection-des-troupeaux\/\" target=\"_blank\" rel=\"noopener\">Comment se comporter face \u00e0 ces chiens pour qui nous sommes une menace ?\u00a0<\/a><\/p>\n\n                                        <\/div>\n                                                                    <\/div>\n                            <\/div>\n                                                                <\/div>\n    <\/div>\n\n\n<div class=\"GutInformations BgColor GutContainer\">\n        <div class=\"GutInformations-container\">\n\n            <div class=\"GutTitle Center\">\n                    <h2 class=\"GutTitle-title\">\n                                    <span class=\"GutTitle-surtitle\">les plus<\/span>\n                                                        pour m&#039;organiser\n                            <\/h2>\n                    <\/div>\n\n            <div class=\"GutInformations-list\">\n                                    <div class=\"GutInformations-wrap\">\n                                                                                    <picture class=\"GutInformations-picture\">\n                                    <img decoding=\"async\" src=\"https:\/\/www.hautesvallees.com\/content\/uploads\/sites\/4\/2025\/01\/Design-sans-titre-3-3.svg\" alt=\"Picto route\" \/>\n                                <\/picture>\n                                                                                                        <p class=\"GutInformations-title\">\n                                Comment venir et stationner\n                            <\/p>\n                                                                            <p class=\"GutInformations-text\">\n                                Depuis Brian\u00e7on, prendre la d\u00e9partementale D 902 en direction du col de l\u2019Izoard jusqu\u2019au village de Cervi\u00e8res. \u00c0 partir de mi-avril vous pouvez continuer en voiture en suivant la d\u00e9partementale D 89T. Comptez environ 40 minutes pour arriver \u00e0 la vall\u00e9e des Fonts depuis Brian\u00e7on. En hiver, garez-vous au parking situ\u00e9 dans le village de Cervi\u00e8res. En \u00e9t\u00e9, des parkings se trouvent dans les diff\u00e9rents hameaux. Vous pouvez stationner notamment au niveau du mur des Aittes.\n                            <\/p>\n                                                                    <\/div>\n                                    <div class=\"GutInformations-wrap\">\n                                                                                    <picture class=\"GutInformations-picture\">\n                                    <img decoding=\"async\" src=\"https:\/\/www.hautesvallees.com\/content\/uploads\/sites\/4\/2025\/02\/Design-sans-titre-1-250x250.jpg\" alt=\"4 saisons - canva\" \/>\n                                <\/picture>\n                                                                                                        <p class=\"GutInformations-title\">\n                                Quelle est la saison id\u00e9ale ?\n                            <\/p>\n                                                                            <p class=\"GutInformations-text\">\n                                L\u2019hiver et l\u2019\u00e9t\u00e9 sont sans doute les moments de l\u2019ann\u00e9e o\u00f9 la vall\u00e9e vous offrira le meilleur d\u2019elle-m\u00eame.\n                            <\/p>\n                                                                    <\/div>\n                                    <div class=\"GutInformations-wrap\">\n                                                                                    <picture class=\"GutInformations-picture\">\n                                    <img decoding=\"async\" src=\"https:\/\/www.hautesvallees.com\/content\/uploads\/sites\/4\/2025\/02\/Design-sans-titre-2-250x250.jpg\" alt=\"Picto public - Canva\" \/>\n                                <\/picture>\n                                                                                                        <p class=\"GutInformations-title\">\n                                Pour qui ?\n                            <\/p>\n                                                                            <p class=\"GutInformations-text\">\n                                La vall\u00e9e des Fonts s\u2019adapte \u00e0 tous les publics. Sportif, vous trouverez ici de multiples activit\u00e9s pour vous d\u00e9passer et vous impr\u00e9gner du territoire. Vous venez en famille ? Des activit\u00e9s douces vous attendent, comme la d\u00e9couverte de la faune et de la flore.\n                            <\/p>\n                                                                            <a class=\"GutInformations-link\"\n                               href=\"https:\/\/www.hautesvallees.com\/code-du-randonneur-responsable\/\"\n                               target=\"\"\n                               title=\"Quelques r\u00e8gles \u00e0 conna\u00eetre\">\n                                Quelques r\u00e8gles \u00e0 conna\u00eetre\n                            <\/a>\n                                            <\/div>\n                            <\/div>\n        <\/div>\n    <\/div>\n\n\n<div class=\"GutCol2  GutContainer\">\n        <div class=\"GutCol2-container\">\n\n            \n                                                                                                        <div class=\"GutCol2-wrap GutCol2-blocTexte Left\">\n                                <div class=\"GutCol2-blocTexte--inner\">\n                                                                            <div class=\"GutTitle Left\">\n                    <h2 class=\"GutTitle-title\">\n                                    <span class=\"GutTitle-surtitle\">D\u00e9couvrir la vall\u00e9e<\/span>\n                                                        des Fonts de Cervi\u00e8res\n                            <\/h2>\n                    <\/div>\n                                                                                                                <div class=\"GutCol2-intro\">Chaussures de marche aux pieds et sac de randonn\u00e9e sur le dos, partez \u00e0 l&rsquo;aventure sur les sentiers de la vall\u00e9e des Fonts.<\/div>\n                                                                                                                <div class=\"GutCol2-text Content\">\n                                            <p>Au pied du <strong>Mont Chenaillet,<\/strong> <a href=\"https:\/\/www.hautesvallees.com\/lizoard\/que-faire\/en-ete\/balades-et-randonnees\/les-sentiers-thematiques\/\"><strong>le sentier d&rsquo;interpr\u00e9tation du Marais du Bourget<\/strong><\/a> vous emm\u00e8ne \u00e0 la d\u00e9couverte de l&rsquo;un des plus grands ensembles tourbeux du Brian\u00e7onnais.<\/p>\n<p>C&rsquo;est un site fa\u00e7onn\u00e9 par les<strong> pratiques<\/strong> <strong>agricoles traditionnelles.<\/strong> Apr\u00e8s avoir pass\u00e9 l\u2019hiver au village, les troupeaux rejoignent la vall\u00e9e des Fonts pour la belle saison.<\/p>\n\n                                        <\/div>\n                                                                    <\/div>\n                            <\/div>\n                                                                                                                                                        <div class=\"GutCol2-wrap GutCol2-blocImage Right\">\n                                    <picture class=\"GutCol2-picture\">\n                                        <img decoding=\"async\" src=\"https:\/\/www.hautesvallees.com\/content\/uploads\/sites\/4\/2025\/02\/Cervieres-\u00a9Papa-Aurelien-2-664x480.jpg\"\n                                             alt=\"Cervi\u00e8res - Papa A.\" \/>\n                                    <\/picture>\n                                                                            <span class=\"GutCol2-credit\">\u00a9 Papa A.<\/span>\n                                                                    <\/div>\n                                                                                            <\/div>\n    <\/div>\n","protected":false},"excerpt":{"rendered":"","protected":false},"author":7,"featured_media":678,"parent":362,"menu_order":2,"comment_status":"closed","ping_status":"closed","template":"","meta":{"_acf_changed":false,"footnotes":""},"class_list":["post-452","page","type-page","status-publish","has-post-thumbnail","hentry"],"acf":[],"_links":{"self":[{"href":"https:\/\/www.hautesvallees.com\/lizoard\/wp-json\/wp\/v2\/pages\/452","targetHints":{"allow":["GET"]}}],"collection":[{"href":"https:\/\/www.hautesvallees.com\/lizoard\/wp-json\/wp\/v2\/pages"}],"about":[{"href":"https:\/\/www.hautesvallees.com\/lizoard\/wp-json\/wp\/v2\/types\/page"}],"author":[{"embeddable":true,"href":"https:\/\/www.hautesvallees.com\/lizoard\/wp-json\/wp\/v2\/users\/7"}],"replies":[{"embeddable":true,"href":"https:\/\/www.hautesvallees.com\/lizoard\/wp-json\/wp\/v2\/comments?post=452"}],"version-history":[{"count":8,"href":"https:\/\/www.hautesvallees.com\/lizoard\/wp-json\/wp\/v2\/pages\/452\/revisions"}],"predecessor-version":[{"id":4013,"href":"https:\/\/www.hautesvallees.com\/lizoard\/wp-json\/wp\/v2\/pages\/452\/revisions\/4013"}],"up":[{"embeddable":true,"href":"https:\/\/www.hautesvallees.com\/lizoard\/wp-json\/wp\/v2\/pages\/362"}],"wp:featuredmedia":[{"embeddable":true,"href":"https:\/\/www.hautesvallees.com\/lizoard\/wp-json\/wp\/v2\/media\/678"}],"wp:attachment":[{"href":"https:\/\/www.hautesvallees.com\/lizoard\/wp-json\/wp\/v2\/media?parent=452"}],"curies":[{"name":"wp","href":"https:\/\/api.w.org\/{rel}","templated":true}]}}