{"id":451,"date":"2025-01-16T17:51:29","date_gmt":"2025-01-16T16:51:29","guid":{"rendered":"https:\/\/www.hautesvallees.com\/lizoard\/?page_id=451"},"modified":"2025-02-25T10:19:51","modified_gmt":"2025-02-25T09:19:51","slug":"lac-de-lorceyrette","status":"publish","type":"page","link":"https:\/\/www.hautesvallees.com\/lizoard\/decouvrir\/incontournables\/lac-de-lorceyrette\/","title":{"rendered":"Le lac de l&rsquo;Orceyrette et le Bois des Ayes"},"content":{"rendered":"<div class=\"GutText  GutContainer\">\n        <div class=\"GutText-inner\">\n            <div class=\"GutTitle Center\">\n                    <h2 class=\"GutTitle-title\">\n                                    <span class=\"GutTitle-surtitle\">Partez \u00e0 la d\u00e9couverte du lac de l&#039;Orceyrette<\/span>\n                                                        et du bois des Ayes\n                            <\/h2>\n                    <\/div>\n                                        <div class=\"GutText-wysiwyg Content\">\n                    <p style=\"text-align: center;\"><strong>Le lac de l&rsquo;Orceyrette, lac d\u2019origine glaciaire,<\/strong> a \u00e9t\u00e9 remodel\u00e9 dans les ann\u00e9es 50 avec la cr\u00e9ation d\u2019un petit barrage. C\u2019est aujourd\u2019hui un lieu id\u00e9al pour les<a href=\"https:\/\/www.hautesvallees.com\/lizoard\/que-faire\/en-ete\/balades-et-randonnees\/balades-enfants-en-famille\/\"> balades familiales<\/a>. Le reflet des montagnes dans l\u2019eau cristalline du lac vous invite \u00e0 faire une pause.<br \/>\n<strong>Entre lac, torrent et bois<\/strong> vous serez d\u00e9pays\u00e9 le temps d\u2019un apr\u00e8s-midi dans ce lieu envo\u00fbtant.<\/p>\n\n                <\/div>\n                    <\/div>\n    <\/div>\n\n\n<div class=\"GutCol2  GutContainer\">\n        <div class=\"GutCol2-container\">\n\n            \n                                                                                                        <div class=\"GutCol2-wrap GutCol2-blocTexte Left\">\n                                <div class=\"GutCol2-blocTexte--inner\">\n                                                                            <div class=\"GutTitle Left\">\n                    <h2 class=\"GutTitle-title\">\n                                    <span class=\"GutTitle-surtitle\">Le lac de l&#039;Orceyrette<\/span>\n                                                        un d\u00e9paysement garanti !\n                            <\/h2>\n                    <\/div>\n                                                                                                                <div class=\"GutCol2-intro\">En arrivant au lac de l\u2019Orceyrette, c\u2019est un lac d\u2019une clart\u00e9 \u00e9meraude que l\u2019on d\u00e9couvre. Ce joyau est un lieu pr\u00e9serv\u00e9 par les habitants de Villard-Saint-Pancrace. <\/div>\n                                                                                                                <div class=\"GutCol2-text Content\">\n                                            <p class=\"text-justify\">Ce <strong>lieu est un incontournable du Brian\u00e7onnais<\/strong> et id\u00e9al pour une <strong>promenade en famille<\/strong> locale. <strong>Un sentier am\u00e9nag\u00e9 permet de faire le tour du lac de l\u2019Orceyrette.<\/strong> C\u2019est aussi un bon moyen pour <strong>d\u00e9couvrir la faune et la flore locale<\/strong>. Les pontons vous offrent la possibilit\u00e9 de faire de <strong>magnifiques photos.<\/strong> C\u2019est un site pris\u00e9 par les photographes et qui a servi de <strong>d\u00e9cors \u00e0 la s\u00e9rie <a href=\"https:\/\/www.hautesvallees.com\/alex-hugo-a-lusagne-samuel-le-bihan-a-la-recherche-despaces-sauvages-et-de-paysages-grandioses\/\">Alex Hugo<\/a>.<\/strong> Le lac est un endroit parfait pour le pique-nique et la <a href=\"https:\/\/www.hautesvallees.com\/lizoard\/que-faire\/en-ete\/peche\/\">p\u00eache<\/a>.<\/p>\n<p class=\"text-justify\"><a href=\"https:\/\/www.hautesvallees.com\/lizoard\/que-faire\/en-ete\/balades-et-randonnees\/\" target=\"_blank\" rel=\"noopener\">Les d\u00e9parts de randonn\u00e9e<\/a>\u00a0vous emm\u00e8neront vers les chalets de la Taure, les chalets d\u2019Orci\u00e8res ou encore <strong>le col des Ayes.\u00a0<\/strong><\/p>\n<p class=\"text-justify\">N\u2019oubliez pas de faire une halte aux <strong>chalets des Ayes,<\/strong> o\u00f9 vous pourrez d\u00e9couvrir la <strong>Chapelle Sainte-Elisabeth.<\/strong> Son charme fou saura satisfaire votre soif de culture.<\/p>\n\n                                        <\/div>\n                                                                    <\/div>\n                            <\/div>\n                                                                                                                                                        <div class=\"GutCol2-wrap GutCol2-blocImage Right\">\n                                    <picture class=\"GutCol2-picture\">\n                                        <img decoding=\"async\" src=\"https:\/\/www.hautesvallees.com\/content\/uploads\/sites\/4\/2025\/02\/DJI_0053-1920x1080-1-664x480.jpg\"\n                                             alt=\"lac de l\u2019Orceyrette itin\u00e9raire\" \/>\n                                    <\/picture>\n                                                                            <span class=\"GutCol2-credit\">\u00a9 Papa A.<\/span>\n                                                                    <\/div>\n                                                                                            <\/div>\n    <\/div>\n\n\n<div class=\"GutGallery  GutContainer\">\n\n        <div class=\"GutTitle Center\">\n                    <h2 class=\"GutTitle-title\">\n                                    <span class=\"GutTitle-surtitle\">au fil des saisons<\/span>\n                                                        au lac de l&#039;Orceyrette\n                            <\/h2>\n                    <\/div>\n\n                    <div class=\"GutGallery-container three_column __gallery\" id=\"gallery_6a030079978c9\" data-galleryid=\"gallery_6a030079978c9\" data-download=\"false\">\n                                                            <a class=\"GutGallery-item\"\n                           href=\"https:\/\/www.hautesvallees.com\/content\/uploads\/sites\/4\/2025\/02\/lac-de-lorceyrette-5-scaled.jpg\"\n                            data-lg-size=\"2560-1706\"                             data-sub-html=\"Blais T.\"                         >\n                            <picture class=\"GutGallery-pic\">\n                                <img decoding=\"async\" class=\"GutGallery-img\" src=\"https:\/\/www.hautesvallees.com\/content\/uploads\/sites\/4\/2025\/02\/lac-de-lorceyrette-5-436x436.jpg\" alt=\"1\">\n                            <\/picture>\n                                                            <div class=\"GutGallery-creditphoto\">Blais T.<\/div>\n                                                    <\/a>\n                                                                                <a class=\"GutGallery-item\"\n                           href=\"https:\/\/www.hautesvallees.com\/content\/uploads\/sites\/4\/2025\/02\/DES_0502-1-scaled-1.jpg\"\n                            data-lg-size=\"2560-1707\"                             data-sub-html=\"Papa A.\"                         >\n                            <picture class=\"GutGallery-pic\">\n                                <img decoding=\"async\" class=\"GutGallery-img\" src=\"https:\/\/www.hautesvallees.com\/content\/uploads\/sites\/4\/2025\/02\/DES_0502-1-scaled-1-436x436.jpg\" alt=\"1\">\n                            <\/picture>\n                                                            <div class=\"GutGallery-creditphoto\">Papa A.<\/div>\n                                                    <\/a>\n                                                                                <a class=\"GutGallery-item\"\n                           href=\"https:\/\/www.hautesvallees.com\/content\/uploads\/sites\/4\/2025\/02\/Orceyrette-en-hiver-\u00a9Thibaut-Poinas-scaled-1.jpg\"\n                            data-lg-size=\"2560-1917\"                             data-sub-html=\"Poinas T.\"                         >\n                            <picture class=\"GutGallery-pic\">\n                                <img decoding=\"async\" class=\"GutGallery-img\" src=\"https:\/\/www.hautesvallees.com\/content\/uploads\/sites\/4\/2025\/02\/Orceyrette-en-hiver-\u00a9Thibaut-Poinas-scaled-1-436x436.jpg\" alt=\"1\">\n                            <\/picture>\n                                                            <div class=\"GutGallery-creditphoto\">Poinas T.<\/div>\n                                                    <\/a>\n                                                <\/div>\n            <\/div>\n\n\n<div class=\"GutCol2  GutContainer\">\n        <div class=\"GutCol2-container\">\n\n            \n                                                                                                                                        <div class=\"GutCol2-wrap GutCol2-blocImage Left\">\n                                    <picture class=\"GutCol2-picture\">\n                                        <img decoding=\"async\" src=\"https:\/\/www.hautesvallees.com\/content\/uploads\/sites\/4\/2025\/02\/Sentier-pedagogique-de-La-Taure-lac-dorceyrette-22.08.2023-BALACE-Amandine28-510x710.jpg\"\n                                             alt=\"bois des ayes\" \/>\n                                    <\/picture>\n                                                                            <span class=\"GutCol2-credit\">\u00a9 Balac\u00e9 A.<\/span>\n                                                                    <\/div>\n                                                                                                                                                    <div class=\"GutCol2-wrap GutCol2-blocTexte Right\">\n                                <div class=\"GutCol2-blocTexte--inner\">\n                                                                            <div class=\"GutTitle Left\">\n                    <h2 class=\"GutTitle-title\">\n                                    <span class=\"GutTitle-surtitle\">Le bois des Ayes<\/span>\n                                                        une r\u00e9serve naturelle class\u00e9e\n                            <\/h2>\n                    <\/div>\n                                                                                                                <div class=\"GutCol2-intro\">Le bois des Ayes, r\u00e9serve naturelle class\u00e9e Natura 2000, s\u2019\u00e9tend sur plus 882 hectares. Elle est le refuge de nombreuses esp\u00e8ces d\u2019oiseaux notamment la chouette Chev\u00eachette d\u2019Europe, la chouette de Tengmalm et le T\u00e9tras lyre.<\/div>\n                                                                                                                <div class=\"GutCol2-text Content\">\n                                            <p class=\"text-justify\"><strong>Le bois des Ayes,<\/strong> c\u2019est \u00e9galement une des for\u00eats les plus \u00e9lev\u00e9es de France. <strong>Perch\u00e9e \u00e0 plus de 2000 m d\u2019altitude<\/strong>, elle couvre <strong>400 hectares de terrain.<\/strong> C\u2019est une des plus belles <strong>cembraies d\u2019Europe,<\/strong> avec une <strong>proportion importante d\u2019arbres \u00e2g\u00e9s entre 400 et 600 ans. Le bois des Ayes est class\u00e9 depuis 1990<\/strong> comme <strong>\u00ab r\u00e9serve biologique foresti\u00e8re dirig\u00e9e \u00bb<\/strong>. En montant en altitude le <strong>pin cembro<\/strong> devient petit \u00e0 petit majoritaire jusqu&rsquo;\u00e0 former une cembraie pure au dessus de 2100 m d&rsquo;altitude. Le sous bois de cette for\u00eat est un milieu propice pour le\u00a0<strong>rhododendron et la myrtille<\/strong>.<\/p>\n<p class=\"text-justify\"><strong><a href=\"https:\/\/www.hautesvallees.com\/lizoard\/que-faire\/en-ete\/balades-et-randonnees\/les-sentiers-thematiques\/\" target=\"_blank\" rel=\"noopener\">Le sentier botanique<\/a> <\/strong>au d\u00e9part du centre montagne vous permettra d\u2019en savoir plus sur <strong>l\u2019embl\u00e9matique pin cembro<\/strong>. Depuis <strong>Plan Peyron<\/strong>, <strong>le sentier p\u00e9dagogique de la Taure<\/strong> vous fera parcourir le <strong>Bois des Ayes<\/strong> sur les hauteurs avec un <strong>retour en boucle par le lac de l&rsquo;Orceyrette.<\/strong> L&rsquo;occasion d&rsquo;une <strong>balade en famille ludique<\/strong> \u00e0 la <strong>d\u00e9couverte de la biodiversit\u00e9 de la R\u00e9serve du bois des Ayes.<\/strong><\/p>\n\n                                        <\/div>\n                                                                    <\/div>\n                            <\/div>\n                                                                <\/div>\n    <\/div>\n\n\n<div class=\"GutInformations BgColor GutContainer\">\n        <div class=\"GutInformations-container\">\n\n            <div class=\"GutTitle Center\">\n                    <h2 class=\"GutTitle-title\">\n                                    <span class=\"GutTitle-surtitle\">Les plus<\/span>\n                                                        pour m&#039;organiser\n                            <\/h2>\n                    <\/div>\n\n            <div class=\"GutInformations-list\">\n                                    <div class=\"GutInformations-wrap\">\n                                                                                    <picture class=\"GutInformations-picture\">\n                                    <img decoding=\"async\" src=\"https:\/\/www.hautesvallees.com\/content\/uploads\/sites\/4\/2025\/02\/Design-sans-titre-1-250x250.jpg\" alt=\"4 saisons - canva\" \/>\n                                <\/picture>\n                                                                                                        <p class=\"GutInformations-title\">\n                                Quelle est la saison id\u00e9ale ?\n                            <\/p>\n                                                                            <p class=\"GutInformations-text\">\n                                Chacune des saisons offre un nouveau paysage. Pour profiter pleinement du site, privil\u00e9giez le printemps et l&rsquo;automne, les couleurs y sont somptueuses et vous aurez moins de monde que l&rsquo;\u00e9t\u00e9. \n                            <\/p>\n                                            <\/div>\n                                    <div class=\"GutInformations-wrap\">\n                                                                                    <picture class=\"GutInformations-picture\">\n                                    <img decoding=\"async\" src=\"https:\/\/www.hautesvallees.com\/content\/uploads\/sites\/4\/2025\/01\/Design-sans-titre-3-2.svg\" alt=\"Picto route\" \/>\n                                <\/picture>\n                                                                                                        <p class=\"GutInformations-title\">\n                                Comment venir\n                            <\/p>\n                                                                            <p class=\"GutInformations-text\">\n                                L&rsquo;\u00e9t\u00e9, un arr\u00eat\u00e9 de circulation est mis en place dans le hameau des Ayes (sauf riverains). Vous pouvez stationner sur le parking du Centre Montagne et acc\u00e9der \u00e0 pied ou en v\u00e9lo au lac. Accessible en voiture (hauteur maximale 2m10) de mai \u00e0 octobre depuis Villard-Saint-Pancrace par la route des Costes. Suivez le village des Ayes, passez ensuite \u00e0 Plan Peyron et suivez la piste foresti\u00e8re jusqu&rsquo;au lac. L&rsquo;ancienne route des Ayes est accessible uniquement aux pi\u00e9tons et v\u00e9los.  Pendant la saison hivernale, le lac est accessible en raquette ou en ski. \n                            <\/p>\n                                            <\/div>\n                                    <div class=\"GutInformations-wrap\">\n                                                                                    <picture class=\"GutInformations-picture\">\n                                    <img decoding=\"async\" src=\"https:\/\/www.hautesvallees.com\/content\/uploads\/sites\/4\/2025\/02\/Design-sans-titre-2-250x250.jpg\" alt=\"Picto public - Canva\" \/>\n                                <\/picture>\n                                                                                                        <p class=\"GutInformations-title\">\n                                Pour qui ?\n                            <\/p>\n                                                                            <p class=\"GutInformations-text\">\n                                En famille, entre amis, amateurs de la montagne ou non, chacun y trouvera son bonheur. \n                            <\/p>\n                                            <\/div>\n                            <\/div>\n        <\/div>\n    <\/div>\n\n\n<div class=\"GutCol2  GutContainer\">\n        <div class=\"GutCol2-container\">\n\n            \n                                                                                                        <div class=\"GutCol2-wrap GutCol2-blocTexte Left\">\n                                <div class=\"GutCol2-blocTexte--inner\">\n                                                                            <div class=\"GutTitle Left\">\n                    <h2 class=\"GutTitle-title\">\n                                    <span class=\"GutTitle-surtitle\">Zoom sur<\/span>\n                                                        la chouette Chev\u00eachette\n                            <\/h2>\n                    <\/div>\n                                                                                                                                                    <div class=\"GutCol2-text Content\">\n                                            <p class=\"text-justify\"><strong>La chouette Chev\u00eachette est la plus petite chouette d\u2019Europe<\/strong>, elle tient dans la main. Avec<strong> le retrait des glaciers<\/strong> elle a choisi de migrer en altitude pour trouver un lieu de vie \u00e0 son go\u00fbt. Elle est pr\u00e9sente dans les Alpes, mais reste encore rare. Sa population est particuli\u00e8rement concentr\u00e9e dans le bois des Ayes, juste au-dessus de <a href=\"https:\/\/www.hautesvallees.com\/lizoard\/decouvrir\/destination-izoard\/villard-saint-pancrace\/\">Villard-Saint-Pancrace<\/a>.<\/p>\n<p class=\"text-justify\">La petite Chev\u00eachette est d\u2019une couleur noire chamois\u00e9e \u00e0 brun gris\u00e2tre avec des taches blanch\u00e2tres. \u00c0 la base de son cou on retrouve un collier blanc. Son bec et ses yeux sont de couleur jaune. C\u2019est un rapace qui se nourrit de mulots, campagnols et autres petits mammif\u00e8res. Elle cache de la nourriture dans les cavit\u00e9s naturelles au cas o\u00f9 elle ne puisse pas chasser au cours de l\u2019hiver. Elle chasse souvent la journ\u00e9e, car sa vue est mauvaise dans l\u2019obscurit\u00e9 compl\u00e8te.<strong> Si vous voulez \u00e9couter son chant c\u2019est \u00e0 l\u2019aube ou au cr\u00e9puscule que vous avez le plus de chance de l\u2019entendre.\u00a0<\/strong><\/p>\n<p class=\"text-justify\"><strong>Le bois des Ayes<\/strong> o\u00f9 se trouve <strong>une grande population de Chev\u00eachettes<\/strong> ainsi que d\u2019autres esp\u00e8ces d&rsquo;oiseaux rares, est class\u00e9 <strong>Zone de Protection Sp\u00e9ciale pour les Oiseaux.<\/strong> Les parcs et Natura 2000 organisent parfois des sorties pour retrouver la trace de cette esp\u00e8ce montagnarde. Sa principale menace est la modification de son habitat d\u00fb aux pratiques sylvicoles.<\/p>\n<p>&nbsp;<\/p>\n<p style=\"text-align: center;\"><a class=\"Button-primary\" href=\"https:\/\/www.hautesvallees.com\/au-bois-de-la-chouette-chevechette\/\">En d\u00e9couvrir plus sur la chouette Chev\u00eachette<\/a><\/p>\n\n                                        <\/div>\n                                                                    <\/div>\n                            <\/div>\n                                                                                                                                                        <div class=\"GutCol2-wrap GutCol2-blocImage Right\">\n                                    <picture class=\"GutCol2-picture\">\n                                        <img decoding=\"async\" src=\"https:\/\/www.hautesvallees.com\/content\/uploads\/sites\/4\/2025\/02\/Chevechette\u00a9Frank-Vassen-CC-BY-2.0-optimise-web-510x686.webp\"\n                                             alt=\"Chevechette\u00a9Frank-Vassen-CC-BY-2.0-optimise-web\" \/>\n                                    <\/picture>\n                                                                            <span class=\"GutCol2-credit\">\u00a9 Vassen F.<\/span>\n                                                                    <\/div>\n                                                                                            <\/div>\n    <\/div>\n\n\n<div class=\"GutPushArticles  GutContainer\">\n        <div class=\"GutPushArticles-container\">\n                        <div class=\"GutPushArticles-inner \">\n                                    <div class=\"GutPushArticles-container \" >\n                        <div class=\"GutPushArticles-list \">\n                                                            <div class=\"GutPushArticles-wrap \">\n                                                                            <picture class=\"GutPushArticles-picture\">\n                                            <img decoding=\"async\" src=\"https:\/\/www.hautesvallees.com\/content\/uploads\/sites\/4\/2025\/01\/Randonnee-lever-de-soleil-grand-charvia-cervieres-10-1-scaled-1-371x248.jpg\"\n                                                 alt=\"Randonn\u00e9e cervi\u00e8res\" \/>\n                                        <\/picture>\n                                                                        <div class=\"GutPushArticles-content\">\n                                                                                    <h2 class=\"GutPushArticles-title\">Une semaine entre amis en Izoard l&rsquo;\u00e9t\u00e9 <\/h2>\n                                                                                                                                                                    <a class=\"Link\" href=\"https:\/\/www.hautesvallees.com\/une-semaine-entre-amis-en-izoard-lete\/\" >UNE SEMAINE ENTRE AMIS EN IZOARD L\u2019\u00c9T\u00c9<\/a>\n                                                                            <\/div>\n                                <\/div>\n                                                            <div class=\"GutPushArticles-wrap \">\n                                                                            <picture class=\"GutPushArticles-picture\">\n                                            <img decoding=\"async\" src=\"https:\/\/www.hautesvallees.com\/content\/uploads\/sites\/4\/2025\/02\/Claree-Famille-_-alpesphotographies.com-61-optimise-web-371x248.jpg\"\n                                                 alt=\"Claree-Famille-_-alpesphotographies.com-61-optimise-web\" \/>\n                                        <\/picture>\n                                                                        <div class=\"GutPushArticles-content\">\n                                                                                    <h2 class=\"GutPushArticles-title\">Ma semaine estivale en famille \u00e0 l&rsquo;Izoard<\/h2>\n                                                                                                                                                                    <a class=\"Link\" href=\"https:\/\/www.hautesvallees.com\/ma-semaine-en-famille-en-izoard\/\" >MA SEMAINE ESTIVALE EN FAMILLE EN IZOARD<\/a>\n                                                                            <\/div>\n                                <\/div>\n                                                            <div class=\"GutPushArticles-wrap \">\n                                                                            <picture class=\"GutPushArticles-picture\">\n                                            <img decoding=\"async\" src=\"https:\/\/www.hautesvallees.com\/content\/uploads\/sites\/4\/2025\/02\/Sentier-pedagogique-de-La-Taure-lac-dorceyrette-22.08.2023-BALACE-Amandine6-371x248.jpg\"\n                                                 alt=\"Sentier-pedagogique-de-La-Taure-lac-dorceyrette-22.08.2023-BALACE-Amandine6\" \/>\n                                        <\/picture>\n                                                                        <div class=\"GutPushArticles-content\">\n                                                                                    <h2 class=\"GutPushArticles-title\">Randonn\u00e9e vers le lac de l&rsquo;Orceyrette<\/h2>\n                                                                                                                                                                    <a class=\"Link\" href=\"https:\/\/www.hautesvallees.com\/lizoard\/equipement\/lac-de-lorceyrette-depuis-le-centre-montagne-villar-saint-pancrace\/\" >Le Lac de l\u2019Orceyrette<\/a>\n                                                                            <\/div>\n                                <\/div>\n                                                    <\/div>\n                                            <\/div>\n                                                <\/div>\n                    <\/div>\n    <\/div>\n","protected":false},"excerpt":{"rendered":"","protected":false},"author":7,"featured_media":2036,"parent":362,"menu_order":1,"comment_status":"closed","ping_status":"closed","template":"","meta":{"_acf_changed":false,"footnotes":""},"class_list":["post-451","page","type-page","status-publish","has-post-thumbnail","hentry"],"acf":[],"_links":{"self":[{"href":"https:\/\/www.hautesvallees.com\/lizoard\/wp-json\/wp\/v2\/pages\/451","targetHints":{"allow":["GET"]}}],"collection":[{"href":"https:\/\/www.hautesvallees.com\/lizoard\/wp-json\/wp\/v2\/pages"}],"about":[{"href":"https:\/\/www.hautesvallees.com\/lizoard\/wp-json\/wp\/v2\/types\/page"}],"author":[{"embeddable":true,"href":"https:\/\/www.hautesvallees.com\/lizoard\/wp-json\/wp\/v2\/users\/7"}],"replies":[{"embeddable":true,"href":"https:\/\/www.hautesvallees.com\/lizoard\/wp-json\/wp\/v2\/comments?post=451"}],"version-history":[{"count":8,"href":"https:\/\/www.hautesvallees.com\/lizoard\/wp-json\/wp\/v2\/pages\/451\/revisions"}],"predecessor-version":[{"id":2282,"href":"https:\/\/www.hautesvallees.com\/lizoard\/wp-json\/wp\/v2\/pages\/451\/revisions\/2282"}],"up":[{"embeddable":true,"href":"https:\/\/www.hautesvallees.com\/lizoard\/wp-json\/wp\/v2\/pages\/362"}],"wp:featuredmedia":[{"embeddable":true,"href":"https:\/\/www.hautesvallees.com\/lizoard\/wp-json\/wp\/v2\/media\/2036"}],"wp:attachment":[{"href":"https:\/\/www.hautesvallees.com\/lizoard\/wp-json\/wp\/v2\/media?parent=451"}],"curies":[{"name":"wp","href":"https:\/\/api.w.org\/{rel}","templated":true}]}}