{"id":394,"date":"2025-01-16T17:33:46","date_gmt":"2025-01-16T16:33:46","guid":{"rendered":"https:\/\/www.hautesvallees.com\/lizoard\/?page_id=394"},"modified":"2026-05-06T12:30:32","modified_gmt":"2026-05-06T10:30:32","slug":"peche","status":"publish","type":"page","link":"https:\/\/www.hautesvallees.com\/lizoard\/que-faire\/en-ete\/peche\/","title":{"rendered":"La p\u00eache en Izoard"},"content":{"rendered":"<div class=\"GutText  GutContainer\">\n        <div class=\"GutText-inner\">\n            <div class=\"GutTitle Center\">\n                    <h2 class=\"GutTitle-title\">\n                                    <span class=\"GutTitle-surtitle\">Le plaisir<\/span>\n                                                        de la p\u00eache\n                            <\/h2>\n                    <\/div>\n                            <div class=\"GutText-intro Center\">Envie de vous reconnecter \u00e0 la nature ? Offrez-vous ce temps en plein air, au bord d&rsquo;une rivi\u00e8re ou d&rsquo;un lac, \u00e0 \u00e9couter le silence, le bruit du vent, \u00e0 observer ces paysages magnifiques des Hautes Vall\u00e9es et plus particuli\u00e8rement de l&rsquo;Izoard. \r\nSeul pour se relaxer, passer un moment apaisant ou au contraire en famille, avec vos petits enfants ou vos enfants, pour partager un moment et tisser des liens en plein air !<\/div>\n                                        <div class=\"GutText-wysiwyg Content\">\n                    <p style=\"text-align: center\">Vous attendez ce moment avec impatience ? <strong>Les petits enfants sont arriv\u00e9s et ils sont pr\u00eats !<\/strong> <strong>Les cannes \u00e0 p\u00eache, les bottes et les chapeaux sont sortis<\/strong>, ne manque plus que <strong>le pique-nique et vous voil\u00e0 partis pour p\u00eacher en Izoard en famille !\u00a0<\/strong><\/p>\n\n                <\/div>\n                    <\/div>\n    <\/div>\n\n\n<div class=\"GutCol2 BgColor GutContainer\">\n        <div class=\"GutCol2-container\">\n\n            \n                                                                                                        <div class=\"GutCol2-wrap GutCol2-blocTexte Left\">\n                                <div class=\"GutCol2-blocTexte--inner\">\n                                                                            <div class=\"GutTitle Left\">\n                    <h2 class=\"GutTitle-title\">\n                                    <span class=\"GutTitle-surtitle\">ouverture<\/span>\n                                                        de la p\u00eache\n                            <\/h2>\n                    <\/div>\n                                                                                                                                                    <div class=\"GutCol2-text Content\">\n                                            <p style=\"text-align: center\">Pour les rivi\u00e8res de premi\u00e8re cat\u00e9gorie : <strong>2\u00e8me samedi de mars au 1er dimanche d&rsquo;octobre.<\/strong><\/p>\n<p style=\"text-align: center\">Pour les lacs d&rsquo;altitudes : <strong>3\u00e8me samedi de juin au dernier dimanche d&rsquo;octobre.<\/strong><\/p>\n<p>&nbsp;<\/p>\n<p style=\"text-align: center\">Prenez de l\u2019avance\u00a0!\u00a0<strong>Achetez votre permis de p\u00eache en ligne sur\u00a0<a href=\"http:\/\/www.cartedepeche.fr\/\" target=\"_blank\" rel=\"noopener noreferrer\">www.cartedepeche.fr<\/a><\/strong>\u00a0ou dans nos Bureaux d\u2019Information touristique des Hautes Vall\u00e9es.<\/p>\n\n                                        <\/div>\n                                                                    <\/div>\n                            <\/div>\n                                                                                                                                                        <div class=\"GutCol2-wrap GutCol2-blocImage Right\">\n                                    <picture class=\"GutCol2-picture\">\n                                        <img decoding=\"async\" src=\"https:\/\/www.hautesvallees.com\/content\/uploads\/sites\/4\/2025\/01\/Randonnee-lac-des-cordes-Izoard-\u00a9T.Blais_-scaled-1-664x480.jpg\"\n                                             alt=\"izoard randonn\u00e9es\" \/>\n                                    <\/picture>\n                                                                            <span class=\"GutCol2-credit\">\u00a9 Blais T.<\/span>\n                                                                    <\/div>\n                                                                                            <\/div>\n    <\/div>\n\n\n<div class=\"DownloadList  GutContainer\">\n            <div class=\"DownloadList-wrapper\">\n                <div class=\"GutTitle Center\">\n                    <h2 class=\"GutTitle-title\">\n                                    <span class=\"GutTitle-surtitle\">Brochure <\/span>\n                                                        \u00e0 t\u00e9l\u00e9charger\n                            <\/h2>\n                    <\/div>\n\n                <div class=\"DownloadList-slider swiper __DownloadSlider\">\n                    <ul class=\"swiper-wrapper\">\n                                                                                    <li class=\"DownloadListItem swiper-slide\">\n                                    <a class=\"DownloadListItem-download\" href=\"https:\/\/www.hautesvallees.com\/content\/uploads\/sites\/4\/2026\/05\/guide-peche-2026_compressed.pdf\" target=\"_blank\" title=\"Guide de P\u00eache \" download>\n                                        <picture class=\"DownloadListItem-pic\">\n                                                                                            <img decoding=\"async\" class=\"DownloadListItem-img\" src=\"https:\/\/www.hautesvallees.com\/content\/uploads\/sites\/4\/2026\/05\/3241524654.jpg\"\n                                                     alt=\"3241524654\">\n                                                                                        <div class=\"DownloadListItem-hover\">\n                                                <svg class=\"DownloadListItem-hover--icon\"\n                                                     xmlns=\"http:\/\/www.w3.org\/2000\/svg\" width=\"37.613\" height=\"37.615\">\n                                                    <path fill=\"#fff\"\n                                                          d=\"M0 37.615h37.613v-1.99H0ZM17.811 0v25.14L5.868 13.192 4.459 14.6l14.348 14.351L33.155 14.6l-1.405-1.409L19.8 25.14V0Z\"\/>\n                                                <\/svg>\n                                                <span class=\"DownloadListItem-hover--text\">T\u00e9l\u00e9charger<\/span>\n                                            <\/div>\n                                        <\/picture>\n                                                                                    <span class=\"DownloadListItem-titre\">Guide de P\u00eache <\/span>\n                                                                            <\/a>\n                                <\/li>\n                                                                        <\/ul>\n                    <div class=\"MomentOffers-pagination __slider_pagination\"><\/div>\n                <\/div>\n            <\/div>\n        <\/div>\n    \n\n<div class=\"GutCol2  GutContainer\">\n        <div class=\"GutCol2-container\">\n\n            \n                                                                                                        <div class=\"GutCol2-wrap GutCol2-blocTexte Left\">\n                                <div class=\"GutCol2-blocTexte--inner\">\n                                                                            <div class=\"GutTitle Left\">\n                    <h2 class=\"GutTitle-title\">\n                                    <span class=\"GutTitle-surtitle\">La<\/span>\n                                                        Durance\n                            <\/h2>\n                    <\/div>\n                                                                                                                <div class=\"GutCol2-intro\">Rivi\u00e8re mythique, elle est nourrie par diff\u00e9rents affluents et devient d\u00e9j\u00e0 puissante lorsqu\u2019elle passe dans des gorges entre les forteresses Vauban de Brian\u00e7on.<\/div>\n                                                                                                                <div class=\"GutCol2-text Content\">\n                                            <p>C\u2019est alors une belle rivi\u00e8re sautant de blocs en blocs, formant une succession de chutes et de cascades. Les truites se plaisent \u00e0 vivre dans ces eaux fraiches et oxyg\u00e9n\u00e9es. On peut y prendre des sp\u00e9cimens de belles tailles. Source : AAPPMA \u00ab\u00a0Les p\u00eacheurs Brian\u00e7onnais\u00a0\u00bb<\/p>\n<p>&nbsp;<\/p>\n<p class=\"text-justify\"><img loading=\"lazy\" decoding=\"async\" class=\"alignleft wp-image-9044 size-thumbnail\" src=\"https:\/\/www.hautesvallees.com\/content\/uploads\/2024\/03\/1-2-150x150.jpg\" alt=\"\" width=\"150\" height=\"150\" \/><\/p>\n<h5>Les points forts<\/h5>\n<p class=\"text-justify\"><strong>Parcours L\u00e2chers <\/strong><strong>attractifs<\/strong>\u00a0de la Durance \u00e0 Brian\u00e7on\u00a0: facile d&rsquo;acc\u00e8s, les associations de p\u00eache des Hautes-Alpes organisent tout au long de l&rsquo;ann\u00e9e des d\u00e9versements de truites adultes, ais\u00e9ment capturables.<\/p>\n<p class=\"text-justify\">Ce parcours se situe entre la Zone Artisanale Pont La Lame et le Parc des Sport de Brian\u00e7on.\u00a0 Pour le localiser pr\u00e9cis\u00e9ment\u00a0<a href=\"https:\/\/map.geopeche.com\/05#9;6.265304;44.663968\" target=\"_blank\" rel=\"noopener noreferrer\">rendez-vous sur la carte interactive.<\/a><\/p>\n\n                                        <\/div>\n                                                                    <\/div>\n                            <\/div>\n                                                                                                                                                        <div class=\"GutCol2-wrap GutCol2-blocImage Right\">\n                                    <picture class=\"GutCol2-picture\">\n                                        <img decoding=\"async\" src=\"https:\/\/www.hautesvallees.com\/content\/uploads\/sites\/4\/2025\/01\/Peche-Cerveyrette-\u00a9FGuffroy-8-1-scaled-1-588x588.jpg\"\n                                             alt=\"Peche-Cerveyrette-\u00a9FGuffroy-8-1-scaled\" \/>\n                                    <\/picture>\n                                                                            <span class=\"GutCol2-credit\">\u00a9 Guffroy F.<\/span>\n                                                                    <\/div>\n                                                                                            <\/div>\n    <\/div>\n\n\n<div class=\"GutCol2  GutContainer\">\n        <div class=\"GutCol2-container\">\n\n            \n                                                                                                                                        <div class=\"GutCol2-wrap GutCol2-blocImage Left\">\n                                    <picture class=\"GutCol2-picture\">\n                                        <img decoding=\"async\" src=\"https:\/\/www.hautesvallees.com\/content\/uploads\/sites\/4\/2025\/01\/20221025115102_IMG_1065-scaled-1-588x588.jpg\"\n                                             alt=\"20221025115102_IMG_1065-scaled\" \/>\n                                    <\/picture>\n                                                                            <span class=\"GutCol2-credit\">\u00a9 Morattel S.<\/span>\n                                                                    <\/div>\n                                                                                                                                                    <div class=\"GutCol2-wrap GutCol2-blocTexte Right\">\n                                <div class=\"GutCol2-blocTexte--inner\">\n                                                                            <div class=\"GutTitle Left\">\n                    <h2 class=\"GutTitle-title\">\n                                    <span class=\"GutTitle-surtitle\">Lac de<\/span>\n                                                        l&#039;orceyrette\n                            <\/h2>\n                    <\/div>\n                                                                                                                <div class=\"GutCol2-intro\">Entour\u00e9 d\u2019une for\u00eat de pins et de m\u00e9l\u00e8zes, dans un cadre exceptionnel, ce lac situ\u00e9 au-dessus du hameau des Ayes \u00e0 1 900m d\u2019altitude est peupl\u00e9 en truites fario et truites arc-en-ciel.<\/div>\n                                                                                                                <div class=\"GutCol2-text Content\">\n                                            <p class=\"text-justify\">A partir du 3\u00e8me samedi de juin (date d\u2019ouverture des lacs d\u2019altitude) des l\u00e2chers r\u00e9guliers de truites issues de la Pisciculture de la F\u00e9d\u00e9ration sont effectu\u00e9s , toutes les semaines, pour le plus grand plaisir de tous.<\/p>\n<p>Altitude : 1 939m &#8211; Surface : 3,54 hectares.<\/p>\n<p><img loading=\"lazy\" decoding=\"async\" class=\"alignleft wp-image-9044 size-thumbnail\" src=\"https:\/\/www.hautesvallees.com\/content\/uploads\/2024\/03\/1-2-150x150.jpg\" alt=\"\" width=\"150\" height=\"150\" \/><\/p>\n<h5>Les points forts<\/h5>\n<p>Un cadre exceptionnel\u00a0au c\u0153ur de la R\u00e9serve du Bois des Ayes.<\/p>\n<p>Un ponton \u00ab Handip\u00eache \u00bb am\u00e9nag\u00e9 sp\u00e9cifiquement pour les p\u00eacheurs \u00e0 mobilit\u00e9 r\u00e9duite.<\/p>\n<p><strong>Parcours Attractif\u00a0:<\/strong>\u00a0Ce plan d\u2019eau\u00a0est g\u00e9r\u00e9 dans un int\u00e9r\u00eat strictement halieutique. Les associations de p\u00eache des Hautes-Alpes organisent tout au long de l&rsquo;ann\u00e9e des d\u00e9versements de truites adultes, ais\u00e9ment capturables \u00e0 partir de poissons de notre pisciculture.<\/p>\n\n                                        <\/div>\n                                                                    <\/div>\n                            <\/div>\n                                                                <\/div>\n    <\/div>\n\n\n<div class=\"GutCol2  GutContainer\">\n        <div class=\"GutCol2-container\">\n\n            \n                                                                                                        <div class=\"GutCol2-wrap GutCol2-blocTexte Left\">\n                                <div class=\"GutCol2-blocTexte--inner\">\n                                                                            <div class=\"GutTitle Left\">\n                    <h2 class=\"GutTitle-title\">\n                                    <span class=\"GutTitle-surtitle\">Lac des<\/span>\n                                                        Cordes\n                            <\/h2>\n                    <\/div>\n                                                                                                                <div class=\"GutCol2-intro\">Situ\u00e9 au c\u0153ur de la haute vall\u00e9e des Fonts de Cervi\u00e8res, ce remarquable lac domin\u00e9 par le Pic de Rochebrune est peupl\u00e9 de truites Arc-en-ciel et de Cristivomers. <\/div>\n                                                                                                                <div class=\"GutCol2-text Content\">\n                                            <p>Loin de tout, ce lac est id\u00e9al pour les p\u00eacheurs amoureux des grands espaces.<\/p>\n<p>Altitude : 2 446m &#8211; Surface : 2 hectares<\/p>\n<p><img loading=\"lazy\" decoding=\"async\" class=\"alignleft wp-image-9044 size-thumbnail\" src=\"https:\/\/www.hautesvallees.com\/content\/uploads\/2024\/03\/1-2-150x150.jpg\" alt=\"\" width=\"150\" height=\"150\" \/><\/p>\n<h5>Les points forts<\/h5>\n<p>Un cadre pr\u00e9serv\u00e9 et loin de tout, au c\u0153ur des Fonts de Cervi\u00e8res.<\/p>\n<p>Un site id\u00e9al pour p\u00eacher le coup du soir avec bivouac.<\/p>\n\n                                        <\/div>\n                                                                    <\/div>\n                            <\/div>\n                                                                                                                                                        <div class=\"GutCol2-wrap GutCol2-blocImage Right\">\n                                    <picture class=\"GutCol2-picture\">\n                                        <img decoding=\"async\" src=\"https:\/\/www.hautesvallees.com\/content\/uploads\/sites\/4\/2025\/01\/image00002-588x588.jpeg\"\n                                             alt=\"image00002\" \/>\n                                    <\/picture>\n                                                                            <span class=\"GutCol2-credit\">\u00a9 Balac\u00e9 A.<\/span>\n                                                                    <\/div>\n                                                                                            <\/div>\n    <\/div>\n\n\n<div class=\"GutCol2  GutContainer\">\n        <div class=\"GutCol2-container\">\n\n            \n                                                                                                                                        <div class=\"GutCol2-wrap GutCol2-blocImage Left\">\n                                    <picture class=\"GutCol2-picture\">\n                                        <img decoding=\"async\" src=\"https:\/\/www.hautesvallees.com\/content\/uploads\/sites\/4\/2025\/01\/Peche-Cerveyrette-\u00a9FGuffroy-12-1-scaled-1-588x588.jpg\"\n                                             alt=\"Peche-Cerveyrette-\u00a9FGuffroy-12-1-scaled\" \/>\n                                    <\/picture>\n                                                                            <span class=\"GutCol2-credit\">\u00a9 Guffroy F.<\/span>\n                                                                    <\/div>\n                                                                                                                                                    <div class=\"GutCol2-wrap GutCol2-blocTexte Right\">\n                                <div class=\"GutCol2-blocTexte--inner\">\n                                                                            <div class=\"GutTitle Left\">\n                    <h2 class=\"GutTitle-title\">\n                                    <span class=\"GutTitle-surtitle\">la<\/span>\n                                                        cerveyrette\n                            <\/h2>\n                    <\/div>\n                                                                                                                <div class=\"GutCol2-intro\">Magnifique rivi\u00e8re cristalline traversant la vall\u00e9e des Fonts de Cervi\u00e8res et son marais d\u2019altitude unique, Cervi\u00e8res et le hameau de Terre Rouge. Une rivi\u00e8re id\u00e9ale pour un p\u00eache \u00e0 la mouche ou le toc.<\/div>\n                                                                                                                <div class=\"GutCol2-text Content\">\n                                            <p>Attention\u00a0:\u00a0<a href=\"https:\/\/www.hautesvallees.com\/equipement\/sentier-dinterpretation-du-marais-du-bourget-cervieres\/\">Le marais du Bourget<\/a>\u00a0de la Cerveyrette est un complexe exceptionnel d&rsquo;habitats humides associant des mar\u00e9cages divers, tourbi\u00e8res, plans d&rsquo;eau, class\u00e9 Zone Natura 2000, il est strictement interdit de p\u00eacher les ruisseaux annexes et adoux de la Cerveyrette dans cette zone (du passage bus\u00e9 sous la Rd 902 \u00e0 la route des Hugues &#8211; Cervi\u00e8res.)<\/p>\n<p><img loading=\"lazy\" decoding=\"async\" class=\"alignleft wp-image-9044 size-thumbnail\" src=\"https:\/\/www.hautesvallees.com\/content\/uploads\/2024\/03\/1-2-150x150.jpg\" alt=\"\" width=\"150\" height=\"150\" \/><\/p>\n<h5>Les points forts<\/h5>\n<div id=\"c5178\" class=\"frame frame-default frame-type-textpic frame-layout-0\">\n<div class=\"ce-textpic ce-center ce-above\">\n<div class=\"ce-bodytext\">\n<p>Une rivi\u00e8re encore sauvage, petit paradis pour les p\u00e9cheurs \u00e0 la mouche.<\/p>\n<p>Une eau translucide, qui necessite une approche discr\u00e8te<\/p>\n<p>Un cadre naturel exceptionnel \u00e0 prot\u00e9ger<\/p>\n<\/div>\n<\/div>\n<\/div>\n<div id=\"c5163\" class=\"frame frame-default frame-type-textpic frame-layout-0\">\n<div class=\"ce-textpic ce-center ce-above\">\n<div class=\"ce-bodytext\">\n<p>Mais aussi &#8230;. Le Torrent de l&rsquo;Orceyrette, le torrent de Sachas, le ruisseau du Bletonnet\u00a0sont autant de petit cours d\u2019eau class\u00e9s 1\u00e8re cat\u00e9gorie que vous pouvez appr\u00e9hender.<\/p>\n<\/div>\n<\/div>\n<\/div>\n\n                                        <\/div>\n                                                                    <\/div>\n                            <\/div>\n                                                                <\/div>\n    <\/div>\n","protected":false},"excerpt":{"rendered":"","protected":false},"author":5,"featured_media":670,"parent":382,"menu_order":4,"comment_status":"closed","ping_status":"closed","template":"","meta":{"_acf_changed":false,"footnotes":""},"class_list":["post-394","page","type-page","status-publish","has-post-thumbnail","hentry"],"acf":[],"_links":{"self":[{"href":"https:\/\/www.hautesvallees.com\/lizoard\/wp-json\/wp\/v2\/pages\/394","targetHints":{"allow":["GET"]}}],"collection":[{"href":"https:\/\/www.hautesvallees.com\/lizoard\/wp-json\/wp\/v2\/pages"}],"about":[{"href":"https:\/\/www.hautesvallees.com\/lizoard\/wp-json\/wp\/v2\/types\/page"}],"author":[{"embeddable":true,"href":"https:\/\/www.hautesvallees.com\/lizoard\/wp-json\/wp\/v2\/users\/5"}],"replies":[{"embeddable":true,"href":"https:\/\/www.hautesvallees.com\/lizoard\/wp-json\/wp\/v2\/comments?post=394"}],"version-history":[{"count":4,"href":"https:\/\/www.hautesvallees.com\/lizoard\/wp-json\/wp\/v2\/pages\/394\/revisions"}],"predecessor-version":[{"id":47969,"href":"https:\/\/www.hautesvallees.com\/lizoard\/wp-json\/wp\/v2\/pages\/394\/revisions\/47969"}],"up":[{"embeddable":true,"href":"https:\/\/www.hautesvallees.com\/lizoard\/wp-json\/wp\/v2\/pages\/382"}],"wp:featuredmedia":[{"embeddable":true,"href":"https:\/\/www.hautesvallees.com\/lizoard\/wp-json\/wp\/v2\/media\/670"}],"wp:attachment":[{"href":"https:\/\/www.hautesvallees.com\/lizoard\/wp-json\/wp\/v2\/media?parent=394"}],"curies":[{"name":"wp","href":"https:\/\/api.w.org\/{rel}","templated":true}]}}