{"id":384,"date":"2025-01-16T17:31:36","date_gmt":"2025-01-16T16:31:36","guid":{"rendered":"https:\/\/www.hautesvallees.com\/lizoard\/?page_id=384"},"modified":"2025-07-21T14:23:52","modified_gmt":"2025-07-21T12:23:52","slug":"visites-et-patrimoine","status":"publish","type":"page","link":"https:\/\/www.hautesvallees.com\/lizoard\/que-faire\/visites-et-patrimoine\/","title":{"rendered":"Visites et patrimoine en Izoard"},"content":{"rendered":"<div class=\"GutText  GutContainer\">\n        <div class=\"GutText-inner\">\n            <div class=\"GutTitle Center\">\n                    <h2 class=\"GutTitle-title\">\n                                    <span class=\"GutTitle-surtitle\">Le patrimoine<\/span>\n                                                        de l&#039;izoard\n                            <\/h2>\n                    <\/div>\n                                        <div class=\"GutText-wysiwyg Content\">\n                    <p style=\"text-align: center;\">Vous souhaitez d\u00e9couvrir<strong> l&rsquo;histoire de ces villages<\/strong> ? <strong>De la visite du <a href=\"https:\/\/www.fondation-patrimoine.org\/les-projets\/le-moulin-de-sachas-villar-saint-pancrace\/61103\" target=\"_blank\" rel=\"noopener\">Moulin de Sachas<\/a>, en passant par la visite d&rsquo;ancienne mine de charbon, la d\u00e9couverte des cadrans solaires, des \u00e9glises et villages authentiques ou encore le patrimoine militaire des Aittes<\/strong>&#8230; Vous n&rsquo;\u00eates pas au bout de vos surprises !<\/p>\n\n                <\/div>\n                    <\/div>\n    <\/div>\n\n\n<div class=\"GutPushArticles GutPushCategories  GutContainer\">\n        <div class=\"GutPushArticles-container\">\n            <div class=\"GutTitle Center\">\n                    <h2 class=\"GutTitle-title\">\n                                                        \u00c0 la d\u00e9couverte du&#8230;\n                            <\/h2>\n                    <\/div>\n            <div class=\"GutPushArticles-inner \">\n                                    <div class=\"GutPushArticles-container \" >\n                        <div class=\"GutPushArticles-list \">\n                                                            <a class=\"GutPushArticles-wrap \" href=\"https:\/\/www.hautesvallees.com\/lizoard\/que-faire\/visites-et-patrimoine\/patrimoine-culturel\/\">\n                                                                            <picture class=\"GutPushArticles-picture\">\n                                            <img decoding=\"async\" src=\"https:\/\/www.hautesvallees.com\/content\/uploads\/sites\/4\/2025\/06\/Chapelle-Saint-Pancrace-Villard-saint-pancrace-Laury-Chamerlat-1-371x248.jpg\"\n                                                 alt=\"Chapelle Saint Pancrace, Villard-saint-pancrace - Laury Chamerlat (1)\" \/>\n                                        <\/picture>\n                                                                                                                <h2 class=\"GutPushCategories-title GutPushArticles-title\">Patrimoine culturel en Izoard<\/h2>\n                                                                    <\/a>\n                                                            <a class=\"GutPushArticles-wrap \" href=\"https:\/\/www.hautesvallees.com\/lizoard\/que-faire\/visites-et-patrimoine\/patrimoine-militaire\/\">\n                                                                            <picture class=\"GutPushArticles-picture\">\n                                            <img decoding=\"async\" src=\"https:\/\/www.hautesvallees.com\/content\/uploads\/sites\/4\/2025\/01\/Fort-et-mur-des-Aittes-T.POINAS-6-scaled-1-371x248.jpg\"\n                                                 alt=\"Fort-et-mur-des-Aittes-T.POINAS-6-scaled\" \/>\n                                        <\/picture>\n                                                                                                                <h2 class=\"GutPushCategories-title GutPushArticles-title\">Patrimoine militaire en Izoard<\/h2>\n                                                                    <\/a>\n                                                            <a class=\"GutPushArticles-wrap \" href=\"https:\/\/www.hautesvallees.com\/lizoard\/que-faire\/visites-et-patrimoine\/musees-et-sites-culturels\/\">\n                                                                            <picture class=\"GutPushArticles-picture\">\n                                            <img decoding=\"async\" src=\"https:\/\/www.hautesvallees.com\/content\/uploads\/sites\/4\/2025\/01\/Maison-Musee-Faure-Vincent-\u00a9-S.-Morattel-1-optimise-web-1-371x248.webp\"\n                                                 alt=\"Maison-Musee-Faure-Vincent-\u00a9-S.-Morattel-1-optimise-web (1)\" \/>\n                                        <\/picture>\n                                                                                                                <h2 class=\"GutPushCategories-title GutPushArticles-title\">Mus\u00e9es et sites culturels en Izoard<\/h2>\n                                                                    <\/a>\n                                                    <\/div>\n                                            <\/div>\n                                                <\/div>\n        <\/div>\n    <\/div>\n\n\n<div class=\"GutCol2  GutContainer\">\n        <div class=\"GutCol2-container\">\n\n            \n                                                                                                        <div class=\"GutCol2-wrap GutCol2-blocTexte Left\">\n                                <div class=\"GutCol2-blocTexte--inner\">\n                                                                            <div class=\"GutTitle Left\">\n                    <h2 class=\"GutTitle-title\">\n                                    <span class=\"GutTitle-surtitle\">les visites guid\u00e9es <\/span>\n                                                        du patrimoine\n                            <\/h2>\n                    <\/div>\n                                                                                                                                                    <div class=\"GutCol2-text Content\">\n                                            <p><strong>L&rsquo;Izoard est une terre d&rsquo;histoire.<\/strong> Laissez-vous conter le pass\u00e9 et les secrets des villages authentiques \u00e0 travers une visite guid\u00e9e.<\/p>\n<p>Les guides conf\u00e9renciers\u00a0seront ravis de vous faire partager leur connaissances du territoire.<\/p>\n<p>&nbsp;<\/p>\n<p><a class=\"Button-primary\" href=\"https:\/\/www.hautesvallees.com\/lizoard\/que-faire\/visites-et-patrimoine\/visites-guidees-du-patrimoine\/\">Programmer une visite<\/a><\/p>\n\n                                        <\/div>\n                                                                    <\/div>\n                            <\/div>\n                                                                                                                                                        <div class=\"GutCol2-wrap GutCol2-blocImage Right\">\n                                    <picture class=\"GutCol2-picture\">\n                                        <img decoding=\"async\" src=\"https:\/\/www.hautesvallees.com\/content\/uploads\/sites\/4\/2025\/01\/Fort-et-mur-des-Aittes-T.POINAS-scaled-1-664x480.jpg\"\n                                             alt=\"Fort-et-mur-des-Aittes-T.POINAS-scaled\" \/>\n                                    <\/picture>\n                                                                            <span class=\"GutCol2-credit\">\u00a9 T.Poinas<\/span>\n                                                                    <\/div>\n                                                                                            <\/div>\n    <\/div>\n\n\n<div class=\"GutCol2  GutContainer\">\n        <div class=\"GutCol2-container\">\n\n            \n                                                                                                                                        <div class=\"GutCol2-wrap GutCol2-blocImage Left\">\n                                    <picture class=\"GutCol2-picture\">\n                                        <img decoding=\"async\" src=\"https:\/\/www.hautesvallees.com\/content\/uploads\/sites\/4\/2025\/02\/La-petite-ferme-des-Regains-_-Alpesphotographies.com-45-optimise-web-664x480.jpg\"\n                                             alt=\"visites izoard\" \/>\n                                    <\/picture>\n                                                                            <span class=\"GutCol2-credit\">\u00a9 Alpes Photographies<\/span>\n                                                                    <\/div>\n                                                                                                                                                    <div class=\"GutCol2-wrap GutCol2-blocTexte Right\">\n                                <div class=\"GutCol2-blocTexte--inner\">\n                                                                            <div class=\"GutTitle Left\">\n                    <h2 class=\"GutTitle-title\">\n                                    <span class=\"GutTitle-surtitle\">Les visites de <\/span>\n                                                        fermes\n                            <\/h2>\n                    <\/div>\n                                                                                                                                                    <div class=\"GutCol2-text Content\">\n                                            <p>D\u00e9couvrez la vie agricole des alpages et vall\u00e9es montagnardes et profitez de votre s\u00e9jour autour de Brian\u00e7on pour visiter des fermes et vivre une rencontre unique avec les habitants de nos villages.<\/p>\n<p>&nbsp;<\/p>\n<p style=\"text-align: left;\"><a class=\"Button-primary\" href=\"https:\/\/www.hautesvallees.com\/lizoard\/que-faire\/visites-et-patrimoine\/visites-de-fermes\/\">Je d\u00e9couvre les fermes de l&rsquo;Izoard<\/a><\/p>\n\n                                        <\/div>\n                                                                    <\/div>\n                            <\/div>\n                                                                <\/div>\n    <\/div>\n\n\n<div class=\"Activities\">\n            <div class=\"Activities-container\">\n                <div class=\"Activities-content\">\n                                                                    <h2 class=\"Activities-content--title\"><span>vous aimerez<\/span><br\/>\r\naussi<\/h2>\n                                                                <p class=\"Activities-content--desc\">Retrouvez plein d&rsquo;id\u00e9es pour faire de vos vacances une r\u00e9ussite !<\/p>\n                                        <div class=\"Activities-content--taglist\">\n                                                    <span class=\"Activities-content--tag __activitiesTag69e4c04808c48\">Tourisme scientifique<\/span>\n                                                    <span class=\"Activities-content--tag __activitiesTag69e4c04808c48\">Nos id\u00e9es et recettes locales<\/span>\n                                                    <span class=\"Activities-content--tag __activitiesTag69e4c04808c48\">Les visages des Hautes Vall\u00e9es<\/span>\n                                                    <span class=\"Activities-content--tag __activitiesTag69e4c04808c48\">Pour les randonneurs<\/span>\n                                            <\/div>\n                                    <\/div>\n                <div class=\"Activities-swiper swiper __SwiperActivities\" data-sliderid=\"69e4c04808c48\">\n                    <ul class=\"Activities-list swiper-wrapper\">\n                                                                                    <li class=\"NewsTile swiper-slide\">\n                                    <a class=\"NewsTile-link\" href=\"https:\/\/www.hautesvallees.com\/category\/tourisme-scientifique\/\" title=\"Tourisme scientifique\">\n                                        <picture class=\"NewsTile-picture\">\n                                            <img decoding=\"async\" class=\"NewsTile-img\" src=\"https:\/\/www.hautesvallees.com\/content\/uploads\/sites\/4\/2025\/01\/Visite-de-la-grotte-de-glace-Expression-Sauvage1-scaled-1-410x550.jpg\"\n                                                 alt=\"oplus_32\" loading=\"lazy\"\/>\n                                        <\/picture>\n                                                                                <h2 class=\"NewsTile-title\">Tourisme scientifique<\/h2>\n                                                                                                                            <span class=\"NewsTile-link--read Link-primary\">\n                                                Voir les activit\u00e9s\n                                            <\/span>\n                                                                            <\/a>\n                                <\/li>\n                                                                                                                <li class=\"NewsTile swiper-slide\">\n                                    <a class=\"NewsTile-link\" href=\"https:\/\/www.hautesvallees.com\/category\/nos-idees-recettes-locales\/\" title=\"Nos id\u00e9es et recettes locales\">\n                                        <picture class=\"NewsTile-picture\">\n                                            <img decoding=\"async\" class=\"NewsTile-img\" src=\"https:\/\/www.hautesvallees.com\/content\/uploads\/sites\/4\/2025\/01\/S.Morattel-Prorelchon-fromage-Ferme-de-Pralong-6-e1719404465609-410x550.jpeg\"\n                                                 alt=\"Fromage ferme Pralong - Morattel S.\" loading=\"lazy\"\/>\n                                        <\/picture>\n                                                                                <h2 class=\"NewsTile-title\">Nos id\u00e9es et recettes locales<\/h2>\n                                                                                                                            <span class=\"NewsTile-link--read Link-primary\">\n                                                Voir les activit\u00e9s\n                                            <\/span>\n                                                                            <\/a>\n                                <\/li>\n                                                                                                                <li class=\"NewsTile swiper-slide\">\n                                    <a class=\"NewsTile-link\" href=\"https:\/\/www.www.hautesvallees.com\/category\/les-visages-des-hautes-vallees\/\" title=\"Les visages des Hautes Vall\u00e9es\">\n                                        <picture class=\"NewsTile-picture\">\n                                            <img decoding=\"async\" class=\"NewsTile-img\" src=\"https:\/\/www.hautesvallees.com\/content\/uploads\/sites\/4\/2025\/01\/2024-02-12-OTHV-LaMaisonDesBetesALaine-120-sur-1-1-scaled-e1711471647152-410x550.jpg\"\n                                                 alt=\"2024-02-12-OTHV-LaMaisonDesBetesALaine-120-sur-1-1-scaled-e1711471647152\" loading=\"lazy\"\/>\n                                        <\/picture>\n                                                                                <h2 class=\"NewsTile-title\">Les visages des Hautes Vall\u00e9es<\/h2>\n                                                                                                                            <span class=\"NewsTile-link--read Link-primary\">\n                                                Voir les activit\u00e9s\n                                            <\/span>\n                                                                            <\/a>\n                                <\/li>\n                                                                                                                <li class=\"NewsTile swiper-slide\">\n                                    <a class=\"NewsTile-link\" href=\"https:\/\/www.www.hautesvallees.com\/category\/pour-les-randonneurs\/\" title=\"Pour les randonneurs\">\n                                        <picture class=\"NewsTile-picture\">\n                                            <img decoding=\"async\" class=\"NewsTile-img\" src=\"https:\/\/www.hautesvallees.com\/content\/uploads\/sites\/4\/2025\/01\/thibaut-blais-photo-e1718097986542-410x431.jpg\"\n                                                 alt=\"thibaut-blais-photo.jpg\" loading=\"lazy\"\/>\n                                        <\/picture>\n                                                                                <h2 class=\"NewsTile-title\">Pour les randonneurs<\/h2>\n                                                                                                                            <span class=\"NewsTile-link--read Link-primary\">\n                                                Voir les activit\u00e9s\n                                            <\/span>\n                                                                            <\/a>\n                                <\/li>\n                                                                        <\/ul>\n                    <div class=\"Activities-swiper--bottom\">\n                        <div class=\"Activities-prev __SwiperActivitiesPrev69e4c04808c48 swiper-button-prev\">\n                            <img decoding=\"async\" class=\"Activities-prev--svg svg\" data-no-lazy=\"1\"\n                                 src=\"https:\/\/www.hautesvallees.com\/content\/themes\/theme_altimax\/dist\/img\/wordpress\/homepage\/prev.svg\"\/>\n                        <\/div>\n                        <div class=\"Activities-next __SwiperActivitiesNext69e4c04808c48 swiper-button-next\">\n                            <img decoding=\"async\" class=\"Activities-next--svg svg\" data-no-lazy=\"1\"\n                                 src=\"https:\/\/www.hautesvallees.com\/content\/themes\/theme_altimax\/dist\/img\/wordpress\/homepage\/next.svg\"\/>\n                        <\/div>\n                        <div class=\"Activities-progressbar __SwiperActivitiesPagination69e4c04808c48 swiper-pagination\"><\/div>\n                    <\/div>\n                <\/div>\n            <\/div>\n        <\/div>\n    ","protected":false},"excerpt":{"rendered":"","protected":false},"author":5,"featured_media":513,"parent":380,"menu_order":2,"comment_status":"closed","ping_status":"closed","template":"","meta":{"_acf_changed":false,"footnotes":""},"class_list":["post-384","page","type-page","status-publish","has-post-thumbnail","hentry"],"acf":[],"_links":{"self":[{"href":"https:\/\/www.hautesvallees.com\/lizoard\/wp-json\/wp\/v2\/pages\/384","targetHints":{"allow":["GET"]}}],"collection":[{"href":"https:\/\/www.hautesvallees.com\/lizoard\/wp-json\/wp\/v2\/pages"}],"about":[{"href":"https:\/\/www.hautesvallees.com\/lizoard\/wp-json\/wp\/v2\/types\/page"}],"author":[{"embeddable":true,"href":"https:\/\/www.hautesvallees.com\/lizoard\/wp-json\/wp\/v2\/users\/5"}],"replies":[{"embeddable":true,"href":"https:\/\/www.hautesvallees.com\/lizoard\/wp-json\/wp\/v2\/comments?post=384"}],"version-history":[{"count":18,"href":"https:\/\/www.hautesvallees.com\/lizoard\/wp-json\/wp\/v2\/pages\/384\/revisions"}],"predecessor-version":[{"id":11451,"href":"https:\/\/www.hautesvallees.com\/lizoard\/wp-json\/wp\/v2\/pages\/384\/revisions\/11451"}],"up":[{"embeddable":true,"href":"https:\/\/www.hautesvallees.com\/lizoard\/wp-json\/wp\/v2\/pages\/380"}],"wp:featuredmedia":[{"embeddable":true,"href":"https:\/\/www.hautesvallees.com\/lizoard\/wp-json\/wp\/v2\/media\/513"}],"wp:attachment":[{"href":"https:\/\/www.hautesvallees.com\/lizoard\/wp-json\/wp\/v2\/media?parent=384"}],"curies":[{"name":"wp","href":"https:\/\/api.w.org\/{rel}","templated":true}]}}