{"id":380,"date":"2024-01-09T15:55:33","date_gmt":"2024-01-09T14:55:45","guid":{"rendered":"https:\/\/www.hautesvallees.com\/lizoard\/?page_id=380"},"modified":"2025-02-13T10:01:09","modified_gmt":"2025-02-13T09:01:09","slug":"que-faire","status":"publish","type":"page","link":"https:\/\/www.hautesvallees.com\/lizoard\/que-faire\/","title":{"rendered":"Que faire en Izoard ?"},"content":{"rendered":"<div class=\"GutText  GutContainer\">\n        <div class=\"GutText-inner\">\n            <div class=\"GutTitle Center\">\n                    <h2 class=\"GutTitle-title\">\n                                    <span class=\"GutTitle-surtitle\">Activit\u00e9s phares<\/span>\n                                                        en Izoard\n                            <\/h2>\n                    <\/div>\n                            <div class=\"GutText-intro Center\">Vous pr\u00e9voyez de passer des vacances en Izoard ? \r\n<\/div>\n                                        <div class=\"GutText-wysiwyg Content\">\n                    <p style=\"text-align: center;\">Pour vous aidez \u00e0 planifier vos vacances, voici plusieurs <strong>id\u00e9es d&rsquo;activit\u00e9s \u00e0 d\u00e9couvrir<\/strong> !<\/p>\n<p style=\"text-align: center;\">En \u00e9t\u00e9, en hiver, \u00e0 sensation, sur l&rsquo;eau, en montagne&#8230; il y en a pour tous les go\u00fbts en Izoard !<\/p>\n\n                <\/div>\n                    <\/div>\n    <\/div>\n\n\n<div class=\"GutPushArticles GutPushCategories  GutContainer\">\n        <div class=\"GutPushArticles-container\">\n                        <div class=\"GutPushArticles-inner \">\n                                    <div class=\"GutPushArticles-container \" >\n                        <div class=\"GutPushArticles-list \">\n                                                            <a class=\"GutPushArticles-wrap \" href=\"https:\/\/www.hautesvallees.com\/lizoard\/que-faire\/en-ete\/\">\n                                                                            <picture class=\"GutPushArticles-picture\">\n                                            <img decoding=\"async\" src=\"https:\/\/www.hautesvallees.com\/content\/uploads\/sites\/4\/2025\/01\/izoard-route-du-tour-de-france-pat-371x248.jpg\"\n                                                 alt=\"izoard-route-du-tour-de-france-pat\" \/>\n                                        <\/picture>\n                                                                                                                <h2 class=\"GutPushCategories-title GutPushArticles-title\">En \u00e9t\u00e9 en Izoard<\/h2>\n                                                                    <\/a>\n                                                            <a class=\"GutPushArticles-wrap \" href=\"https:\/\/www.hautesvallees.com\/lizoard\/que-faire\/en-hiver\/\">\n                                                                            <picture class=\"GutPushArticles-picture\">\n                                            <img decoding=\"async\" src=\"https:\/\/www.hautesvallees.com\/content\/uploads\/sites\/4\/2025\/01\/Raquettes-secteur-chalets-de-lizoard-60-scaled-1-371x248.jpg\"\n                                                 alt=\"Raquettes-secteur-chalets-de-lizoard-60-scaled\" \/>\n                                        <\/picture>\n                                                                                                                <h2 class=\"GutPushCategories-title GutPushArticles-title\">En hiver en Izoard<\/h2>\n                                                                    <\/a>\n                                                    <\/div>\n                                            <\/div>\n                                                <\/div>\n        <\/div>\n    <\/div>\n\n\n<div class=\"GutPushArticles GutPushCategories  GutContainer\">\n        <div class=\"GutPushArticles-container\">\n                        <div class=\"GutPushArticles-inner \">\n                                    <div class=\"GutPushArticles-container \" >\n                        <div class=\"GutPushArticles-list \">\n                                                            <a class=\"GutPushArticles-wrap \" href=\"https:\/\/www.hautesvallees.com\/lizoard\/que-faire\/sites-geologiques\/\">\n                                                                            <picture class=\"GutPushArticles-picture\">\n                                            <img decoding=\"async\" src=\"https:\/\/www.hautesvallees.com\/content\/uploads\/sites\/4\/2025\/01\/Col-dIzoard-\u00a9Soline-Morattel-1-scaled-1-371x248.jpg\"\n                                                 alt=\"Col-dIzoard-\u00a9Soline-Morattel-1-scaled\" \/>\n                                        <\/picture>\n                                                                                                                <h2 class=\"GutPushCategories-title GutPushArticles-title\">Sites g\u00e9ologiques de l\u2019Izoard<\/h2>\n                                                                    <\/a>\n                                                            <a class=\"GutPushArticles-wrap \" href=\"https:\/\/www.hautesvallees.com\/lizoard\/que-faire\/visites-et-patrimoine\/\">\n                                                                            <picture class=\"GutPushArticles-picture\">\n                                            <img decoding=\"async\" src=\"https:\/\/www.hautesvallees.com\/content\/uploads\/sites\/4\/2025\/01\/Cervieres-\u00a9Entre2poles-371x248.jpeg\"\n                                                 alt=\"Cervieres-\u00a9Entre2poles\" \/>\n                                        <\/picture>\n                                                                                                                <h2 class=\"GutPushCategories-title GutPushArticles-title\">Visites et patrimoine en Izoard<\/h2>\n                                                                    <\/a>\n                                                            <a class=\"GutPushArticles-wrap \" href=\"https:\/\/www.hautesvallees.com\/lizoard\/decouvrir\/idees-de-sejours\/\">\n                                                                            <picture class=\"GutPushArticles-picture\">\n                                            <img decoding=\"async\" src=\"https:\/\/www.hautesvallees.com\/content\/uploads\/sites\/4\/2025\/01\/Le-sentier-des-crevasses-arsine-en-famille-13-scaled-1-371x248.jpg\"\n                                                 alt=\"Le-sentier-des-crevasses-arsine-en-famille-13-scaled\" \/>\n                                        <\/picture>\n                                                                                                                <h2 class=\"GutPushCategories-title GutPushArticles-title\">Id\u00e9es de s\u00e9jours \u00e0 l\u2019Izoard<\/h2>\n                                                                    <\/a>\n                                                    <\/div>\n                                            <\/div>\n                                                <\/div>\n        <\/div>\n    <\/div>\n\n\n<div class=\"GutPeleMele  GutContainer\">\n        <div class=\"GutPeleMele-inner\">\n            <div class=\"GutTitle Center\">\n                    <h2 class=\"GutTitle-title\">\n                                    <span class=\"GutTitle-surtitle\">Vous aimerez<\/span>\n                                                        aussi\n                            <\/h2>\n                    <\/div>\n                            <div class=\"GutPeleMele-grid\">\n                                                                        <a class=\"GutPeleMele-tile\" href=\"https:\/\/www.hautesvallees.com\/lizoard\/sur-place\/\"\n                               target=\"\" title=\"Sur place\">\n                                                    <img decoding=\"async\" class=\"GutPeleMele-tile--image\" src=\"https:\/\/www.hautesvallees.com\/content\/uploads\/sites\/4\/2025\/01\/Izoard-Famille-Luge-_-alpesphotographies.com-2.jpg\" alt=\"\">\n                            <span class=\"GutPeleMele-tile--title\">Sur place<\/span>\n                                                    <\/a>\n                                                                                                <a class=\"GutPeleMele-tile\" href=\"https:\/\/www.hautesvallees.com\/lizoard\/decouvrir\/\"\n                               target=\"\" title=\"D\u00e9couvrir\">\n                                                    <img decoding=\"async\" class=\"GutPeleMele-tile--image\" src=\"https:\/\/www.hautesvallees.com\/content\/uploads\/sites\/4\/2025\/01\/Fonts-de-Cervieres-coucher-de-soleil-\u00a9T.Blais_-scaled-1.jpg\" alt=\"\">\n                            <span class=\"GutPeleMele-tile--title\">D\u00e9couvrir l&#039;Izoard<\/span>\n                                                    <\/a>\n                                                                                                <a class=\"GutPeleMele-tile\" href=\"https:\/\/www.hautesvallees.com\/lizoard\/se-loger\/\"\n                               target=\"\" title=\"H\u00e9bergements\">\n                                                    <img decoding=\"async\" class=\"GutPeleMele-tile--image\" src=\"https:\/\/www.hautesvallees.com\/content\/uploads\/sites\/4\/2025\/01\/\u00a9MDucoux320_Izoard-Refuge-Napoleon-1-scaled-1.jpg\" alt=\"H\u00e9bergement - Refuge Napol\u00e9on Izoard\">\n                            <span class=\"GutPeleMele-tile--title\">H\u00e9bergements<\/span>\n                                                    <\/a>\n                                                                                                <a class=\"GutPeleMele-tile\" href=\"https:\/\/www.hautesvallees.com\/lizoard\/agenda\/\"\n                               target=\"\" title=\"Agenda\">\n                                                    <img decoding=\"async\" class=\"GutPeleMele-tile--image\" src=\"https:\/\/www.hautesvallees.com\/content\/uploads\/sites\/4\/2025\/01\/Col-Izoard-_-Alpesphotographies.com-122-optimise-web.jpg\" alt=\"\">\n                            <span class=\"GutPeleMele-tile--title\">Agenda<\/span>\n                                                    <\/a>\n                                                                                                <a class=\"GutPeleMele-tile\" href=\"https:\/\/www.hautesvallees.com\/blog\/\"\n                               target=\"\" title=\"Blog\">\n                                                    <img decoding=\"async\" class=\"GutPeleMele-tile--image\" src=\"https:\/\/www.hautesvallees.com\/content\/uploads\/sites\/4\/2025\/01\/les-oules-cervieres-c2a9-michel-ducrox-1.webp\" alt=\"\">\n                            <span class=\"GutPeleMele-tile--title\">Inspirez-vous<\/span>\n                                                    <\/a>\n                                                                                                <a class=\"GutPeleMele-tile\" href=\"https:\/\/www.hautesvallees.com\/faq\/\"\n                               target=\"\" title=\"FAQ\">\n                                                    <img decoding=\"async\" class=\"GutPeleMele-tile--image\" src=\"https:\/\/www.hautesvallees.com\/content\/uploads\/sites\/4\/2025\/01\/Le-sentier-des-crevasses-arsine-en-famille-13-scaled-1-1.jpg\" alt=\"\">\n                            <span class=\"GutPeleMele-tile--title\">FAQ<\/span>\n                                                    <\/a>\n                                                            <\/div>\n                    <\/div>\n\n    <\/div>\n","protected":false},"excerpt":{"rendered":"","protected":false},"author":1,"featured_media":982,"parent":0,"menu_order":6,"comment_status":"closed","ping_status":"closed","template":"","meta":{"_acf_changed":false,"footnotes":""},"class_list":["post-380","page","type-page","status-publish","has-post-thumbnail","hentry"],"acf":[],"_links":{"self":[{"href":"https:\/\/www.hautesvallees.com\/lizoard\/wp-json\/wp\/v2\/pages\/380","targetHints":{"allow":["GET"]}}],"collection":[{"href":"https:\/\/www.hautesvallees.com\/lizoard\/wp-json\/wp\/v2\/pages"}],"about":[{"href":"https:\/\/www.hautesvallees.com\/lizoard\/wp-json\/wp\/v2\/types\/page"}],"author":[{"embeddable":true,"href":"https:\/\/www.hautesvallees.com\/lizoard\/wp-json\/wp\/v2\/users\/1"}],"replies":[{"embeddable":true,"href":"https:\/\/www.hautesvallees.com\/lizoard\/wp-json\/wp\/v2\/comments?post=380"}],"version-history":[{"count":4,"href":"https:\/\/www.hautesvallees.com\/lizoard\/wp-json\/wp\/v2\/pages\/380\/revisions"}],"predecessor-version":[{"id":1540,"href":"https:\/\/www.hautesvallees.com\/lizoard\/wp-json\/wp\/v2\/pages\/380\/revisions\/1540"}],"wp:featuredmedia":[{"embeddable":true,"href":"https:\/\/www.hautesvallees.com\/lizoard\/wp-json\/wp\/v2\/media\/982"}],"wp:attachment":[{"href":"https:\/\/www.hautesvallees.com\/lizoard\/wp-json\/wp\/v2\/media?parent=380"}],"curies":[{"name":"wp","href":"https:\/\/api.w.org\/{rel}","templated":true}]}}