{"id":370,"date":"2025-01-16T17:24:57","date_gmt":"2025-01-16T16:24:57","guid":{"rendered":"https:\/\/www.hautesvallees.com\/lizoard\/?page_id=370"},"modified":"2026-01-16T08:57:34","modified_gmt":"2026-01-16T07:57:34","slug":"puy-saint-pierre","status":"publish","type":"page","link":"https:\/\/www.hautesvallees.com\/lizoard\/decouvrir\/destination-izoard\/puy-saint-pierre\/","title":{"rendered":"Puy-Saint-Pierre"},"content":{"rendered":"<div class=\"GutText  GutContainer-full\">\n        <div class=\"GutText-inner\">\n            <div class=\"GutTitle Center\">\n                    <h2 class=\"GutTitle-title\">\n                                    <span class=\"GutTitle-surtitle\">Puy-Saint-Pierre<\/span>\n                                                        un village authentique\n                            <\/h2>\n                    <\/div>\n                                        <div class=\"GutText-wysiwyg Content\">\n                    <p style=\"text-align: center\">Avec ses 555 habitants, le village de Puy-Saint-Pierre a su garder son caract\u00e8re rural et ses paysages authentiques. La sauvegarde du patrimoine historique et naturel est importante pour cette commune qui regorge de tr\u00e9sors cach\u00e9s. <strong>Des chapelles aux cadrans solaires<\/strong> en passant par <strong>les fresques et autres monuments historiques,<\/strong> votre d\u00e9couverte sera riche.<\/p>\n<p style=\"text-align: center\">De plus, le pass\u00e9 minier de ce village vous emm\u00e8nera \u00e0 la d\u00e9couverte de\u00a0<strong>la mine de la Combarine,<\/strong> une des plus grandes mines du Brian\u00e7onnais. <strong>Mais, c\u2019est depuis\u00a0l&rsquo;\u00e9glise Saint Pierre\u00a0qu\u2019un magnifique panorama sur Brian\u00e7on et la vall\u00e9e de la Durance vous attend.<\/strong><\/p>\n\n                <\/div>\n                    <\/div>\n    <\/div>\n\n\n<div class=\"GutInformations BgColor GutContainer\">\n        <div class=\"GutInformations-container\">\n\n            <div class=\"GutTitle Center\">\n                    <h2 class=\"GutTitle-title\">\n                                    <span class=\"GutTitle-surtitle\">3 bonnes raisons de venir<\/span>\n                                                        \u00e0 Puy-Saint-Pierre\n                            <\/h2>\n                    <\/div>\n\n            <div class=\"GutInformations-list\">\n                                    <div class=\"GutInformations-wrap\">\n                                                                                    <picture class=\"GutInformations-picture\">\n                                    <img decoding=\"async\" src=\"https:\/\/www.hautesvallees.com\/content\/uploads\/sites\/4\/2025\/02\/Notre-dame-des-neiges-au-lever-de-soleil-2-scaled-1-250x250.jpg\" alt=\"Notre dame des neiges au lever de soleil- T. BLAIS\" \/>\n                                <\/picture>\n                                                                                                        <p class=\"GutInformations-title\">\n                                Notre-dame-des-Neiges\n                            <\/p>\n                                                                            <p class=\"GutInformations-text\">\n                                Pour prendre de la hauteur, la chapelle, perch\u00e9e sur le Mont Prorel, est id\u00e9ale. En empruntant les sentiers ou la t\u00e9l\u00e9cabine, vous serez \u00e9merveill\u00e9s par le paysage. Le panorama  depuis ce promontoire juch\u00e9 \u00e0 2 292m d&rsquo;altitude ne vous laissera pas indiff\u00e9rent.\n                            <\/p>\n                                                                            <a class=\"GutInformations-link\"\n                               href=\"https:\/\/www.hautesvallees.com\/lizoard\/decouvrir\/incontournables\/le-prorel\/\"\n                               target=\"\"\n                               title=\"En d\u00e9couvrir plus\">\n                                En d\u00e9couvrir plus\n                            <\/a>\n                                            <\/div>\n                                    <div class=\"GutInformations-wrap\">\n                                                                                    <picture class=\"GutInformations-picture\">\n                                    <img decoding=\"async\" src=\"https:\/\/www.hautesvallees.com\/content\/uploads\/sites\/4\/2025\/10\/Puy-Richard-Puy-Saint-Pierre-automne-2025-Laury-Chamerlat-scaled-e1759838222582-250x250.jpg\" alt=\"Puy Richard, Puy-Saint-Pierre, automne 2025 - Laury Chamerlat\" \/>\n                                <\/picture>\n                                                                                                        <p class=\"GutInformations-title\">\n                                Hameau de Puy Richard\n                            <\/p>\n                                                                            <p class=\"GutInformations-text\">\n                                Puy Richard fait partie de l&rsquo;histoire de Puy-Saint-Pierre. Ce hameau cach\u00e9 vous d\u00e9voilera ses tr\u00e9sors insoup\u00e7onn\u00e9s. C&rsquo;est sur ces terres que la transhumance y \u00e9tait pratiqu\u00e9e, pour profiter des p\u00e2turages d&rsquo;altitude.\n                            <\/p>\n                                                                    <\/div>\n                                    <div class=\"GutInformations-wrap\">\n                                                                                    <picture class=\"GutInformations-picture\">\n                                    <img decoding=\"async\" src=\"https:\/\/www.hautesvallees.com\/content\/uploads\/sites\/4\/2025\/01\/Famille-Ferme-de-Pralong-\ufffd-alpesphotographies.com-16-scaled-1-250x250.jpg\" alt=\"Famille-Ferme-de-Pralong-\ufffd-alpesphotographies.com-16-scaled\" \/>\n                                <\/picture>\n                                                                                                        <p class=\"GutInformations-title\">\n                                La Ferme de Pralong\n                            <\/p>\n                                                                            <p class=\"GutInformations-text\">\n                                S\u00e9journer \u00e0 Puy-Saint-Pierre, c&rsquo;est prendre le temps de rencontrer les producteurs locaux et de repartir avec un d\u00e9licieux fromage de ferme !\n                            <\/p>\n                                                                            <a class=\"GutInformations-link\"\n                               href=\"https:\/\/www.hautesvallees.com\/degustation\/ferme-de-pralong-puy-saint-pierre\/\"\n                               target=\"\"\n                               title=\"En d\u00e9couvrir plus\">\n                                En d\u00e9couvrir plus\n                            <\/a>\n                                            <\/div>\n                            <\/div>\n        <\/div>\n    <\/div>\n\n\n<div class=\"GutCol2  GutContainer\">\n        <div class=\"GutCol2-container\">\n\n            \n                                                                                                        <div class=\"GutCol2-wrap GutCol2-blocTexte Left\">\n                                <div class=\"GutCol2-blocTexte--inner\">\n                                                                            <div class=\"GutTitle Left\">\n                    <h2 class=\"GutTitle-title\">\n                                    <span class=\"GutTitle-surtitle\">Puy-saint-pierre<\/span>\n                                                        Son histoire\n                            <\/h2>\n                    <\/div>\n                                                                                                                                                    <div class=\"GutCol2-text Content\">\n                                            <p>C&rsquo;est en vous baladant dans les ruelles du village de Puy-Saint-Pierre, que vous pourrez d\u00e9couvrir les <strong>tr\u00e9sors d&rsquo;architecture et de patrimoine<\/strong> dont regorge cet endroit.<\/p>\n<p><strong>L&rsquo;\u00e9glise Saint-Pierre<\/strong> datant du XVIII\u00e8me Si\u00e8cle t\u00e9moigne de <strong>l&rsquo;histoire religieuse<\/strong> bien pr\u00e9sente. Elle domine le brian\u00e7onnais et son clocher joue<strong> le r\u00f4le de signal,<\/strong> perceptible dans tout Brian\u00e7on et ses alentours.<\/p>\n<p>Si vous recherchez un <strong>moment de paix et de qui\u00e9tude, la Chapelle Notre-Dame-des-neiges<\/strong> offre une vue saisissante sur les montagnes alentour qui ne vous laissera pas indiff\u00e9rent. Datant du <strong>d\u00e9but XX\u00e8me Si\u00e8cle<\/strong>, c<strong>onstruite en l&rsquo;honneur de la Vierge Marie<\/strong>, son emplacement en altitude ainsi que son nom apportent aux <strong>montagnards et voyageurs protection<\/strong> dans les conditions hivernales difficiles.<\/p>\n<p><strong>L&rsquo;histoire de ce village fait aussi r\u00e9f\u00e9rence \u00e0 La Mine de la Combarine<\/strong> autrement appel\u00e9e <strong>la mine de la Combe de l&rsquo;Or.<\/strong> Son <strong>exploitation a commenc\u00e9 au XIX\u00e8me Si\u00e8cle<\/strong>, pour <strong>l&rsquo;extraction de minerais m\u00e9talliques (plomb, zinc et des traces de m\u00e9taux comme l&rsquo;argent).\u00a0<\/strong><\/p>\n\n                                        <\/div>\n                                                                    <\/div>\n                            <\/div>\n                                                                                                                                                        <div class=\"GutCol2-wrap GutCol2-blocImage Right\">\n                                    <picture class=\"GutCol2-picture\">\n                                        <img decoding=\"async\" src=\"https:\/\/www.hautesvallees.com\/content\/uploads\/sites\/4\/2025\/10\/Vue-sur-Puy-Saint-Pierre-automne-2025-Laury-Chamerlat-3-510x710.jpg\"\n                                             alt=\"Vue sur Puy-Saint-Pierre, automne 2025 - Laury Chamerlat (3)\" \/>\n                                    <\/picture>\n                                                                            <span class=\"GutCol2-credit\">\u00a9 L.Chamerlat<\/span>\n                                                                    <\/div>\n                                                                                            <\/div>\n    <\/div>\n\n\n<div class=\"GutBanner BgImage TextLight GutContainer-full\">\n                    <picture class=\"GutBanner-picture\">\n                <source srcset=\"https:\/\/www.hautesvallees.com\/content\/uploads\/sites\/4\/2025\/02\/Vue-sur-Puy-Saint-Pierre-\u00a9-Thibaut-Blais-optimise-web-768x360.jpg\" media=\"(max-width: 768px)\">\n                <source srcset=\"https:\/\/www.hautesvallees.com\/content\/uploads\/sites\/4\/2025\/02\/Vue-sur-Puy-Saint-Pierre-\u00a9-Thibaut-Blais-optimise-web-992x465.jpg\" media=\"(max-width: 992px)\">\n                <source srcset=\"https:\/\/www.hautesvallees.com\/content\/uploads\/sites\/4\/2025\/02\/Vue-sur-Puy-Saint-Pierre-\u00a9-Thibaut-Blais-optimise-web.jpg\" media=\"(min-width: 993px)\">\n                <img decoding=\"async\" class=\"GutBanner-img\" src=\"https:\/\/www.hautesvallees.com\/content\/uploads\/sites\/4\/2025\/02\/Vue-sur-Puy-Saint-Pierre-\u00a9-Thibaut-Blais-optimise-web.jpg\" alt=\"Puy-Saint-Pierre - Blais T.\" \/>\n            <\/picture>\n                <div class=\"GutBanner-inner\">\n                            <h2 class=\"GutBanner-teaser1 Content\">\n                    En d\u00e9couvrir plus sur\n                <\/h2>\n                                        <div class=\"GutBanner-teaser2 Content\">\n                    le Patrimoine de Puy-saint-pierre\n                <\/div>\n                                        <a class=\"GutBanner-btn Button-primary\" href=\"https:\/\/www.hautesvallees.com\/lizoard\/que-faire\/visites-et-patrimoine\/\" >En d\u00e9couvrir plus<\/a>\n                    <\/div>\n    <\/div>\n\n\n<div class=\"GutPushArticles  GutContainer\">\n        <div class=\"GutPushArticles-container\">\n            <div class=\"GutTitle Center\">\n                    <h2 class=\"GutTitle-title\">\n                                    <span class=\"GutTitle-surtitle\">Vous aimerez<\/span>\n                                                        aussi\n                            <\/h2>\n                    <\/div>\n            <div class=\"GutPushArticles-inner \">\n                                    <div class=\"GutPushArticles-container \" >\n                        <div class=\"GutPushArticles-list \">\n                                                            <div class=\"GutPushArticles-wrap \">\n                                                                            <picture class=\"GutPushArticles-picture\">\n                                            <img decoding=\"async\" src=\"https:\/\/www.hautesvallees.com\/content\/uploads\/sites\/4\/2025\/02\/Raquettes-secteur-chalets-de-lizoard-107-371x248.jpg\"\n                                                 alt=\"Raquettes-secteur-chalets-de-lizoard-107\" \/>\n                                        <\/picture>\n                                                                        <div class=\"GutPushArticles-content\">\n                                                                                    <h2 class=\"GutPushArticles-title\">Une vir\u00e9e hivernale entre amis \u00e0 l&rsquo;Izoard <\/h2>\n                                                                                                                                                                    <a class=\"Link\" href=\"https:\/\/www.hautesvallees.com\/vacances-entre-amis-a-lizoard-en-hiver\/\" >En d\u00e9couvrir plus<\/a>\n                                                                            <\/div>\n                                <\/div>\n                                                            <div class=\"GutPushArticles-wrap \">\n                                                                            <picture class=\"GutPushArticles-picture\">\n                                            <img decoding=\"async\" src=\"https:\/\/www.hautesvallees.com\/content\/uploads\/sites\/4\/2025\/02\/c2a9-aurelien-papa-wildspot-4-371x248.webp\"\n                                                 alt=\"c2a9-aurelien-papa-wildspot-4\" \/>\n                                        <\/picture>\n                                                                        <div class=\"GutPushArticles-content\">\n                                                                                    <h2 class=\"GutPushArticles-title\">La saison dor\u00e9e dans les Hautes Vall\u00e9es<\/h2>\n                                                                                                                                                                    <a class=\"Link\" href=\"https:\/\/www.hautesvallees.com\/la-saison-doree-dans-les-hautes-vallees-la-grave-la-claree-lizoard-aux-couleurs-de-lautomne\/\" >En d\u00e9couvrir plus<\/a>\n                                                                            <\/div>\n                                <\/div>\n                                                            <div class=\"GutPushArticles-wrap \">\n                                                                            <picture class=\"GutPushArticles-picture\">\n                                            <img decoding=\"async\" src=\"https:\/\/www.hautesvallees.com\/content\/uploads\/sites\/4\/2025\/01\/S.Morattel-Maison-geologie-2021-23-1-scaled-1-371x248.jpg\"\n                                                 alt=\"S.Morattel-Maison-geologie-2021-23-1-scaled\" \/>\n                                        <\/picture>\n                                                                        <div class=\"GutPushArticles-content\">\n                                                                                    <h2 class=\"GutPushArticles-title\">Ma semaine en famille \u00e0 l&rsquo;Izoard<\/h2>\n                                                                                                                                                                    <a class=\"Link\" href=\"https:\/\/www.hautesvallees.com\/ma-semaine-en-famille-en-izoard\/\" >En d\u00e9couvrir plus<\/a>\n                                                                            <\/div>\n                                <\/div>\n                                                    <\/div>\n                                            <\/div>\n                                                <\/div>\n                    <\/div>\n    <\/div>\n","protected":false},"excerpt":{"rendered":"","protected":false},"author":1,"featured_media":651,"parent":361,"menu_order":2,"comment_status":"closed","ping_status":"closed","template":"","meta":{"_acf_changed":false,"footnotes":""},"class_list":["post-370","page","type-page","status-publish","has-post-thumbnail","hentry"],"acf":[],"_links":{"self":[{"href":"https:\/\/www.hautesvallees.com\/lizoard\/wp-json\/wp\/v2\/pages\/370","targetHints":{"allow":["GET"]}}],"collection":[{"href":"https:\/\/www.hautesvallees.com\/lizoard\/wp-json\/wp\/v2\/pages"}],"about":[{"href":"https:\/\/www.hautesvallees.com\/lizoard\/wp-json\/wp\/v2\/types\/page"}],"author":[{"embeddable":true,"href":"https:\/\/www.hautesvallees.com\/lizoard\/wp-json\/wp\/v2\/users\/1"}],"replies":[{"embeddable":true,"href":"https:\/\/www.hautesvallees.com\/lizoard\/wp-json\/wp\/v2\/comments?post=370"}],"version-history":[{"count":18,"href":"https:\/\/www.hautesvallees.com\/lizoard\/wp-json\/wp\/v2\/pages\/370\/revisions"}],"predecessor-version":[{"id":27770,"href":"https:\/\/www.hautesvallees.com\/lizoard\/wp-json\/wp\/v2\/pages\/370\/revisions\/27770"}],"up":[{"embeddable":true,"href":"https:\/\/www.hautesvallees.com\/lizoard\/wp-json\/wp\/v2\/pages\/361"}],"wp:featuredmedia":[{"embeddable":true,"href":"https:\/\/www.hautesvallees.com\/lizoard\/wp-json\/wp\/v2\/media\/651"}],"wp:attachment":[{"href":"https:\/\/www.hautesvallees.com\/lizoard\/wp-json\/wp\/v2\/media?parent=370"}],"curies":[{"name":"wp","href":"https:\/\/api.w.org\/{rel}","templated":true}]}}