{"id":363,"date":"2025-01-16T17:22:39","date_gmt":"2025-01-16T16:22:39","guid":{"rendered":"https:\/\/www.hautesvallees.com\/lizoard\/?page_id=363"},"modified":"2025-02-21T15:40:08","modified_gmt":"2025-02-21T14:40:08","slug":"idees-de-sejours","status":"publish","type":"page","link":"https:\/\/www.hautesvallees.com\/lizoard\/decouvrir\/idees-de-sejours\/","title":{"rendered":"Id\u00e9es de s\u00e9jours \u00e0 l&rsquo;Izoard"},"content":{"rendered":"<div class=\"GutText  GutContainer\">\n        <div class=\"GutText-inner\">\n            <div class=\"GutTitle Center\">\n                    <h2 class=\"GutTitle-title\">\n                                    <span class=\"GutTitle-surtitle\">Une destination<\/span>\n                                                        4 saisons \n                            <\/h2>\n                    <\/div>\n                            <div class=\"GutText-intro Center\">D\u00e9couvrir l&rsquo;Izoard au fil des saisons c&rsquo;est possible !<\/div>\n                                        <div class=\"GutText-wysiwyg Content\">\n                    <p style=\"text-align: center;\">N&rsquo;attendez pas les<strong> grandes vacances d&rsquo;\u00e9t\u00e9 ou l&rsquo;hiver au ski<\/strong> pour programmer votre <strong>s\u00e9jour en Izoard<\/strong> ! Cette destination a bien plus \u00e0 vous partager <strong>au fil des saisons.<\/strong><\/p>\n<p style=\"text-align: center;\">Les jours blancs ont quelque chose d&rsquo;apaisant, la magie de voir la neige recouvrir les sommets et la nature ! Observer l&rsquo;arriv\u00e9e des premier crocus et <strong>entendre les oiseaux chanter l&rsquo;arriv\u00e9e du printemps<\/strong> ! Le soleil \u00e0 son z\u00e9nith fera immerger les <a href=\"https:\/\/www.hautesvallees.com\/lizoard\/que-faire\/en-ete\/balades-et-randonnees\/top-5-des-lacs-en-izoard\/\">lacs de l&rsquo;Izoard<\/a> permettant aux animaux de s&rsquo;abreuver.. ou encore l&rsquo;<strong>automne et la magie des for\u00eats<\/strong> de m\u00e9l\u00e8zes dor\u00e9s qui teinte les paysages de l&rsquo;Izoard pour garder un souvenir inoubliable.<\/p>\n<p style=\"text-align: center;\">Et vous, quel est <strong>votre saison pr\u00e9f\u00e9r\u00e9e dans les Hautes Vall\u00e9es<\/strong> ?<\/p>\n\n                <\/div>\n                    <\/div>\n    <\/div>\n\n\n<div class=\"GutCol2  GutContainer\">\n        <div class=\"GutCol2-container\">\n\n            <div class=\"GutTitle Left\">\n                    <h2 class=\"GutTitle-title\">\n                                    <span class=\"GutTitle-surtitle\">un s\u00e9jour en Izoard<\/span>\n                                                        \u00e0 la belle saison\n                            <\/h2>\n                    <\/div>\n\n                                                                                                                                        <div class=\"GutCol2-wrap GutCol2-blocImage Left\">\n                                    <picture class=\"GutCol2-picture\">\n                                        <img decoding=\"async\" src=\"https:\/\/www.hautesvallees.com\/content\/uploads\/sites\/4\/2025\/01\/4ED68655-F024-4D66-89EC-30A1F95C0594-scaled-1-510x710.jpeg\"\n                                             alt=\"4ED68655-F024-4D66-89EC-30A1F95C0594-scaled\" \/>\n                                    <\/picture>\n                                                                            <span class=\"GutCol2-credit\">\u00a9 Entre 2 P\u00f4les<\/span>\n                                                                    <\/div>\n                                                                                                                                                    <div class=\"GutCol2-wrap GutCol2-blocTexte Right\">\n                                <div class=\"GutCol2-blocTexte--inner\">\n                                                                            <div class=\"GutTitle Left\">\n                    <h2 class=\"GutTitle-title\">\n                                    <span class=\"GutTitle-surtitle\">printemps<\/span>\n                                                        \u00e9t\u00e9\n                            <\/h2>\n                            <span class=\"GutTitle-subtitle\">automne<\/span>\n            <\/div>\n                                                                                                                <div class=\"GutCol2-intro\">La nature a rang\u00e9 son manteau blanc pour laisser place aux couleurs vives et verdoyantes des beaux jours !<\/div>\n                                                                                                                <div class=\"GutCol2-text Content\">\n                                            <p style=\"text-align: left;\">Aux beaux jours, la montagne est belle, l&rsquo;envie de courir, de randonner, de respirer et d&rsquo;observer la nature se transformer est<strong> un vrai r\u00e9gal pour les 5 sens<\/strong> ! Tout est pr\u00e9texte \u00e0 passer du temps dehors, sur un v\u00e9lo ou \u00e0 pied, pour ressentir la chaleur du soleil dans le dos, l&rsquo;odeur des plantes odorantes et des arbres, \u00e9couter le chant des oiseaux et s&rsquo;endormir au bord d&rsquo;une rivi\u00e8re&#8230; Vivement <a href=\"https:\/\/www.hautesvallees.com\/lizoard\/que-faire\/en-ete\/\">l&rsquo;\u00e9t\u00e9 en Izoard<\/a> pour d\u00e9couvrir cette nature pr\u00e9serv\u00e9e !<\/p>\n<p>&nbsp;<\/p>\n\n                                        <\/div>\n                                                                    <\/div>\n                            <\/div>\n                                                                <\/div>\n    <\/div>\n\n\n\n<div class=\"ApiListing __altimax_listing \" data-js=\"{&quot;action_load&quot;:&quot;apidae_listing_load&quot;,&quot;action_map_tiles&quot;:&quot;apidae_listing_load_map_tiles&quot;,&quot;action_filters&quot;:&quot;apidae_listing_filters&quot;,&quot;action_pdf&quot;:&quot;apidae_listing_pdf&quot;,&quot;post_id&quot;:363,&quot;blog_id&quot;:4,&quot;uid&quot;:1,&quot;cache_key&quot;:&quot;20f422598beb2d0799638fa3ad8fe27e&quot;,&quot;is_agenda&quot;:false,&quot;listing_mode&quot;:&quot;listing-map&quot;,&quot;use_filters&quot;:false,&quot;use_share&quot;:false,&quot;paginator&quot;:{&quot;currentPage&quot;:1,&quot;maxPerPage&quot;:10,&quot;count&quot;:0,&quot;totalPages&quot;:0,&quot;nextPage&quot;:1,&quot;html&quot;:&quot;&quot;},&quot;ajax_url&quot;:&quot;https:\\\/\\\/www.hautesvallees.com\\\/\\\/lizoard\\\/wp-admin\\\/admin-ajax.php&quot;,&quot;lang&quot;:&quot;fr&quot;}\">\n    <div class=\"ApiListingLoader __altimax_loader\">\n        <div class=\"ApiListingLoader-container\">\n            <div class=\"ApiListingLoader-ring\"><\/div>\n        <\/div>\n    <\/div>\n        \n        \n        \n                                            <div class=\"ApiListing-container\">\n        <div class=\"ApiListing-control container_full  switch\">\n                                                                                        <div class=\"ApiListing-result\">\n                <div class=\"ApiListing-result--number __altimax_listing_count\">0<\/div>\n                R\u00e9sultats\n            <\/div>\n                            <button class=\"ApiListing-switch Button-full __apidae_map_listing_switch\"\n                        data-current=\"listing\"\n                        data-text-listing=\"Liste\"\n                        data-text-map=\"Carte\">\n                    Carte\n                <\/button>\n                    <\/div>\n\n        <div class=\"ApiListing-wrapper container_full   switch\">\n            \n                            <ul class=\"ApiListing-list __altimax_listing_content\">\n                                    <\/ul>\n            \n                        <div class=\"__apidae_map_listing ApiListingMap hidden\">\n    <div class=\"ApiTileMap-map\" data-options='{&quot;markers&quot;:[],&quot;default_icon&quot;:{&quot;url&quot;:&quot;https:\\\/\\\/www.hautesvallees.com\\\/content\\\/uploads\\\/sites\\\/4\\\/2025\\\/06\\\/PIN-Global-18px.svg&quot;,&quot;size&quot;:[30,40],&quot;anchor&quot;:[15,40]},&quot;useHoverMarker&quot;:true,&quot;useHoverMarkerPopup&quot;:false,&quot;gpxs&quot;:[],&quot;kmls&quot;:[],&quot;useGpx&quot;:false,&quot;useKml&quot;:false,&quot;useElevation&quot;:false,&quot;useHoverGpx&quot;:false,&quot;center&quot;:[45.891312226484,6.077075095539],&quot;zoom&quot;:15,&quot;isGoogle&quot;:false,&quot;layer&quot;:&quot;http:\\\/\\\/a.tile.openstreetmap.org\\\/{z}\\\/{x}\\\/{y}.png&quot;,&quot;attribution&quot;:&quot;\\u00a9 &lt;a href=\\&quot;http:\\\/\\\/www.openstreetmap.org\\\/copyright\\&quot;&gt;OpenStreetMap&lt;\\\/a&gt; contributors \\u00a9 &lt;a href=\\&quot;http:\\\/\\\/carto.com\\\/attributions\\&quot;&gt;CARTO&lt;\\\/a&gt;&quot;,&quot;disablePopup&quot;:false,&quot;useCluster&quot;:true,&quot;useActiveArea&quot;:true,&quot;leafletOptions&quot;:{&quot;scrollWheelZoom&quot;:false,&quot;zoomControl&quot;:true,&quot;mapTypeControl&quot;:false,&quot;scaleControl&quot;:false,&quot;streetViewControl&quot;:false,&quot;rotateControl&quot;:false,&quot;keyboardShortcuts&quot;:false,&quot;draggable&quot;:true}}' style=\"width: 100%;height: 100%;\"><\/div>\n    <div class=\"ApiListingMap-list __apidae_map_listing_tiles\">\n                                                                                    <\/div>\n<\/div>\n        <\/div>\n                    <ul class=\"Paginator __altimax_listing_paginator\">\n                \n            <\/ul>\n            <\/div>\n<\/div>\n\n<div class=\"GutCol2  GutContainer\">\n        <div class=\"GutCol2-container\">\n\n            <div class=\"GutTitle Left\">\n                    <h2 class=\"GutTitle-title\">\n                                    <span class=\"GutTitle-surtitle\">un s\u00e9jour en izoard<\/span>\n                                                        en hiver\n                            <\/h2>\n                    <\/div>\n\n                                                                                                        <div class=\"GutCol2-wrap GutCol2-blocTexte Left\">\n                                <div class=\"GutCol2-blocTexte--inner\">\n                                                                            <div class=\"GutTitle Left\">\n                    <h2 class=\"GutTitle-title\">\n                                    <span class=\"GutTitle-surtitle\">Le silence<\/span>\n                                                        hivernal\n                            <\/h2>\n                    <\/div>\n                                                                                                                <div class=\"GutCol2-intro\">L&rsquo;hiver est arriv\u00e9 et a recouvert de son manteau blanc la nature et les montagnes !<\/div>\n                                                                                                                <div class=\"GutCol2-text Content\">\n                                            <p><strong>D\u00e9couvrir l&rsquo;Izoard en hiver<\/strong>, c&rsquo;est d\u00e9couvrir une autre facette de cette destination pr\u00e9serv\u00e9e. La nature est endormie, les animaux ralentissent le rythme et hibernent. A nous aussi de ralentir le pas, de prendre le temps \u00e0 la contemplation.<\/p>\n<p><strong>S\u00e9journer en hiver dans les Hautes Vall\u00e9es<\/strong> et plus pr\u00e9cis\u00e9ment \u00e0 l&rsquo;Izoard, c&rsquo;est d\u00e9couvrir des paysages immacul\u00e9s, saisissants et apaisants.<\/p>\n\n                                        <\/div>\n                                                                    <\/div>\n                            <\/div>\n                                                                                                                                                        <div class=\"GutCol2-wrap GutCol2-blocImage Right\">\n                                    <picture class=\"GutCol2-picture\">\n                                        <img decoding=\"async\" src=\"https:\/\/www.hautesvallees.com\/content\/uploads\/sites\/4\/2025\/02\/Izoard-T.Poinas-scaled-e1705932029658-664x480.jpg\"\n                                             alt=\"Izoard-T.Poinas-scaled-e1705932029658\" \/>\n                                    <\/picture>\n                                                                            <span class=\"GutCol2-credit\">\u00a9 Poinas T.<\/span>\n                                                                    <\/div>\n                                                                                            <\/div>\n    <\/div>\n\n\n\n<div class=\"ApiListing __altimax_listing \" data-js=\"{&quot;action_load&quot;:&quot;apidae_listing_load&quot;,&quot;action_map_tiles&quot;:&quot;apidae_listing_load_map_tiles&quot;,&quot;action_filters&quot;:&quot;apidae_listing_filters&quot;,&quot;action_pdf&quot;:&quot;apidae_listing_pdf&quot;,&quot;post_id&quot;:363,&quot;blog_id&quot;:4,&quot;uid&quot;:2,&quot;cache_key&quot;:&quot;0e95271c01015bf3a774a525f9212e3e&quot;,&quot;is_agenda&quot;:false,&quot;listing_mode&quot;:&quot;listing-map&quot;,&quot;use_filters&quot;:false,&quot;use_share&quot;:false,&quot;paginator&quot;:{&quot;currentPage&quot;:1,&quot;maxPerPage&quot;:10,&quot;count&quot;:0,&quot;totalPages&quot;:0,&quot;nextPage&quot;:1,&quot;html&quot;:&quot;&quot;},&quot;ajax_url&quot;:&quot;https:\\\/\\\/www.hautesvallees.com\\\/\\\/lizoard\\\/wp-admin\\\/admin-ajax.php&quot;,&quot;lang&quot;:&quot;fr&quot;}\">\n    <div class=\"ApiListingLoader __altimax_loader\">\n        <div class=\"ApiListingLoader-container\">\n            <div class=\"ApiListingLoader-ring\"><\/div>\n        <\/div>\n    <\/div>\n        \n        \n        \n                                            <div class=\"ApiListing-container\">\n        <div class=\"ApiListing-control container_full  switch\">\n                                                                                        <div class=\"ApiListing-result\">\n                <div class=\"ApiListing-result--number __altimax_listing_count\">0<\/div>\n                R\u00e9sultats\n            <\/div>\n                            <button class=\"ApiListing-switch Button-full __apidae_map_listing_switch\"\n                        data-current=\"listing\"\n                        data-text-listing=\"Liste\"\n                        data-text-map=\"Carte\">\n                    Carte\n                <\/button>\n                    <\/div>\n\n        <div class=\"ApiListing-wrapper container_full   switch\">\n            \n                            <ul class=\"ApiListing-list __altimax_listing_content\">\n                                    <\/ul>\n            \n                        <div class=\"__apidae_map_listing ApiListingMap hidden\">\n    <div class=\"ApiTileMap-map\" data-options='{&quot;markers&quot;:[],&quot;default_icon&quot;:{&quot;url&quot;:&quot;https:\\\/\\\/www.hautesvallees.com\\\/content\\\/uploads\\\/sites\\\/4\\\/2025\\\/06\\\/PIN-Global-18px.svg&quot;,&quot;size&quot;:[30,40],&quot;anchor&quot;:[15,40]},&quot;useHoverMarker&quot;:true,&quot;useHoverMarkerPopup&quot;:false,&quot;gpxs&quot;:[],&quot;kmls&quot;:[],&quot;useGpx&quot;:false,&quot;useKml&quot;:false,&quot;useElevation&quot;:false,&quot;useHoverGpx&quot;:false,&quot;center&quot;:[45.891312226484,6.077075095539],&quot;zoom&quot;:15,&quot;isGoogle&quot;:false,&quot;layer&quot;:&quot;http:\\\/\\\/a.tile.openstreetmap.org\\\/{z}\\\/{x}\\\/{y}.png&quot;,&quot;attribution&quot;:&quot;\\u00a9 &lt;a href=\\&quot;http:\\\/\\\/www.openstreetmap.org\\\/copyright\\&quot;&gt;OpenStreetMap&lt;\\\/a&gt; contributors \\u00a9 &lt;a href=\\&quot;http:\\\/\\\/carto.com\\\/attributions\\&quot;&gt;CARTO&lt;\\\/a&gt;&quot;,&quot;disablePopup&quot;:false,&quot;useCluster&quot;:true,&quot;useActiveArea&quot;:true,&quot;leafletOptions&quot;:{&quot;scrollWheelZoom&quot;:false,&quot;zoomControl&quot;:true,&quot;mapTypeControl&quot;:false,&quot;scaleControl&quot;:false,&quot;streetViewControl&quot;:false,&quot;rotateControl&quot;:false,&quot;keyboardShortcuts&quot;:false,&quot;draggable&quot;:true}}' style=\"width: 100%;height: 100%;\"><\/div>\n    <div class=\"ApiListingMap-list __apidae_map_listing_tiles\">\n                                                                                    <\/div>\n<\/div>\n        <\/div>\n                    <ul class=\"Paginator __altimax_listing_paginator\">\n                \n            <\/ul>\n            <\/div>\n<\/div>\n\n<div class=\"Activities\">\n            <div class=\"Activities-container\">\n                <div class=\"Activities-content\">\n                                                                    <h2 class=\"Activities-content--title\">Inspirez-moi<\/h2>\n                                                                <p class=\"Activities-content--desc\">Voici quelques id\u00e9es et suggestions pour profiter \u00e0 100% pendant votre s\u00e9jour dans les Hautes Alpes !<\/p>\n                                        <div class=\"Activities-content--taglist\">\n                                                    <span class=\"Activities-content--tag __activitiesTag69e74793a37b2\">Pour les randonneurs<\/span>\n                                                    <span class=\"Activities-content--tag __activitiesTag69e74793a37b2\">Pour les aventuriers<\/span>\n                                                    <span class=\"Activities-content--tag __activitiesTag69e74793a37b2\">Pour les tribus<\/span>\n                                                    <span class=\"Activities-content--tag __activitiesTag69e74793a37b2\">Premi\u00e8re fois en montagne<\/span>\n                                                    <span class=\"Activities-content--tag __activitiesTag69e74793a37b2\">Pour les amateurs de sensations fortes<\/span>\n                                            <\/div>\n                                    <\/div>\n                <div class=\"Activities-swiper swiper __SwiperActivities\" data-sliderid=\"69e74793a37b2\">\n                    <ul class=\"Activities-list swiper-wrapper\">\n                                                                                    <li class=\"NewsTile swiper-slide\">\n                                    <a class=\"NewsTile-link\" href=\"https:\/\/www.www.hautesvallees.com\/category\/pour-les-randonneurs\/\" title=\"Pour les randonneurs\">\n                                        <picture class=\"NewsTile-picture\">\n                                            <img decoding=\"async\" class=\"NewsTile-img\" src=\"https:\/\/www.hautesvallees.com\/content\/uploads\/sites\/4\/2025\/02\/le-sentier-des-crevasses-arsine-en-famille-c2a9t.-blais-2-rc3a9duit-410x550-1.jpg\"\n                                                 alt=\"le-sentier-des-crevasses-arsine-en-famille-c2a9t.-blais-2-rc3a9duit-410x550\" loading=\"lazy\"\/>\n                                        <\/picture>\n                                                                                <h2 class=\"NewsTile-title\">Pour les randonneurs<\/h2>\n                                                                                                                            <span class=\"NewsTile-link--read Link-primary\">\n                                                Voir les activit\u00e9s\n                                            <\/span>\n                                                                            <\/a>\n                                <\/li>\n                                                                                                                <li class=\"NewsTile swiper-slide\">\n                                    <a class=\"NewsTile-link\" href=\"https:\/\/www.hautesvallees.com\/category\/pour-les-aventuriers\/\" title=\"Pour les aventuriers\">\n                                        <picture class=\"NewsTile-picture\">\n                                            <img decoding=\"async\" class=\"NewsTile-img\" src=\"https:\/\/www.hautesvallees.com\/content\/uploads\/sites\/4\/2025\/01\/Bivouac-au-sommet-du-Thabor-45-scaled-1-410x550.jpg\"\n                                                 alt=\"Bivouac-au-sommet-du-Thabor-45-scaled\" loading=\"lazy\"\/>\n                                        <\/picture>\n                                                                                <h2 class=\"NewsTile-title\">Pour les aventuriers<\/h2>\n                                                                                                                            <span class=\"NewsTile-link--read Link-primary\">\n                                                Voir les activit\u00e9s\n                                            <\/span>\n                                                                            <\/a>\n                                <\/li>\n                                                                                                                <li class=\"NewsTile swiper-slide\">\n                                    <a class=\"NewsTile-link\" href=\"https:\/\/www.hautesvallees.com\/category\/pour-les-tribus\/\" title=\"Pour les tribus\">\n                                        <picture class=\"NewsTile-picture\">\n                                            <img decoding=\"async\" class=\"NewsTile-img\" src=\"https:\/\/www.hautesvallees.com\/content\/uploads\/sites\/4\/2025\/02\/VTT-en-famille-vallee-de-la-claree-22-410x550-1.jpg\"\n                                                 alt=\"VTT-en-famille-vallee-de-la-claree-22-410x550\" loading=\"lazy\"\/>\n                                        <\/picture>\n                                                                                <h2 class=\"NewsTile-title\">Pour les tribus<\/h2>\n                                                                                                                            <span class=\"NewsTile-link--read Link-primary\">\n                                                Voir les activit\u00e9s\n                                            <\/span>\n                                                                            <\/a>\n                                <\/li>\n                                                                                                                <li class=\"NewsTile swiper-slide\">\n                                    <a class=\"NewsTile-link\" href=\"https:\/\/www.hautesvallees.com\/category\/premiere-fois-en-montagne\/\" title=\"Premi\u00e8re fois en montagne\">\n                                        <picture class=\"NewsTile-picture\">\n                                            <img decoding=\"async\" class=\"NewsTile-img\" src=\"https:\/\/www.hautesvallees.com\/content\/uploads\/sites\/4\/2025\/01\/csm_Rando_Nevache_-_Alpes_Photographies_be523f4840-410x550.jpg\"\n                                                 alt=\"csm_Rando_Nevache_-_Alpes_Photographies_be523f4840\" loading=\"lazy\"\/>\n                                        <\/picture>\n                                                                                <h2 class=\"NewsTile-title\">Premi\u00e8re fois en montagne<\/h2>\n                                                                                                                            <span class=\"NewsTile-link--read Link-primary\">\n                                                Voir les activit\u00e9s\n                                            <\/span>\n                                                                            <\/a>\n                                <\/li>\n                                                                                                                <li class=\"NewsTile swiper-slide\">\n                                    <a class=\"NewsTile-link\" href=\"https:\/\/www.hautesvallees.com\/category\/sensations-fortes\/\" title=\"Pour les amateurs de sensations fortes\">\n                                        <picture class=\"NewsTile-picture\">\n                                            <img decoding=\"async\" class=\"NewsTile-img\" src=\"https:\/\/www.hautesvallees.com\/content\/uploads\/sites\/4\/2025\/01\/20221025115102_IMG_1065-scaled-1-410x550.jpg\"\n                                                 alt=\"20221025115102_IMG_1065-scaled\" loading=\"lazy\"\/>\n                                        <\/picture>\n                                                                                <h2 class=\"NewsTile-title\">Pour les amateurs de sensations fortes<\/h2>\n                                                                                                                            <span class=\"NewsTile-link--read Link-primary\">\n                                                Voir les activit\u00e9s\n                                            <\/span>\n                                                                            <\/a>\n                                <\/li>\n                                                                        <\/ul>\n                    <div class=\"Activities-swiper--bottom\">\n                        <div class=\"Activities-prev __SwiperActivitiesPrev69e74793a37b2 swiper-button-prev\">\n                            <img decoding=\"async\" class=\"Activities-prev--svg svg\" data-no-lazy=\"1\"\n                                 src=\"https:\/\/www.hautesvallees.com\/content\/themes\/theme_altimax\/dist\/img\/wordpress\/homepage\/prev.svg\"\/>\n                        <\/div>\n                        <div class=\"Activities-next __SwiperActivitiesNext69e74793a37b2 swiper-button-next\">\n                            <img decoding=\"async\" class=\"Activities-next--svg svg\" data-no-lazy=\"1\"\n                                 src=\"https:\/\/www.hautesvallees.com\/content\/themes\/theme_altimax\/dist\/img\/wordpress\/homepage\/next.svg\"\/>\n                        <\/div>\n                        <div class=\"Activities-progressbar __SwiperActivitiesPagination69e74793a37b2 swiper-pagination\"><\/div>\n                    <\/div>\n                <\/div>\n            <\/div>\n        <\/div>\n    ","protected":false},"excerpt":{"rendered":"","protected":false},"author":2,"featured_media":658,"parent":360,"menu_order":2,"comment_status":"closed","ping_status":"closed","template":"","meta":{"_acf_changed":false,"footnotes":""},"class_list":["post-363","page","type-page","status-publish","has-post-thumbnail","hentry"],"acf":[],"_links":{"self":[{"href":"https:\/\/www.hautesvallees.com\/lizoard\/wp-json\/wp\/v2\/pages\/363","targetHints":{"allow":["GET"]}}],"collection":[{"href":"https:\/\/www.hautesvallees.com\/lizoard\/wp-json\/wp\/v2\/pages"}],"about":[{"href":"https:\/\/www.hautesvallees.com\/lizoard\/wp-json\/wp\/v2\/types\/page"}],"author":[{"embeddable":true,"href":"https:\/\/www.hautesvallees.com\/lizoard\/wp-json\/wp\/v2\/users\/2"}],"replies":[{"embeddable":true,"href":"https:\/\/www.hautesvallees.com\/lizoard\/wp-json\/wp\/v2\/comments?post=363"}],"version-history":[{"count":6,"href":"https:\/\/www.hautesvallees.com\/lizoard\/wp-json\/wp\/v2\/pages\/363\/revisions"}],"predecessor-version":[{"id":2130,"href":"https:\/\/www.hautesvallees.com\/lizoard\/wp-json\/wp\/v2\/pages\/363\/revisions\/2130"}],"up":[{"embeddable":true,"href":"https:\/\/www.hautesvallees.com\/lizoard\/wp-json\/wp\/v2\/pages\/360"}],"wp:featuredmedia":[{"embeddable":true,"href":"https:\/\/www.hautesvallees.com\/lizoard\/wp-json\/wp\/v2\/media\/658"}],"wp:attachment":[{"href":"https:\/\/www.hautesvallees.com\/lizoard\/wp-json\/wp\/v2\/media?parent=363"}],"curies":[{"name":"wp","href":"https:\/\/api.w.org\/{rel}","templated":true}]}}