{"id":351,"date":"2025-01-16T17:19:12","date_gmt":"2025-01-16T16:19:12","guid":{"rendered":"https:\/\/www.hautesvallees.com\/lizoard\/?page_id=351"},"modified":"2025-10-10T13:16:13","modified_gmt":"2025-10-10T11:16:13","slug":"consommer-local","status":"publish","type":"page","link":"https:\/\/www.hautesvallees.com\/lizoard\/sur-place\/consommer-local\/","title":{"rendered":"Consommer local en Izoard"},"content":{"rendered":"<div class=\"GutText  GutContainer\">\n        <div class=\"GutText-inner\">\n            <div class=\"GutTitle Center\">\n                    <h2 class=\"GutTitle-title\">\n                                    <span class=\"GutTitle-surtitle\">Envie de d\u00e9couvrir nos<\/span>\n                                                        producteurs locaux  ?\n                            <\/h2>\n                    <\/div>\n                                        <div class=\"GutText-wysiwyg Content\">\n                    <p class=\"txt-bleu\" style=\"text-align: center\">Vous d\u00e9sirez <strong>consommer local<\/strong> ? Vous \u00eates \u00e0 la recherche de<strong> produits du terroir<\/strong> ? Nos producteurs seront ravis de vous <strong>faire d\u00e9guster leur production<\/strong> chez eux ou de vous rencontrer lors des march\u00e9s.\u00a0 Fromages de ch\u00e8vre ou de vache, saucissons ou merguez &#8211; vous avez le choix.<\/p>\n\n                <\/div>\n                    <\/div>\n    <\/div>\n\n\n\n<div class=\"ApiListing __altimax_listing \" data-js=\"{&quot;action_load&quot;:&quot;apidae_listing_load&quot;,&quot;action_map_tiles&quot;:&quot;apidae_listing_load_map_tiles&quot;,&quot;action_filters&quot;:&quot;apidae_listing_filters&quot;,&quot;action_pdf&quot;:&quot;apidae_listing_pdf&quot;,&quot;post_id&quot;:351,&quot;blog_id&quot;:4,&quot;uid&quot;:1,&quot;cache_key&quot;:&quot;a70931a0d4832931e7d5d54bdecefa8a&quot;,&quot;is_agenda&quot;:false,&quot;listing_mode&quot;:&quot;listing&quot;,&quot;use_filters&quot;:true,&quot;use_share&quot;:true,&quot;paginator&quot;:{&quot;currentPage&quot;:1,&quot;maxPerPage&quot;:9,&quot;count&quot;:2,&quot;totalPages&quot;:1,&quot;nextPage&quot;:1,&quot;html&quot;:&quot;    &lt;li class=\\&quot;Paginator-page __altimax_listing_load active\\&quot;\\n        data-index=\\&quot;1\\&quot; &gt;\\n        &lt;span&gt;1&lt;\\\/span&gt;\\n    &lt;\\\/li&gt;\\n&quot;},&quot;ajax_url&quot;:&quot;https:\\\/\\\/www.hautesvallees.com\\\/\\\/lizoard\\\/wp-admin\\\/admin-ajax.php&quot;,&quot;lang&quot;:&quot;fr&quot;}\">\n    <div class=\"ApiListingLoader __altimax_loader\">\n        <div class=\"ApiListingLoader-container\">\n            <div class=\"ApiListingLoader-ring\"><\/div>\n        <\/div>\n    <\/div>\n                    \n                    \n                    \n                                                    <div class=\"ApiListing-container\">\n        <div class=\"ApiListing-control container_full \">\n                                        <button class=\"ApiListing-share desktop Button-border __altimax_listing_url\">\n                    <span data-text-valid=\"Copi\u00e9e dans le presse-papier\"\n                          data-text-unvalid=\"Aucune recherche !\">\n                        Partager ma recherche\n                    <\/span>\n                <\/button>\n                                        <button class=\"ApiListing-pdf desktop Button-border __altimax_listing_pdf\">T\u00e9l\u00e9charger<\/button>\n                                                                                                    <div class=\"ApiListing-result\">\n                <div class=\"ApiListing-result--number __altimax_listing_count\">2<\/div>\n                R\u00e9sultats\n            <\/div>\n                    <\/div>\n\n        <div class=\"ApiListing-wrapper container_full filter \">\n                <div class=\"ApiListingFilter __altimax_filters\">\n        <div class=\"ApiListingFilter-container\">\n            <div class=\"ApiListingFilter-content\">\n                <div class=\"ApiListingFilter-top\">\n                    <div class=\"ApiListingFilter-col\">\n                        <span class=\"ApiListingFilter-title\">Filtrer votre recherche<\/span>\n                        <button class=\"ApiListingFilter-reinit __altimax_filters_reset\">\n                            <img decoding=\"async\" class=\"ApiListingFilter-reinit--svg svg\"\n                                 src=\"\/content\/themes\/theme_altimax\/dist\/img\/apidae\/system\/SYSTEM-CTA-Cross-18px.svg\"\/>\n                            R\u00e9initialiser les filtres\n                        <\/button>\n                    <\/div>\n                    <button class=\"ApiListingFilter-close __altimax_toggle_filters\"><\/button>\n                <\/div>\n                <div class=\"ApiListingFilter-wrapper __altimax_filters_content\">\n                                            <div class=\"ApiListingFilter-group __altimax_filters_filter_group\"\n                 data-group='{&quot;name&quot;:&quot;Communes&quot;,&quot;uid&quot;:&quot;communes_list&quot;,&quot;description&quot;:null,&quot;config&quot;:{&quot;order&quot;:&quot;desc&quot;,&quot;order_by&quot;:&quot;alphabetic&quot;,&quot;combination&quot;:&quot;and&quot;,&quot;template&quot;:&quot;list&quot;,&quot;keep_filters&quot;:true},&quot;filters&quot;:[{&quot;index&quot;:0,&quot;name&quot;:null,&quot;translate&quot;:false,&quot;type&quot;:&quot;commune&quot;,&quot;strict&quot;:true,&quot;values&quot;:[{&quot;active&quot;:false,&quot;count&quot;:1,&quot;name&quot;:&quot;Cervi\\u00e8res&quot;,&quot;type&quot;:&quot;commune&quot;,&quot;values&quot;:[1781]},{&quot;active&quot;:false,&quot;count&quot;:1,&quot;name&quot;:&quot;Puy-Saint-Pierre&quot;,&quot;type&quot;:&quot;commune&quot;,&quot;values&quot;:[1859]}],&quot;template&quot;:&quot;list&quot;,&quot;count&quot;:2,&quot;config&quot;:{&quot;is_custom&quot;:false}}],&quot;count&quot;:2}'>\n                <div class=\"ApiListingFilter-group--wrapper \">\n    <span class=\"ApiListingFilter-group--title __accordion\">Communes<\/span>\n    <div class=\"ApiListingFilter-group--wrap\">\n        <ul class=\"ApiListingFilter-group--list\">\n                            <li class=\"ApiListingFilter-criteria--item\">\n        <ul class=\"ApiListingFilter-criteria--list\">\n                    <li class=\"ApiListingFilter-criteria--item\">\n                <span class=\"ApiListingFilter-checkbox __altimax_filters_value \"\n                      data-value='{&quot;active&quot;:false,&quot;count&quot;:1,&quot;name&quot;:&quot;Cervi\\u00e8res&quot;,&quot;type&quot;:&quot;commune&quot;,&quot;values&quot;:[1781]}'>\n                    <span class=\"box\"><\/span>\n                    <span class=\"ApiListingFilter-checkbox--value\">\n                        Cervi\u00e8res\n                                            <\/span>\n                <\/span>\n            <\/li>\n                    <li class=\"ApiListingFilter-criteria--item\">\n                <span class=\"ApiListingFilter-checkbox __altimax_filters_value \"\n                      data-value='{&quot;active&quot;:false,&quot;count&quot;:1,&quot;name&quot;:&quot;Puy-Saint-Pierre&quot;,&quot;type&quot;:&quot;commune&quot;,&quot;values&quot;:[1859]}'>\n                    <span class=\"box\"><\/span>\n                    <span class=\"ApiListingFilter-checkbox--value\">\n                        Puy-Saint-Pierre\n                                            <\/span>\n                <\/span>\n            <\/li>\n            <\/ul>\n<\/li>                    <\/ul>\n    <\/div>\n<\/div>            <\/div>\n            \n\n                <\/div>\n                <div class=\"ApiListingFilter-wrapper\">\n                        <div class=\"ApiListing-wrap ApiListingFilter-wrap\">\n                    <button class=\"ApiListing-share ApiListingFilter-share mobile Button-border __altimax_listing_url\">\n                <span data-text-valid=\"Copi\u00e9e dans le presse-papier\"\n                      data-text-unvalid=\"Aucune recherche !\">\n                    Partager ma recherche\n                <\/span>\n            <\/button>\n                            <button class=\"ApiListing-pdf ApiListingFilter-pdf mobile Button-border __altimax_listing_pdf\">T\u00e9l\u00e9charger<\/button>\n            <\/div>\n\n                <\/div>\n            <\/div>\n            <button class=\"ApiListingFilter-close--btn Button-full __altimax_toggle_filters\">Voir les r\u00e9sultats<\/button>\n        <\/div>\n        <div class=\"ApiListingFilter-overflow __altimax_toggle_filters\"><\/div>\n    <\/div>\n\n                            <ul class=\"ApiListing-list __altimax_listing_content\">\n                                            <!-- Generer le: 2026-04-21 09:35:57 -->\n<!-- Blog: L&amp;#039;Izoard - 4 -->\n<li class=\"ApiTile ApiTileDefault __altimax_listing_item  \"\n    data-roadbook-item=\"782994\"\n    data-apidae=\"782994\"\n    data-event-category=\"Apidae affichage\"\n    data-event-action=\"vue teaser\"\n    data-event-label=\"782994 : Ferme de Pralong\">\n    <a href=\"https:\/\/www.hautesvallees.com\/lizoard\/degustation\/ferme-de-pralong-puy-saint-pierre\" class=\"ApiTile-link ApiTileDefault-link\" title=\"Ferme de Pralong\">\n            <span class=\"ApiTile-location ApiTileDefault-location\">\n        Puy-Saint-Pierre\n    <\/span>\n\n            <button class=\"__gtm_track_click __altimax_favory ApiTile-fav ApiTileDefault-fav Favourite\"\n            data-apidae=\"782994\"\n            title=\"Ajoutez aux favoris\"\n            data-txtajouter=\"Ajoutez aux favoris\"\n            data-txtretirer=\"Retirez des favoris\"\n            data-event-category=\"Apidae fiche objet\"\n            data-event-action=\"ajout trip planner\"\n            data-event-label=\"782994 : Ferme de Pralong\">\n        <img decoding=\"async\" class=\"Favourite-border svg\"\n             src=\"\/content\/themes\/theme_altimax\/dist\/img\/apidae\/system\/SYSTEM-FavOff-30px.svg\"\/>\n        <img decoding=\"async\" class=\"Favourite-full svg\"\n             src=\"\/content\/themes\/theme_altimax\/dist\/img\/apidae\/system\/SYSTEM-FavOn-30px.svg\"\/>\n    <\/button>\n\n            <picture class=\"ApiTile-picture ApiTileDefault-picture\">\n        <img decoding=\"async\" class=\"ApiTile-img ApiTileAgenda-img\" src=\"\/cache\/images\/16860024_apidae-tile.jpg\" alt=\"Ferme de Pralong\">\n    <\/picture>\n\n        <div class=\"ApiTile-content ApiTileDefault-content\">\n            \n            <div class=\"ApiTile-top ApiTileDefault-top\">\n                <span class=\"ApiTile-type ApiTileDefault-type\">\n                        degustation\n            <\/span>                                            <\/div>\n\n            <h2 class=\"ApiTile-title ApiTileDefault-title\">Ferme de Pralong<\/h2>\n                        \n                                <\/div>\n    <\/a>\n<\/li>\n\n                                            <!-- Generer le: 2026-04-21 09:35:58 -->\n<!-- Blog: L&amp;#039;Izoard - 4 -->\n<li class=\"ApiTile ApiTileDefault __altimax_listing_item  \"\n    data-roadbook-item=\"667095\"\n    data-apidae=\"667095\"\n    data-event-category=\"Apidae affichage\"\n    data-event-action=\"vue teaser\"\n    data-event-label=\"667095 : La Ferme Brunet - Gaec Du Lasseron\">\n    <a href=\"https:\/\/www.hautesvallees.com\/lizoard\/degustation\/la-ferme-brunet-gaec-du-lasseron-cervieres\" class=\"ApiTile-link ApiTileDefault-link\" title=\"La Ferme Brunet - Gaec Du Lasseron\">\n            <span class=\"ApiTile-location ApiTileDefault-location\">\n        Cervi\u00e8res\n    <\/span>\n\n            <button class=\"__gtm_track_click __altimax_favory ApiTile-fav ApiTileDefault-fav Favourite\"\n            data-apidae=\"667095\"\n            title=\"Ajoutez aux favoris\"\n            data-txtajouter=\"Ajoutez aux favoris\"\n            data-txtretirer=\"Retirez des favoris\"\n            data-event-category=\"Apidae fiche objet\"\n            data-event-action=\"ajout trip planner\"\n            data-event-label=\"667095 : La Ferme Brunet - Gaec Du Lasseron\">\n        <img decoding=\"async\" class=\"Favourite-border svg\"\n             src=\"\/content\/themes\/theme_altimax\/dist\/img\/apidae\/system\/SYSTEM-FavOff-30px.svg\"\/>\n        <img decoding=\"async\" class=\"Favourite-full svg\"\n             src=\"\/content\/themes\/theme_altimax\/dist\/img\/apidae\/system\/SYSTEM-FavOn-30px.svg\"\/>\n    <\/button>\n\n            <picture class=\"ApiTile-picture ApiTileDefault-picture\">\n        <img decoding=\"async\" class=\"ApiTile-img ApiTileAgenda-img\" src=\"\/cache\/images\/33302724_apidae-tile.jpg\" alt=\"La Ferme Brunet - Gaec Du Lasseron\">\n    <\/picture>\n\n        <div class=\"ApiTile-content ApiTileDefault-content\">\n            \n            <div class=\"ApiTile-top ApiTileDefault-top\">\n                <span class=\"ApiTile-type ApiTileDefault-type\">\n                        degustation\n            <\/span>                                            <\/div>\n\n            <h2 class=\"ApiTile-title ApiTileDefault-title\">La Ferme Brunet &#8211; Gaec Du Lasseron<\/h2>\n                        \n                                <\/div>\n    <\/a>\n<\/li>\n\n                                    <\/ul>\n            \n                        \n        <\/div>\n                    <ul class=\"Paginator __altimax_listing_paginator\">\n                    <li class=\"Paginator-page __altimax_listing_load active\"\n        data-index=\"1\" >\n        <span>1<\/span>\n    <\/li>\n\n            <\/ul>\n            <\/div>\n<\/div>\n\n<div class=\"GutCol2  GutContainer\">\n        <div class=\"GutCol2-container\">\n\n            \n                                                                                                        <div class=\"GutCol2-wrap GutCol2-blocTexte Left\">\n                                <div class=\"GutCol2-blocTexte--inner\">\n                                                                            <div class=\"GutTitle Left\">\n                    <h2 class=\"GutTitle-title\">\n                                    <span class=\"GutTitle-surtitle\">Visiter<\/span>\n                                                        une ferme\n                            <\/h2>\n                    <\/div>\n                                                                                                                                                    <div class=\"GutCol2-text Content\">\n                                            <p>Plus qu&rsquo;une simple d\u00e9gustation, vous souhaitez<strong> d\u00e9couvrir la vie agricole des alpages et vall\u00e9es montagnardes<\/strong> ? Laisser-vous embarquer dans une exp\u00e9rience authentique avec <strong>les visites de ferme de l&rsquo;Izoard<\/strong>. L&rsquo;occasion de vivre un moment privil\u00e9gi\u00e9 avec des agriculteurs passionn\u00e9s. Cette d\u00e9couverte intimiste du monde rural est un moment simple \u00e0 partager.<\/p>\n<p>&nbsp;<\/p>\n<p><a class=\"Button-primary\" href=\"https:\/\/www.hautesvallees.com\/lizoard\/que-faire\/visites-et-patrimoine\/visites-de-fermes\/\">R\u00e9servez votre visite<\/a><\/p>\n\n                                        <\/div>\n                                                                    <\/div>\n                            <\/div>\n                                                                                                                                                        <div class=\"GutCol2-wrap GutCol2-blocImage Right\">\n                                    <picture class=\"GutCol2-picture\">\n                                        <img decoding=\"async\" src=\"https:\/\/www.hautesvallees.com\/content\/uploads\/sites\/4\/2025\/02\/FERME-PRALONG-_-alpesphotographies.com-20-optimise-web-588x588.jpg\"\n                                             alt=\"Visites locales izoard\" \/>\n                                    <\/picture>\n                                                                            <span class=\"GutCol2-credit\">\u00a9 Alpes photographies<\/span>\n                                                                    <\/div>\n                                                                                            <\/div>\n    <\/div>\n","protected":false},"excerpt":{"rendered":"","protected":false},"author":2,"featured_media":530,"parent":345,"menu_order":3,"comment_status":"closed","ping_status":"closed","template":"","meta":{"_acf_changed":false,"footnotes":""},"class_list":["post-351","page","type-page","status-publish","has-post-thumbnail","hentry"],"acf":[],"_links":{"self":[{"href":"https:\/\/www.hautesvallees.com\/lizoard\/wp-json\/wp\/v2\/pages\/351","targetHints":{"allow":["GET"]}}],"collection":[{"href":"https:\/\/www.hautesvallees.com\/lizoard\/wp-json\/wp\/v2\/pages"}],"about":[{"href":"https:\/\/www.hautesvallees.com\/lizoard\/wp-json\/wp\/v2\/types\/page"}],"author":[{"embeddable":true,"href":"https:\/\/www.hautesvallees.com\/lizoard\/wp-json\/wp\/v2\/users\/2"}],"replies":[{"embeddable":true,"href":"https:\/\/www.hautesvallees.com\/lizoard\/wp-json\/wp\/v2\/comments?post=351"}],"version-history":[{"count":8,"href":"https:\/\/www.hautesvallees.com\/lizoard\/wp-json\/wp\/v2\/pages\/351\/revisions"}],"predecessor-version":[{"id":13976,"href":"https:\/\/www.hautesvallees.com\/lizoard\/wp-json\/wp\/v2\/pages\/351\/revisions\/13976"}],"up":[{"embeddable":true,"href":"https:\/\/www.hautesvallees.com\/lizoard\/wp-json\/wp\/v2\/pages\/345"}],"wp:featuredmedia":[{"embeddable":true,"href":"https:\/\/www.hautesvallees.com\/lizoard\/wp-json\/wp\/v2\/media\/530"}],"wp:attachment":[{"href":"https:\/\/www.hautesvallees.com\/lizoard\/wp-json\/wp\/v2\/media?parent=351"}],"curies":[{"name":"wp","href":"https:\/\/api.w.org\/{rel}","templated":true}]}}