{"id":344,"date":"2025-01-16T17:19:07","date_gmt":"2025-01-16T16:19:07","guid":{"rendered":"https:\/\/www.hautesvallees.com\/lizoard\/?page_id=344"},"modified":"2025-02-13T08:54:50","modified_gmt":"2025-02-13T07:54:50","slug":"webcams","status":"publish","type":"page","link":"https:\/\/www.hautesvallees.com\/lizoard\/webcams\/","title":{"rendered":"Webcams"},"content":{"rendered":"<div class=\"GutText  GutContainer\">\n        <div class=\"GutText-inner\">\n                                        <div class=\"GutText-intro Center\">Vous voulez d\u00e9couvrir la m\u00e9t\u00e9o actuelle des villages de l&rsquo;Izoard ? <\/div>\n                                        <div class=\"GutText-wysiwyg Content\">\n                    <p style=\"text-align: center;\"><strong>Voir les conditions des <a href=\"https:\/\/www.hautesvallees.com\/lizoard\/que-faire\/en-hiver\/domaine-nordique-de-villard-saint-pancrace\/\" target=\"_blank\" rel=\"noopener\">domaines nordiques de Villard-Saint-Pancrace<\/a> ou <a href=\"https:\/\/www.hautesvallees.com\/lizoard\/que-faire\/en-hiver\/domaine-nordique-de-cervieres\/\" target=\"_blank\" rel=\"noopener\">Cervi\u00e8res<\/a>\u00a0?<br \/>\nRetrouvez ci-dessous nos webcams \u00e0 l&rsquo;Izoard\u00a0dans les Hautes-Alpes, Alpes du sud. <\/strong><\/p>\n\n                <\/div>\n                    <\/div>\n    <\/div>\n\n\n<div class=\"Iframe  GutContainer\">\n        <div class=\"GutTitle Center\">\n                    <h2 class=\"GutTitle-title\">\n                                                        Villard Saint Pancrace\n                            <\/h2>\n                    <\/div>\n        <iframe class=\"Iframe-content\"\n                src=\"https:\/\/pv.viewsurf.com\/1022\/Villard-Saint-Pancrace?options[dateHeader]=1\"\n                            frameborder=\"0\"\n                allowfullscreen=\"true\"\n                webkitallowfullscreen=\"true\"\n                mozallowfullscreen=\"true\"\n                loading=\"lazy\"\n                    ><\/iframe>\n    <\/div>\n\n\n<div class=\"Iframe  GutContainer\">\n        <div class=\"GutTitle Center\">\n                    <h2 class=\"GutTitle-title\">\n                                                        Cervi\u00e8res\n                            <\/h2>\n                    <\/div>\n        <iframe class=\"Iframe-content\"\n                src=\"https:\/\/pv.viewsurf.com\/1026\/Cervieres?options[dateHeader]=1\"\n                            frameborder=\"0\"\n                allowfullscreen=\"true\"\n                webkitallowfullscreen=\"true\"\n                mozallowfullscreen=\"true\"\n                loading=\"lazy\"\n                    ><\/iframe>\n    <\/div>\n\n\n<div class=\"GutPushArticles  GutContainer\">\n        <div class=\"GutPushArticles-container\">\n                        <div class=\"GutPushArticles-inner \">\n                                    <div class=\"GutPushArticles-container \" >\n                        <div class=\"GutPushArticles-list \">\n                                                            <div class=\"GutPushArticles-wrap \">\n                                                                            <picture class=\"GutPushArticles-picture\">\n                                            <img decoding=\"async\" src=\"https:\/\/www.hautesvallees.com\/content\/uploads\/sites\/4\/2025\/01\/DES_0360-scaled-1-371x248.jpg\"\n                                                 alt=\"DES_0360-scaled\" \/>\n                                        <\/picture>\n                                                                        <div class=\"GutPushArticles-content\">\n                                                                                    <h2 class=\"GutPushArticles-title\">M\u00e9t\u00e9o<\/h2>\n                                                                                                                                                                    <a class=\"Link\" href=\"https:\/\/www.hautesvallees.com\/lizoard\/meteo\/\" >M\u00e9t\u00e9o<\/a>\n                                                                            <\/div>\n                                <\/div>\n                                                            <div class=\"GutPushArticles-wrap \">\n                                                                            <picture class=\"GutPushArticles-picture\">\n                                            <img decoding=\"async\" src=\"https:\/\/www.hautesvallees.com\/content\/uploads\/sites\/4\/2025\/01\/VTT-vallee-des-fonts-Cervieres-ete-2023-\u00a9T.Blais-29-150x150-1.jpg\"\n                                                 alt=\"que faire en izoard hautes alpes\" \/>\n                                        <\/picture>\n                                                                        <div class=\"GutPushArticles-content\">\n                                                                                    <h2 class=\"GutPushArticles-title\">Activit\u00e9s d&rsquo;\u00e9t\u00e9<\/h2>\n                                                                                                                                                                    <a class=\"Link\" href=\"https:\/\/www.hautesvallees.com\/lizoard\/que-faire\/en-ete\/\" >En \u00e9t\u00e9<\/a>\n                                                                            <\/div>\n                                <\/div>\n                                                            <div class=\"GutPushArticles-wrap \">\n                                                                            <picture class=\"GutPushArticles-picture\">\n                                            <img decoding=\"async\" src=\"https:\/\/www.hautesvallees.com\/content\/uploads\/sites\/4\/2025\/01\/Cervieres-Cedric-Tempier-7-1-150x150-1.jpg\"\n                                                 alt=\"Ski de fond Cervi\u00e8res - Nordique Tempier C. Hautes Alpes\" \/>\n                                        <\/picture>\n                                                                        <div class=\"GutPushArticles-content\">\n                                                                                    <h2 class=\"GutPushArticles-title\">Activit\u00e9s d&rsquo;hiver<\/h2>\n                                                                                                                                                                    <a class=\"Link\" href=\"https:\/\/www.hautesvallees.com\/lizoard\/que-faire\/en-hiver\/\" >En hiver<\/a>\n                                                                            <\/div>\n                                <\/div>\n                                                    <\/div>\n                                            <\/div>\n                                                <\/div>\n                    <\/div>\n    <\/div>\n","protected":false},"excerpt":{"rendered":"","protected":false},"author":1,"featured_media":759,"parent":0,"menu_order":2,"comment_status":"closed","ping_status":"closed","template":"","meta":{"_acf_changed":false,"footnotes":""},"class_list":["post-344","page","type-page","status-publish","has-post-thumbnail","hentry"],"acf":[],"_links":{"self":[{"href":"https:\/\/www.hautesvallees.com\/lizoard\/wp-json\/wp\/v2\/pages\/344","targetHints":{"allow":["GET"]}}],"collection":[{"href":"https:\/\/www.hautesvallees.com\/lizoard\/wp-json\/wp\/v2\/pages"}],"about":[{"href":"https:\/\/www.hautesvallees.com\/lizoard\/wp-json\/wp\/v2\/types\/page"}],"author":[{"embeddable":true,"href":"https:\/\/www.hautesvallees.com\/lizoard\/wp-json\/wp\/v2\/users\/1"}],"replies":[{"embeddable":true,"href":"https:\/\/www.hautesvallees.com\/lizoard\/wp-json\/wp\/v2\/comments?post=344"}],"version-history":[{"count":6,"href":"https:\/\/www.hautesvallees.com\/lizoard\/wp-json\/wp\/v2\/pages\/344\/revisions"}],"predecessor-version":[{"id":1515,"href":"https:\/\/www.hautesvallees.com\/lizoard\/wp-json\/wp\/v2\/pages\/344\/revisions\/1515"}],"wp:featuredmedia":[{"embeddable":true,"href":"https:\/\/www.hautesvallees.com\/lizoard\/wp-json\/wp\/v2\/media\/759"}],"wp:attachment":[{"href":"https:\/\/www.hautesvallees.com\/lizoard\/wp-json\/wp\/v2\/media?parent=344"}],"curies":[{"name":"wp","href":"https:\/\/api.w.org\/{rel}","templated":true}]}}