{"id":999,"date":"2025-01-22T10:13:12","date_gmt":"2025-01-22T09:13:12","guid":{"rendered":"https:\/\/www.hautesvallees.com\/la-grave\/?page_id=999"},"modified":"2025-02-20T14:59:34","modified_gmt":"2025-02-20T13:59:34","slug":"parapente","status":"publish","type":"page","link":"https:\/\/www.hautesvallees.com\/la-grave\/que-faire\/en-ete\/parapente\/","title":{"rendered":"Parapente \u00e0 La Grave"},"content":{"rendered":"<div class=\"GutText  GutContainer\">\n        <div class=\"GutText-inner\">\n            <div class=\"GutTitle Center\">\n                    <h2 class=\"GutTitle-title\">\n                                    <span class=\"GutTitle-surtitle\">PARAPENTE AU-DESSUS <\/span>\n                                                        DES SOMMETS DES \u00c9CRINS\n                            <\/h2>\n                    <\/div>\n                            <div class=\"GutText-intro Center\">Ici, au pays de La Meije et de la haute montagne, vous pouvez aussi opter pour un vrai changement de point de vue : imaginez-vous \u00e0 hauteur d\u2019aigle, au-dessus des plus hauts sommets des \u00c9crins.<\/div>\n                                        <div class=\"GutText-wysiwyg Content\">\n                    <p style=\"text-align: center;\">\u00a0En parapente vous allez c\u00f4toyer la reine Meije (3983 m\u00e8tres) et ses glaciers, loin au-del\u00e0 de la vall\u00e9e.<br \/>\nDepuis le haut du t\u00e9l\u00e9ph\u00e9rique de La Grave, envolez-vous pour parcourir les vallons de la Meije, ses glaciers et ses for\u00eats !<\/p>\n\n                <\/div>\n                    <\/div>\n    <\/div>\n\n\n<div class=\"GutImage  GutContainer\">\n        <div class=\"GutImage-container\">\n                        \n                            <picture class=\"GutImage-pic\">\n                    <source srcset=\"https:\/\/www.hautesvallees.com\/content\/uploads\/sites\/2\/2025\/01\/15874421-1-768x433.jpg\" media=\"(max-width: 768px)\">\n                    <source srcset=\"https:\/\/www.hautesvallees.com\/content\/uploads\/sites\/2\/2025\/01\/15874421-1-992x559.jpg\" media=\"(max-width: 992px)\">\n                    <source srcset=\"https:\/\/www.hautesvallees.com\/content\/uploads\/sites\/2\/2025\/01\/15874421-1-1200x760.jpg\" media=\"(min-width: 993px)\">\n                    <img decoding=\"async\" class=\"GutImage-img\" src=\"https:\/\/www.hautesvallees.com\/content\/uploads\/sites\/2\/2025\/01\/15874421-1-1200x760.jpg\" alt=\"15874421\" \/>\n                <\/picture>\n                                        <div class=\"GutImage-creditphoto\">\n                     Ot Hautes Vall\u00e9es\n                <\/div>\n                    <\/div>\n    <\/div>\n\n\n\n<div class=\"ApiListing __altimax_listing \" data-js=\"{&quot;action_load&quot;:&quot;apidae_listing_load&quot;,&quot;action_map_tiles&quot;:&quot;apidae_listing_load_map_tiles&quot;,&quot;action_filters&quot;:&quot;apidae_listing_filters&quot;,&quot;action_pdf&quot;:&quot;apidae_listing_pdf&quot;,&quot;post_id&quot;:999,&quot;blog_id&quot;:2,&quot;uid&quot;:1,&quot;cache_key&quot;:&quot;78918ddd07bc166d100adcfcbc47d7c4&quot;,&quot;is_agenda&quot;:false,&quot;listing_mode&quot;:&quot;listing-map&quot;,&quot;use_filters&quot;:false,&quot;use_share&quot;:false,&quot;paginator&quot;:{&quot;currentPage&quot;:1,&quot;maxPerPage&quot;:3,&quot;count&quot;:0,&quot;totalPages&quot;:0,&quot;nextPage&quot;:1,&quot;html&quot;:&quot;&quot;},&quot;ajax_url&quot;:&quot;https:\\\/\\\/www.hautesvallees.com\\\/\\\/la-grave\\\/wp-admin\\\/admin-ajax.php&quot;,&quot;lang&quot;:&quot;fr&quot;}\">\n    <div class=\"ApiListingLoader __altimax_loader\">\n        <div class=\"ApiListingLoader-container\">\n            <div class=\"ApiListingLoader-ring\"><\/div>\n        <\/div>\n    <\/div>\n        \n        \n        \n                                            <div class=\"ApiListing-container\">\n        <div class=\"ApiListing-control container_full  switch\">\n                                                                                        <div class=\"ApiListing-result\">\n                <div class=\"ApiListing-result--number __altimax_listing_count\">0<\/div>\n                R\u00e9sultats\n            <\/div>\n                            <button class=\"ApiListing-switch Button-full __apidae_map_listing_switch\"\n                        data-current=\"listing\"\n                        data-text-listing=\"Liste\"\n                        data-text-map=\"Carte\">\n                    Carte\n                <\/button>\n                    <\/div>\n\n        <div class=\"ApiListing-wrapper container_full   switch\">\n            \n                            <ul class=\"ApiListing-list __altimax_listing_content\">\n                                    <\/ul>\n            \n                        <div class=\"__apidae_map_listing ApiListingMap hidden\">\n    <div class=\"ApiTileMap-map\" data-options='{&quot;markers&quot;:[],&quot;default_icon&quot;:{&quot;url&quot;:&quot;https:\\\/\\\/www.hautesvallees.com\\\/content\\\/uploads\\\/sites\\\/2\\\/2025\\\/06\\\/PIN-Global-18px.svg&quot;,&quot;size&quot;:[30,40],&quot;anchor&quot;:[15,40]},&quot;useHoverMarker&quot;:true,&quot;useHoverMarkerPopup&quot;:false,&quot;gpxs&quot;:[],&quot;kmls&quot;:[],&quot;useGpx&quot;:false,&quot;useKml&quot;:false,&quot;useElevation&quot;:false,&quot;useHoverGpx&quot;:false,&quot;center&quot;:[45.891312226484,6.077075095539],&quot;zoom&quot;:12,&quot;isGoogle&quot;:false,&quot;layer&quot;:&quot;http:\\\/\\\/a.tile.openstreetmap.org\\\/{z}\\\/{x}\\\/{y}.png&quot;,&quot;attribution&quot;:&quot;\\u00a9 &lt;a href=\\&quot;http:\\\/\\\/www.openstreetmap.org\\\/copyright\\&quot;&gt;OpenStreetMap&lt;\\\/a&gt; contributors \\u00a9 &lt;a href=\\&quot;http:\\\/\\\/carto.com\\\/attributions\\&quot;&gt;CARTO&lt;\\\/a&gt;&quot;,&quot;disablePopup&quot;:false,&quot;useCluster&quot;:true,&quot;useActiveArea&quot;:true,&quot;leafletOptions&quot;:{&quot;scrollWheelZoom&quot;:false,&quot;zoomControl&quot;:true,&quot;mapTypeControl&quot;:false,&quot;scaleControl&quot;:false,&quot;streetViewControl&quot;:false,&quot;rotateControl&quot;:false,&quot;keyboardShortcuts&quot;:false,&quot;draggable&quot;:true}}' style=\"width: 100%;height: 100%;\"><\/div>\n    <div class=\"ApiListingMap-list __apidae_map_listing_tiles\">\n                                                                                    <\/div>\n<\/div>\n        <\/div>\n                    <ul class=\"Paginator __altimax_listing_paginator\">\n                \n            <\/ul>\n            <\/div>\n<\/div>\n\n<div class=\"GutCol2  GutContainer\">\n        <div class=\"GutCol2-container\">\n\n            <div class=\"GutTitle Left\">\n                    <h2 class=\"GutTitle-title\">\n                                    <span class=\"GutTitle-surtitle\">PARAPENTE <\/span>\n                                                        \u00c0 LA GRAVE\n                            <\/h2>\n                    <\/div>\n\n                                                                                                                                        <div class=\"GutCol2-wrap GutCol2-blocImage Left\">\n                                    <picture class=\"GutCol2-picture\">\n                                        <img decoding=\"async\" src=\"https:\/\/www.hautesvallees.com\/content\/uploads\/sites\/2\/2025\/01\/marcus-woodbridge-0s81Kf6lWzY-unsplash-scaled-1-664x480.jpg\"\n                                             alt=\"marcus-woodbridge-0s81Kf6lWzY-unsplash-scaled\" \/>\n                                    <\/picture>\n                                                                            <span class=\"GutCol2-credit\">\u00a9 Unsplash<\/span>\n                                                                    <\/div>\n                                                                                                                                                    <div class=\"GutCol2-wrap GutCol2-blocTexte Right\">\n                                <div class=\"GutCol2-blocTexte--inner\">\n                                                                            <div class=\"GutTitle Left\">\n                            <span class=\"GutTitle-subtitle\">A SAVOIR &#8211; Vol libre dans les \u00c9crins<\/span>\n            <\/div>\n                                                                                                                                                    <div class=\"GutCol2-text Content\">\n                                            <ol>\n<li class=\"text-justify\">La pratique du vol libre dans le c\u0153ur du Parc national des \u00c9crins \u00e0 moins <strong>de 1 000m du sol est interdite du 1er novembre au 30 juin<\/strong>.<\/li>\n<li class=\"text-justify\">Les d\u00e9collages en parapente sont\u00a0<strong>autoris\u00e9s du 1er mai au 30 juin depuis 8 sommets<\/strong>\u00a0et des cheminements de vols identifi\u00e9s :\u00a0<strong>D\u00f4me des \u00c9crins et Pic du glacier d&rsquo;Arsine<\/strong>\u00a0(les autres sommets sont indiqu\u00e9s sur la carte).<\/li>\n<li class=\"text-justify\">L&rsquo;am\u00e9nagement ou la\u00a0<strong>mat\u00e9rialisation de toute aire d&rsquo;envol ou d&rsquo;atterrissage<\/strong> pour le vol libre dans le c\u0153ur du parc national des \u00c9crins <strong>est interdit<\/strong>.<\/li>\n<li class=\"text-justify\">Le\u00a0<strong>survol \u00e0 moins de 1 000m du sol<\/strong>\u00a0de la\u00a0<strong>R\u00e9serve de Lauvitel<\/strong>\u00a0est\u00a0<strong>interdit<\/strong>.<\/li>\n<\/ol>\n\n                                        <\/div>\n                                                                    <\/div>\n                            <\/div>\n                                                                <\/div>\n    <\/div>\n\n\n<div class=\"GutText  GutContainer\">\n        <div class=\"GutText-inner\">\n                                        <div class=\"GutText-intro Center\">Carte sur la r\u00e9glementation des vols libres au c\u0153ur du Parc national des \u00c9crins<\/div>\n                                        <div class=\"GutText-wysiwyg Content\">\n                    <p class=\"text-justify\" style=\"text-align: center;\"><em>\u00ab\u00a0Au c<\/em>\u0153<em>ur du parc national des \u00c9crins, une r\u00e9glementation s&rsquo;applique (arr\u00eat\u00e9 du directeur du 19 mai 2013). Ces r\u00e8gles ont \u00e9t\u00e9 \u00e9tablies en concertation avec les lib\u00e9ristes et font l&rsquo;objet d&rsquo;une convention entre le Parc national et les pratiquants.\u00a0\u00bb<\/em><\/p>\n<p>&nbsp;<\/p>\n<p class=\"text-justify\" style=\"text-align: center;\"><strong>Sites officiels<\/strong>\u00a0:<\/p>\n<p style=\"text-align: center;\"><em><strong><span class=\"txt-rouge\">Villar d&rsquo;Ar\u00eane<\/span><\/strong>\u00a0: Lac du Pontet et Pente \u00e9cole depuis le hameau des Cours.<\/em><\/p>\n<p>&nbsp;<\/p>\n<p style=\"text-align: center;\"><a class=\"Button-primary\" href=\"https:\/\/www.ecrins-parcnational.fr\/les-survols-non-motorises\" target=\"_blank\" rel=\"noopener\">Plus d&rsquo;infos<\/a><\/p>\n\n                <\/div>\n                    <\/div>\n    <\/div>\n\n\n","protected":false},"excerpt":{"rendered":"","protected":false},"author":7,"featured_media":1359,"parent":947,"menu_order":8,"comment_status":"closed","ping_status":"closed","template":"","meta":{"_acf_changed":false,"footnotes":""},"class_list":["post-999","page","type-page","status-publish","has-post-thumbnail","hentry"],"acf":[],"_links":{"self":[{"href":"https:\/\/www.hautesvallees.com\/la-grave\/wp-json\/wp\/v2\/pages\/999","targetHints":{"allow":["GET"]}}],"collection":[{"href":"https:\/\/www.hautesvallees.com\/la-grave\/wp-json\/wp\/v2\/pages"}],"about":[{"href":"https:\/\/www.hautesvallees.com\/la-grave\/wp-json\/wp\/v2\/types\/page"}],"author":[{"embeddable":true,"href":"https:\/\/www.hautesvallees.com\/la-grave\/wp-json\/wp\/v2\/users\/7"}],"replies":[{"embeddable":true,"href":"https:\/\/www.hautesvallees.com\/la-grave\/wp-json\/wp\/v2\/comments?post=999"}],"version-history":[{"count":3,"href":"https:\/\/www.hautesvallees.com\/la-grave\/wp-json\/wp\/v2\/pages\/999\/revisions"}],"predecessor-version":[{"id":3943,"href":"https:\/\/www.hautesvallees.com\/la-grave\/wp-json\/wp\/v2\/pages\/999\/revisions\/3943"}],"up":[{"embeddable":true,"href":"https:\/\/www.hautesvallees.com\/la-grave\/wp-json\/wp\/v2\/pages\/947"}],"wp:featuredmedia":[{"embeddable":true,"href":"https:\/\/www.hautesvallees.com\/la-grave\/wp-json\/wp\/v2\/media\/1359"}],"wp:attachment":[{"href":"https:\/\/www.hautesvallees.com\/la-grave\/wp-json\/wp\/v2\/media?parent=999"}],"curies":[{"name":"wp","href":"https:\/\/api.w.org\/{rel}","templated":true}]}}