{"id":984,"date":"2025-01-22T09:59:05","date_gmt":"2025-01-22T08:59:05","guid":{"rendered":"https:\/\/www.hautesvallees.com\/la-grave\/?page_id=984"},"modified":"2026-02-25T14:13:39","modified_gmt":"2026-02-25T13:13:39","slug":"bibliotheques","status":"publish","type":"page","link":"https:\/\/www.hautesvallees.com\/la-grave\/sur-place\/commerces-services\/bibliotheques\/","title":{"rendered":"Biblioth\u00e8ques \u00e0 La Grave"},"content":{"rendered":"<div class=\"GutText  GutContainer\">\n        <div class=\"GutText-inner\">\n                                        <div class=\"GutText-intro Center\">Les biblioth\u00e8ques municipales du Pays de la Meije vous accueillent&#8230;<\/div>\n                                        <div class=\"GutText-wysiwyg Content\">\n                    <p style=\"text-align: center;\">Vous souhaitez un moment de calme pour vous plonger dans un nouveau roman, \u00e9tudier gr\u00e2ce \u00e0 des documentaires ou vous enrichir intellectuellement ou culturellement ?<br \/>\nLes collections de livres, documents ainsi que l&rsquo;\u00e9ventail de services que vous propose la biblioth\u00e8que sont \u00e0 votre disposition.<\/p>\n<p style=\"text-align: center;\">Ouvert \u00e0 tous d\u00e8s le plus jeune \u00e2ge pour \u00e9veiller gr\u00e2ce \u00e0 la lecture d&rsquo;une histoire ou pour favoriser leur alphab\u00e9tisation ou l&rsquo;apprentissage.<\/p>\n<p style=\"text-align: center;\"><strong>Venez emprunter ou simplement consulter les diff\u00e9rentes ressources, le tout gratuitement.<\/strong><\/p>\n<p style=\"text-align: center;\"><em>Pr\u00eat gratuit de livres, romans, policiers, bandes dessin\u00e9es, documentaires, fond montagne,&#8230;<\/em><br \/>\n<em>Vid\u00e9os films, fictions et documentaires (DVD )<\/em><br \/>\n<em>Enregistrements audio (comptines, contes et romans)<\/em><\/p>\n\n                <\/div>\n                    <\/div>\n    <\/div>\n\n\n\n<div class=\"ApiListing __altimax_listing \" data-js=\"{&quot;action_load&quot;:&quot;apidae_listing_load&quot;,&quot;action_map_tiles&quot;:&quot;apidae_listing_load_map_tiles&quot;,&quot;action_filters&quot;:&quot;apidae_listing_filters&quot;,&quot;action_pdf&quot;:&quot;apidae_listing_pdf&quot;,&quot;post_id&quot;:984,&quot;blog_id&quot;:2,&quot;uid&quot;:1,&quot;cache_key&quot;:&quot;652b7b348bdf7924764e78b0fafce524&quot;,&quot;is_agenda&quot;:false,&quot;listing_mode&quot;:&quot;listing&quot;,&quot;use_filters&quot;:true,&quot;use_share&quot;:true,&quot;paginator&quot;:{&quot;currentPage&quot;:1,&quot;maxPerPage&quot;:10,&quot;count&quot;:2,&quot;totalPages&quot;:1,&quot;nextPage&quot;:1,&quot;html&quot;:&quot;    &lt;li class=\\&quot;Paginator-page __altimax_listing_load active\\&quot;\\n        data-index=\\&quot;1\\&quot; &gt;\\n        &lt;span&gt;1&lt;\\\/span&gt;\\n    &lt;\\\/li&gt;\\n&quot;},&quot;ajax_url&quot;:&quot;https:\\\/\\\/www.hautesvallees.com\\\/\\\/la-grave\\\/wp-admin\\\/admin-ajax.php&quot;,&quot;lang&quot;:&quot;fr&quot;}\">\n    <div class=\"ApiListingLoader __altimax_loader\">\n        <div class=\"ApiListingLoader-container\">\n            <div class=\"ApiListingLoader-ring\"><\/div>\n        <\/div>\n    <\/div>\n                    \n                    \n                    \n                                                    <div class=\"ApiListing-container\">\n        <div class=\"ApiListing-control container_full \">\n                                        <button class=\"ApiListing-share desktop Button-border __altimax_listing_url\">\n                    <span data-text-valid=\"Copi\u00e9e dans le presse-papier\"\n                          data-text-unvalid=\"Aucune recherche !\">\n                        Partager ma recherche\n                    <\/span>\n                <\/button>\n                                        <button class=\"ApiListing-pdf desktop Button-border __altimax_listing_pdf\">T\u00e9l\u00e9charger<\/button>\n                                                                                                    <div class=\"ApiListing-result\">\n                <div class=\"ApiListing-result--number __altimax_listing_count\">2<\/div>\n                R\u00e9sultats\n            <\/div>\n                    <\/div>\n\n        <div class=\"ApiListing-wrapper container_full filter \">\n                <div class=\"ApiListingFilter __altimax_filters\">\n        <div class=\"ApiListingFilter-container\">\n            <div class=\"ApiListingFilter-content\">\n                <div class=\"ApiListingFilter-top\">\n                    <div class=\"ApiListingFilter-col\">\n                        <span class=\"ApiListingFilter-title\">Filtrer votre recherche<\/span>\n                        <button class=\"ApiListingFilter-reinit __altimax_filters_reset\">\n                            <img decoding=\"async\" class=\"ApiListingFilter-reinit--svg svg\"\n                                 src=\"\/content\/themes\/theme_altimax\/dist\/img\/apidae\/system\/SYSTEM-CTA-Cross-18px.svg\"\/>\n                            R\u00e9initialiser les filtres\n                        <\/button>\n                    <\/div>\n                    <button class=\"ApiListingFilter-close __altimax_toggle_filters\"><\/button>\n                <\/div>\n                <div class=\"ApiListingFilter-wrapper __altimax_filters_content\">\n                                            <div class=\"ApiListingFilter-group __altimax_filters_filter_group\"\n                 data-group='{&quot;name&quot;:&quot;Communes&quot;,&quot;uid&quot;:&quot;communes_list&quot;,&quot;description&quot;:null,&quot;config&quot;:{&quot;order&quot;:&quot;desc&quot;,&quot;order_by&quot;:&quot;alphabetic&quot;,&quot;combination&quot;:&quot;and&quot;,&quot;template&quot;:&quot;list&quot;,&quot;keep_filters&quot;:true},&quot;filters&quot;:[{&quot;index&quot;:0,&quot;name&quot;:null,&quot;translate&quot;:false,&quot;type&quot;:&quot;commune&quot;,&quot;strict&quot;:true,&quot;values&quot;:[{&quot;active&quot;:false,&quot;count&quot;:1,&quot;name&quot;:&quot;La Grave&quot;,&quot;type&quot;:&quot;commune&quot;,&quot;values&quot;:[1815]},{&quot;active&quot;:false,&quot;count&quot;:1,&quot;name&quot;:&quot;Villar-d&#039;Ar\\u00eane&quot;,&quot;type&quot;:&quot;commune&quot;,&quot;values&quot;:[1929]}],&quot;template&quot;:&quot;list&quot;,&quot;count&quot;:2,&quot;config&quot;:{&quot;is_custom&quot;:false}}],&quot;count&quot;:2}'>\n                <div class=\"ApiListingFilter-group--wrapper \">\n    <span class=\"ApiListingFilter-group--title __accordion\">Communes<\/span>\n    <div class=\"ApiListingFilter-group--wrap\">\n        <ul class=\"ApiListingFilter-group--list\">\n                            <li class=\"ApiListingFilter-criteria--item\">\n        <ul class=\"ApiListingFilter-criteria--list\">\n                    <li class=\"ApiListingFilter-criteria--item\">\n                <span class=\"ApiListingFilter-checkbox __altimax_filters_value \"\n                      data-value='{&quot;active&quot;:false,&quot;count&quot;:1,&quot;name&quot;:&quot;La Grave&quot;,&quot;type&quot;:&quot;commune&quot;,&quot;values&quot;:[1815]}'>\n                    <span class=\"box\"><\/span>\n                    <span class=\"ApiListingFilter-checkbox--value\">\n                        La Grave\n                                            <\/span>\n                <\/span>\n            <\/li>\n                    <li class=\"ApiListingFilter-criteria--item\">\n                <span class=\"ApiListingFilter-checkbox __altimax_filters_value \"\n                      data-value='{&quot;active&quot;:false,&quot;count&quot;:1,&quot;name&quot;:&quot;Villar-d&#039;Ar\\u00eane&quot;,&quot;type&quot;:&quot;commune&quot;,&quot;values&quot;:[1929]}'>\n                    <span class=\"box\"><\/span>\n                    <span class=\"ApiListingFilter-checkbox--value\">\n                        Villar-d&#039;Ar\u00eane\n                                            <\/span>\n                <\/span>\n            <\/li>\n            <\/ul>\n<\/li>                    <\/ul>\n    <\/div>\n<\/div>            <\/div>\n            \n\n                <\/div>\n                <div class=\"ApiListingFilter-wrapper\">\n                        <div class=\"ApiListing-wrap ApiListingFilter-wrap\">\n                    <button class=\"ApiListing-share ApiListingFilter-share mobile Button-border __altimax_listing_url\">\n                <span data-text-valid=\"Copi\u00e9e dans le presse-papier\"\n                      data-text-unvalid=\"Aucune recherche !\">\n                    Partager ma recherche\n                <\/span>\n            <\/button>\n                            <button class=\"ApiListing-pdf ApiListingFilter-pdf mobile Button-border __altimax_listing_pdf\">T\u00e9l\u00e9charger<\/button>\n            <\/div>\n\n                <\/div>\n            <\/div>\n            <button class=\"ApiListingFilter-close--btn Button-full __altimax_toggle_filters\">Voir les r\u00e9sultats<\/button>\n        <\/div>\n        <div class=\"ApiListingFilter-overflow __altimax_toggle_filters\"><\/div>\n    <\/div>\n\n                            <ul class=\"ApiListing-list __altimax_listing_content\">\n                                            <!-- Generer le: 2026-04-29 21:17:46 -->\n<!-- Blog: La Grave - 2 -->\n<li class=\"ApiTile ApiTileDefault __altimax_listing_item  \"\n    data-roadbook-item=\"379541\"\n    data-apidae=\"379541\"\n    data-event-category=\"Apidae affichage\"\n    data-event-action=\"vue teaser\"\n    data-event-label=\"379541 : Biblioth\u00e8que &amp; M\u00e9diath\u00e8que de Villar d&#039;Ar\u00e8ne\">\n    <a href=\"https:\/\/www.hautesvallees.com\/la-grave\/equipement\/bibliotheque-mediatheque-de-villar-darene-villar-darene\" class=\"ApiTile-link ApiTileDefault-link\" title=\"Biblioth\u00e8que &amp; M\u00e9diath\u00e8que de Villar d&#039;Ar\u00e8ne\">\n            <span class=\"ApiTile-location ApiTileDefault-location\">\n        Villar-d&#039;Ar\u00eane\n    <\/span>\n\n            <button class=\"__gtm_track_click __altimax_favory ApiTile-fav ApiTileDefault-fav Favourite\"\n            data-apidae=\"379541\"\n            title=\"Ajoutez aux favoris\"\n            data-txtajouter=\"Ajoutez aux favoris\"\n            data-txtretirer=\"Retirez des favoris\"\n            data-event-category=\"Apidae fiche objet\"\n            data-event-action=\"ajout trip planner\"\n            data-event-label=\"379541 : Biblioth\u00e8que &amp; M\u00e9diath\u00e8que de Villar d&#039;Ar\u00e8ne\">\n        <img decoding=\"async\" class=\"Favourite-border svg\"\n             src=\"\/content\/themes\/theme_altimax\/dist\/img\/apidae\/system\/SYSTEM-FavOff-30px.svg\"\/>\n        <img decoding=\"async\" class=\"Favourite-full svg\"\n             src=\"\/content\/themes\/theme_altimax\/dist\/img\/apidae\/system\/SYSTEM-FavOn-30px.svg\"\/>\n    <\/button>\n\n            <picture class=\"ApiTile-picture ApiTileDefault-picture\">\n        <img decoding=\"async\" class=\"ApiTile-img ApiTileAgenda-img\" src=\"\/cache\/images\/36055258_apidae-tile.jpg\" alt=\"Biblioth\u00e8que &amp; M\u00e9diath\u00e8que de Villar d&#039;Ar\u00e8ne\">\n    <\/picture>\n\n        <div class=\"ApiTile-content ApiTileDefault-content\">\n            \n            <div class=\"ApiTile-top ApiTileDefault-top\">\n                <span class=\"ApiTile-type ApiTileDefault-type\">\n                        equipement\n            <\/span>                                            <\/div>\n\n            <h2 class=\"ApiTile-title ApiTileDefault-title\">Biblioth\u00e8que &amp; M\u00e9diath\u00e8que de Villar&#8230;<\/h2>\n                        \n                                <\/div>\n    <\/a>\n<\/li>\n\n                                            <!-- Generer le: 2026-04-29 21:17:46 -->\n<!-- Blog: La Grave - 2 -->\n<li class=\"ApiTile ApiTileDefault __altimax_listing_item  \"\n    data-roadbook-item=\"379539\"\n    data-apidae=\"379539\"\n    data-event-category=\"Apidae affichage\"\n    data-event-action=\"vue teaser\"\n    data-event-label=\"379539 : Biblioth\u00e8que &amp; m\u00e9diath\u00e8que de La Grave\">\n    <a href=\"https:\/\/www.hautesvallees.com\/la-grave\/equipement\/bibliotheque-mediatheque-de-la-grave-la-grave\" class=\"ApiTile-link ApiTileDefault-link\" title=\"Biblioth\u00e8que &amp; m\u00e9diath\u00e8que de La Grave\">\n            <span class=\"ApiTile-location ApiTileDefault-location\">\n        La Grave\n    <\/span>\n\n            <button class=\"__gtm_track_click __altimax_favory ApiTile-fav ApiTileDefault-fav Favourite\"\n            data-apidae=\"379539\"\n            title=\"Ajoutez aux favoris\"\n            data-txtajouter=\"Ajoutez aux favoris\"\n            data-txtretirer=\"Retirez des favoris\"\n            data-event-category=\"Apidae fiche objet\"\n            data-event-action=\"ajout trip planner\"\n            data-event-label=\"379539 : Biblioth\u00e8que &amp; m\u00e9diath\u00e8que de La Grave\">\n        <img decoding=\"async\" class=\"Favourite-border svg\"\n             src=\"\/content\/themes\/theme_altimax\/dist\/img\/apidae\/system\/SYSTEM-FavOff-30px.svg\"\/>\n        <img decoding=\"async\" class=\"Favourite-full svg\"\n             src=\"\/content\/themes\/theme_altimax\/dist\/img\/apidae\/system\/SYSTEM-FavOn-30px.svg\"\/>\n    <\/button>\n\n            <picture class=\"ApiTile-picture ApiTileDefault-picture\">\n        <img decoding=\"async\" class=\"ApiTile-img ApiTileAgenda-img\" src=\"\/cache\/images\/36055213_apidae-tile.jpg\" alt=\"Biblioth\u00e8que &amp; m\u00e9diath\u00e8que de La Grave\">\n    <\/picture>\n\n        <div class=\"ApiTile-content ApiTileDefault-content\">\n            \n            <div class=\"ApiTile-top ApiTileDefault-top\">\n                <span class=\"ApiTile-type ApiTileDefault-type\">\n                        equipement\n            <\/span>                                            <\/div>\n\n            <h2 class=\"ApiTile-title ApiTileDefault-title\">Biblioth\u00e8que &amp; m\u00e9diath\u00e8que de La Grave<\/h2>\n                        \n                                <\/div>\n    <\/a>\n<\/li>\n\n                                    <\/ul>\n            \n                        \n        <\/div>\n                    <ul class=\"Paginator __altimax_listing_paginator\">\n                    <li class=\"Paginator-page __altimax_listing_load active\"\n        data-index=\"1\" >\n        <span>1<\/span>\n    <\/li>\n\n            <\/ul>\n            <\/div>\n<\/div>\n\n<div class=\"GutPushArticles  GutContainer\">\n        <div class=\"GutPushArticles-container\">\n            <div class=\"GutTitle Left\">\n                    <h2 class=\"GutTitle-title\">\n                                    <span class=\"GutTitle-surtitle\">Envie <\/span>\n                                                        de lecture ?\n                            <\/h2>\n                    <\/div>\n            <div class=\"GutPushArticles-inner \">\n                                    <div class=\"GutPushArticles-container \" >\n                        <div class=\"GutPushArticles-list \">\n                                                            <div class=\"GutPushArticles-wrap \">\n                                                                            <picture class=\"GutPushArticles-picture\">\n                                            <img decoding=\"async\" src=\"https:\/\/www.hautesvallees.com\/content\/uploads\/sites\/2\/2025\/01\/DSC_1172_DxO-scaled-1-371x248.jpg\"\n                                                 alt=\"DSC_1172_DxO-scaled\" \/>\n                                        <\/picture>\n                                                                        <div class=\"GutPushArticles-content\">\n                                                                                                                                                                    <a class=\"Link\" href=\"https:\/\/www.hautesvallees.com\/nos-lectures-dici\/\" >Nos lectures d&#039;ici <\/a>\n                                                                            <\/div>\n                                <\/div>\n                                                            <div class=\"GutPushArticles-wrap \">\n                                                                            <picture class=\"GutPushArticles-picture\">\n                                            <img decoding=\"async\" src=\"https:\/\/www.hautesvallees.com\/content\/uploads\/sites\/2\/2025\/01\/DSC_1169_DxO-scaled-1-371x248.jpg\"\n                                                 alt=\"DSC_1169_DxO-scaled\" \/>\n                                        <\/picture>\n                                                                        <div class=\"GutPushArticles-content\">\n                                                                                                                                                                    <a class=\"Link\" href=\"https:\/\/www.hautesvallees.com\/la-claree\/commerce-et-service\/librairie-la-page-claree-nevache\/\"  target=\"_blank\" >Librairie La Page Clar\u00e9e<\/a>\n                                                                            <\/div>\n                                <\/div>\n                                                            <div class=\"GutPushArticles-wrap \">\n                                                                            <picture class=\"GutPushArticles-picture\">\n                                            <img decoding=\"async\" src=\"https:\/\/www.hautesvallees.com\/content\/uploads\/sites\/2\/2025\/01\/Randonnee-lever-de-soleil-grand-charvia-cervieres-4-scaled-1-371x248.jpg\"\n                                                 alt=\"Randonnee-lever-de-soleil-grand-charvia-cervieres-4-scaled\" \/>\n                                        <\/picture>\n                                                                        <div class=\"GutPushArticles-content\">\n                                                                                                                                                                    <a class=\"Link\" href=\"https:\/\/www.hautesvallees.com\/quefairequand-il-pleut-dans-leshautesvallees\/\" >Que faire quand il pleut ? <\/a>\n                                                                            <\/div>\n                                <\/div>\n                                                    <\/div>\n                                            <\/div>\n                                                <\/div>\n                    <\/div>\n    <\/div>\n","protected":false},"excerpt":{"rendered":"","protected":false},"author":7,"featured_media":1148,"parent":972,"menu_order":5,"comment_status":"closed","ping_status":"closed","template":"","meta":{"_acf_changed":false,"footnotes":""},"class_list":["post-984","page","type-page","status-publish","has-post-thumbnail","hentry"],"acf":[],"_links":{"self":[{"href":"https:\/\/www.hautesvallees.com\/la-grave\/wp-json\/wp\/v2\/pages\/984","targetHints":{"allow":["GET"]}}],"collection":[{"href":"https:\/\/www.hautesvallees.com\/la-grave\/wp-json\/wp\/v2\/pages"}],"about":[{"href":"https:\/\/www.hautesvallees.com\/la-grave\/wp-json\/wp\/v2\/types\/page"}],"author":[{"embeddable":true,"href":"https:\/\/www.hautesvallees.com\/la-grave\/wp-json\/wp\/v2\/users\/7"}],"replies":[{"embeddable":true,"href":"https:\/\/www.hautesvallees.com\/la-grave\/wp-json\/wp\/v2\/comments?post=984"}],"version-history":[{"count":7,"href":"https:\/\/www.hautesvallees.com\/la-grave\/wp-json\/wp\/v2\/pages\/984\/revisions"}],"predecessor-version":[{"id":37708,"href":"https:\/\/www.hautesvallees.com\/la-grave\/wp-json\/wp\/v2\/pages\/984\/revisions\/37708"}],"up":[{"embeddable":true,"href":"https:\/\/www.hautesvallees.com\/la-grave\/wp-json\/wp\/v2\/pages\/972"}],"wp:featuredmedia":[{"embeddable":true,"href":"https:\/\/www.hautesvallees.com\/la-grave\/wp-json\/wp\/v2\/media\/1148"}],"wp:attachment":[{"href":"https:\/\/www.hautesvallees.com\/la-grave\/wp-json\/wp\/v2\/media?parent=984"}],"curies":[{"name":"wp","href":"https:\/\/api.w.org\/{rel}","templated":true}]}}