{"id":959,"date":"2025-01-20T16:57:00","date_gmt":"2025-01-20T15:57:00","guid":{"rendered":"https:\/\/www.hautesvallees.com\/la-grave\/?page_id=959"},"modified":"2026-01-15T15:17:24","modified_gmt":"2026-01-15T14:17:24","slug":"snowkite","status":"publish","type":"page","link":"https:\/\/www.hautesvallees.com\/la-grave\/que-faire\/en-hiver\/snowkite\/","title":{"rendered":"Snowkite \u00e0 La Grave"},"content":{"rendered":"<div class=\"GutText  GutContainer\">\n        <div class=\"GutText-inner\">\n            <div class=\"GutTitle Center\">\n                    <h2 class=\"GutTitle-title\">\n                                    <span class=\"GutTitle-surtitle\">vent dans<\/span>\n                                                        les voiles\n                            <\/h2>\n                    <\/div>\n                                        <div class=\"GutText-wysiwyg Content\">\n                    <p style=\"text-align: center\" data-start=\"281\" data-end=\"452\">Fusion parfaite entre le frisson du ski et la libert\u00e9 du cerf-volant, cette discipline vous promet une exp\u00e9rience unique sur les vastes \u00e9tendues enneig\u00e9es du <a href=\"https:\/\/www.ecrins-parcnational.fr\/patrimoine\/le-col-du-lautaret\" target=\"_blank\" rel=\"noopener\">col du Lautaret<\/a>.<\/p>\n<p style=\"text-align: center\" data-start=\"454\" data-end=\"685\">Pr\u00e9parez-vous \u00e0 d\u00e9couvrir un sport qui repousse les limites de l\u2019imagination et vous transporte vers des horizons inexplor\u00e9s, l\u00e0 o\u00f9 le vent et la neige se rencontrent pour cr\u00e9er une v\u00e9ritable symphonie de libert\u00e9 et de plaisir.<\/p>\n\n                <\/div>\n                    <\/div>\n    <\/div>\n\n\n<div class=\"GutImage  GutContainer-full\">\n        <div class=\"GutImage-container\">\n                        \n                            <picture class=\"GutImage-pic\">\n                    <source srcset=\"https:\/\/www.hautesvallees.com\/content\/uploads\/sites\/2\/2026\/01\/Snowkite-Ecole-Wayra-L.Chamerlat-dec.2025-23-1-768x360.jpg\" media=\"(max-width: 768px)\">\n                    <source srcset=\"https:\/\/www.hautesvallees.com\/content\/uploads\/sites\/2\/2026\/01\/Snowkite-Ecole-Wayra-L.Chamerlat-dec.2025-23-1-992x465.jpg\" media=\"(max-width: 992px)\">\n                    <source srcset=\"https:\/\/www.hautesvallees.com\/content\/uploads\/sites\/2\/2026\/01\/Snowkite-Ecole-Wayra-L.Chamerlat-dec.2025-23-1-1378x900.jpg\" media=\"(min-width: 993px)\">\n                    <img decoding=\"async\" class=\"GutImage-img\" src=\"https:\/\/www.hautesvallees.com\/content\/uploads\/sites\/2\/2026\/01\/Snowkite-Ecole-Wayra-L.Chamerlat-dec.2025-23-1-1378x900.jpg\" alt=\"Snowkite-Ecole Wayra-L.Chamerlat-dec.2025 (23) (1)\" \/>\n                <\/picture>\n                                        <div class=\"GutImage-creditphoto\">\n                    \u00a9L.Chamerlat\n                <\/div>\n                    <\/div>\n    <\/div>\n\n\n<div class=\"GutCol2  GutContainer\">\n        <div class=\"GutCol2-container\">\n\n            \n                                                                                                                                        <div class=\"GutCol2-wrap GutCol2-video Left __video_parent\">\n                                                                                                                <picture class=\"GutCol2-picture __video_open\">\n                                            <img decoding=\"async\" class=\"GutCol2-img\"\n                                                 src=\"https:\/\/www.hautesvallees.com\/content\/uploads\/sites\/2\/2026\/01\/Snowkite-Ecole-Wayra-L.Chamerlat-dec.2025-27-1-510x710.jpg\"\n                                                 alt=\"Snowkite-Ecole Wayra-L.Chamerlat-dec.2025 (27) (1)\" \/>\n                                        <\/picture>\n                                                                                                                <div class=\"GutCol2-videoOut __video_out\">\n                                            <iframe class='Video' width='1920' height='1080' src='https:\/\/youtube.com\/embed\/r1iC9x_XRGs?&#038;rel=0' frameborder='0' controls='0' allow='accelerometer; encrypted-media; gyroscope; picture-in-picture' allowfullscreen><\/iframe>\n                                        <\/div>\n                                                                    <\/div>\n                                                                                                                                                    <div class=\"GutCol2-wrap GutCol2-blocTexte Right\">\n                                <div class=\"GutCol2-blocTexte--inner\">\n                                                                            <div class=\"GutTitle Left\">\n                    <h2 class=\"GutTitle-title\">\n                                    <span class=\"GutTitle-surtitle\">laissez-vous<\/span>\n                                                        glisser\n                            <\/h2>\n                    <\/div>\n                                                                                                                <div class=\"GutCol2-intro\">C&rsquo;est un sport de glisse o\u00f9 on se fait tracter par un cerf-volant, aussi appel\u00e9 un kite.<\/div>\n                                                                                                                <div class=\"GutCol2-text Content\">\n                                            <p>On peut partir soit avec un snowboard soit avec des skis aux pieds, mais pour d\u00e9buter c\u2019est plus facile \u00e0 ski.<\/p>\n<p>Vous pouvez faire un stage de d\u00e9couverte ou de perfectionnement, ou alors une randonn\u00e9e \u00e0 la journ\u00e9e. Les cours sont accessibles \u00e0 tous, m\u00eame les enfants (\u00e0 partir de 7 ans), \u00e0 condition d\u2019avoir une bonne condition physique.<\/p>\n<p>Visionnez notre vid\u00e9o de premi\u00e8re exp\u00e9rience en snowkite<\/p>\n\n                                        <\/div>\n                                                                    <\/div>\n                            <\/div>\n                                                                <\/div>\n    <\/div>\n\n\n<div class=\"GutText  GutContainer\">\n        <div class=\"GutText-inner\">\n            <div class=\"GutTitle Center\">\n                    <h2 class=\"GutTitle-title\">\n                                    <span class=\"GutTitle-surtitle\">COURS <\/span>\n                                                        ET STAGES \n                            <\/h2>\n                    <\/div>\n                            <div class=\"GutText-intro Center\">Apprenez avec des professionnels passionn\u00e9s : d\u00e9couvrez les \u00e9coles de snowkite au col du Lautaret<\/div>\n                                        <div class=\"GutText-wysiwyg Content\">\n                    <p style=\"text-align: center\">Les \u00e9coles\u00a0 fournissent tout le mat\u00e9riel de kite : casque, radio, harnais, kite adapt\u00e9 \u00e0 votre niveau, votre morphologie, \u00e0 la force du vent et aux conditions de neige.<br \/>\nIl faut pr\u00e9voir de votre c\u00f4t\u00e9 votre mat\u00e9riel de ski : ski ou snowboard, chaussures, tenue de ski, lunettes et cr\u00e8mes solaires, v\u00eatements adapt\u00e9s, eau et encas.<\/p>\n\n                <\/div>\n                    <\/div>\n    <\/div>\n\n\n\n<div class=\"ApiListing __altimax_listing \" data-js=\"{&quot;action_load&quot;:&quot;apidae_listing_load&quot;,&quot;action_map_tiles&quot;:&quot;apidae_listing_load_map_tiles&quot;,&quot;action_filters&quot;:&quot;apidae_listing_filters&quot;,&quot;action_pdf&quot;:&quot;apidae_listing_pdf&quot;,&quot;post_id&quot;:959,&quot;blog_id&quot;:2,&quot;uid&quot;:1,&quot;cache_key&quot;:&quot;daa52c36b706bce807f8225167fd45c4&quot;,&quot;is_agenda&quot;:false,&quot;listing_mode&quot;:&quot;listing-map&quot;,&quot;use_filters&quot;:false,&quot;use_share&quot;:false,&quot;paginator&quot;:{&quot;currentPage&quot;:1,&quot;maxPerPage&quot;:3,&quot;count&quot;:1,&quot;totalPages&quot;:1,&quot;nextPage&quot;:1,&quot;html&quot;:&quot;    &lt;li class=\\&quot;Paginator-page __altimax_listing_load active\\&quot;\\n        data-index=\\&quot;1\\&quot; &gt;\\n        &lt;span&gt;1&lt;\\\/span&gt;\\n    &lt;\\\/li&gt;\\n&quot;},&quot;ajax_url&quot;:&quot;https:\\\/\\\/www.hautesvallees.com\\\/\\\/la-grave\\\/wp-admin\\\/admin-ajax.php&quot;,&quot;lang&quot;:&quot;fr&quot;}\">\n    <div class=\"ApiListingLoader __altimax_loader\">\n        <div class=\"ApiListingLoader-container\">\n            <div class=\"ApiListingLoader-ring\"><\/div>\n        <\/div>\n    <\/div>\n        \n        \n        \n                                            <div class=\"ApiListing-container\">\n        <div class=\"ApiListing-control container_full  switch\">\n                                                                                        <div class=\"ApiListing-result\">\n                <div class=\"ApiListing-result--number __altimax_listing_count\">1<\/div>\n                R\u00e9sultats\n            <\/div>\n                            <button class=\"ApiListing-switch Button-full __apidae_map_listing_switch\"\n                        data-current=\"listing\"\n                        data-text-listing=\"Liste\"\n                        data-text-map=\"Carte\">\n                    Carte\n                <\/button>\n                    <\/div>\n\n        <div class=\"ApiListing-wrapper container_full   switch\">\n            \n                            <ul class=\"ApiListing-list __altimax_listing_content\">\n                                            <!-- Generer le: 2026-05-01 16:22:30 -->\n<!-- Blog: La Grave - 2 -->\n<li class=\"ApiTile ApiTileDefault __altimax_listing_item  \"\n    data-roadbook-item=\"7501418\"\n    data-apidae=\"7501418\"\n    data-event-category=\"Apidae affichage\"\n    data-event-action=\"vue teaser\"\n    data-event-label=\"7501418 : Snowkite au col du Lautaret - \u00c9cole Wayra\">\n    <a href=\"https:\/\/www.hautesvallees.com\/la-grave\/activite\/snowkite-au-col-du-lautaret-ecole-wayra-villar-darene\" class=\"ApiTile-link ApiTileDefault-link\" title=\"Snowkite au col du Lautaret - \u00c9cole Wayra\">\n            <span class=\"ApiTile-location ApiTileDefault-location\">\n        Villar-d&#039;Ar\u00eane\n    <\/span>\n\n            <button class=\"__gtm_track_click __altimax_favory ApiTile-fav ApiTileDefault-fav Favourite\"\n            data-apidae=\"7501418\"\n            title=\"Ajoutez aux favoris\"\n            data-txtajouter=\"Ajoutez aux favoris\"\n            data-txtretirer=\"Retirez des favoris\"\n            data-event-category=\"Apidae fiche objet\"\n            data-event-action=\"ajout trip planner\"\n            data-event-label=\"7501418 : Snowkite au col du Lautaret - \u00c9cole Wayra\">\n        <img decoding=\"async\" class=\"Favourite-border svg\"\n             src=\"\/content\/themes\/theme_altimax\/dist\/img\/apidae\/system\/SYSTEM-FavOff-30px.svg\"\/>\n        <img decoding=\"async\" class=\"Favourite-full svg\"\n             src=\"\/content\/themes\/theme_altimax\/dist\/img\/apidae\/system\/SYSTEM-FavOn-30px.svg\"\/>\n    <\/button>\n\n            <picture class=\"ApiTile-picture ApiTileDefault-picture\">\n        <img decoding=\"async\" class=\"ApiTile-img ApiTileAgenda-img\" src=\"\/cache\/images\/34527535_apidae-tile.jpg\" alt=\"Snowkite au col du Lautaret - \u00c9cole Wayra\">\n    <\/picture>\n\n        <div class=\"ApiTile-content ApiTileDefault-content\">\n            \n            <div class=\"ApiTile-top ApiTileDefault-top\">\n                <span class=\"ApiTile-type ApiTileDefault-type\">\n                        activite\n            <\/span>                                            <\/div>\n\n            <h2 class=\"ApiTile-title ApiTileDefault-title\">Snowkite au col du Lautaret &#8211; \u00c9cole W&#8230;<\/h2>\n                                            \n                                <\/div>\n    <\/a>\n<\/li>\n\n                                    <\/ul>\n            \n                        <div class=\"__apidae_map_listing ApiListingMap hidden\">\n    <div class=\"ApiTileMap-map\" data-options='{&quot;markers&quot;:[{&quot;latitude&quot;:45.034782,&quot;longitude&quot;:6.40493,&quot;index&quot;:7501418,&quot;content&quot;:null,&quot;icon&quot;:&quot;div&quot;,&quot;gpxs&quot;:[],&quot;gpxs_color&quot;:&quot;blue&quot;,&quot;size&quot;:[30,30],&quot;anchor&quot;:[15,15],&quot;class&quot;:null,&quot;icon_content&quot;:&quot;&lt;div class=\\&quot;ApiListing-marker ApiListing-marker--activite\\&quot;&gt;&lt;\\\/div&gt;&quot;,&quot;hover_icon_content&quot;:&quot;&lt;div class=\\&quot;ApiListing-marker ApiListing-marker--activite hover\\&quot;&gt;&lt;\\\/div&gt;&quot;,&quot;selected_icon_content&quot;:&quot;&lt;div class=\\&quot;ApiListing-marker ApiListing-marker--activite selected\\&quot;&gt;&lt;\\\/div&gt;&quot;,&quot;hover_icon&quot;:&quot;div&quot;,&quot;hover_size&quot;:[32,32],&quot;hover_anchor&quot;:[16,16],&quot;popup_anchor&quot;:null,&quot;selected_icon&quot;:&quot;div&quot;,&quot;selected_size&quot;:[32,32],&quot;selected_anchor&quot;:[16,16]}],&quot;default_icon&quot;:{&quot;url&quot;:&quot;https:\\\/\\\/www.hautesvallees.com\\\/content\\\/uploads\\\/sites\\\/2\\\/2025\\\/06\\\/PIN-Global-18px.svg&quot;,&quot;size&quot;:[30,40],&quot;anchor&quot;:[15,40]},&quot;useHoverMarker&quot;:true,&quot;useHoverMarkerPopup&quot;:false,&quot;gpxs&quot;:[],&quot;kmls&quot;:[],&quot;useGpx&quot;:false,&quot;useKml&quot;:false,&quot;useElevation&quot;:false,&quot;useHoverGpx&quot;:false,&quot;center&quot;:[45.891312226484,6.077075095539],&quot;zoom&quot;:12,&quot;isGoogle&quot;:false,&quot;layer&quot;:&quot;http:\\\/\\\/a.tile.openstreetmap.org\\\/{z}\\\/{x}\\\/{y}.png&quot;,&quot;attribution&quot;:&quot;\\u00a9 &lt;a href=\\&quot;http:\\\/\\\/www.openstreetmap.org\\\/copyright\\&quot;&gt;OpenStreetMap&lt;\\\/a&gt; contributors \\u00a9 &lt;a href=\\&quot;http:\\\/\\\/carto.com\\\/attributions\\&quot;&gt;CARTO&lt;\\\/a&gt;&quot;,&quot;disablePopup&quot;:false,&quot;useCluster&quot;:true,&quot;useActiveArea&quot;:true,&quot;leafletOptions&quot;:{&quot;scrollWheelZoom&quot;:false,&quot;zoomControl&quot;:true,&quot;mapTypeControl&quot;:false,&quot;scaleControl&quot;:false,&quot;streetViewControl&quot;:false,&quot;rotateControl&quot;:false,&quot;keyboardShortcuts&quot;:false,&quot;draggable&quot;:true}}' style=\"width: 100%;height: 100%;\"><\/div>\n    <div class=\"ApiListingMap-list __apidae_map_listing_tiles\">\n                                                                                    \n<div class=\"ApiTile ApiTileMap __apidae_map_tile __apidae_map_tile_7501418 \" data-apidae=\"7501418\">\n    <button class=\"ApiTile-target ApiTileMap-target __apidae_tile_target\" data-apidae=\"7501418\">\n    <img decoding=\"async\" class=\"ApiTile-target--svg ApiTileMap-target--svg svg\"\n         src=\"\/content\/themes\/theme_altimax\/dist\/img\/apidae\/system\/SYSTEM-Target-30px.svg\"\/>\n<\/button>    <a class=\"ApiTile-link ApiTileMap-link\" href=\"https:\/\/www.hautesvallees.com\/la-grave\/activite\/snowkite-au-col-du-lautaret-ecole-wayra-villar-darene\/\" title=\"Snowkite au col du Lautaret - \u00c9cole Wayra\" target=\"_blank\">\n            <span class=\"ApiTile-location ApiTileMap-location\">\n        Villar-d&#039;Ar\u00eane\n    <\/span>\n\n            <picture class=\"ApiTile-picture ApiTileMap-picture\">\n        <img decoding=\"async\" class=\"ApiTile-img ApiTileAgenda-img\" src=\"\/cache\/images\/34527535_apidae-tile.jpg\" alt=\"Snowkite au col du Lautaret - \u00c9cole Wayra\">\n    <\/picture>\n\n        <div class=\"ApiTile-col ApiTileMap-col\">\n            <div class=\"ApiTile-content ApiTileMap-content\">\n                <div class=\"ApiTile-top ApiTileMap-top\">\n                    <div class=\"ApiTile-row ApiTileMap-row\">\n                        <span class=\"ApiTile-type ApiTileMap-type\">\n                        activite\n            <\/span>\n                        \n                                            <\/div>\n                    <h2 class=\"ApiTile-title ApiTileMap-title\">Snowkite au col du Lautaret &#8211; \u00c9cole W&#8230;<\/h2>\n                        <button class=\"__gtm_track_click __altimax_favory ApiTile-fav ApiTileMap-fav Favourite\"\n            data-apidae=\"7501418\"\n            title=\"Ajoutez aux favoris\"\n            data-txtajouter=\"Ajoutez aux favoris\"\n            data-txtretirer=\"Retirez des favoris\"\n            data-event-category=\"Apidae fiche objet\"\n            data-event-action=\"ajout trip planner\"\n            data-event-label=\"7501418 : Snowkite au col du Lautaret - \u00c9cole Wayra\">\n        <img decoding=\"async\" class=\"Favourite-border svg\"\n             src=\"\/content\/themes\/theme_altimax\/dist\/img\/apidae\/system\/SYSTEM-FavOff-30px.svg\"\/>\n        <img decoding=\"async\" class=\"Favourite-full svg\"\n             src=\"\/content\/themes\/theme_altimax\/dist\/img\/apidae\/system\/SYSTEM-FavOn-30px.svg\"\/>\n    <\/button>\n                <\/div>\n                                    \n                \n                                            <\/div>\n                    <\/div>\n    <\/a>\n<\/div>\n\n                    <\/div>\n<\/div>\n        <\/div>\n                    <ul class=\"Paginator __altimax_listing_paginator\">\n                    <li class=\"Paginator-page __altimax_listing_load active\"\n        data-index=\"1\" >\n        <span>1<\/span>\n    <\/li>\n\n            <\/ul>\n            <\/div>\n<\/div>\n\n<div class=\"GutSeparator Left logo_lagrave\">\n            <\/div>\n\n\n<div class=\"GutPushArticles BgColor GutContainer\">\n        <div class=\"GutPushArticles-container\">\n            <div class=\"GutTitle Left\">\n                    <h2 class=\"GutTitle-title\">\n                                    <span class=\"GutTitle-surtitle\">vous aimerez <\/span>\n                                                        aussi\n                            <\/h2>\n                    <\/div>\n            <div class=\"GutPushArticles-inner \">\n                                    <div class=\"GutPushArticles-container \" >\n                        <div class=\"GutPushArticles-list \">\n                                                            <div class=\"GutPushArticles-wrap \">\n                                                                            <picture class=\"GutPushArticles-picture\">\n                                            <img decoding=\"async\" src=\"https:\/\/www.hautesvallees.com\/content\/uploads\/sites\/2\/2025\/01\/jairph-aT2jMKShKIs-unsplash-scaled-1-371x248.jpg\"\n                                                 alt=\"jairph-aT2jMKShKIs-unsplash-scaled\" \/>\n                                        <\/picture>\n                                                                        <div class=\"GutPushArticles-content\">\n                                                                                    <h2 class=\"GutPushArticles-title\">Parapente<\/h2>\n                                                                                                                                                                    <a class=\"Link\" href=\"https:\/\/www.hautesvallees.com\/la-grave\/que-faire\/en-ete\/parapente\/\">D\u00e9couvrir<\/a>\n                                                                            <\/div>\n                                <\/div>\n                                                            <div class=\"GutPushArticles-wrap \">\n                                                                            <picture class=\"GutPushArticles-picture\">\n                                            <img decoding=\"async\" src=\"https:\/\/www.hautesvallees.com\/content\/uploads\/sites\/2\/2025\/01\/la-grave-telepherique-hiver-freeride-39-\u00a9Thibaut-Blais-7-scaled-1-371x248.jpg\"\n                                                 alt=\"la-grave-telepherique-hiver-freeride-39-\u00a9Thibaut-Blais-7-scaled\" \/>\n                                        <\/picture>\n                                                                        <div class=\"GutPushArticles-content\">\n                                                                                    <h2 class=\"GutPushArticles-title\">Freeride<\/h2>\n                                                                                                                                                                    <a class=\"Link\" href=\"https:\/\/www.hautesvallees.com\/la-grave\/que-faire\/en-hiver\/freeride\/\">D\u00e9couvrir<\/a>\n                                                                            <\/div>\n                                <\/div>\n                                                            <div class=\"GutPushArticles-wrap \">\n                                                                            <picture class=\"GutPushArticles-picture\">\n                                            <img decoding=\"async\" src=\"https:\/\/www.hautesvallees.com\/content\/uploads\/sites\/2\/2025\/01\/Ski-nordique-au-Lautaret\u00a9Arthur_Pics05-5-371x248.jpg\"\n                                                 alt=\"Ski-nordique-au-Lautaret\u00a9Arthur_Pics05-5\" \/>\n                                        <\/picture>\n                                                                        <div class=\"GutPushArticles-content\">\n                                                                                    <h2 class=\"GutPushArticles-title\">Cols du Lautaret <\/h2>\n                                                                                                                                                                    <a class=\"Link\" href=\"https:\/\/www.hautesvallees.com\/la-grave\/decouvrir\/le-pays-de-la-meije\/cols-du-lautaret-et-du-galibier\/\">D\u00e9couvrir<\/a>\n                                                                            <\/div>\n                                <\/div>\n                                                    <\/div>\n                                            <\/div>\n                                                <\/div>\n                    <\/div>\n    <\/div>\n","protected":false},"excerpt":{"rendered":"","protected":false},"author":7,"featured_media":1542,"parent":951,"menu_order":6,"comment_status":"closed","ping_status":"closed","template":"","meta":{"_acf_changed":false,"footnotes":""},"class_list":["post-959","page","type-page","status-publish","has-post-thumbnail","hentry"],"acf":[],"_links":{"self":[{"href":"https:\/\/www.hautesvallees.com\/la-grave\/wp-json\/wp\/v2\/pages\/959","targetHints":{"allow":["GET"]}}],"collection":[{"href":"https:\/\/www.hautesvallees.com\/la-grave\/wp-json\/wp\/v2\/pages"}],"about":[{"href":"https:\/\/www.hautesvallees.com\/la-grave\/wp-json\/wp\/v2\/types\/page"}],"author":[{"embeddable":true,"href":"https:\/\/www.hautesvallees.com\/la-grave\/wp-json\/wp\/v2\/users\/7"}],"replies":[{"embeddable":true,"href":"https:\/\/www.hautesvallees.com\/la-grave\/wp-json\/wp\/v2\/comments?post=959"}],"version-history":[{"count":8,"href":"https:\/\/www.hautesvallees.com\/la-grave\/wp-json\/wp\/v2\/pages\/959\/revisions"}],"predecessor-version":[{"id":29214,"href":"https:\/\/www.hautesvallees.com\/la-grave\/wp-json\/wp\/v2\/pages\/959\/revisions\/29214"}],"up":[{"embeddable":true,"href":"https:\/\/www.hautesvallees.com\/la-grave\/wp-json\/wp\/v2\/pages\/951"}],"wp:featuredmedia":[{"embeddable":true,"href":"https:\/\/www.hautesvallees.com\/la-grave\/wp-json\/wp\/v2\/media\/1542"}],"wp:attachment":[{"href":"https:\/\/www.hautesvallees.com\/la-grave\/wp-json\/wp\/v2\/media?parent=959"}],"curies":[{"name":"wp","href":"https:\/\/api.w.org\/{rel}","templated":true}]}}