{"id":958,"date":"2025-01-20T16:59:19","date_gmt":"2025-01-20T15:59:19","guid":{"rendered":"https:\/\/www.hautesvallees.com\/la-grave\/?page_id=958"},"modified":"2026-03-11T11:51:45","modified_gmt":"2026-03-11T10:51:45","slug":"cascade-de-glace","status":"publish","type":"page","link":"https:\/\/www.hautesvallees.com\/la-grave\/que-faire\/en-hiver\/cascade-de-glace\/","title":{"rendered":"Cascade de glace \u00e0 La Grave"},"content":{"rendered":"<div class=\"GutText  GutContainer\">\n        <div class=\"GutText-inner\">\n            <div class=\"GutTitle Center\">\n                    <h2 class=\"GutTitle-title\">\n                                    <span class=\"GutTitle-surtitle\">pas froid <\/span>\n                                                        aux yeux\n                            <\/h2>\n                    <\/div>\n                            <div class=\"GutText-intro Center\">Loin des sentiers battus, cette discipline vous transporte vers des paysages sculpt\u00e9s par le froid, o\u00f9 l&rsquo;eau fig\u00e9e dans le temps vous invite \u00e0 repousser vos limites.<\/div>\n                                        <div class=\"GutText-wysiwyg Content\">\n                    <p style=\"text-align: center;\">Les d\u00e9fis de la cascade de glace, une activit\u00e9 qui allie force, agilit\u00e9 et ma\u00eetrise technique. Que vous soyez un grimpeur chevronn\u00e9 ou un novice d\u00e9sireux de relever un d\u00e9fi audacieux, la cascade de glace offre une aventure inoubliable au c\u0153ur des \u00e9l\u00e9ments hivernaux.<\/p>\n<p style=\"text-align: center;\"><strong>Initiation aux voies normales hivernales ou r\u00eave de grandes faces nord\u00a0? Quel que soit votre r\u00eave, les\u00a0<a href=\"https:\/\/www.guidelagrave.com\/categories\/alpinisme-hivernal\" target=\"_blank\" rel=\"noopener noreferrer\">Guides de la Grave<\/a>\u00a0sont l\u00e0 pour vous aider \u00e0 le r\u00e9aliser.<\/strong><\/p>\n\n                <\/div>\n                    <\/div>\n    <\/div>\n\n\n<div class=\"GutImage  GutContainer-full\">\n        <div class=\"GutImage-container\">\n                        \n                            <picture class=\"GutImage-pic\">\n                    <source srcset=\"https:\/\/www.hautesvallees.com\/content\/uploads\/sites\/2\/2025\/01\/Cascade-de-glace-La-Grave-\u00a9-Thibaut-Blais-7-scaled-1-768x360.jpg\" media=\"(max-width: 768px)\">\n                    <source srcset=\"https:\/\/www.hautesvallees.com\/content\/uploads\/sites\/2\/2025\/01\/Cascade-de-glace-La-Grave-\u00a9-Thibaut-Blais-7-scaled-1-992x465.jpg\" media=\"(max-width: 992px)\">\n                    <source srcset=\"https:\/\/www.hautesvallees.com\/content\/uploads\/sites\/2\/2025\/01\/Cascade-de-glace-La-Grave-\u00a9-Thibaut-Blais-7-scaled-1-1920x900.jpg\" media=\"(min-width: 993px)\">\n                    <img decoding=\"async\" class=\"GutImage-img\" src=\"https:\/\/www.hautesvallees.com\/content\/uploads\/sites\/2\/2025\/01\/Cascade-de-glace-La-Grave-\u00a9-Thibaut-Blais-7-scaled-1-1920x900.jpg\" alt=\"Cascade-de-glace-La-Grave-\u00a9-Thibaut-Blais-7-scaled\" \/>\n                <\/picture>\n                                        <div class=\"GutImage-creditphoto\">\n                    \u00a9 T. Blais\n                <\/div>\n                    <\/div>\n    <\/div>\n\n\n<div class=\"GutCol2  GutContainer\">\n        <div class=\"GutCol2-container\">\n\n            <div class=\"GutTitle Left\">\n                    <h2 class=\"GutTitle-title\">\n                                    <span class=\"GutTitle-surtitle\">partir <\/span>\n                                                        accompagn\u00e9\n                            <\/h2>\n                    <\/div>\n\n                                                                                                        <div class=\"GutCol2-wrap GutCol2-blocTexte Left\">\n                                <div class=\"GutCol2-blocTexte--inner\">\n                                                                            <div class=\"GutTitle Left\">\n                            <span class=\"GutTitle-subtitle\">Sortie sous haute surveillance<\/span>\n            <\/div>\n                                                                                                                <div class=\"GutCol2-intro\">Apprendre les bons gestes et d\u00e9couvrir la cascade de glace<\/div>\n                                                                                                                <div class=\"GutCol2-text Content\">\n                                            <p>Vous n&rsquo;avez jamais fait de la cascade de glace ou vous voulez d\u00e9couvrir les diff\u00e9rentes cascades autour de La Grave et de Villar d&rsquo;Ar\u00e8ne, faites vous accompagner par les guides de haute montagne.<\/p>\n<p>Stage d&rsquo;initiation, ascension des plus belles cascades, n&rsquo;h\u00e9sitez plus \u00e0 vivre une exp\u00e9rience inoubliable lors de votre s\u00e9jour dans les Hautes Vall\u00e9es.<\/p>\n\n                                        <\/div>\n                                                                    <\/div>\n                            <\/div>\n                                                                                                                                                        <div class=\"GutCol2-wrap GutCol2-blocImage Right\">\n                                    <picture class=\"GutCol2-picture\">\n                                        <img decoding=\"async\" src=\"https:\/\/www.hautesvallees.com\/content\/uploads\/sites\/2\/2025\/01\/Cascade-et-raquettes-vallee-des-Fonts-\u00a9-Thibaut-Blais-80-scaled-1-510x710.jpg\"\n                                             alt=\"Cascade-et-raquettes-vallee-des-Fonts-\u00a9-Thibaut-Blais-80-scaled\" \/>\n                                    <\/picture>\n                                                                            <span class=\"GutCol2-credit\">\u00a9 T. Blais <\/span>\n                                                                    <\/div>\n                                                                                            <\/div>\n    <\/div>\n\n\n\n<div class=\"ApiListing __altimax_listing \" data-js=\"{&quot;action_load&quot;:&quot;apidae_listing_load&quot;,&quot;action_map_tiles&quot;:&quot;apidae_listing_load_map_tiles&quot;,&quot;action_filters&quot;:&quot;apidae_listing_filters&quot;,&quot;action_pdf&quot;:&quot;apidae_listing_pdf&quot;,&quot;post_id&quot;:958,&quot;blog_id&quot;:2,&quot;uid&quot;:1,&quot;cache_key&quot;:&quot;19531331645df9e69b102cb3c989fa25&quot;,&quot;is_agenda&quot;:false,&quot;listing_mode&quot;:&quot;listing&quot;,&quot;use_filters&quot;:false,&quot;use_share&quot;:false,&quot;paginator&quot;:{&quot;currentPage&quot;:1,&quot;maxPerPage&quot;:3,&quot;count&quot;:2,&quot;totalPages&quot;:1,&quot;nextPage&quot;:1,&quot;html&quot;:&quot;    &lt;li class=\\&quot;Paginator-page __altimax_listing_load active\\&quot;\\n        data-index=\\&quot;1\\&quot; &gt;\\n        &lt;span&gt;1&lt;\\\/span&gt;\\n    &lt;\\\/li&gt;\\n&quot;},&quot;ajax_url&quot;:&quot;https:\\\/\\\/www.hautesvallees.com\\\/\\\/la-grave\\\/wp-admin\\\/admin-ajax.php&quot;,&quot;lang&quot;:&quot;fr&quot;}\">\n    <div class=\"ApiListingLoader __altimax_loader\">\n        <div class=\"ApiListingLoader-container\">\n            <div class=\"ApiListingLoader-ring\"><\/div>\n        <\/div>\n    <\/div>\n        \n        \n        \n                                <div class=\"ApiListing-container\">\n        <div class=\"ApiListing-control container_full \">\n                                                    <button class=\"ApiListing-pdf desktop Button-border __altimax_listing_pdf\">T\u00e9l\u00e9charger<\/button>\n                                                                <div class=\"ApiListing-result\">\n                <div class=\"ApiListing-result--number __altimax_listing_count\">2<\/div>\n                R\u00e9sultats\n            <\/div>\n                    <\/div>\n\n        <div class=\"ApiListing-wrapper container_full  \">\n            \n                            <ul class=\"ApiListing-list __altimax_listing_content\">\n                                            <!-- Generer le: 2026-04-27 08:02:02 -->\n<!-- Blog: La Grave - 2 -->\n<li class=\"ApiTile ApiTileDefault __altimax_listing_item  \"\n    data-roadbook-item=\"5655822\"\n    data-apidae=\"5655822\"\n    data-event-category=\"Apidae affichage\"\n    data-event-action=\"vue teaser\"\n    data-event-label=\"5655822 : Alpinisme hivernal avec le Bureau des Guides de la Grave\">\n    <a href=\"https:\/\/www.hautesvallees.com\/la-grave\/activite\/alpinisme-hivernal-avec-le-bureau-des-guides-de-la-grave-la-grave\" class=\"ApiTile-link ApiTileDefault-link\" title=\"Alpinisme hivernal avec le Bureau des Guides de la Grave\">\n            <span class=\"ApiTile-location ApiTileDefault-location\">\n        La Grave\n    <\/span>\n\n            <button class=\"__gtm_track_click __altimax_favory ApiTile-fav ApiTileDefault-fav Favourite\"\n            data-apidae=\"5655822\"\n            title=\"Ajoutez aux favoris\"\n            data-txtajouter=\"Ajoutez aux favoris\"\n            data-txtretirer=\"Retirez des favoris\"\n            data-event-category=\"Apidae fiche objet\"\n            data-event-action=\"ajout trip planner\"\n            data-event-label=\"5655822 : Alpinisme hivernal avec le Bureau des Guides de la Grave\">\n        <img decoding=\"async\" class=\"Favourite-border svg\"\n             src=\"\/content\/themes\/theme_altimax\/dist\/img\/apidae\/system\/SYSTEM-FavOff-30px.svg\"\/>\n        <img decoding=\"async\" class=\"Favourite-full svg\"\n             src=\"\/content\/themes\/theme_altimax\/dist\/img\/apidae\/system\/SYSTEM-FavOn-30px.svg\"\/>\n    <\/button>\n\n            <picture class=\"ApiTile-picture ApiTileDefault-picture\">\n        <img decoding=\"async\" class=\"ApiTile-img ApiTileAgenda-img\" src=\"\/cache\/images\/10894404_apidae-tile.jpg\" alt=\"Alpinisme hivernal avec le Bureau des Guides de la Grave\">\n    <\/picture>\n\n        <div class=\"ApiTile-content ApiTileDefault-content\">\n            \n            <div class=\"ApiTile-top ApiTileDefault-top\">\n                <span class=\"ApiTile-type ApiTileDefault-type\">\n                        activite\n            <\/span>                                            <\/div>\n\n            <h2 class=\"ApiTile-title ApiTileDefault-title\">Alpinisme hivernal avec le Bureau des&#8230;<\/h2>\n                                        <ul class=\"ApiTile-categorie ApiTileDefault-categorie\">\n                                                <li class=\"ApiTile-categorie--item ApiTileDefault-categorie--item\">\n                        Cours\n                    <\/li>\n                                                                <li class=\"ApiTile-categorie--item ApiTileDefault-categorie--item\">\n                        Cours collectif\n                    <\/li>\n                                    <\/ul>\n                \n                                <\/div>\n    <\/a>\n<\/li>\n\n                                            <!-- Generer le: 2026-04-27 08:02:02 -->\n<!-- Blog: La Grave - 2 -->\n<li class=\"ApiTile ApiTileDefault __altimax_listing_item  \"\n    data-roadbook-item=\"295835\"\n    data-apidae=\"295835\"\n    data-event-category=\"Apidae affichage\"\n    data-event-action=\"vue teaser\"\n    data-event-label=\"295835 : Cascade de Glace avec le Bureau des Guides de La Grave\">\n    <a href=\"https:\/\/www.hautesvallees.com\/la-grave\/activite\/cascade-de-glace-avec-le-bureau-des-guides-de-la-grave-la-grave\" class=\"ApiTile-link ApiTileDefault-link\" title=\"Cascade de Glace avec le Bureau des Guides de La Grave\">\n            <span class=\"ApiTile-location ApiTileDefault-location\">\n        La Grave\n    <\/span>\n\n            <button class=\"__gtm_track_click __altimax_favory ApiTile-fav ApiTileDefault-fav Favourite\"\n            data-apidae=\"295835\"\n            title=\"Ajoutez aux favoris\"\n            data-txtajouter=\"Ajoutez aux favoris\"\n            data-txtretirer=\"Retirez des favoris\"\n            data-event-category=\"Apidae fiche objet\"\n            data-event-action=\"ajout trip planner\"\n            data-event-label=\"295835 : Cascade de Glace avec le Bureau des Guides de La Grave\">\n        <img decoding=\"async\" class=\"Favourite-border svg\"\n             src=\"\/content\/themes\/theme_altimax\/dist\/img\/apidae\/system\/SYSTEM-FavOff-30px.svg\"\/>\n        <img decoding=\"async\" class=\"Favourite-full svg\"\n             src=\"\/content\/themes\/theme_altimax\/dist\/img\/apidae\/system\/SYSTEM-FavOn-30px.svg\"\/>\n    <\/button>\n\n            <picture class=\"ApiTile-picture ApiTileDefault-picture\">\n        <img decoding=\"async\" class=\"ApiTile-img ApiTileAgenda-img\" src=\"\/cache\/images\/34546122_apidae-tile.jpg\" alt=\"Cascade de Glace avec le Bureau des Guides de La Grave\">\n    <\/picture>\n\n        <div class=\"ApiTile-content ApiTileDefault-content\">\n            \n            <div class=\"ApiTile-top ApiTileDefault-top\">\n                <span class=\"ApiTile-type ApiTileDefault-type\">\n                        activite\n            <\/span>                                            <\/div>\n\n            <h2 class=\"ApiTile-title ApiTileDefault-title\">Cascade de Glace avec le Bureau des G&#8230;<\/h2>\n                                        <ul class=\"ApiTile-categorie ApiTileDefault-categorie\">\n                                                <li class=\"ApiTile-categorie--item ApiTileDefault-categorie--item\">\n                        Cours\n                    <\/li>\n                                                                <li class=\"ApiTile-categorie--item ApiTileDefault-categorie--item\">\n                        Mat\u00e9riel fourni\n                    <\/li>\n                                                                <li class=\"ApiTile-categorie--item ApiTileDefault-categorie--item\">\n                        Cours collectif\n                    <\/li>\n                                                                <li class=\"ApiTile-categorie--item ApiTileDefault-categorie--item\">\n                        Cours particulier\n                    <\/li>\n                                    <\/ul>\n                \n                                <\/div>\n    <\/a>\n<\/li>\n\n                                    <\/ul>\n            \n                        \n        <\/div>\n                    <ul class=\"Paginator __altimax_listing_paginator\">\n                    <li class=\"Paginator-page __altimax_listing_load active\"\n        data-index=\"1\" >\n        <span>1<\/span>\n    <\/li>\n\n            <\/ul>\n            <\/div>\n<\/div>\n\n<div class=\"GutCol2  GutContainer\">\n        <div class=\"GutCol2-container\">\n\n            <div class=\"GutTitle Left\">\n                    <h2 class=\"GutTitle-title\">\n                                    <span class=\"GutTitle-surtitle\">LA CASCADE DE GLACE<\/span>\n                                                        DE VILLAR D&#039;AR\u00c8NE\n                            <\/h2>\n                    <\/div>\n\n                                                                                                                                        <div class=\"GutCol2-wrap GutCol2-video Left __video_parent\">\n                                                                                                                <picture class=\"GutCol2-picture __video_open\">\n                                            <img decoding=\"async\" class=\"GutCol2-img\"\n                                                 src=\"https:\/\/www.hautesvallees.com\/content\/uploads\/sites\/2\/2025\/01\/cascade-de-glace-villar-darene-12-scaled-1-510x710.jpg\"\n                                                 alt=\"cascade-de-glace-villar-darene-12-scaled\" \/>\n                                        <\/picture>\n                                                                                                                <div class=\"GutCol2-videoOut __video_out\">\n                                            <iframe class='Video' width='1920' height='1080' src='https:\/\/youtube.com\/embed\/KqrcN3qRlXw?&#038;rel=0' frameborder='0' controls='0' allow='accelerometer; encrypted-media; gyroscope; picture-in-picture' allowfullscreen><\/iframe>\n                                        <\/div>\n                                                                    <\/div>\n                                                                                                                                                    <div class=\"GutCol2-wrap GutCol2-blocTexte Right\">\n                                <div class=\"GutCol2-blocTexte--inner\">\n                                                                            <div class=\"GutTitle Left\">\n                            <span class=\"GutTitle-subtitle\">La petite Sib\u00e9rie<\/span>\n            <\/div>\n                                                                                                                <div class=\"GutCol2-intro\">Bienvenue \u00e0 Arsine, une cascade de glace, englac\u00e9e artificiellement dans un site sauvage, au bord de la Romanche.<\/div>\n                                                                                                                <div class=\"GutCol2-text Content\">\n                                            <p><strong>Parfait pour l&rsquo;initiation \u00e0 la cascade de glace, ce spot vous permet de faire vos premiers coups de piolet.<\/strong><\/p>\n<p class=\"text-justify\">8 \u00e0 10 voies peuvent \u00eatre install\u00e9es. Certaines sont \u00e9quip\u00e9es de relais sur corde + maillon rapide autour d&rsquo;arbres, pour d&rsquo;autres c&rsquo;est \u00e0 vous d&rsquo;installer.<\/p>\n<p>Les plus grandes longueurs font 25m mais il vaut mieux prendre une corde de 60 pour pouvoir s\u2019\u00e9loigner du pied des voies.<\/p>\n<p class=\"text-justify\">Attention : l&rsquo;acc\u00e8s au pied des voies se fait en traversant la Romanche par une petite tyrolienne.<\/p>\n<p>Pour acc\u00e9der \u00e0 la cascade il faut :<\/p>\n<ul>\n<li>R\u00e9server un cr\u00e9neau et r\u00e9gler sa participation<\/li>\n<li>\u00catre en possession d&rsquo;une assurance couvrant cette activit\u00e9<\/li>\n<\/ul>\n<p style=\"text-align: center;\"><a class=\"Button-primary\" href=\"https:\/\/cascadevillardarene.fr\/\" target=\"_blank\" rel=\"noopener\">R\u00e9server votre cr\u00e9neau<\/a><\/p>\n\n                                        <\/div>\n                                                                    <\/div>\n                            <\/div>\n                                                                <\/div>\n    <\/div>\n\n\n\n\n<div class=\"GutPushArticles BgColor GutContainer-full\">\n        <div class=\"GutPushArticles-container\">\n            <div class=\"GutTitle Left\">\n                    <h2 class=\"GutTitle-title\">\n                                    <span class=\"GutTitle-surtitle\">vous aimerez <\/span>\n                                                        aussi\n                            <\/h2>\n                    <\/div>\n            <div class=\"GutPushArticles-inner GutPushArticles-slider\">\n                                    <div class=\"GutPushArticles-container  swiper __SwiperGutPushArticles \"  data-sliderid=\"69ef1822c0d08\" >\n                        <div class=\"GutPushArticles-list  swiper-wrapper \">\n                                                            <div class=\"GutPushArticles-wrap  swiper-slide \">\n                                                                            <picture class=\"GutPushArticles-picture\">\n                                            <img decoding=\"async\" src=\"https:\/\/www.hautesvallees.com\/content\/uploads\/sites\/2\/2025\/01\/Cascade-et-raquettes-vallee-des-Fonts-\u00a9-Thibaut-Blais-117-scaled-1-371x248.jpg\"\n                                                 alt=\"Cascade-et-raquettes-vallee-des-Fonts-\u00a9-Thibaut-Blais-117-scaled\" \/>\n                                        <\/picture>\n                                                                        <div class=\"GutPushArticles-content\">\n                                                                                    <h2 class=\"GutPushArticles-title\">Cascades de glace \u00e0 Cervi\u00e8res<\/h2>\n                                                                                                                                                                    <a class=\"Link\" href=\"https:\/\/www.hautesvallees.com\/lizoard\/que-faire\/en-hiver\/cascade-de-glace\/\">D\u00e9couvrir<\/a>\n                                                                            <\/div>\n                                <\/div>\n                                                            <div class=\"GutPushArticles-wrap  swiper-slide \">\n                                                                            <picture class=\"GutPushArticles-picture\">\n                                            <img decoding=\"async\" src=\"https:\/\/www.hautesvallees.com\/content\/uploads\/sites\/2\/2025\/01\/jairph-aT2jMKShKIs-unsplash-scaled-1-371x248.jpg\"\n                                                 alt=\"jairph-aT2jMKShKIs-unsplash-scaled\" \/>\n                                        <\/picture>\n                                                                        <div class=\"GutPushArticles-content\">\n                                                                                    <h2 class=\"GutPushArticles-title\">8 ACTIVIT\u00c9S ADR\u00c9NALINE DANS LES HAUTES VALL\u00c9ES<\/h2>\n                                                                                                                                                                    <a class=\"Link\" href=\"https:\/\/www.hautesvallees.com\/8-activites-adrenaline\/\">Lire<\/a>\n                                                                            <\/div>\n                                <\/div>\n                                                            <div class=\"GutPushArticles-wrap  swiper-slide \">\n                                                                            <picture class=\"GutPushArticles-picture\">\n                                            <img decoding=\"async\" src=\"https:\/\/www.hautesvallees.com\/content\/uploads\/sites\/2\/2025\/01\/Signal-de-la-Grave-entre-amis-34-\u00a9T.Blais_-371x248.jpg\"\n                                                 alt=\"Signal-de-la-Grave-entre-amis-34-\u00a9T.Blais_\" \/>\n                                        <\/picture>\n                                                                        <div class=\"GutPushArticles-content\">\n                                                                                    <h2 class=\"GutPushArticles-title\">UNE SEMAINE L\u2019HIVER A LA GRAVE ENTRE POTE<\/h2>\n                                                                                                                                                                    <a class=\"Link\" href=\"https:\/\/www.hautesvallees.com\/une-semaine-a-la-grave-entre-pote\/\">Lire<\/a>\n                                                                            <\/div>\n                                <\/div>\n                                                            <div class=\"GutPushArticles-wrap  swiper-slide \">\n                                                                            <picture class=\"GutPushArticles-picture\">\n                                            <img decoding=\"async\" src=\"https:\/\/www.hautesvallees.com\/content\/uploads\/sites\/2\/2025\/01\/chamois\u00a9Denis-Fiat-Parc-National-des-Ecrins-1-scaled-1-371x248.jpg\"\n                                                 alt=\"faune chamois\u00a9Denis Fiat Parc National des Ecrins (1)\" \/>\n                                        <\/picture>\n                                                                        <div class=\"GutPushArticles-content\">\n                                                                                    <h2 class=\"GutPushArticles-title\">LES GESTES \u00c9CO-RESPONSABLES EN HIVER<\/h2>\n                                                                                                                                                                    <a class=\"Link\" href=\"https:\/\/www.hautesvallees.com\/les-gestes-eco-responsables-en-hiver\/\">Lire<\/a>\n                                                                            <\/div>\n                                <\/div>\n                                                    <\/div>\n                                                    <div class=\"GutPushArticles-bullets swiper-pagination __SwiperGutPushArticles_bullets __SwiperGutPushArticles_pagination\"><\/div>\n                            <div class=\"GutPushArticles-progressbar swiper-pagination __SwiperGutPushArticles_progressbar __SwiperGutPushArticles_pagination\"><\/div>\n                                            <\/div>\n                                            <div class=\"GutPushArticles-prev swiper-button-prev __SwiperGutPushArticles_prev_69ef1822c0d08\" tabindex=\"0\" role=\"button\" aria-label=\"Previous slide\"><\/div>\n                        <div class=\"GutPushArticles-next swiper-button-next __SwiperGutPushArticles_next_69ef1822c0d08\" tabindex=\"0\" role=\"button\" aria-label=\"Next slide\"><\/div>\n                                                <\/div>\n                    <\/div>\n    <\/div>\n","protected":false},"excerpt":{"rendered":"","protected":false},"author":7,"featured_media":0,"parent":951,"menu_order":5,"comment_status":"closed","ping_status":"closed","template":"","meta":{"_acf_changed":false,"footnotes":""},"class_list":["post-958","page","type-page","status-publish","hentry"],"acf":[],"_links":{"self":[{"href":"https:\/\/www.hautesvallees.com\/la-grave\/wp-json\/wp\/v2\/pages\/958","targetHints":{"allow":["GET"]}}],"collection":[{"href":"https:\/\/www.hautesvallees.com\/la-grave\/wp-json\/wp\/v2\/pages"}],"about":[{"href":"https:\/\/www.hautesvallees.com\/la-grave\/wp-json\/wp\/v2\/types\/page"}],"author":[{"embeddable":true,"href":"https:\/\/www.hautesvallees.com\/la-grave\/wp-json\/wp\/v2\/users\/7"}],"replies":[{"embeddable":true,"href":"https:\/\/www.hautesvallees.com\/la-grave\/wp-json\/wp\/v2\/comments?post=958"}],"version-history":[{"count":5,"href":"https:\/\/www.hautesvallees.com\/la-grave\/wp-json\/wp\/v2\/pages\/958\/revisions"}],"predecessor-version":[{"id":40319,"href":"https:\/\/www.hautesvallees.com\/la-grave\/wp-json\/wp\/v2\/pages\/958\/revisions\/40319"}],"up":[{"embeddable":true,"href":"https:\/\/www.hautesvallees.com\/la-grave\/wp-json\/wp\/v2\/pages\/951"}],"wp:attachment":[{"href":"https:\/\/www.hautesvallees.com\/la-grave\/wp-json\/wp\/v2\/media?parent=958"}],"curies":[{"name":"wp","href":"https:\/\/api.w.org\/{rel}","templated":true}]}}