{"id":945,"date":"2024-01-27T10:11:31","date_gmt":"2024-01-27T09:11:31","guid":{"rendered":"https:\/\/www.hautesvallees.com\/la-grave\/?page_id=945"},"modified":"2025-02-20T10:57:22","modified_gmt":"2025-02-20T09:57:22","slug":"que-faire","status":"publish","type":"page","link":"https:\/\/www.hautesvallees.com\/la-grave\/que-faire\/","title":{"rendered":"Que faire ?"},"content":{"rendered":"<div class=\"GutText  GutContainer\">\n        <div class=\"GutText-inner\">\n            <div class=\"GutTitle Center\">\n                    <h2 class=\"GutTitle-title\">\n                                    <span class=\"GutTitle-surtitle\">Que faire<\/span>\n                                                        \u00e0 La Grave ?\n                            <\/h2>\n                    <\/div>\n                            <div class=\"GutText-intro Center\">Pour vous aider \u00e0 planifier vos vacances, vous retrouverez sur cette page l&rsquo;ensemble des activit\u00e9s propos\u00e9es sur le territoire.<\/div>\n                                        <div class=\"GutText-wysiwyg Content\">\n                    <p style=\"text-align: center;\">Vous \u00eates plut\u00f4t ski ? raquettes ? trekking ? escalade ? canyoning ? Il y en a pour tous les go\u00fbts et toutes les saisons !!!<\/p>\n<p style=\"text-align: center;\">N&rsquo;attendez plus pour d\u00e9couvrir les activit\u00e9s possible au Pays de la meije !<\/p>\n\n                <\/div>\n                    <\/div>\n    <\/div>\n\n\n<div class=\"GutPushArticles GutPushCategories  GutContainer\">\n        <div class=\"GutPushArticles-container\">\n                        <div class=\"GutPushArticles-inner \">\n                                    <div class=\"GutPushArticles-container \" >\n                        <div class=\"GutPushArticles-list \">\n                                                            <a class=\"GutPushArticles-wrap \" href=\"https:\/\/www.hautesvallees.com\/la-grave\/que-faire\/telepheriques-des-glaciers-de-la-meije\/\">\n                                                                            <picture class=\"GutPushArticles-picture\">\n                                            <img decoding=\"async\" src=\"https:\/\/www.hautesvallees.com\/content\/uploads\/sites\/2\/2025\/01\/la-grave-telepherique-hiver-freeride-39-\u00a9Thibaut-Blais-26-1-371x248.jpg\"\n                                                 alt=\"T\u00e9l\u00e9ph\u00e9riques La Grave ski en mars \u00a9T.Blais\" \/>\n                                        <\/picture>\n                                                                                                                <h2 class=\"GutPushCategories-title GutPushArticles-title\">T\u00e9l\u00e9ph\u00e9riques des Glaciers de la Meije<\/h2>\n                                                                    <\/a>\n                                                            <a class=\"GutPushArticles-wrap \" href=\"https:\/\/www.hautesvallees.com\/la-grave\/que-faire\/en-ete\/\">\n                                                                            <picture class=\"GutPushArticles-picture\">\n                                            <img decoding=\"async\" src=\"https:\/\/www.hautesvallees.com\/content\/uploads\/sites\/2\/2025\/01\/\u00a9Thibaut-Blais-42-scaled-1-371x248.jpg\"\n                                                 alt=\"\u00a9Thibaut-Blais-42-scaled\" \/>\n                                        <\/picture>\n                                                                                                                <h2 class=\"GutPushCategories-title GutPushArticles-title\">En \u00e9t\u00e9 \u00e0 La Grave<\/h2>\n                                                                    <\/a>\n                                                            <a class=\"GutPushArticles-wrap \" href=\"https:\/\/www.hautesvallees.com\/la-grave\/que-faire\/en-hiver\/\">\n                                                                            <picture class=\"GutPushArticles-picture\">\n                                            <img decoding=\"async\" src=\"https:\/\/www.hautesvallees.com\/content\/uploads\/sites\/2\/2025\/01\/la-grave-telepherique-hiver-freeride-39-\u00a9Thibaut-Blais-18-1024x683-1-371x248.webp\"\n                                                 alt=\"la-grave-telepherique-hiver-freeride-39-\u00a9Thibaut-Blais-18-1024x683-1\" \/>\n                                        <\/picture>\n                                                                                                                <h2 class=\"GutPushCategories-title GutPushArticles-title\">En hiver<\/h2>\n                                                                    <\/a>\n                                                    <\/div>\n                                            <\/div>\n                                                <\/div>\n        <\/div>\n    <\/div>\n\n\n<div class=\"GutPushArticles GutPushCategories  GutContainer\">\n        <div class=\"GutPushArticles-container\">\n                        <div class=\"GutPushArticles-inner \">\n                                    <div class=\"GutPushArticles-container \" >\n                        <div class=\"GutPushArticles-list \">\n                                                            <a class=\"GutPushArticles-wrap \" href=\"https:\/\/www.hautesvallees.com\/la-grave\/que-faire\/visite-patrimoine\/\">\n                                                                            <picture class=\"GutPushArticles-picture\">\n                                            <img decoding=\"async\" src=\"https:\/\/www.hautesvallees.com\/content\/uploads\/sites\/2\/2025\/01\/ecrins-HD-ariane-fornia-itinera-magica-9295-1-scaled-1-371x248.jpg\"\n                                                 alt=\"ecrins-HD-ariane-fornia-itinera-magica-9295 (1)\" \/>\n                                        <\/picture>\n                                                                                                                <h2 class=\"GutPushCategories-title GutPushArticles-title\">Visite &#038; patrimoine \u00e0 La Grave<\/h2>\n                                                                    <\/a>\n                                                            <a class=\"GutPushArticles-wrap \" href=\"https:\/\/www.hautesvallees.com\/la-grave\/que-faire\/detente\/\">\n                                                                            <picture class=\"GutPushArticles-picture\">\n                                            <img decoding=\"async\" src=\"https:\/\/www.hautesvallees.com\/content\/uploads\/sites\/2\/2025\/02\/Mountain-Massage-Delphine-Germain-\u00a9Sarah-Grangeon-221-scaled-1-371x248.jpg\"\n                                                 alt=\"Mountain-Massage-Delphine-Germain-\u00a9Sarah-Grangeon\" \/>\n                                        <\/picture>\n                                                                                                                <h2 class=\"GutPushCategories-title GutPushArticles-title\">D\u00e9tente \u00e0 La Grave<\/h2>\n                                                                    <\/a>\n                                                            <a class=\"GutPushArticles-wrap \" href=\"https:\/\/www.hautesvallees.com\/la-grave\/decouvrir\/idees-de-sejours\/\">\n                                                                            <picture class=\"GutPushArticles-picture\">\n                                            <img decoding=\"async\" src=\"https:\/\/www.hautesvallees.com\/content\/uploads\/sites\/2\/2025\/01\/Randonnee-parc-des-Ecrins-\u00a9-T.-Blais-5-optimise-web-1024x683-1-371x248.webp\"\n                                                 alt=\"Randonnee-parc-des-Ecrins-\u00a9-T.-Blais-5-optimise-web-1024x683\" \/>\n                                        <\/picture>\n                                                                                                                <h2 class=\"GutPushCategories-title GutPushArticles-title\">Id\u00e9es de s\u00e9jours \u00e0 La Grave<\/h2>\n                                                                    <\/a>\n                                                    <\/div>\n                                            <\/div>\n                                                <\/div>\n        <\/div>\n    <\/div>\n\n\n<div class=\"GutPeleMele  GutContainer\">\n        <div class=\"GutPeleMele-inner\">\n            <div class=\"GutTitle Center\">\n                    <h2 class=\"GutTitle-title\">\n                                    <span class=\"GutTitle-surtitle\">Vous aimerez<\/span>\n                                                        aussi\n                            <\/h2>\n                    <\/div>\n                            <div class=\"GutPeleMele-grid\">\n                                                                        <a class=\"GutPeleMele-tile\" href=\"https:\/\/www.hautesvallees.com\/la-grave\/sur-place\/\"\n                               target=\"\" title=\"Sur place\">\n                                                    <img decoding=\"async\" class=\"GutPeleMele-tile--image\" src=\"https:\/\/www.hautesvallees.com\/content\/uploads\/sites\/2\/2025\/01\/ecrins-HD-ariane-fornia-itinera-magica-9041-scaled-1.jpg\" alt=\"\">\n                            <span class=\"GutPeleMele-tile--title\">Sur place<\/span>\n                                                    <\/a>\n                                                                                                <a class=\"GutPeleMele-tile\" href=\"https:\/\/www.hautesvallees.com\/la-grave\/decouvrir\/\"\n                               target=\"\" title=\"D\u00e9couvrir\">\n                                                    <img decoding=\"async\" class=\"GutPeleMele-tile--image\" src=\"https:\/\/www.hautesvallees.com\/content\/uploads\/sites\/2\/2025\/01\/2a15c0_0c5a07f092ef4c02b755148e9eafa20fmv2.webp\" alt=\"\">\n                            <span class=\"GutPeleMele-tile--title\">D\u00e9couvrir La Grave<\/span>\n                                                    <\/a>\n                                                                                                <a class=\"GutPeleMele-tile\" href=\"https:\/\/www.hautesvallees.com\/la-grave\/se-loger\/\"\n                               target=\"\" title=\"Se loger\">\n                                                    <img decoding=\"async\" class=\"GutPeleMele-tile--image\" src=\"https:\/\/www.hautesvallees.com\/content\/uploads\/sites\/2\/2025\/01\/Trail-de-ma-meije-2022-2022-09-03-63.jpg\" alt=\"\">\n                            <span class=\"GutPeleMele-tile--title\">H\u00e9bergements<\/span>\n                                                    <\/a>\n                                                                                                <a class=\"GutPeleMele-tile\" href=\"https:\/\/www.hautesvallees.com\/la-grave\/que-faire\/\"\n                               target=\"\" title=\"Que faire ?\">\n                                                    <img decoding=\"async\" class=\"GutPeleMele-tile--image\" src=\"https:\/\/www.hautesvallees.com\/content\/uploads\/sites\/2\/2025\/01\/Trail-de-la-Meije-\u00a9-Denivele-Positif-7-optimise-web.jpg\" alt=\"\">\n                            <span class=\"GutPeleMele-tile--title\">Que faire \u00e0 La Grave ?<\/span>\n                                                    <\/a>\n                                                                                                <a class=\"GutPeleMele-tile\" href=\"https:\/\/www.hautesvallees.com\/la-grave\/agenda\/\"\n                               target=\"\" title=\"Agenda\">\n                                                    <img decoding=\"async\" class=\"GutPeleMele-tile--image\" src=\"https:\/\/www.hautesvallees.com\/content\/uploads\/sites\/2\/2025\/01\/Lautaret_Galibier_HD\u00a9AgenceKros_RemiFabregue-26.jpg\" alt=\"Col du Galibier_HD \u00a9AgenceKros Remi Fabregue\">\n                            <span class=\"GutPeleMele-tile--title\">Agenda<\/span>\n                                                    <\/a>\n                                                                                                <a class=\"GutPeleMele-tile\" href=\"https:\/\/www.hautesvallees.com\/faq\/\"\n                               target=\"\" title=\"FAQ\">\n                                                    <img decoding=\"async\" class=\"GutPeleMele-tile--image\" src=\"https:\/\/www.hautesvallees.com\/content\/uploads\/sites\/2\/2025\/01\/Rando-avec-chien-\u00a9-Laury-Chamerlat-scaled-1.jpg\" alt=\"\">\n                            <span class=\"GutPeleMele-tile--title\">FAQ<\/span>\n                                                    <\/a>\n                                                            <\/div>\n                    <\/div>\n\n    <\/div>\n","protected":false},"excerpt":{"rendered":"","protected":false},"author":7,"featured_media":1161,"parent":0,"menu_order":8,"comment_status":"closed","ping_status":"closed","template":"","meta":{"_acf_changed":false,"footnotes":""},"class_list":["post-945","page","type-page","status-publish","has-post-thumbnail","hentry"],"acf":[],"_links":{"self":[{"href":"https:\/\/www.hautesvallees.com\/la-grave\/wp-json\/wp\/v2\/pages\/945","targetHints":{"allow":["GET"]}}],"collection":[{"href":"https:\/\/www.hautesvallees.com\/la-grave\/wp-json\/wp\/v2\/pages"}],"about":[{"href":"https:\/\/www.hautesvallees.com\/la-grave\/wp-json\/wp\/v2\/types\/page"}],"author":[{"embeddable":true,"href":"https:\/\/www.hautesvallees.com\/la-grave\/wp-json\/wp\/v2\/users\/7"}],"replies":[{"embeddable":true,"href":"https:\/\/www.hautesvallees.com\/la-grave\/wp-json\/wp\/v2\/comments?post=945"}],"version-history":[{"count":6,"href":"https:\/\/www.hautesvallees.com\/la-grave\/wp-json\/wp\/v2\/pages\/945\/revisions"}],"predecessor-version":[{"id":3890,"href":"https:\/\/www.hautesvallees.com\/la-grave\/wp-json\/wp\/v2\/pages\/945\/revisions\/3890"}],"wp:featuredmedia":[{"embeddable":true,"href":"https:\/\/www.hautesvallees.com\/la-grave\/wp-json\/wp\/v2\/media\/1161"}],"wp:attachment":[{"href":"https:\/\/www.hautesvallees.com\/la-grave\/wp-json\/wp\/v2\/media?parent=945"}],"curies":[{"name":"wp","href":"https:\/\/api.w.org\/{rel}","templated":true}]}}