{"id":925,"date":"2024-01-27T10:10:28","date_gmt":"2024-01-27T09:10:28","guid":{"rendered":"https:\/\/www.hautesvallees.com\/la-grave\/?page_id=925"},"modified":"2025-02-13T09:46:12","modified_gmt":"2025-02-13T08:46:12","slug":"se-loger","status":"publish","type":"page","link":"https:\/\/www.hautesvallees.com\/la-grave\/se-loger\/","title":{"rendered":"Se loger"},"content":{"rendered":"<div class=\"GutText  GutContainer\">\n        <div class=\"GutText-inner\">\n            <div class=\"GutTitle Center\">\n                    <h2 class=\"GutTitle-title\">\n                                    <span class=\"GutTitle-surtitle\">Se loger \u00e0<\/span>\n                                                        la Grave\n                            <\/h2>\n                    <\/div>\n                            <div class=\"GutText-intro Center\">Envie de venir s\u00e9journer au Pays de la Meije ? Retrouver l&rsquo;ensemble des h\u00e9bergements \u00e0 La Grave La Meije. Il y en a pour tous les go\u00fbts !<\/div>\n                                        <div class=\"GutText-wysiwyg Content\">\n                    <p style=\"text-align: center;\">\u00c0 proximit\u00e9 du parc des Ecrins, et du Brian\u00e7onnais, trouver votre cocon id\u00e9al pour profiter pleinement et sereinement pendant vos vacances dans les Hautes-Alpes !<\/p>\n\n                <\/div>\n                    <\/div>\n    <\/div>\n\n\n<div class=\"GutPushArticles GutPushCategories  GutContainer\">\n        <div class=\"GutPushArticles-container\">\n                        <div class=\"GutPushArticles-inner \">\n                                    <div class=\"GutPushArticles-container \" >\n                        <div class=\"GutPushArticles-list \">\n                                                            <a class=\"GutPushArticles-wrap \" href=\"https:\/\/www.hautesvallees.com\/la-grave\/se-loger\/locationsdevacanceslagrave\/\">\n                                                                            <picture class=\"GutPushArticles-picture\">\n                                            <img decoding=\"async\" src=\"https:\/\/www.hautesvallees.com\/content\/uploads\/sites\/2\/2025\/01\/18788511_apidae-sheet-gallery-full-371x248.jpg\"\n                                                 alt=\"18788511_apidae-sheet-gallery-full\" \/>\n                                        <\/picture>\n                                                                                                                <h2 class=\"GutPushCategories-title GutPushArticles-title\">Locations de vacances \u00e0 La Grave<\/h2>\n                                                                    <\/a>\n                                                            <a class=\"GutPushArticles-wrap \" href=\"https:\/\/www.hautesvallees.com\/la-grave\/se-loger\/chambres-dhotes\/\">\n                                                                            <picture class=\"GutPushArticles-picture\">\n                                            <img decoding=\"async\" src=\"https:\/\/www.hautesvallees.com\/content\/uploads\/sites\/2\/2025\/01\/20109101_apidae-sheet-gallery-full-371x248.jpg\"\n                                                 alt=\"20109101_apidae-sheet-gallery-full\" \/>\n                                        <\/picture>\n                                                                                                                <h2 class=\"GutPushCategories-title GutPushArticles-title\">Chambres d\u2019h\u00f4tes<\/h2>\n                                                                    <\/a>\n                                                            <a class=\"GutPushArticles-wrap \" href=\"https:\/\/www.hautesvallees.com\/la-grave\/se-loger\/gites-detape-auberges\/\">\n                                                                            <picture class=\"GutPushArticles-picture\">\n                                            <img decoding=\"async\" src=\"https:\/\/www.hautesvallees.com\/content\/uploads\/sites\/2\/2025\/01\/ecrins-HD-ariane-fornia-itinera-magica-9092-scaled-1-371x248.jpg\"\n                                                 alt=\"ecrins-HD-ariane-fornia-itinera-magica-9092-scaled\" \/>\n                                        <\/picture>\n                                                                                                                <h2 class=\"GutPushCategories-title GutPushArticles-title\">Gites d\u2019\u00e9tape &amp; gestion libre<\/h2>\n                                                                    <\/a>\n                                                    <\/div>\n                                            <\/div>\n                                                <\/div>\n        <\/div>\n    <\/div>\n\n\n<div class=\"GutPushArticles GutPushCategories  GutContainer\">\n        <div class=\"GutPushArticles-container\">\n                        <div class=\"GutPushArticles-inner \">\n                                    <div class=\"GutPushArticles-container \" >\n                        <div class=\"GutPushArticles-list \">\n                                                            <a class=\"GutPushArticles-wrap \" href=\"https:\/\/www.hautesvallees.com\/la-grave\/se-loger\/refuges\/\">\n                                                                            <picture class=\"GutPushArticles-picture\">\n                                            <img decoding=\"async\" src=\"https:\/\/www.hautesvallees.com\/content\/uploads\/sites\/2\/2025\/01\/tour-de-la-meije-en-ski-alpinisme-et-refuges-99-scaled-1-371x248.jpg\"\n                                                 alt=\"tour-de-la-meije-en-ski-alpinisme-et-refuges-99-scaled\" \/>\n                                        <\/picture>\n                                                                                                                <h2 class=\"GutPushCategories-title GutPushArticles-title\">Refuges \u00e0 La Grave<\/h2>\n                                                                    <\/a>\n                                                            <a class=\"GutPushArticles-wrap \" href=\"https:\/\/www.hautesvallees.com\/la-grave\/se-loger\/hotels\/\">\n                                                                            <picture class=\"GutPushArticles-picture\">\n                                            <img decoding=\"async\" src=\"https:\/\/www.hautesvallees.com\/content\/uploads\/sites\/2\/2025\/01\/14412891_apidae-sheet-gallery-full-371x248.jpg\"\n                                                 alt=\"14412891_apidae-sheet-gallery-full\" \/>\n                                        <\/picture>\n                                                                                                                <h2 class=\"GutPushCategories-title GutPushArticles-title\">H\u00f4tels \u00e0 La Grave<\/h2>\n                                                                    <\/a>\n                                                            <a class=\"GutPushArticles-wrap \" href=\"https:\/\/www.hautesvallees.com\/la-grave\/se-loger\/campings\/\">\n                                                                            <picture class=\"GutPushArticles-picture\">\n                                            <img decoding=\"async\" src=\"https:\/\/www.hautesvallees.com\/content\/uploads\/sites\/2\/2025\/01\/img_5427.jpg-371x248.webp\"\n                                                 alt=\"img_5427.jpg\" \/>\n                                        <\/picture>\n                                                                                                                <h2 class=\"GutPushCategories-title GutPushArticles-title\">Campings<\/h2>\n                                                                    <\/a>\n                                                    <\/div>\n                                            <\/div>\n                                                <\/div>\n        <\/div>\n    <\/div>\n\n\n<div class=\"GutImage  GutContainer-full\">\n        <div class=\"GutImage-container\">\n                        \n                            <picture class=\"GutImage-pic\">\n                    <source srcset=\"https:\/\/www.hautesvallees.com\/content\/uploads\/sites\/2\/2025\/01\/Les-hieres-en-automne-\u00a9Itinera-Magica-scaled-1-768x360.jpg\" media=\"(max-width: 768px)\">\n                    <source srcset=\"https:\/\/www.hautesvallees.com\/content\/uploads\/sites\/2\/2025\/01\/Les-hieres-en-automne-\u00a9Itinera-Magica-scaled-1-992x465.jpg\" media=\"(max-width: 992px)\">\n                    <source srcset=\"https:\/\/www.hautesvallees.com\/content\/uploads\/sites\/2\/2025\/01\/Les-hieres-en-automne-\u00a9Itinera-Magica-scaled-1-1920x900.jpg\" media=\"(min-width: 993px)\">\n                    <img decoding=\"async\" class=\"GutImage-img\" src=\"https:\/\/www.hautesvallees.com\/content\/uploads\/sites\/2\/2025\/01\/Les-hieres-en-automne-\u00a9Itinera-Magica-scaled-1-1920x900.jpg\" alt=\"Les-hieres-en-automne-\u00a9Itinera-Magica-scaled\" \/>\n                <\/picture>\n                                        <div class=\"GutImage-creditphoto\">\n                    Itinera Magica\n                <\/div>\n                    <\/div>\n    <\/div>\n\n\n<div class=\"GutPeleMele  GutContainer\">\n        <div class=\"GutPeleMele-inner\">\n            <div class=\"GutTitle Center\">\n                    <h2 class=\"GutTitle-title\">\n                                    <span class=\"GutTitle-surtitle\">Vous aimerez<\/span>\n                                                        aussi\n                            <\/h2>\n                    <\/div>\n                            <div class=\"GutPeleMele-grid\">\n                                                                        <a class=\"GutPeleMele-tile\" href=\"https:\/\/www.hautesvallees.com\/la-grave\/sur-place\/\"\n                               target=\"\" title=\"Sur place\">\n                                                    <img decoding=\"async\" class=\"GutPeleMele-tile--image\" src=\"https:\/\/www.hautesvallees.com\/content\/uploads\/sites\/2\/2025\/01\/girl-4181395_1280.jpg\" alt=\"Commerces et services izoard\">\n                            <span class=\"GutPeleMele-tile--title\">Sur place<\/span>\n                                                    <\/a>\n                                                                                                <a class=\"GutPeleMele-tile\" href=\"https:\/\/www.hautesvallees.com\/la-grave\/decouvrir\/\"\n                               target=\"\" title=\"D\u00e9couvrir\">\n                                                    <img decoding=\"async\" class=\"GutPeleMele-tile--image\" src=\"https:\/\/www.hautesvallees.com\/content\/uploads\/sites\/2\/2025\/01\/Pic-de-La-Grave-Alpi-estivale-\u00a9T.Blais-7-scaled-1.jpg\" alt=\"\">\n                            <span class=\"GutPeleMele-tile--title\">D\u00e9couvrir<\/span>\n                                                    <\/a>\n                                                                                                <a class=\"GutPeleMele-tile\" href=\"https:\/\/www.hautesvallees.com\/la-grave\/que-faire\/\"\n                               target=\"\" title=\"Que faire ?\">\n                                                    <img decoding=\"async\" class=\"GutPeleMele-tile--image\" src=\"https:\/\/www.hautesvallees.com\/content\/uploads\/sites\/2\/2025\/01\/Cascade-de-glace-La-Grave-\u00a9-Thibaut-Blais-31-optimise-web.jpg\" alt=\"\">\n                            <span class=\"GutPeleMele-tile--title\">Que faire ?<\/span>\n                                                    <\/a>\n                                                                                                <a class=\"GutPeleMele-tile\" href=\"https:\/\/www.hautesvallees.com\/la-grave\/agenda\/\"\n                               target=\"\" title=\"Agenda\">\n                                                    <img decoding=\"async\" class=\"GutPeleMele-tile--image\" src=\"https:\/\/www.hautesvallees.com\/content\/uploads\/sites\/2\/2025\/01\/Les-Transhumenfete-2023-photo-Patrick-DOMEYNE-2022_21-scaled-1.jpg\" alt=\"\">\n                            <span class=\"GutPeleMele-tile--title\">Agenda<\/span>\n                                                    <\/a>\n                                                                                                <a class=\"GutPeleMele-tile\" href=\"https:\/\/www.hautesvallees.com\/la-grave\/inspirez-vous\/\"\n                               target=\"\" title=\"Inspirez-vous\">\n                                                    <img decoding=\"async\" class=\"GutPeleMele-tile--image\" src=\"https:\/\/www.hautesvallees.com\/content\/uploads\/sites\/2\/2025\/01\/Le-rateau-alpinisme-estival-\u00a9T.Blais-28-scaled-1.jpg\" alt=\"\">\n                            <span class=\"GutPeleMele-tile--title\">Inspirez-vous<\/span>\n                                                    <\/a>\n                                                                                                <a class=\"GutPeleMele-tile\" href=\"https:\/\/www.hautesvallees.com\/faq\/\"\n                               target=\"\" title=\"FAQ\">\n                                                    <img decoding=\"async\" class=\"GutPeleMele-tile--image\" src=\"https:\/\/www.hautesvallees.com\/content\/uploads\/sites\/2\/2025\/01\/Le-sentier-des-crevasses-arsine-en-famille-43-scaled-1.jpg\" alt=\"Le-sentier-des-crevasses-arsine-en-famille- \u00a9T. Blais\">\n                            <span class=\"GutPeleMele-tile--title\">FAQ<\/span>\n                                                    <\/a>\n                                                            <\/div>\n                    <\/div>\n\n    <\/div>\n","protected":false},"excerpt":{"rendered":"","protected":false},"author":5,"featured_media":1211,"parent":0,"menu_order":7,"comment_status":"closed","ping_status":"closed","template":"","meta":{"_acf_changed":false,"footnotes":""},"class_list":["post-925","page","type-page","status-publish","has-post-thumbnail","hentry"],"acf":[],"_links":{"self":[{"href":"https:\/\/www.hautesvallees.com\/la-grave\/wp-json\/wp\/v2\/pages\/925","targetHints":{"allow":["GET"]}}],"collection":[{"href":"https:\/\/www.hautesvallees.com\/la-grave\/wp-json\/wp\/v2\/pages"}],"about":[{"href":"https:\/\/www.hautesvallees.com\/la-grave\/wp-json\/wp\/v2\/types\/page"}],"author":[{"embeddable":true,"href":"https:\/\/www.hautesvallees.com\/la-grave\/wp-json\/wp\/v2\/users\/5"}],"replies":[{"embeddable":true,"href":"https:\/\/www.hautesvallees.com\/la-grave\/wp-json\/wp\/v2\/comments?post=925"}],"version-history":[{"count":4,"href":"https:\/\/www.hautesvallees.com\/la-grave\/wp-json\/wp\/v2\/pages\/925\/revisions"}],"predecessor-version":[{"id":2849,"href":"https:\/\/www.hautesvallees.com\/la-grave\/wp-json\/wp\/v2\/pages\/925\/revisions\/2849"}],"wp:featuredmedia":[{"embeddable":true,"href":"https:\/\/www.hautesvallees.com\/la-grave\/wp-json\/wp\/v2\/media\/1211"}],"wp:attachment":[{"href":"https:\/\/www.hautesvallees.com\/la-grave\/wp-json\/wp\/v2\/media?parent=925"}],"curies":[{"name":"wp","href":"https:\/\/api.w.org\/{rel}","templated":true}]}}