{"id":1036,"date":"2025-01-22T10:22:30","date_gmt":"2025-01-22T09:22:30","guid":{"rendered":"https:\/\/www.hautesvallees.com\/la-grave\/?page_id=1036"},"modified":"2025-02-20T14:53:32","modified_gmt":"2025-02-20T13:53:32","slug":"vtt-au-telepherique","status":"publish","type":"page","link":"https:\/\/www.hautesvallees.com\/la-grave\/que-faire\/en-ete\/vtt\/vtt-au-telepherique\/","title":{"rendered":"VTT au T\u00e9l\u00e9ph\u00e9rique de La Grave"},"content":{"rendered":"<div class=\"GutText  GutContainer\">\n        <div class=\"GutText-inner\">\n            <div class=\"GutTitle Center\">\n                    <h2 class=\"GutTitle-title\">\n                                    <span class=\"GutTitle-surtitle\">descente<\/span>\n                                                        sauvage\n                            <\/h2>\n                    <\/div>\n                            <div class=\"GutText-intro Center\">Au t\u00e9l\u00e9ph\u00e9rique de La Grave-La Meije, comme pour le ski l\u2019hiver, l\u2019am\u00e9nagement VTT est du strict minimum et les descentes sont \u00e0 la fois techniques et physiquement exigeantes.<\/div>\n                                        <div class=\"GutText-wysiwyg Content\">\n                    <div class=\"GutText-intro Center\" style=\"text-align: center;\">\n<p>Le secteur accessible en t\u00e9l\u00e9ph\u00e9rique vous propose du VTT typ\u00e9 enduro\/freeride muscl\u00e9 sur 1800 m de d\u00e9nivel\u00e9.<\/p>\n<p><strong>Bref, \u00e9t\u00e9 comme hiver, La Grave c\u2019est freeride !\u00a0<\/strong><\/p>\n<p>&nbsp;<\/p>\n<\/div>\n\n                <\/div>\n                    <\/div>\n    <\/div>\n\n\n<div class=\"GutImage  GutContainer-full\">\n        <div class=\"GutImage-container\">\n                        \n                            <picture class=\"GutImage-pic\">\n                    <source srcset=\"https:\/\/www.hautesvallees.com\/content\/uploads\/sites\/2\/2025\/01\/\u00a9Thibaut-Blais-9-scaled-1-768x360.jpg\" media=\"(max-width: 768px)\">\n                    <source srcset=\"https:\/\/www.hautesvallees.com\/content\/uploads\/sites\/2\/2025\/01\/\u00a9Thibaut-Blais-9-scaled-1-992x465.jpg\" media=\"(max-width: 992px)\">\n                    <source srcset=\"https:\/\/www.hautesvallees.com\/content\/uploads\/sites\/2\/2025\/01\/\u00a9Thibaut-Blais-9-scaled-1-1920x900.jpg\" media=\"(min-width: 993px)\">\n                    <img decoding=\"async\" class=\"GutImage-img\" src=\"https:\/\/www.hautesvallees.com\/content\/uploads\/sites\/2\/2025\/01\/\u00a9Thibaut-Blais-9-scaled-1-1920x900.jpg\" alt=\"\u00a9Thibaut-Blais-9-scaled\" \/>\n                <\/picture>\n                                        <div class=\"GutImage-creditphoto\">\n                    \u00a9T. Blais \n                <\/div>\n                    <\/div>\n    <\/div>\n\n\n<div class=\"GutCol2  GutContainer\">\n        <div class=\"GutCol2-container\">\n\n            <div class=\"GutTitle Left\">\n                    <h2 class=\"GutTitle-title\">\n                                    <span class=\"GutTitle-surtitle\">DES PARCOURS VTT<\/span>\n                                                        EXIGEANTS\n                            <\/h2>\n                    <\/div>\n\n                                                                                                                                        <div class=\"GutCol2-wrap GutCol2-blocImage Left\">\n                                    <picture class=\"GutCol2-picture\">\n                                        <img decoding=\"async\" src=\"https:\/\/www.hautesvallees.com\/content\/uploads\/sites\/2\/2025\/01\/\u00a9Thibaut-Blais-27-scaled-1-510x710.jpg\"\n                                             alt=\"\u00a9Thibaut-Blais-27-scaled\" \/>\n                                    <\/picture>\n                                                                            <span class=\"GutCol2-credit\">\u00a9 T. Blais<\/span>\n                                                                    <\/div>\n                                                                                                                                                    <div class=\"GutCol2-wrap GutCol2-blocTexte Right\">\n                                <div class=\"GutCol2-blocTexte--inner\">\n                                                                                                                <div class=\"GutCol2-intro\">Ce ne sont pas des pistes de Bike Park mais des sentiers de montagne, de vrais parcours de terrain vari\u00e9s, quelque peu cassants au d\u00e9part dans les cailloux, fluides et rapides dans la for\u00eat.<\/div>\n                                                                                                                <div class=\"GutCol2-text Content\">\n                                            <p>Le plus long, la King Stone Road, d\u00e9marre \u00e0 c\u00f4t\u00e9 du glacier et les 1800 m de d\u00e9nivel\u00e9 offrent litt\u00e9ralement tout : du min\u00e9ral, de la neige en d\u00e9but de saison, des passages tr\u00e8s techniques en haut et plus roulants vers le bas.<\/p>\n<p>Cinq autres itin\u00e9raires VTT au t\u00e9l\u00e9ph\u00e9rique de La Grave d\u00e9marrent de la gare interm\u00e9diaire \u00e0 2 400 m, entre les moraines au pied de la Meije et le m\u00e9l\u00e9zin, pour un freinage final sur le pont de la Romanche \u00e0 1450 m. Tous ces trac\u00e9s VTT ont \u00e9t\u00e9 fa\u00e7onn\u00e9s par les rideurs locaux.<\/p>\n<ul>\n<li>Niveau technique &amp; physique\u00a0: noir<\/li>\n<li><a href=\"https:\/\/www.hautesvallees.com\/la-grave\/que-faire\/telepheriques-des-glaciers-de-la-meije\/\">Les t\u00e9l\u00e9ph\u00e9riques des Glaciers de la Meije<\/a> sont ouverts de mi-juin \u00e0 mi-septembre. L\u2019ouverture aux v\u00e9t\u00e9tistes d\u00e9pend de l\u2019enneigement et les pistes partant de 3200m d\u2019altitude ouvrent g\u00e9n\u00e9ralement fin-juillet.<\/li>\n<\/ul>\n\n                                        <\/div>\n                                                                    <\/div>\n                            <\/div>\n                                                                <\/div>\n    <\/div>\n\n\n<div class=\"GutCol2  GutContainer\">\n        <div class=\"GutCol2-container\">\n\n            <div class=\"GutTitle Left\">\n                    <h2 class=\"GutTitle-title\">\n                                    <span class=\"GutTitle-surtitle\">RESTER <\/span>\n                                                        CONCENTR\u00c9\n                            <\/h2>\n                    <\/div>\n\n                                                                                                        <div class=\"GutCol2-wrap GutCol2-blocTexte Left\">\n                                <div class=\"GutCol2-blocTexte--inner\">\n                                                                                                                                                    <div class=\"GutCol2-text Content\">\n                                            <p>Ici, pas de piste VTT s\u00e9curis\u00e9e ou de notion de niveau (vert, bleu\u2026), <strong>tout est relativement technique et physique<\/strong>. Il vaut mieux avoir une\u00a0<strong>bonne exp\u00e9rience<\/strong>\u00a0du VTT en montagne et\u00a0<strong>\u00eatre en forme<\/strong>\u00a0le jour J. Il n\u2019y a pas de r\u00e9pit du d\u00e9part \u00e0 l\u2019arriv\u00e9e, il faut \u00eatre concentr\u00e9 sur son pilotage.<br \/>\nNiveau mat\u00e9riel, optez plut\u00f4t pour un\u00a0<strong>VTT d\u2019enduro robuste ou un DH.<\/strong><\/p>\n<p>Ces sentiers taill\u00e9s par des v\u00e9t\u00e9tistes pour des v\u00e9t\u00e9tistes\u00a0<strong>alternent\u00a0entre singles techniques<\/strong>,\u00a0taill\u00e9s \u00ab\u00a0\u00e0 la sauvage\u00a0\u00bb, et\u00a0<strong>passages ludiques<\/strong>\u00a0\u00e0 base de virages relev\u00e9s et de sauts.<\/p>\n<p>Pour vous \u00e9chauffer, pr\u00e9f\u00e9rez les itin\u00e9raires plus typ\u00e9 \u00ab\u00a0Bike Park\u00a0\u00bb :\u00a0<strong>Avag One<\/strong>,\u00a0<strong>Desoutter<\/strong>\u00a0ou\u00a0<strong>Cote Fine<\/strong>.<br \/>\nLes autres itin\u00e9raires sont plut\u00f4t typ\u00e9s single :\u00a0<strong>Chavala<\/strong>,\u00a0<strong>Vallons<\/strong>\u00a0et la fameuse\u00a0<strong>King Stone Road<\/strong>\u00a0partent de la gare de Ruillans (3200\u00a0m) pour 1800\u00a0m de descente muscl\u00e9e !<\/p>\n<p>&nbsp;<\/p>\n<p style=\"text-align: center;\"><a class=\"Button-primary\" href=\"https:\/\/www.bike-oisans.com\/wp-content\/uploads\/2022\/07\/plan-vtt-lagrave-2022.pdf\" target=\"_blank\" rel=\"noopener\">Plan des itin\u00e9raires VTT au t\u00e9l\u00e9ph\u00e9rique de La Grave<\/a><\/p>\n\n                                        <\/div>\n                                                                    <\/div>\n                            <\/div>\n                                                                                                                                                        <div class=\"GutCol2-wrap GutCol2-video Right __video_parent\">\n                                                                                                                <picture class=\"GutCol2-picture __video_open\">\n                                            <img decoding=\"async\" class=\"GutCol2-img\"\n                                                 src=\"https:\/\/www.hautesvallees.com\/content\/uploads\/sites\/2\/2025\/02\/\u00a9Thibaut-Blais-2-510x710.jpg\"\n                                                 alt=\"VTT t\u00e9l\u00e9ph\u00e9rique \u00a9Thibaut Blais (2)\" \/>\n                                        <\/picture>\n                                                                                                                <div class=\"GutCol2-videoOut __video_out\">\n                                            <iframe class='Video' width='1920' height='1080' src='https:\/\/youtube.com\/embed\/LD54bXb45Qw?&#038;rel=0' frameborder='0' controls='0' allow='accelerometer; encrypted-media; gyroscope; picture-in-picture' allowfullscreen><\/iframe>\n                                        <\/div>\n                                                                    <\/div>\n                                                                                            <\/div>\n    <\/div>\n\n\n\n\n\n\n<div class=\"GutPushArticles BgColor GutContainer\">\n        <div class=\"GutPushArticles-container\">\n            <div class=\"GutTitle Left\">\n                    <h2 class=\"GutTitle-title\">\n                                    <span class=\"GutTitle-surtitle\">vous aimerez<\/span>\n                                                        aussi\n                            <\/h2>\n                    <\/div>\n            <div class=\"GutPushArticles-inner \">\n                                    <div class=\"GutPushArticles-container \" >\n                        <div class=\"GutPushArticles-list \">\n                                                            <div class=\"GutPushArticles-wrap \">\n                                                                            <picture class=\"GutPushArticles-picture\">\n                                            <img decoding=\"async\" src=\"https:\/\/www.hautesvallees.com\/content\/uploads\/sites\/2\/2025\/01\/PHOTO-2023-08-06-21-14-45-7-371x248.jpg\"\n                                                 alt=\"PHOTO-2023-08-06-21-14-45-7\" \/>\n                                        <\/picture>\n                                                                        <div class=\"GutPushArticles-content\">\n                                                                                    <h2 class=\"GutPushArticles-title\">VTT au Pays de la Meije<\/h2>\n                                                                                                                                                                    <a class=\"Link\" href=\"https:\/\/www.hautesvallees.com\/la-grave\/que-faire\/en-ete\/vtt\/\">D\u00e9couvrir<\/a>\n                                                                            <\/div>\n                                <\/div>\n                                                            <div class=\"GutPushArticles-wrap \">\n                                                                            <picture class=\"GutPushArticles-picture\">\n                                            <img decoding=\"async\" src=\"https:\/\/www.hautesvallees.com\/content\/uploads\/sites\/2\/2025\/01\/la-grave-telepherique-hiver-freeride-39-\u00a9Thibaut-Blais-8-scaled-1-371x248.jpg\"\n                                                 alt=\"la grave t\u00e9l\u00e9ph\u00e9rique hiver\" \/>\n                                        <\/picture>\n                                                                        <div class=\"GutPushArticles-content\">\n                                                                                    <h2 class=\"GutPushArticles-title\">Freeride<\/h2>\n                                                                                                                                                                    <a class=\"Link\" href=\"https:\/\/www.hautesvallees.com\/la-grave\/que-faire\/en-hiver\/freeride\/\">D\u00e9couvrir<\/a>\n                                                                            <\/div>\n                                <\/div>\n                                                            <div class=\"GutPushArticles-wrap \">\n                                                                            <picture class=\"GutPushArticles-picture\">\n                                            <img decoding=\"async\" src=\"https:\/\/www.hautesvallees.com\/content\/uploads\/sites\/2\/2025\/01\/IMG_9303-scaled-1-371x248.jpg\"\n                                                 alt=\"Escalade Fr\u00e9aux \u00a9C.Jouffrey\" \/>\n                                        <\/picture>\n                                                                        <div class=\"GutPushArticles-content\">\n                                                                                    <h2 class=\"GutPushArticles-title\">Escalade et Via ferrata <\/h2>\n                                                                                                                                                                    <a class=\"Link\" href=\"https:\/\/www.hautesvallees.com\/la-grave\/que-faire\/en-ete\/escalade-via-ferrata\/\">D\u00e9couvrir<\/a>\n                                                                            <\/div>\n                                <\/div>\n                                                    <\/div>\n                                            <\/div>\n                                                <\/div>\n                    <\/div>\n    <\/div>\n","protected":false},"excerpt":{"rendered":"","protected":false},"author":7,"featured_media":1079,"parent":996,"menu_order":0,"comment_status":"closed","ping_status":"closed","template":"","meta":{"_acf_changed":false,"footnotes":""},"class_list":["post-1036","page","type-page","status-publish","has-post-thumbnail","hentry"],"acf":[],"_links":{"self":[{"href":"https:\/\/www.hautesvallees.com\/la-grave\/wp-json\/wp\/v2\/pages\/1036","targetHints":{"allow":["GET"]}}],"collection":[{"href":"https:\/\/www.hautesvallees.com\/la-grave\/wp-json\/wp\/v2\/pages"}],"about":[{"href":"https:\/\/www.hautesvallees.com\/la-grave\/wp-json\/wp\/v2\/types\/page"}],"author":[{"embeddable":true,"href":"https:\/\/www.hautesvallees.com\/la-grave\/wp-json\/wp\/v2\/users\/7"}],"replies":[{"embeddable":true,"href":"https:\/\/www.hautesvallees.com\/la-grave\/wp-json\/wp\/v2\/comments?post=1036"}],"version-history":[{"count":3,"href":"https:\/\/www.hautesvallees.com\/la-grave\/wp-json\/wp\/v2\/pages\/1036\/revisions"}],"predecessor-version":[{"id":3939,"href":"https:\/\/www.hautesvallees.com\/la-grave\/wp-json\/wp\/v2\/pages\/1036\/revisions\/3939"}],"up":[{"embeddable":true,"href":"https:\/\/www.hautesvallees.com\/la-grave\/wp-json\/wp\/v2\/pages\/996"}],"wp:featuredmedia":[{"embeddable":true,"href":"https:\/\/www.hautesvallees.com\/la-grave\/wp-json\/wp\/v2\/media\/1079"}],"wp:attachment":[{"href":"https:\/\/www.hautesvallees.com\/la-grave\/wp-json\/wp\/v2\/media?parent=1036"}],"curies":[{"name":"wp","href":"https:\/\/api.w.org\/{rel}","templated":true}]}}