{"id":1022,"date":"2025-01-22T10:18:47","date_gmt":"2025-01-22T09:18:47","guid":{"rendered":"https:\/\/www.hautesvallees.com\/la-grave\/?page_id=1022"},"modified":"2025-02-20T12:01:44","modified_gmt":"2025-02-20T11:01:44","slug":"randonnees-au-telepherique","status":"publish","type":"page","link":"https:\/\/www.hautesvallees.com\/la-grave\/que-faire\/en-ete\/randonnees\/randonnees-au-telepherique\/","title":{"rendered":"Les randonn\u00e9es au T\u00e9l\u00e9ph\u00e9rique"},"content":{"rendered":"<div class=\"GutText  GutContainer\">\n        <div class=\"GutText-inner\">\n            <div class=\"GutTitle Center\">\n                    <h2 class=\"GutTitle-title\">\n                                    <span class=\"GutTitle-surtitle\">Un coup de pouce<\/span>\n                                                        vers les sommets\n                            <\/h2>\n                    <\/div>\n                                        <div class=\"GutText-wysiwyg Content\">\n                    <p style=\"text-align: center;\">On accepte volontiers cette aide pour se rapprocher des glaciers et de leurs neiges \u00e9ternelles pour des randonn\u00e9es au t\u00e9l\u00e9ph\u00e9rique de La Grave.<\/p>\n<p style=\"text-align: center;\"><em><strong>Pensez \u00e0 prendre de quoi vous rhabiller en haut, les temp\u00e9ratures chutent avec l&rsquo;altitude et m\u00eame si il fait bon en bas, l&rsquo;air est plus frais une fois au sommet.<\/strong><\/em><\/p>\n<p>&nbsp;<\/p>\n\n                <\/div>\n                    <\/div>\n    <\/div>\n\n\n<div class=\"GutImage  GutContainer-full\">\n        <div class=\"GutImage-container\">\n                        \n                            <picture class=\"GutImage-pic\">\n                    <source srcset=\"https:\/\/www.hautesvallees.com\/content\/uploads\/sites\/2\/2025\/01\/la-grave-alpesphotographies.com-95-1-768x360.jpg\" media=\"(max-width: 768px)\">\n                    <source srcset=\"https:\/\/www.hautesvallees.com\/content\/uploads\/sites\/2\/2025\/01\/la-grave-alpesphotographies.com-95-1-992x465.jpg\" media=\"(max-width: 992px)\">\n                    <source srcset=\"https:\/\/www.hautesvallees.com\/content\/uploads\/sites\/2\/2025\/01\/la-grave-alpesphotographies.com-95-1-1600x900.jpg\" media=\"(min-width: 993px)\">\n                    <img decoding=\"async\" class=\"GutImage-img\" src=\"https:\/\/www.hautesvallees.com\/content\/uploads\/sites\/2\/2025\/01\/la-grave-alpesphotographies.com-95-1-1600x900.jpg\" alt=\"La Grave - Villages d&#039;alpinisme\" \/>\n                <\/picture>\n                                        <div class=\"GutImage-creditphoto\">\n                    \u00a9Alpes Photographies\n                <\/div>\n                    <\/div>\n    <\/div>\n\n\n<div class=\"GutCol2  GutContainer\">\n        <div class=\"GutCol2-container\">\n\n            \n                                                                                                        <div class=\"GutCol2-wrap GutCol2-blocTexte Left\">\n                                <div class=\"GutCol2-blocTexte--inner\">\n                                                                            <div class=\"GutTitle Left\">\n                    <h2 class=\"GutTitle-title\">\n                                                        quand le trajet\n                            <\/h2>\n                            <span class=\"GutTitle-subtitle\">fait parti du voyage<\/span>\n            <\/div>\n                                                                                                                <div class=\"GutCol2-intro\">Embarquez dans les cabines mythiques des t\u00e9l\u00e9ph\u00e9riques de La Grave-la Meije. <\/div>\n                                                                                                                <div class=\"GutCol2-text Content\">\n                                            <p>En quelques secondes, on s&rsquo;\u00e9l\u00e8ve au-dessus du village, de la for\u00eat, des moraines et des glaciers. Les t\u00e9l\u00e9ph\u00e9riques roulent tranquillement vers les sommets et le d\u00e9cor qui s&rsquo;offre \u00e0 nous \u00e9volue au cours de l&rsquo;ascension pour se rapprocher de la haute montagne.<\/p>\n<p style=\"text-align: center;\"><a class=\"Button-primary\" href=\"https:\/\/www.hautesvallees.com\/la-grave\/que-faire\/telepheriques-des-glaciers-de-la-meije\/\">D\u00e9couvrir les T\u00e9l\u00e9ph\u00e9riques des glaciers de la Meije<\/a><\/p>\n\n                                        <\/div>\n                                                                    <\/div>\n                            <\/div>\n                                                                                                                                                        <div class=\"GutCol2-wrap GutCol2-blocImage Right\">\n                                    <picture class=\"GutCol2-picture\">\n                                        <img decoding=\"async\" src=\"https:\/\/www.hautesvallees.com\/content\/uploads\/sites\/2\/2025\/01\/AUR_3263-scaled-1-664x480.jpg\"\n                                             alt=\"AUR_3263-scaled\" \/>\n                                    <\/picture>\n                                                                            <span class=\"GutCol2-credit\">\u00a9 Aurelien PAPA<\/span>\n                                                                    <\/div>\n                                                                                            <\/div>\n    <\/div>\n\n\n<div class=\"GutCol2  GutContainer\">\n        <div class=\"GutCol2-container\">\n\n            <div class=\"GutTitle Left\">\n                    <h2 class=\"GutTitle-title\">\n                                    <span class=\"GutTitle-surtitle\">Bienvenue <\/span>\n                                                        \u00e0 2400m\n                            <\/h2>\n                    <\/div>\n\n                                                                                                                                        <div class=\"GutCol2-wrap GutCol2-blocImage Left\">\n                                    <picture class=\"GutCol2-picture\">\n                                        <img decoding=\"async\" src=\"https:\/\/www.hautesvallees.com\/content\/uploads\/sites\/2\/2025\/01\/La-Grave-_-alpesphotographies.com-44-1-664x480.jpg\"\n                                             alt=\"La-Grave-_-alpesphotographies.com-44-1\" \/>\n                                    <\/picture>\n                                                                            <span class=\"GutCol2-credit\">\u00a9 Alpes Photographies<\/span>\n                                                                    <\/div>\n                                                                                                                                                    <div class=\"GutCol2-wrap GutCol2-blocTexte Right\">\n                                <div class=\"GutCol2-blocTexte--inner\">\n                                                                            <div class=\"GutTitle Left\">\n                            <span class=\"GutTitle-subtitle\">1er tron\u00e7on &#8211; Face \u00e0 la Meije<\/span>\n            <\/div>\n                                                                                                                                                    <div class=\"GutCol2-text Content\">\n                                            <p>2400m, c&rsquo;est le premier tron\u00e7on des t\u00e9l\u00e9ph\u00e9riques de La Grave, le d\u00e9part des nombreuses randonn\u00e9es aux t\u00e9l\u00e9ph\u00e9riques.<\/p>\n<p>Mais vous trouverez aussi la terrasse avec le plus beau panorama&#8230; Sur La Meije, bien s\u00fbr !<br \/>\nVous pourrez profiter en famille, de l&rsquo;air de jeux ou la petite boucle p\u00e9dagogique pour vous mettre en jambe.<\/p>\n\n                                        <\/div>\n                                                                    <\/div>\n                            <\/div>\n                                                                <\/div>\n    <\/div>\n\n\n<div class=\"GutInformations  GutContainer\">\n        <div class=\"GutInformations-container\">\n\n            <div class=\"GutTitle Left\">\n                    <h2 class=\"GutTitle-title\">\n                                    <span class=\"GutTitle-surtitle\">Toutes les <\/span>\n                                                        randonn\u00e9es aux t\u00e9l\u00e9ph\u00e9riques \n                            <\/h2>\n                    <\/div>\n\n            <div class=\"GutInformations-list\">\n                                    <div class=\"GutInformations-wrap\">\n                                                                                    <picture class=\"GutInformations-picture\">\n                                    <img decoding=\"async\" src=\"https:\/\/www.hautesvallees.com\/content\/uploads\/sites\/2\/2025\/01\/La-Grave-_-alpesphotographies.com-36-1-250x250.jpg\" alt=\"Lac de Puy Vachier\" \/>\n                                <\/picture>\n                                                                                                        <p class=\"GutInformations-title\">\n                                Le lac de Puy Vachier \n                            <\/p>\n                                                                            <p class=\"GutInformations-text\">\n                                Depuis la gare interm\u00e9diaire deu t\u00e9l\u00e9ph\u00e9rique, direction le lac de Puy vachier. Une randonn\u00e9e id\u00e9ale en famille. \n                            <\/p>\n                                                                            <a class=\"GutInformations-link\"\n                               href=\"https:\/\/www.hautesvallees.com\/la-grave\/patrimoine-naturel\/lac-du-puy-vachier-la-grave\/\"\n                               target=\"\"\n                               title=\"Lac du Puy Vachier  \u00e0 partir de la gare interm\u00e9diaire du T\u00e9l\u00e9ph\u00e9rique de La Grave\">\n                                Lac du Puy Vachier  \u00e0 partir de la gare interm\u00e9diaire du T\u00e9l\u00e9ph\u00e9rique de La Grave\n                            <\/a>\n                                            <\/div>\n                                    <div class=\"GutInformations-wrap\">\n                                                                                    <picture class=\"GutInformations-picture\">\n                                    <img decoding=\"async\" src=\"https:\/\/www.hautesvallees.com\/content\/uploads\/sites\/2\/2025\/01\/Refuge-Chancel-M.Molinari-1-250x250.jpg\" alt=\"Refuge-Chancel-M.Molinari-1\" \/>\n                                <\/picture>\n                                                                                                        <p class=\"GutInformations-title\">\n                                Le refuge Chancel\n                            <\/p>\n                                                                            <p class=\"GutInformations-text\">\n                                Un peu au dessus du lac de Puy Vachier, d\u00e9couvrez le refuge Chancel, pour une pause gourmande ou une premi\u00e8re nuit en refuge de montagne. \n                            <\/p>\n                                                                            <a class=\"GutInformations-link\"\n                               href=\"https:\/\/www.hautesvallees.com\/la-grave\/equipement\/refuge-evariste-chancel-et-lac-de-puy-vachier-depuis-2400m-la-grave\/\"\n                               target=\"\"\n                               title=\"Refuge Evariste Chancel depuis 2400m par le lac de Puy Vachier\">\n                                Refuge Evariste Chancel depuis 2400m par le lac de Puy Vachier\n                            <\/a>\n                                            <\/div>\n                                    <div class=\"GutInformations-wrap\">\n                                                                                    <picture class=\"GutInformations-picture\">\n                                    <img decoding=\"async\" src=\"https:\/\/www.hautesvallees.com\/content\/uploads\/sites\/2\/2025\/01\/lac-du-pontet-la-meije-alpesphotographies.com-17-250x250.jpg\" alt=\"Pays de la Meije - Alpes Photographies\" \/>\n                                <\/picture>\n                                                                                                        <p class=\"GutInformations-title\">\n                                La Breche Pacave\n                            <\/p>\n                                                                            <p class=\"GutInformations-text\">\n                                Franchir la Br\u00e8che ou col de Pacave, c\u2019est faire une incursion dans la haute montagne, le versant nord de la Meije&#8230;\n                            <\/p>\n                                                                            <a class=\"GutInformations-link\"\n                               href=\"https:\/\/www.hautesvallees.com\/la-grave\/equipement\/la-breche-de-pacave-la-grave\/\"\n                               target=\"\"\n                               title=\"La Br\u00e8che de Pacave\">\n                                La Br\u00e8che de Pacave\n                            <\/a>\n                                            <\/div>\n                            <\/div>\n        <\/div>\n    <\/div>\n\n\n<div class=\"GutCol2  GutContainer\">\n        <div class=\"GutCol2-container\">\n\n            <div class=\"GutTitle Left\">\n                    <h2 class=\"GutTitle-title\">\n                                    <span class=\"GutTitle-surtitle\">Rendez vous<\/span>\n                                                        \u00e0 3200m\n                            <\/h2>\n                    <\/div>\n\n                                                                                                        <div class=\"GutCol2-wrap GutCol2-blocTexte Left\">\n                                <div class=\"GutCol2-blocTexte--inner\">\n                                                                            <div class=\"GutTitle Left\">\n                            <span class=\"GutTitle-subtitle\">Aux portes de la haute montagne<\/span>\n            <\/div>\n                                                                                                                                                    <div class=\"GutCol2-text Content\">\n                                            <p><span style=\"font-family: 'Arial',sans-serif;\">Ici au col des Ruillans, \u00e0 l&rsquo;arriv\u00e9e des t\u00e9l\u00e9ph\u00e9riques de La Grave, le glacier s&rsquo;ouvre \u00e0 tous. Bien qu&rsquo;il demande toujours une approche prudente, des activit\u00e9s telles que la visite de la grotte de glace ou les balades glaciaires guid\u00e9es permettent \u00e0 chacun de d\u00e9couvrir cette merveille en voie de disparition.<\/span><\/p>\n<p style=\"text-align: center;\" align=\"center\"><span style=\"font-family: 'Arial',sans-serif;\"><a class=\"Button-primary\" href=\"https:\/\/www.hautesvallees.com\/la-grave\/que-faire\/en-ete\/alpinisme\/\">D\u00e9couvrir la balade glaciaire<\/a><\/span><\/p>\n\n                                        <\/div>\n                                                                    <\/div>\n                            <\/div>\n                                                                                                                                                        <div class=\"GutCol2-wrap GutCol2-blocImage Right\">\n                                    <picture class=\"GutCol2-picture\">\n                                        <img decoding=\"async\" src=\"https:\/\/www.hautesvallees.com\/content\/uploads\/sites\/2\/2025\/01\/glacier-de-la-girose-c2a9-patrick-domeyne-3-optimise-web-664x480.webp\"\n                                             alt=\"glacier-de-la-girose-c2a9-patrick-domeyne-3-optimise-web\" \/>\n                                    <\/picture>\n                                                                            <span class=\"GutCol2-credit\">\u00a9 Patrick Domeyne<\/span>\n                                                                    <\/div>\n                                                                                            <\/div>\n    <\/div>\n\n\n<div class=\"GutPushArticles BgColor GutContainer\">\n        <div class=\"GutPushArticles-container\">\n            <div class=\"GutTitle Left\">\n                    <h2 class=\"GutTitle-title\">\n                                    <span class=\"GutTitle-surtitle\">vous aimerez<\/span>\n                                                        aussi\n                            <\/h2>\n                    <\/div>\n            <div class=\"GutPushArticles-inner \">\n                                    <div class=\"GutPushArticles-container \" >\n                        <div class=\"GutPushArticles-list \">\n                                                            <div class=\"GutPushArticles-wrap \">\n                                                                            <picture class=\"GutPushArticles-picture\">\n                                            <img decoding=\"async\" src=\"https:\/\/www.hautesvallees.com\/content\/uploads\/sites\/2\/2025\/01\/Visite-de-la-grotte-de-glace-Expression-Sauvage2-371x248.jpg\"\n                                                 alt=\"Visite-de-la-grotte-de-glace-Expression-Sauvage2\" \/>\n                                        <\/picture>\n                                                                        <div class=\"GutPushArticles-content\">\n                                                                                    <h2 class=\"GutPushArticles-title\">\u00c0 L\u2019APPROCHE DES GLACIERS AVEC ANNE ZANOLIN, ACCOMPAGNATRICE EN MONTAGNE<\/h2>\n                                                                                                                                                                    <a class=\"Link\" href=\"https:\/\/www.hautesvallees.com\/a-lapproche-des-glaciers-avec-anne\/\" >Lire<\/a>\n                                                                            <\/div>\n                                <\/div>\n                                                            <div class=\"GutPushArticles-wrap \">\n                                                                            <picture class=\"GutPushArticles-picture\">\n                                            <img decoding=\"async\" src=\"https:\/\/www.hautesvallees.com\/content\/uploads\/sites\/2\/2025\/01\/hiking-shoes-3853387_1280-1-371x248.jpg\"\n                                                 alt=\"hiking-shoes-3853387_1280-1\" \/>\n                                        <\/picture>\n                                                                        <div class=\"GutPushArticles-content\">\n                                                                                    <h2 class=\"GutPushArticles-title\">CODE DU RANDONNEUR RESPONSABLE<\/h2>\n                                                                                                                                                                    <a class=\"Link\" href=\"https:\/\/www.hautesvallees.com\/code-du-randonneur-responsable\/\" >D\u00e9couvrir<\/a>\n                                                                            <\/div>\n                                <\/div>\n                                                            <div class=\"GutPushArticles-wrap \">\n                                                                            <picture class=\"GutPushArticles-picture\">\n                                            <img decoding=\"async\" src=\"https:\/\/www.hautesvallees.com\/content\/uploads\/sites\/2\/2025\/01\/cabine-telepherique-ete-2023-08-01-05-56-30-371x248.jpg\"\n                                                 alt=\"t\u00e9l\u00e9ph\u00e9rique activit\u00e9 la grave\" \/>\n                                        <\/picture>\n                                                                        <div class=\"GutPushArticles-content\">\n                                                                                    <h2 class=\"GutPushArticles-title\">VOYAGE VERS LES SOMMETS<\/h2>\n                                                                                                                                                                    <a class=\"Link\" href=\"https:\/\/www.hautesvallees.com\/voyage-vers-les-sommets\/\" >Lire<\/a>\n                                                                            <\/div>\n                                <\/div>\n                                                    <\/div>\n                                            <\/div>\n                                                <\/div>\n                    <\/div>\n    <\/div>\n","protected":false},"excerpt":{"rendered":"","protected":false},"author":7,"featured_media":1211,"parent":992,"menu_order":6,"comment_status":"closed","ping_status":"closed","template":"","meta":{"_acf_changed":false,"footnotes":""},"class_list":["post-1022","page","type-page","status-publish","has-post-thumbnail","hentry"],"acf":[],"_links":{"self":[{"href":"https:\/\/www.hautesvallees.com\/la-grave\/wp-json\/wp\/v2\/pages\/1022","targetHints":{"allow":["GET"]}}],"collection":[{"href":"https:\/\/www.hautesvallees.com\/la-grave\/wp-json\/wp\/v2\/pages"}],"about":[{"href":"https:\/\/www.hautesvallees.com\/la-grave\/wp-json\/wp\/v2\/types\/page"}],"author":[{"embeddable":true,"href":"https:\/\/www.hautesvallees.com\/la-grave\/wp-json\/wp\/v2\/users\/7"}],"replies":[{"embeddable":true,"href":"https:\/\/www.hautesvallees.com\/la-grave\/wp-json\/wp\/v2\/comments?post=1022"}],"version-history":[{"count":3,"href":"https:\/\/www.hautesvallees.com\/la-grave\/wp-json\/wp\/v2\/pages\/1022\/revisions"}],"predecessor-version":[{"id":3902,"href":"https:\/\/www.hautesvallees.com\/la-grave\/wp-json\/wp\/v2\/pages\/1022\/revisions\/3902"}],"up":[{"embeddable":true,"href":"https:\/\/www.hautesvallees.com\/la-grave\/wp-json\/wp\/v2\/pages\/992"}],"wp:featuredmedia":[{"embeddable":true,"href":"https:\/\/www.hautesvallees.com\/la-grave\/wp-json\/wp\/v2\/media\/1211"}],"wp:attachment":[{"href":"https:\/\/www.hautesvallees.com\/la-grave\/wp-json\/wp\/v2\/media?parent=1022"}],"curies":[{"name":"wp","href":"https:\/\/api.w.org\/{rel}","templated":true}]}}