{"id":1019,"date":"2025-01-22T10:17:57","date_gmt":"2025-01-22T09:17:57","guid":{"rendered":"https:\/\/www.hautesvallees.com\/la-grave\/?page_id=1019"},"modified":"2025-02-20T11:45:29","modified_gmt":"2025-02-20T10:45:29","slug":"randonnees-secretes","status":"publish","type":"page","link":"https:\/\/www.hautesvallees.com\/la-grave\/que-faire\/en-ete\/randonnees\/randonnees-secretes\/","title":{"rendered":"Les randonn\u00e9es secr\u00e8tes \u00e0 La Grave"},"content":{"rendered":"<div class=\"GutText  GutContainer\">\n        <div class=\"GutText-inner\">\n            <div class=\"GutTitle Center\">\n                    <\/div>\n                                        <div class=\"GutText-wysiwyg Content\">\n                    <h3 style=\"text-align: center;\">Randonner sur des sentiers oubli\u00e9s<\/h3>\n<p style=\"text-align: center;\">Marcher sur ces sentiers moins fr\u00e9quent\u00e9s permet \u00e9galement de se reconnecter avec la nature de mani\u00e8re plus intime, en savourant la tranquillit\u00e9 et la beaut\u00e9 des lieux. C&rsquo;est une aventure qui invite \u00e0 l&rsquo;exploration, \u00e0 la d\u00e9couverte de tr\u00e9sors cach\u00e9s et \u00e0 l&rsquo;\u00e9merveillement devant la diversit\u00e9 des paysages naturels.<\/p>\n<p style=\"text-align: center;\"><strong>D\u00e9couvrez nos randonn\u00e9es secr\u00e8tes.<\/strong><\/p>\n\n                <\/div>\n                    <\/div>\n    <\/div>\n\n\n<div class=\"GutImage  GutContainer-full\">\n        <div class=\"GutImage-container\">\n                        \n                            <picture class=\"GutImage-pic\">\n                    <source srcset=\"https:\/\/www.hautesvallees.com\/content\/uploads\/sites\/2\/2025\/01\/la-grave-automne-alpesphotographies.com-2-768x360.jpg\" media=\"(max-width: 768px)\">\n                    <source srcset=\"https:\/\/www.hautesvallees.com\/content\/uploads\/sites\/2\/2025\/01\/la-grave-automne-alpesphotographies.com-2-992x465.jpg\" media=\"(max-width: 992px)\">\n                    <source srcset=\"https:\/\/www.hautesvallees.com\/content\/uploads\/sites\/2\/2025\/01\/la-grave-automne-alpesphotographies.com-2-1600x900.jpg\" media=\"(min-width: 993px)\">\n                    <img decoding=\"async\" class=\"GutImage-img\" src=\"https:\/\/www.hautesvallees.com\/content\/uploads\/sites\/2\/2025\/01\/la-grave-automne-alpesphotographies.com-2-1600x900.jpg\" alt=\"la-grave-automne-alpesphotographies.com-2\" \/>\n                <\/picture>\n                                        <div class=\"GutImage-creditphoto\">\n                    \u00a9 Alpes Photographies\n                <\/div>\n                    <\/div>\n    <\/div>\n\n\n<div class=\"GutCol2  GutContainer\">\n        <div class=\"GutCol2-container\">\n\n            \n                                                                                                        <div class=\"GutCol2-wrap GutCol2-blocTexte Left\">\n                                <div class=\"GutCol2-blocTexte--inner\">\n                                                                            <div class=\"GutTitle Left\">\n                    <h2 class=\"GutTitle-title\">\n                                    <span class=\"GutTitle-surtitle\">je sais<\/span>\n                                                        me rep\u00e9rer\n                            <\/h2>\n                    <\/div>\n                                                                                                                                                    <div class=\"GutCol2-text Content\">\n                                            <p class=\"text-justify\">Randonner sur ces sentiers oubli\u00e9s demande une<strong> attention particuli\u00e8re \u00e0 l\u2019orientation<\/strong> et la capacit\u00e9 de <strong>lire une carte de randonn\u00e9e<\/strong>.<\/p>\n<p>Ces sentiers menaient \u00e0 des hameaux d\u2019alpage qui sont aujourd\u2019hui en ruines ou qui n\u2019ont pas la m\u00eame importance qu\u2019avant. De nos jours, on n\u2019y monte que de temps en temps. Ce \u00ab\u00a0temps en temps\u00a0\u00bb ne suffit pas pour entretenir un sentier. Alors, il se perd, \u00e0 moiti\u00e9. Par endroit, il forme encore un joli serpentin bien creus\u00e9 par le passage de tant de pieds, puis juste apr\u00e8s on le perd de vue pour le retrouver une centaine de m\u00e8tres plus loin. Quand on sort des sentiers r\u00e9guli\u00e8rement battus, on a de bonnes chances de se retrouver seul dans la montagne, en compagnie de marmottes et autres habitu\u00e9s.<\/p>\n<p class=\"text-justify\">Allez-y par une journ\u00e9e de <strong>bonne visibilit\u00e9<\/strong> et emportez votre topoguide ainsi que la carte IGN Valloire 3435 ET.<\/p>\n<p class=\"text-justify\">Dans les alpages de La Grave et de Villar d\u2019Ar\u00e8ne, plusieurs anciens sentiers ont \u00e9t\u00e9 balis\u00e9s par <strong>l\u2019association Chemins d\u2019Avant.<\/strong><\/p>\n<p>&nbsp;<\/p>\n\n                                        <\/div>\n                                                                    <\/div>\n                            <\/div>\n                                                                                                                                                        <div class=\"GutCol2-wrap GutCol2-blocImage Right\">\n                                    <picture class=\"GutCol2-picture\">\n                                        <img decoding=\"async\" src=\"https:\/\/www.hautesvallees.com\/content\/uploads\/sites\/2\/2025\/01\/du-chazelet-au-refuge-du-pic-du-mas-de-la-grave-alpesphotographies.com-25-scaled-1-510x710.jpg\"\n                                             alt=\"du-chazelet-au-refuge-du-pic-du-mas-de-la-grave-alpesphotographies.com-25-scaled\" \/>\n                                    <\/picture>\n                                                                            <span class=\"GutCol2-credit\">\u00a9 Alpes Photographies<\/span>\n                                                                    <\/div>\n                                                                                            <\/div>\n    <\/div>\n\n\n<div class=\"GutInformations BgColor GutContainer\">\n        <div class=\"GutInformations-container\">\n\n            <div class=\"GutTitle Left\">\n                    <h2 class=\"GutTitle-title\">\n                                    <span class=\"GutTitle-surtitle\">3 id\u00e9es <\/span>\n                                                        de randonn\u00e9es secr\u00e8tes\n                            <\/h2>\n                    <\/div>\n\n            <div class=\"GutInformations-list\">\n                                    <div class=\"GutInformations-wrap\">\n                                                                                    <picture class=\"GutInformations-picture\">\n                                    <img decoding=\"async\" src=\"https:\/\/www.hautesvallees.com\/content\/uploads\/sites\/2\/2025\/01\/Randonnee-Plateau-dEmparis-\u00a9Entre-2-Poles-scaled-1-250x250.jpeg\" alt=\"Randonnee-Plateau-dEmparis-\u00a9Entre-2-Poles--scaled\" \/>\n                                <\/picture>\n                                                                                                        <p class=\"GutInformations-title\">\n                                Le sentier des Mules\n                            <\/p>\n                                                                            <p class=\"GutInformations-text\">\n                                Ce sentier suit le bord du plateau d&rsquo;Emparis, traversant plusieurs hameaux d&rsquo;alpage, pour la plupart abandonn\u00e9s, avec toujours la vue somptueuse sur La Meije et les glaciers. \n                            <\/p>\n                                                                            <a class=\"GutInformations-link\"\n                               href=\"https:\/\/www.hautesvallees.com\/la-grave\/equipement\/le-sentier-des-mules-la-grave\/\"\n                               target=\"\"\n                               title=\"Le sentier des mules\">\n                                Le sentier des mules\n                            <\/a>\n                                            <\/div>\n                                    <div class=\"GutInformations-wrap\">\n                                                                                    <picture class=\"GutInformations-picture\">\n                                    <img decoding=\"async\" src=\"https:\/\/www.hautesvallees.com\/content\/uploads\/sites\/2\/2025\/01\/\u00a9S.Morattel-Goleon-Automne-28-scaled-1-250x250.jpg\" alt=\"\u00a9S.Morattel-Goleon-Automne-28-scaled\" \/>\n                                <\/picture>\n                                                                                                        <p class=\"GutInformations-title\">\n                                Le Cruq des Aiguilles\n                            <\/p>\n                                                                            <p class=\"GutInformations-text\">\n                                Ce col, \u00e0 2700m, se m\u00e9rite. Il permet d&rsquo;acc\u00e9der au lac du Gol\u00e9on et son refuge. Apr\u00e8s les derniers groupements de maisons d&rsquo;alpage au-dessus de Valfroide, on d\u00e9bouche sur les prairies ouvertes avec une tr\u00e8s belle vue sur la Meije et les \u00c9crins.\n                            <\/p>\n                                                                            <a class=\"GutInformations-link\"\n                               href=\"https:\/\/www.hautesvallees.com\/la-grave\/equipement\/la-boucle-du-cruq-des-aiguilles-la-grave\/\"\n                               target=\"\"\n                               title=\"La boucle du Cruq des Aiguilles\">\n                                La boucle du Cruq des Aiguilles\n                            <\/a>\n                                            <\/div>\n                                    <div class=\"GutInformations-wrap\">\n                                                                                    <picture class=\"GutInformations-picture\">\n                                    <img decoding=\"async\" src=\"https:\/\/www.hautesvallees.com\/content\/uploads\/sites\/2\/2025\/01\/bivouac-et-lever-de-soleil-plateau-demparis-c2a9thibaut-blais-2-250x250.webp\" alt=\"bivouac-et-lever-de-soleil-plateau-demparis-c2a9thibaut-blais-2\" \/>\n                                <\/picture>\n                                                                                                        <p class=\"GutInformations-title\">\n                                Le Gros T\u00eat \n                            <\/p>\n                                                                            <p class=\"GutInformations-text\">\n                                C&rsquo;est le point le plus haut du plateau d&rsquo;Emparis, \u00e0 2613m qui offre une vue 360\u00b0 sur les Grandes Rousses, le Pic du Mas de La Grave, le Pic du Gol\u00e9on et le massif de la Meije. \n                            <\/p>\n                                                                            <a class=\"GutInformations-link\"\n                               href=\"https:\/\/www.hautesvallees.com\/la-grave\/equipement\/boucle-du-gros-tet-depuis-le-chazelet-la-grave\/\"\n                               target=\"\"\n                               title=\"Boucle du gros T\u00eat depuis le Chazelet\">\n                                Boucle du gros T\u00eat depuis le Chazelet\n                            <\/a>\n                                            <\/div>\n                            <\/div>\n        <\/div>\n    <\/div>\n\n\n<div class=\"DownloadList  GutContainer\">\n            <div class=\"DownloadList-wrapper\">\n                <div class=\"GutTitle Left\">\n                    <h2 class=\"GutTitle-title\">\n                                    <span class=\"GutTitle-surtitle\">D\u00e9couvrez les randonn\u00e9es<\/span>\n                                                        Chemins d&#039;avant\n                            <\/h2>\n                    <\/div>\n\n                <div class=\"DownloadList-slider swiper __DownloadSlider\">\n                    <ul class=\"swiper-wrapper\">\n                                                                                    <li class=\"DownloadListItem swiper-slide\">\n                                    <a class=\"DownloadListItem-download\" href=\"https:\/\/www.cheminsdavant.com\/itineraires.htm\" target=\"_blank\" title=\"Carte Chemin d&#039;Avant\" download rel=\"noopener\">\n                                        <picture class=\"DownloadListItem-pic\">\n                                                                                            <img decoding=\"async\" class=\"DownloadListItem-img\" src=\"https:\/\/www.hautesvallees.com\/content\/uploads\/sites\/2\/2025\/01\/308046910_427700136173216_2427835921743239376_n.jpg\"\n                                                     alt=\"308046910_427700136173216_2427835921743239376_n\">\n                                                                                        <div class=\"DownloadListItem-hover\">\n                                                <svg class=\"DownloadListItem-hover--icon\"\n                                                     xmlns=\"http:\/\/www.w3.org\/2000\/svg\" width=\"37.613\" height=\"37.615\">\n                                                    <path fill=\"#fff\"\n                                                          d=\"M0 37.615h37.613v-1.99H0ZM17.811 0v25.14L5.868 13.192 4.459 14.6l14.348 14.351L33.155 14.6l-1.405-1.409L19.8 25.14V0Z\"\/>\n                                                <\/svg>\n                                                <span class=\"DownloadListItem-hover--text\">T\u00e9l\u00e9charger<\/span>\n                                            <\/div>\n                                        <\/picture>\n                                                                                    <span class=\"DownloadListItem-titre\">Carte Chemin d&rsquo;Avant<\/span>\n                                                                            <\/a>\n                                <\/li>\n                                                                        <\/ul>\n                    <div class=\"MomentOffers-pagination __slider_pagination\"><\/div>\n                <\/div>\n            <\/div>\n        <\/div>\n    ","protected":false},"excerpt":{"rendered":"","protected":false},"author":7,"featured_media":1420,"parent":992,"menu_order":3,"comment_status":"closed","ping_status":"closed","template":"","meta":{"_acf_changed":false,"footnotes":""},"class_list":["post-1019","page","type-page","status-publish","has-post-thumbnail","hentry"],"acf":[],"_links":{"self":[{"href":"https:\/\/www.hautesvallees.com\/la-grave\/wp-json\/wp\/v2\/pages\/1019","targetHints":{"allow":["GET"]}}],"collection":[{"href":"https:\/\/www.hautesvallees.com\/la-grave\/wp-json\/wp\/v2\/pages"}],"about":[{"href":"https:\/\/www.hautesvallees.com\/la-grave\/wp-json\/wp\/v2\/types\/page"}],"author":[{"embeddable":true,"href":"https:\/\/www.hautesvallees.com\/la-grave\/wp-json\/wp\/v2\/users\/7"}],"replies":[{"embeddable":true,"href":"https:\/\/www.hautesvallees.com\/la-grave\/wp-json\/wp\/v2\/comments?post=1019"}],"version-history":[{"count":3,"href":"https:\/\/www.hautesvallees.com\/la-grave\/wp-json\/wp\/v2\/pages\/1019\/revisions"}],"predecessor-version":[{"id":3893,"href":"https:\/\/www.hautesvallees.com\/la-grave\/wp-json\/wp\/v2\/pages\/1019\/revisions\/3893"}],"up":[{"embeddable":true,"href":"https:\/\/www.hautesvallees.com\/la-grave\/wp-json\/wp\/v2\/pages\/992"}],"wp:featuredmedia":[{"embeddable":true,"href":"https:\/\/www.hautesvallees.com\/la-grave\/wp-json\/wp\/v2\/media\/1420"}],"wp:attachment":[{"href":"https:\/\/www.hautesvallees.com\/la-grave\/wp-json\/wp\/v2\/media?parent=1019"}],"curies":[{"name":"wp","href":"https:\/\/api.w.org\/{rel}","templated":true}]}}