{"id":953,"date":"2024-01-26T17:00:33","date_gmt":"2024-01-26T16:00:12","guid":{"rendered":"https:\/\/www.hautesvallees.com\/la-claree\/?page_id=953"},"modified":"2025-06-13T14:02:51","modified_gmt":"2025-06-13T12:02:51","slug":"detente","status":"publish","type":"page","link":"https:\/\/www.hautesvallees.com\/la-claree\/que-faire\/detente\/","title":{"rendered":"D\u00e9tente en Clar\u00e9e"},"content":{"rendered":"<div class=\"GutText  GutContainer\">\n        <div class=\"GutText-inner\">\n            <div class=\"GutTitle Center\">\n                    <h2 class=\"GutTitle-title\">\n                                    <span class=\"GutTitle-surtitle\">D\u00e9couvrez et r\u00e9servez un moment<\/span>\n                                                        de d\u00e9tente en Clar\u00e9e\n                            <\/h2>\n                    <\/div>\n                            <div class=\"GutText-intro Center\">Vous revenez de randonn\u00e9e, ou d&rsquo;une sortie hivernale, c&rsquo;est le moment de profiter d&rsquo;un moment de d\u00e9tente en Clar\u00e9e !<\/div>\n                                        <div class=\"GutText-wysiwyg Content\">\n                    <p class=\"txt-vert text-justify\" style=\"text-align: center;\">D\u00e9couvrez de nombreux \u00e9quipements pour prendre soin de vous, en famille ou entre amis ! Des espaces bien-\u00eatre vous ouvrent leur porte sur le territoire avec Hammam, sauna, jacuzzi, St\u00f8rvatt (bain chauff\u00e9 au feu de bois), baln\u00e9oth\u00e9rapie mais aussi un large choix de massages et des soins de beaut\u00e9 pour un moment relaxant en fin de journ\u00e9e.<\/p>\n<p style=\"text-align: center;\">Tout ce qu&rsquo;il vous faut pour un moment d\u00e9tente en Clar\u00e9e.<\/p>\n\n                <\/div>\n                    <\/div>\n    <\/div>\n\n\n\n<div class=\"ApiListing __altimax_listing \" data-js=\"{&quot;action_load&quot;:&quot;apidae_listing_load&quot;,&quot;action_map_tiles&quot;:&quot;apidae_listing_load_map_tiles&quot;,&quot;action_filters&quot;:&quot;apidae_listing_filters&quot;,&quot;action_pdf&quot;:&quot;apidae_listing_pdf&quot;,&quot;post_id&quot;:953,&quot;blog_id&quot;:3,&quot;uid&quot;:1,&quot;cache_key&quot;:&quot;a5a05e6706a61d2f611684c89d49cbc3&quot;,&quot;is_agenda&quot;:false,&quot;listing_mode&quot;:&quot;listing-map&quot;,&quot;use_filters&quot;:false,&quot;use_share&quot;:false,&quot;paginator&quot;:{&quot;currentPage&quot;:1,&quot;maxPerPage&quot;:10,&quot;count&quot;:1,&quot;totalPages&quot;:1,&quot;nextPage&quot;:1,&quot;html&quot;:&quot;    &lt;li class=\\&quot;Paginator-page __altimax_listing_load active\\&quot;\\n        data-index=\\&quot;1\\&quot; &gt;\\n        &lt;span&gt;1&lt;\\\/span&gt;\\n    &lt;\\\/li&gt;\\n&quot;},&quot;ajax_url&quot;:&quot;https:\\\/\\\/www.hautesvallees.com\\\/\\\/la-claree\\\/wp-admin\\\/admin-ajax.php&quot;,&quot;lang&quot;:&quot;fr&quot;}\">\n    <div class=\"ApiListingLoader __altimax_loader\">\n        <div class=\"ApiListingLoader-container\">\n            <div class=\"ApiListingLoader-ring\"><\/div>\n        <\/div>\n    <\/div>\n        \n        \n        \n                                            <div class=\"ApiListing-container\">\n        <div class=\"ApiListing-control container_full  switch\">\n                                                                                        <div class=\"ApiListing-result\">\n                <div class=\"ApiListing-result--number __altimax_listing_count\">1<\/div>\n                R\u00e9sultats\n            <\/div>\n                            <button class=\"ApiListing-switch Button-full __apidae_map_listing_switch\"\n                        data-current=\"listing\"\n                        data-text-listing=\"Liste\"\n                        data-text-map=\"Carte\">\n                    Carte\n                <\/button>\n                    <\/div>\n\n        <div class=\"ApiListing-wrapper container_full   switch\">\n            \n                            <ul class=\"ApiListing-list __altimax_listing_content\">\n                                            <!-- Generer le: 2026-04-30 01:17:22 -->\n<!-- Blog: La Clar\u00e9e - 3 -->\n<li class=\"ApiTile ApiTileDefault __altimax_listing_item  \"\n    data-roadbook-item=\"2994312\"\n    data-apidae=\"2994312\"\n    data-event-category=\"Apidae affichage\"\n    data-event-action=\"vue teaser\"\n    data-event-label=\"2994312 : Cabinet d&#039;Ost\u00e9opathie  -  Julie Bourgues, Dipl\u00f4m\u00e9e de l&#039;Institut Sup\u00e9rieur d&#039;Ost\u00e9opathie\">\n    <a href=\"https:\/\/www.hautesvallees.com\/la-claree\/commerce-et-service\/cabinet-dosteopathie-julie-bourgues-diplomee-de-linstitut-superieur-dosteopathie-nevache-2\" class=\"ApiTile-link ApiTileDefault-link\" title=\"Cabinet d&#039;Ost\u00e9opathie  -  Julie Bourgues, Dipl\u00f4m\u00e9e de l&#039;Institut Sup\u00e9rieur d&#039;Ost\u00e9opathie\">\n            <span class=\"ApiTile-location ApiTileDefault-location\">\n        N\u00e9vache\n    <\/span>\n\n            <button class=\"__gtm_track_click __altimax_favory ApiTile-fav ApiTileDefault-fav Favourite\"\n            data-apidae=\"2994312\"\n            title=\"Ajoutez aux favoris\"\n            data-txtajouter=\"Ajoutez aux favoris\"\n            data-txtretirer=\"Retirez des favoris\"\n            data-event-category=\"Apidae fiche objet\"\n            data-event-action=\"ajout trip planner\"\n            data-event-label=\"2994312 : Cabinet d&#039;Ost\u00e9opathie  -  Julie Bourgues, Dipl\u00f4m\u00e9e de l&#039;Institut Sup\u00e9rieur d&#039;Ost\u00e9opathie\">\n        <img decoding=\"async\" class=\"Favourite-border svg\"\n             src=\"\/content\/themes\/theme_altimax\/dist\/img\/apidae\/system\/SYSTEM-FavOff-30px.svg\"\/>\n        <img decoding=\"async\" class=\"Favourite-full svg\"\n             src=\"\/content\/themes\/theme_altimax\/dist\/img\/apidae\/system\/SYSTEM-FavOn-30px.svg\"\/>\n    <\/button>\n\n            <picture class=\"ApiTile-picture ApiTileDefault-picture\">\n        <img decoding=\"async\" class=\"ApiTile-img ApiTileAgenda-img\" src=\"\/cache\/images\/9373092_apidae-tile.jpg\" alt=\"Cabinet d&#039;Ost\u00e9opathie  -  Julie Bourgues, Dipl\u00f4m\u00e9e de l&#039;Institut Sup\u00e9rieur d&#039;Ost\u00e9opathie\">\n    <\/picture>\n\n        <div class=\"ApiTile-content ApiTileDefault-content\">\n            \n            <div class=\"ApiTile-top ApiTileDefault-top\">\n                <span class=\"ApiTile-type ApiTileDefault-type\">\n                        commerce et service\n            <\/span>                                    <span class=\"ApiTile-open ApiTileDefault-open open\">Ouvert<\/span>\n            <\/div>\n\n            <h2 class=\"ApiTile-title ApiTileDefault-title\">Cabinet d&#039;Ost\u00e9opathie  &#8211;  Julie Bourg&#8230;<\/h2>\n                        \n                                <\/div>\n    <\/a>\n<\/li>\n\n                                    <\/ul>\n            \n                        <div class=\"__apidae_map_listing ApiListingMap hidden\">\n    <div class=\"ApiTileMap-map\" data-options='{&quot;markers&quot;:[{&quot;latitude&quot;:45.018032,&quot;longitude&quot;:6.635156,&quot;index&quot;:2994312,&quot;content&quot;:null,&quot;icon&quot;:&quot;div&quot;,&quot;gpxs&quot;:[],&quot;gpxs_color&quot;:&quot;blue&quot;,&quot;size&quot;:[30,30],&quot;anchor&quot;:[15,15],&quot;class&quot;:null,&quot;icon_content&quot;:&quot;&lt;div class=\\&quot;ApiListing-marker ApiListing-marker--commerce et service\\&quot;&gt;&lt;\\\/div&gt;&quot;,&quot;hover_icon_content&quot;:&quot;&lt;div class=\\&quot;ApiListing-marker ApiListing-marker--commerce et service hover\\&quot;&gt;&lt;\\\/div&gt;&quot;,&quot;selected_icon_content&quot;:&quot;&lt;div class=\\&quot;ApiListing-marker ApiListing-marker--commerce et service selected\\&quot;&gt;&lt;\\\/div&gt;&quot;,&quot;hover_icon&quot;:&quot;div&quot;,&quot;hover_size&quot;:[32,32],&quot;hover_anchor&quot;:[16,16],&quot;popup_anchor&quot;:null,&quot;selected_icon&quot;:&quot;div&quot;,&quot;selected_size&quot;:[32,32],&quot;selected_anchor&quot;:[16,16]}],&quot;default_icon&quot;:{&quot;url&quot;:&quot;https:\\\/\\\/www.hautesvallees.com\\\/content\\\/uploads\\\/sites\\\/3\\\/2025\\\/06\\\/PIN-Global-18px.svg&quot;,&quot;size&quot;:[30,40],&quot;anchor&quot;:[15,40]},&quot;useHoverMarker&quot;:true,&quot;useHoverMarkerPopup&quot;:false,&quot;gpxs&quot;:[],&quot;kmls&quot;:[],&quot;useGpx&quot;:false,&quot;useKml&quot;:false,&quot;useElevation&quot;:false,&quot;useHoverGpx&quot;:false,&quot;center&quot;:[45.891312226484,6.077075095539],&quot;zoom&quot;:15,&quot;isGoogle&quot;:false,&quot;layer&quot;:&quot;http:\\\/\\\/a.tile.openstreetmap.org\\\/{z}\\\/{x}\\\/{y}.png&quot;,&quot;attribution&quot;:&quot;\\u00a9 &lt;a href=\\&quot;http:\\\/\\\/www.openstreetmap.org\\\/copyright\\&quot;&gt;OpenStreetMap&lt;\\\/a&gt; contributors \\u00a9 &lt;a href=\\&quot;http:\\\/\\\/carto.com\\\/attributions\\&quot;&gt;CARTO&lt;\\\/a&gt;&quot;,&quot;disablePopup&quot;:false,&quot;useCluster&quot;:true,&quot;useActiveArea&quot;:true,&quot;leafletOptions&quot;:{&quot;scrollWheelZoom&quot;:false,&quot;zoomControl&quot;:true,&quot;mapTypeControl&quot;:false,&quot;scaleControl&quot;:false,&quot;streetViewControl&quot;:false,&quot;rotateControl&quot;:false,&quot;keyboardShortcuts&quot;:false,&quot;draggable&quot;:true}}' style=\"width: 100%;height: 100%;\"><\/div>\n    <div class=\"ApiListingMap-list __apidae_map_listing_tiles\">\n                                                                                    \n<div class=\"ApiTile ApiTileMap __apidae_map_tile __apidae_map_tile_2994312 \" data-apidae=\"2994312\">\n    <button class=\"ApiTile-target ApiTileMap-target __apidae_tile_target\" data-apidae=\"2994312\">\n    <img decoding=\"async\" class=\"ApiTile-target--svg ApiTileMap-target--svg svg\"\n         src=\"\/content\/themes\/theme_altimax\/dist\/img\/apidae\/system\/SYSTEM-Target-30px.svg\"\/>\n<\/button>    <a class=\"ApiTile-link ApiTileMap-link\" href=\"https:\/\/www.hautesvallees.com\/la-claree\/commerce-et-service\/cabinet-dosteopathie-julie-bourgues-diplomee-de-linstitut-superieur-dosteopathie-nevache-2\/\" title=\"Cabinet d&#039;Ost\u00e9opathie  -  Julie Bourgues, Dipl\u00f4m\u00e9e de l&#039;Institut Sup\u00e9rieur d&#039;Ost\u00e9opathie\" target=\"_blank\">\n            <span class=\"ApiTile-location ApiTileMap-location\">\n        N\u00e9vache\n    <\/span>\n\n            <picture class=\"ApiTile-picture ApiTileMap-picture\">\n        <img decoding=\"async\" class=\"ApiTile-img ApiTileAgenda-img\" src=\"\/cache\/images\/9373092_apidae-tile.jpg\" alt=\"Cabinet d&#039;Ost\u00e9opathie  -  Julie Bourgues, Dipl\u00f4m\u00e9e de l&#039;Institut Sup\u00e9rieur d&#039;Ost\u00e9opathie\">\n    <\/picture>\n\n        <div class=\"ApiTile-col ApiTileMap-col\">\n            <div class=\"ApiTile-content ApiTileMap-content\">\n                <div class=\"ApiTile-top ApiTileMap-top\">\n                    <div class=\"ApiTile-row ApiTileMap-row\">\n                        <span class=\"ApiTile-type ApiTileMap-type\">\n                        commerce et service\n            <\/span>\n                        \n                            <span class=\"ApiTile-open ApiTileMap-open open\">Ouvert<\/span>\n                    <\/div>\n                    <h2 class=\"ApiTile-title ApiTileMap-title\">Cabinet d&#039;Ost\u00e9opathie  &#8211;  Julie Bourg&#8230;<\/h2>\n                        <button class=\"__gtm_track_click __altimax_favory ApiTile-fav ApiTileMap-fav Favourite\"\n            data-apidae=\"2994312\"\n            title=\"Ajoutez aux favoris\"\n            data-txtajouter=\"Ajoutez aux favoris\"\n            data-txtretirer=\"Retirez des favoris\"\n            data-event-category=\"Apidae fiche objet\"\n            data-event-action=\"ajout trip planner\"\n            data-event-label=\"2994312 : Cabinet d&#039;Ost\u00e9opathie  -  Julie Bourgues, Dipl\u00f4m\u00e9e de l&#039;Institut Sup\u00e9rieur d&#039;Ost\u00e9opathie\">\n        <img decoding=\"async\" class=\"Favourite-border svg\"\n             src=\"\/content\/themes\/theme_altimax\/dist\/img\/apidae\/system\/SYSTEM-FavOff-30px.svg\"\/>\n        <img decoding=\"async\" class=\"Favourite-full svg\"\n             src=\"\/content\/themes\/theme_altimax\/dist\/img\/apidae\/system\/SYSTEM-FavOn-30px.svg\"\/>\n    <\/button>\n                <\/div>\n                \n                \n                                            <\/div>\n                    <\/div>\n    <\/a>\n<\/div>\n\n                    <\/div>\n<\/div>\n        <\/div>\n                    <ul class=\"Paginator __altimax_listing_paginator\">\n                    <li class=\"Paginator-page __altimax_listing_load active\"\n        data-index=\"1\" >\n        <span>1<\/span>\n    <\/li>\n\n            <\/ul>\n            <\/div>\n<\/div>\n\n<div class=\"GutText  GutContainer\">\n        <div class=\"GutText-inner\">\n                                        <div class=\"GutText-intro Center\">La Clar\u00e9e est l&rsquo;endroit id\u00e9al pour vous ressourcer, vous reconnecter \u00e0 la nature.<\/div>\n                                        <div class=\"GutText-wysiwyg Content\">\n                    <p style=\"text-align: center;\">Par temps enneig\u00e9 pour apaiser l&rsquo;\u00e2me et par temps ensoleill\u00e9 pour retrouver l&rsquo;\u00e9nergie et l&rsquo;envie de parcourir les sentiers de randonn\u00e9e de la Clar\u00e9e.<\/p>\n\n                <\/div>\n                    <\/div>\n    <\/div>\n\n\n<div class=\"GutPeleMele  GutContainer\">\n        <div class=\"GutPeleMele-inner\">\n            <div class=\"GutTitle Center\">\n                    <h2 class=\"GutTitle-title\">\n                                    <span class=\"GutTitle-surtitle\">Vous aimerez<\/span>\n                                                        aussi\n                            <\/h2>\n                    <\/div>\n                            <div class=\"GutPeleMele-grid\">\n                                                                        <a class=\"GutPeleMele-tile\" href=\"https:\/\/www.hautesvallees.com\/la-claree\/que-faire\/en-hiver\/nordique-nevache\/\"\n                               target=\"\" title=\"Nordique N\u00e9vache\">\n                                                    <img decoding=\"async\" class=\"GutPeleMele-tile--image\" src=\"https:\/\/www.hautesvallees.com\/content\/uploads\/sites\/3\/2025\/01\/Shooting-ski-de-fond-Nevache-46-scaled-1.jpg\" alt=\"\">\n                            <span class=\"GutPeleMele-tile--title\">Nordique N\u00e9vache<\/span>\n                                                    <\/a>\n                                                                                                <a class=\"GutPeleMele-tile\" href=\"https:\/\/www.hautesvallees.com\/la-claree\/que-faire\/en-hiver\/raquettes\/\"\n                               target=\"\" title=\"Raquettes\">\n                                                    <img decoding=\"async\" class=\"GutPeleMele-tile--image\" src=\"https:\/\/www.hautesvallees.com\/content\/uploads\/sites\/3\/2025\/01\/Raquettes-secteur-chalets-de-lizoard-10-scaled.jpg\" alt=\"\">\n                            <span class=\"GutPeleMele-tile--title\">Raquettes<\/span>\n                                                    <\/a>\n                                                                                                <a class=\"GutPeleMele-tile\" href=\"https:\/\/www.hautesvallees.com\/la-claree\/que-faire\/en-hiver\/chiens-de-traineaux\/\"\n                               target=\"\" title=\"Chiens de traineaux\">\n                                                    <img decoding=\"async\" class=\"GutPeleMele-tile--image\" src=\"https:\/\/www.hautesvallees.com\/content\/uploads\/sites\/3\/2025\/01\/Chiens-de-traineau-Nevache-\u00a9-Thibaut-Blais-4-optimise-web-1024x683-1.webp\" alt=\"Chiens-de-traineau-Nevache-\u00a9-Thibaut-Blais\">\n                            <span class=\"GutPeleMele-tile--title\">Chiens de tra\u00eeneaux<\/span>\n                                                    <\/a>\n                                                                                                <a class=\"GutPeleMele-tile\" href=\"https:\/\/www.hautesvallees.com\/la-claree\/que-faire\/en-ete\/escalade-via-ferrata-canyon-en-claree\/\"\n                               target=\"\" title=\"Escalade, via ferrata, canyoning\">\n                                                    <img decoding=\"async\" class=\"GutPeleMele-tile--image\" src=\"https:\/\/www.hautesvallees.com\/content\/uploads\/sites\/3\/2025\/01\/Escalade-les-Ayes-\u00a9Aurelien-Sagne-3-1.jpg\" alt=\"\">\n                            <span class=\"GutPeleMele-tile--title\">Escalade, via ferrata et canyoning<\/span>\n                                                    <\/a>\n                                                                                                <a class=\"GutPeleMele-tile\" href=\"https:\/\/www.hautesvallees.com\/la-claree\/que-faire\/visites-et-patrimoines\/\"\n                               target=\"\" title=\"Visites et patrimoine\">\n                                                    <img decoding=\"async\" class=\"GutPeleMele-tile--image\" src=\"https:\/\/www.hautesvallees.com\/content\/uploads\/sites\/3\/2025\/01\/Nevache-villages-patrimoine-_-alpesphotographies.com-16.jpg\" alt=\"N\u00e9vache village patrimoine - Alpes photographies\">\n                            <span class=\"GutPeleMele-tile--title\">Visites et patrimoine<\/span>\n                                                    <\/a>\n                                                                                                <a class=\"GutPeleMele-tile\" href=\"https:\/\/www.hautesvallees.com\/la-claree\/que-faire\/en-hiver\/ski-de-randonnee\/\"\n                               target=\"\" title=\"Ski de randonn\u00e9e\">\n                                                    <img decoding=\"async\" class=\"GutPeleMele-tile--image\" src=\"https:\/\/www.hautesvallees.com\/content\/uploads\/sites\/3\/2025\/01\/Ski-de-randonnee-bois-noir-croix-carail-17-1-scaled.jpg\" alt=\"\">\n                            <span class=\"GutPeleMele-tile--title\">Ski de rando<\/span>\n                                                    <\/a>\n                                                            <\/div>\n                    <\/div>\n\n    <\/div>\n","protected":false},"excerpt":{"rendered":"","protected":false},"author":5,"featured_media":2234,"parent":886,"menu_order":3,"comment_status":"closed","ping_status":"closed","template":"","meta":{"_acf_changed":false,"footnotes":""},"class_list":["post-953","page","type-page","status-publish","has-post-thumbnail","hentry"],"acf":[],"_links":{"self":[{"href":"https:\/\/www.hautesvallees.com\/la-claree\/wp-json\/wp\/v2\/pages\/953","targetHints":{"allow":["GET"]}}],"collection":[{"href":"https:\/\/www.hautesvallees.com\/la-claree\/wp-json\/wp\/v2\/pages"}],"about":[{"href":"https:\/\/www.hautesvallees.com\/la-claree\/wp-json\/wp\/v2\/types\/page"}],"author":[{"embeddable":true,"href":"https:\/\/www.hautesvallees.com\/la-claree\/wp-json\/wp\/v2\/users\/5"}],"replies":[{"embeddable":true,"href":"https:\/\/www.hautesvallees.com\/la-claree\/wp-json\/wp\/v2\/comments?post=953"}],"version-history":[{"count":4,"href":"https:\/\/www.hautesvallees.com\/la-claree\/wp-json\/wp\/v2\/pages\/953\/revisions"}],"predecessor-version":[{"id":8913,"href":"https:\/\/www.hautesvallees.com\/la-claree\/wp-json\/wp\/v2\/pages\/953\/revisions\/8913"}],"up":[{"embeddable":true,"href":"https:\/\/www.hautesvallees.com\/la-claree\/wp-json\/wp\/v2\/pages\/886"}],"wp:featuredmedia":[{"embeddable":true,"href":"https:\/\/www.hautesvallees.com\/la-claree\/wp-json\/wp\/v2\/media\/2234"}],"wp:attachment":[{"href":"https:\/\/www.hautesvallees.com\/la-claree\/wp-json\/wp\/v2\/media?parent=953"}],"curies":[{"name":"wp","href":"https:\/\/api.w.org\/{rel}","templated":true}]}}