{"id":950,"date":"2024-01-26T17:00:33","date_gmt":"2024-01-26T16:00:03","guid":{"rendered":"https:\/\/www.hautesvallees.com\/la-claree\/?page_id=950"},"modified":"2025-02-21T15:18:23","modified_gmt":"2025-02-21T14:18:23","slug":"visites-et-patrimoines","status":"publish","type":"page","link":"https:\/\/www.hautesvallees.com\/la-claree\/que-faire\/visites-et-patrimoines\/","title":{"rendered":"Visites et patrimoine de la Clar\u00e9e"},"content":{"rendered":"<div class=\"GutText  GutContainer\">\n        <div class=\"GutText-inner\">\n            <div class=\"GutTitle Center\">\n                    <h2 class=\"GutTitle-title\">\n                                    <span class=\"GutTitle-surtitle\">Parcours th\u00e9matiques &amp; <\/span>\n                                                        visites guid\u00e9es de la clar\u00e9e\n                            <\/h2>\n                    <\/div>\n                            <div class=\"GutText-intro Center\">Au c\u0153ur de la vall\u00e9e de la Clar\u00e9e, vous pourrez d\u00e9couvrir deux magnifiques villages authentiques dans un espace naturel pr\u00e9serv\u00e9 : N\u00e9vache et Val-des-Pr\u00e9s. N&rsquo;attendez plus d\u00e9couvrir les visites et le patrimoine de la Clar\u00e9e.<\/div>\n                                        <div class=\"GutText-wysiwyg Content\">\n                    <p class=\"text-justify\" style=\"text-align: center;\">Pour commencer, vous pouvez <strong>admirer les \u00e9glises et chapelles d\u00e9cor\u00e9es de peintures murales ou de fresques<\/strong>. Ensuite, laissez-vous <strong>conter les histoires des fours \u00e0 pain et de la traditionnelle fourn\u00e9e annuelle<\/strong>.<\/p>\n<p class=\"text-justify\" style=\"text-align: center;\">Par la suite, <strong>apprenez \u00e0 lire sur les maisons aux bardeaux de m\u00e9l\u00e8zes pour comprendre la vie des villageois du si\u00e8cle dernier<\/strong>. Enfin, d\u00e9couvrez <strong>comment lire l&rsquo;heure sur les cadrans solaires<\/strong>, parsem\u00e9s sur de nombreuses maisons de la vall\u00e9e. Pour finir, <strong>lors de vos randonn\u00e9es, vous pourrez admirer les nombreuses petites chapelles \u00e9parpill\u00e9es dans la montagne.<\/strong><\/p>\n<p class=\"text-justify\" style=\"text-align: center;\">Que ce soit \u00e0 N\u00e9vache ou \u00e0 Val-des-Pr\u00e9s, d\u00e9couvrez un tourisme bienveillant, ou le respect et la protection de l&rsquo;environnement et de notre patrimoine sont des valeurs primordiales pour les habitants de la Clar\u00e9e.<\/p>\n<p class=\"text-justify\" style=\"text-align: center;\">Laissez-vous guider avec un guide conf\u00e9rencier ou sur nos sentiers th\u00e9matiques pour d\u00e9couvrir les tr\u00e9sors cach\u00e9s de la vall\u00e9e de la Clar\u00e9e.<\/p>\n\n                <\/div>\n                    <\/div>\n    <\/div>\n\n\n<div class=\"GutPushArticles GutPushCategories  GutContainer\">\n        <div class=\"GutPushArticles-container\">\n            <div class=\"GutTitle Center\">\n                    <h2 class=\"GutTitle-title\">\n                                    <span class=\"GutTitle-surtitle\">\u00e0 la d\u00e9couverte<\/span>\n                                                        du patrimoine de la Clar\u00e9e\n                            <\/h2>\n                    <\/div>\n            <div class=\"GutPushArticles-inner \">\n                                    <div class=\"GutPushArticles-container \" >\n                        <div class=\"GutPushArticles-list \">\n                                                            <a class=\"GutPushArticles-wrap \" href=\"https:\/\/www.hautesvallees.com\/la-claree\/que-faire\/visites-et-patrimoines\/patrimoines\/\">\n                                                                            <picture class=\"GutPushArticles-picture\">\n                                            <img decoding=\"async\" src=\"https:\/\/www.hautesvallees.com\/content\/uploads\/sites\/3\/2025\/02\/Plampinet-villages-patrimoine-_-alpesphotographies.com-25-371x248.jpg\"\n                                                 alt=\"Plampinet villages patrimoine \u00a9Alpes Photographies\" \/>\n                                        <\/picture>\n                                                                                                                <h2 class=\"GutPushCategories-title GutPushArticles-title\">Le patrimoine de la Clar\u00e9e<\/h2>\n                                                                    <\/a>\n                                                            <a class=\"GutPushArticles-wrap \" href=\"https:\/\/www.hautesvallees.com\/la-claree\/que-faire\/visites-et-patrimoines\/visites\/\">\n                                                                            <picture class=\"GutPushArticles-picture\">\n                                            <img decoding=\"async\" src=\"https:\/\/www.hautesvallees.com\/content\/uploads\/sites\/3\/2025\/01\/Plampinet-villages-patrimoine-_-alpesphotographies.com-12-optimise-web-371x248.jpg\"\n                                                 alt=\"Plampinet villages patrimoine _ alpesphotographies.com\" \/>\n                                        <\/picture>\n                                                                                                                <h2 class=\"GutPushCategories-title GutPushArticles-title\">Visites en Clar\u00e9e<\/h2>\n                                                                    <\/a>\n                                                    <\/div>\n                                            <\/div>\n                                                <\/div>\n        <\/div>\n    <\/div>\n\n\n<div class=\"ScriptJS  GutContainer\">\n        <div class=\"GutTitle Center\">\n                    <h2 class=\"GutTitle-title\">\n                                    <span class=\"GutTitle-surtitle\">R\u00e9server<\/span>\n                                                        votre visite\n                            <\/h2>\n                    <\/div>\n        <div class=\"ScriptJS-content\">\n            <script type=\"text\/javascript\" src=\"https:\/\/booking.addock.co\/widget.js\"><\/script>\r\n<div class=\"easyloisirs_module\" data-hash=\"44f7c0c4deed143a1502048573e8267bbe431d7c\"><\/div>\n        <\/div>\n    <\/div>\n\n\n<div class=\"GutBanner BgImage TextLight GutContainer-full\">\n                    <picture class=\"GutBanner-picture\">\n                <source srcset=\"https:\/\/www.hautesvallees.com\/content\/uploads\/sites\/3\/2025\/02\/Bivouac-au-sommet-du-Thabor-50-1-768x360.jpg\" media=\"(max-width: 768px)\">\n                <source srcset=\"https:\/\/www.hautesvallees.com\/content\/uploads\/sites\/3\/2025\/02\/Bivouac-au-sommet-du-Thabor-50-1-992x465.jpg\" media=\"(max-width: 992px)\">\n                <source srcset=\"https:\/\/www.hautesvallees.com\/content\/uploads\/sites\/3\/2025\/02\/Bivouac-au-sommet-du-Thabor-50-1-1920x900.jpg\" media=\"(min-width: 993px)\">\n                <img decoding=\"async\" class=\"GutBanner-img\" src=\"https:\/\/www.hautesvallees.com\/content\/uploads\/sites\/3\/2025\/02\/Bivouac-au-sommet-du-Thabor-50-1-1920x900.jpg\" alt=\"Slow living Bivouac au sommet du Thabor \u00a9T. BLAIS\" \/>\n            <\/picture>\n                <div class=\"GutBanner-inner\">\n                            <h2 class=\"GutBanner-teaser1 Content\">\n                    D\u00e9couvrir nos activit\u00e9s \u00e9t\u00e9\n                <\/h2>\n                                        <div class=\"GutBanner-teaser2 Content\">\n                    en Clar\u00e9e\n                <\/div>\n                                        <a class=\"GutBanner-btn Button-primary\" href=\"https:\/\/www.hautesvallees.com\/la-claree\/que-faire\/en-ete\/\" >En \u00e9t\u00e9<\/a>\n                    <\/div>\n    <\/div>\n\n\n<div class=\"GutBanner BgImage TextLight GutContainer-full\">\n                    <picture class=\"GutBanner-picture\">\n                <source srcset=\"https:\/\/www.hautesvallees.com\/content\/uploads\/sites\/3\/2025\/02\/Ski-de-rando-Jan-2022-Buffere-\u00a9T.-Blais-11-scaled-1-768x360.jpg\" media=\"(max-width: 768px)\">\n                <source srcset=\"https:\/\/www.hautesvallees.com\/content\/uploads\/sites\/3\/2025\/02\/Ski-de-rando-Jan-2022-Buffere-\u00a9T.-Blais-11-scaled-1-992x465.jpg\" media=\"(max-width: 992px)\">\n                <source srcset=\"https:\/\/www.hautesvallees.com\/content\/uploads\/sites\/3\/2025\/02\/Ski-de-rando-Jan-2022-Buffere-\u00a9T.-Blais-11-scaled-1-1707x900.jpg\" media=\"(min-width: 993px)\">\n                <img decoding=\"async\" class=\"GutBanner-img\" src=\"https:\/\/www.hautesvallees.com\/content\/uploads\/sites\/3\/2025\/02\/Ski-de-rando-Jan-2022-Buffere-\u00a9T.-Blais-11-scaled-1-1707x900.jpg\" alt=\"Ski de rando Jan 2022 - Buff\u00e8re \u00a9T. Blais (11)\" \/>\n            <\/picture>\n                <div class=\"GutBanner-inner\">\n                            <h2 class=\"GutBanner-teaser1 Content\">\n                    D\u00e9couvrez nos activit\u00e9s hiver\n                <\/h2>\n                                        <div class=\"GutBanner-teaser2 Content\">\n                    en Clar\u00e9e\n                <\/div>\n                                        <a class=\"GutBanner-btn Button-primary\" href=\"https:\/\/www.hautesvallees.com\/la-claree\/que-faire\/en-hiver\/\" >Hiver<\/a>\n                    <\/div>\n    <\/div>\n\n\n<div class=\"Activities\">\n            <div class=\"Activities-container\">\n                <div class=\"Activities-content\">\n                                                                    <h2 class=\"Activities-content--title\"><span>vous aimerez<\/span><br\/>\r\naussi<\/h2>\n                                                                <p class=\"Activities-content--desc\">Quelques suggestions pour faire de vos vacances en Clar\u00e9e un souvenir m\u00e9morable !<\/p>\n                                        <div class=\"Activities-content--taglist\">\n                                                    <span class=\"Activities-content--tag __activitiesTag69e747a92e6f4\">En \u00e9t\u00e9 en Clar\u00e9e<\/span>\n                                                    <span class=\"Activities-content--tag __activitiesTag69e747a92e6f4\">Les Visages des Hautes Vall\u00e9es<\/span>\n                                                    <span class=\"Activities-content--tag __activitiesTag69e747a92e6f4\">Nos id\u00e9es et Recettes locales<\/span>\n                                                    <span class=\"Activities-content--tag __activitiesTag69e747a92e6f4\">Pour les Randonneurs<\/span>\n                                                    <span class=\"Activities-content--tag __activitiesTag69e747a92e6f4\">Pour les Tribus<\/span>\n                                                    <span class=\"Activities-content--tag __activitiesTag69e747a92e6f4\">Premi\u00e8re fois en montagne<\/span>\n                                            <\/div>\n                                    <\/div>\n                <div class=\"Activities-swiper swiper __SwiperActivities\" data-sliderid=\"69e747a92e6f4\">\n                    <ul class=\"Activities-list swiper-wrapper\">\n                                                                                    <li class=\"NewsTile swiper-slide\">\n                                    <a class=\"NewsTile-link\" href=\"https:\/\/www.hautesvallees.com\/la-claree\/que-faire\/en-ete\/\" title=\"En \u00e9t\u00e9 en Clar\u00e9e\">\n                                        <picture class=\"NewsTile-picture\">\n                                            <img decoding=\"async\" class=\"NewsTile-img\" src=\"https:\/\/www.hautesvallees.com\/content\/uploads\/sites\/3\/2025\/02\/Randonnee-et-nuit-a-la-pointe-des-cerces-20-scaled-1-410x550.jpg\"\n                                                 alt=\"Randonn\u00e9e eSommet en Clar\u00e9e - Randonn\u00e9e et nuit \u00e0 la pointe des cerces - Blais T.t nuit \u00e0 la pointe des cerces - Blais T.\" loading=\"lazy\"\/>\n                                        <\/picture>\n                                                                                <h2 class=\"NewsTile-title\">En \u00e9t\u00e9 en Clar\u00e9e<\/h2>\n                                                                                                                            <span class=\"NewsTile-link--read Link-primary\">\n                                                Voir les activit\u00e9s\n                                            <\/span>\n                                                                            <\/a>\n                                <\/li>\n                                                                                                                <li class=\"NewsTile swiper-slide\">\n                                    <a class=\"NewsTile-link\" href=\"https:\/\/www.hautesvallees.com\/category\/les-visages-des-hautes-vallees\/\" title=\"Les Visages des Hautes Vall\u00e9es\">\n                                        <picture class=\"NewsTile-picture\">\n                                            <img decoding=\"async\" class=\"NewsTile-img\" src=\"https:\/\/www.hautesvallees.com\/content\/uploads\/sites\/3\/2025\/02\/Damage-Val-des-pres-\u00a9Fabien-Dupuis-21-1024x683-1-410x550.webp\"\n                                                 alt=\"Damage-Val-des-pres-\u00a9Fabien-Dupuis-21-1024x683\" loading=\"lazy\"\/>\n                                        <\/picture>\n                                                                                <h2 class=\"NewsTile-title\">Les Visages des Hautes Vall\u00e9es<\/h2>\n                                                                                                                            <span class=\"NewsTile-link--read Link-primary\">\n                                                Voir les activit\u00e9s\n                                            <\/span>\n                                                                            <\/a>\n                                <\/li>\n                                                                                                                <li class=\"NewsTile swiper-slide\">\n                                    <a class=\"NewsTile-link\" href=\"https:\/\/www.hautesvallees.com\/category\/nos-idees-recettes-locales\/\" title=\"Nos id\u00e9es et Recettes locales\">\n                                        <picture class=\"NewsTile-picture\">\n                                            <img decoding=\"async\" class=\"NewsTile-img\" src=\"https:\/\/www.hautesvallees.com\/content\/uploads\/sites\/3\/2025\/01\/Un-Brin-Sauvage-optimise-web-410x550.webp\"\n                                                 alt=\"Un-Brin-Sauvage-optimise-web\" loading=\"lazy\"\/>\n                                        <\/picture>\n                                                                                <h2 class=\"NewsTile-title\">Nos id\u00e9es et Recettes locales<\/h2>\n                                                                                                                            <span class=\"NewsTile-link--read Link-primary\">\n                                                Voir les activit\u00e9s\n                                            <\/span>\n                                                                            <\/a>\n                                <\/li>\n                                                                                                                <li class=\"NewsTile swiper-slide\">\n                                    <a class=\"NewsTile-link\" href=\"https:\/\/www.hautesvallees.com\/category\/pour-les-randonneurs\/\" title=\"Pour les Randonneurs\">\n                                        <picture class=\"NewsTile-picture\">\n                                            <img decoding=\"async\" class=\"NewsTile-img\" src=\"https:\/\/www.hautesvallees.com\/content\/uploads\/sites\/3\/2025\/01\/Claree-les-lacs-rond-long-muande-madeleine-_-Alpesphotographies.com-44-optimise-web-410x550.jpg\"\n                                                 alt=\"vall\u00e9e de la Clar\u00e9e - les lacs rond, long, - Alpes Photographies\" loading=\"lazy\"\/>\n                                        <\/picture>\n                                                                                <h2 class=\"NewsTile-title\">Pour les Randonneurs<\/h2>\n                                                                                                                            <span class=\"NewsTile-link--read Link-primary\">\n                                                Voir les activit\u00e9s\n                                            <\/span>\n                                                                            <\/a>\n                                <\/li>\n                                                                                                                <li class=\"NewsTile swiper-slide\">\n                                    <a class=\"NewsTile-link\" href=\"https:\/\/www.hautesvallees.com\/category\/pour-les-tribus\/\" title=\"Pour les Tribus\">\n                                        <picture class=\"NewsTile-picture\">\n                                            <img decoding=\"async\" class=\"NewsTile-img\" src=\"https:\/\/www.hautesvallees.com\/content\/uploads\/sites\/3\/2025\/02\/VTT-en-famille-vallee-de-la-claree-22-410x550.jpg\"\n                                                 alt=\"VTT en famille - Blais T.\" loading=\"lazy\"\/>\n                                        <\/picture>\n                                                                                <h2 class=\"NewsTile-title\">Pour les Tribus<\/h2>\n                                                                                                                            <span class=\"NewsTile-link--read Link-primary\">\n                                                Voir les activit\u00e9s\n                                            <\/span>\n                                                                            <\/a>\n                                <\/li>\n                                                                                                                <li class=\"NewsTile swiper-slide\">\n                                    <a class=\"NewsTile-link\" href=\"https:\/\/www.hautesvallees.com\/category\/premiere-fois-en-montagne\/\" title=\"Premi\u00e8re fois en montagne\">\n                                        <picture class=\"NewsTile-picture\">\n                                            <img decoding=\"async\" class=\"NewsTile-img\" src=\"https:\/\/www.hautesvallees.com\/content\/uploads\/sites\/3\/2025\/02\/F4BC8B3E-DA40-465B-A4AC-6C55BA96EB2F-scaled-1-410x550.jpeg\"\n                                                 alt=\"randonn\u00e9e Izoard \u00a9Entre2p\u00f4les\" loading=\"lazy\"\/>\n                                        <\/picture>\n                                                                                <h2 class=\"NewsTile-title\">Premi\u00e8re fois en montagne<\/h2>\n                                                                                                                            <span class=\"NewsTile-link--read Link-primary\">\n                                                Voir les activit\u00e9s\n                                            <\/span>\n                                                                            <\/a>\n                                <\/li>\n                                                                        <\/ul>\n                    <div class=\"Activities-swiper--bottom\">\n                        <div class=\"Activities-prev __SwiperActivitiesPrev69e747a92e6f4 swiper-button-prev\">\n                            <img decoding=\"async\" class=\"Activities-prev--svg svg\" data-no-lazy=\"1\"\n                                 src=\"https:\/\/www.hautesvallees.com\/content\/themes\/theme_altimax\/dist\/img\/wordpress\/homepage\/prev.svg\"\/>\n                        <\/div>\n                        <div class=\"Activities-next __SwiperActivitiesNext69e747a92e6f4 swiper-button-next\">\n                            <img decoding=\"async\" class=\"Activities-next--svg svg\" data-no-lazy=\"1\"\n                                 src=\"https:\/\/www.hautesvallees.com\/content\/themes\/theme_altimax\/dist\/img\/wordpress\/homepage\/next.svg\"\/>\n                        <\/div>\n                        <div class=\"Activities-progressbar __SwiperActivitiesPagination69e747a92e6f4 swiper-pagination\"><\/div>\n                    <\/div>\n                <\/div>\n            <\/div>\n        <\/div>\n    ","protected":false},"excerpt":{"rendered":"","protected":false},"author":5,"featured_media":1067,"parent":886,"menu_order":2,"comment_status":"closed","ping_status":"closed","template":"","meta":{"_acf_changed":false,"footnotes":""},"class_list":["post-950","page","type-page","status-publish","has-post-thumbnail","hentry"],"acf":[],"_links":{"self":[{"href":"https:\/\/www.hautesvallees.com\/la-claree\/wp-json\/wp\/v2\/pages\/950","targetHints":{"allow":["GET"]}}],"collection":[{"href":"https:\/\/www.hautesvallees.com\/la-claree\/wp-json\/wp\/v2\/pages"}],"about":[{"href":"https:\/\/www.hautesvallees.com\/la-claree\/wp-json\/wp\/v2\/types\/page"}],"author":[{"embeddable":true,"href":"https:\/\/www.hautesvallees.com\/la-claree\/wp-json\/wp\/v2\/users\/5"}],"replies":[{"embeddable":true,"href":"https:\/\/www.hautesvallees.com\/la-claree\/wp-json\/wp\/v2\/comments?post=950"}],"version-history":[{"count":5,"href":"https:\/\/www.hautesvallees.com\/la-claree\/wp-json\/wp\/v2\/pages\/950\/revisions"}],"predecessor-version":[{"id":3696,"href":"https:\/\/www.hautesvallees.com\/la-claree\/wp-json\/wp\/v2\/pages\/950\/revisions\/3696"}],"up":[{"embeddable":true,"href":"https:\/\/www.hautesvallees.com\/la-claree\/wp-json\/wp\/v2\/pages\/886"}],"wp:featuredmedia":[{"embeddable":true,"href":"https:\/\/www.hautesvallees.com\/la-claree\/wp-json\/wp\/v2\/media\/1067"}],"wp:attachment":[{"href":"https:\/\/www.hautesvallees.com\/la-claree\/wp-json\/wp\/v2\/media?parent=950"}],"curies":[{"name":"wp","href":"https:\/\/api.w.org\/{rel}","templated":true}]}}