{"id":939,"date":"2024-04-17T09:57:33","date_gmt":"2024-04-17T07:57:10","guid":{"rendered":"https:\/\/www.hautesvallees.com\/la-claree\/?page_id=939"},"modified":"2026-02-26T17:03:34","modified_gmt":"2026-02-26T16:03:34","slug":"chiens-de-traineaux","status":"publish","type":"page","link":"https:\/\/www.hautesvallees.com\/la-claree\/que-faire\/en-hiver\/chiens-de-traineaux\/","title":{"rendered":"Chiens de traineaux en Clar\u00e9e"},"content":{"rendered":"<div class=\"GutText  GutContainer\">\n        <div class=\"GutText-inner\">\n            <div class=\"GutTitle Center\">\n                    <h2 class=\"GutTitle-title\">\n                                                        Une exp\u00e9rience inoubliable en pleine nature\n                            <\/h2>\n                    <\/div>\n                            <div class=\"GutText-intro Center\">Venez d\u00e9couvrir les chiens de tra\u00eeneaux pour vivre une exp\u00e9rience hors norme et inoubliable, dans l&rsquo;une des vall\u00e9es les plus sauvage des Hautes-Alpes : la Vall\u00e9e de la Clar\u00e9e ! <\/div>\n                                        <div class=\"GutText-wysiwyg Content\">\n                    <p style=\"text-align: left;\" data-start=\"1172\" data-end=\"1278\"><strong>Glisser en silence dans la neige, tir\u00e9 par un attelage de chiens nordiques, procure une sensation unique :<\/strong><\/p>\n<ul style=\"text-align: left;\" data-start=\"1280\" data-end=\"1398\">\n<li data-section-id=\"1tg68ci\" data-start=\"1280\" data-end=\"1326\">\n<p data-start=\"1282\" data-end=\"1326\">Immersion totale dans une vall\u00e9e pr\u00e9serv\u00e9e<\/p>\n<\/li>\n<li data-section-id=\"1cfy8s7\" data-start=\"1327\" data-end=\"1363\">\n<p data-start=\"1329\" data-end=\"1363\">Connexion forte avec les animaux<\/p>\n<\/li>\n<li data-section-id=\"1ndh0ng\" data-start=\"1364\" data-end=\"1398\">\n<p data-start=\"1366\" data-end=\"1398\">Paysages alpins spectaculaires<\/p>\n<\/li>\n<\/ul>\n<p style=\"text-align: left;\" data-start=\"1400\" data-end=\"1482\">Une activit\u00e9 accessible et magique, id\u00e9ale en couple, entre amis ou en famille.<\/p>\n<p style=\"text-align: left;\" data-start=\"1484\" data-end=\"1617\">Les attelages sont compos\u00e9s de <strong data-start=\"1515\" data-end=\"1542\">6 \u00e0 10 chiens entra\u00een\u00e9s<\/strong>, habitu\u00e9s aux conditions hivernales.<\/p>\n\n                <\/div>\n                    <\/div>\n    <\/div>\n\n\n<div class=\"GutGallery  GutContainer-full\">\n\n        \n                    <div class=\"GutGallery-container three_column __gallery\" id=\"gallery_69fe651ee7524\" data-galleryid=\"gallery_69fe651ee7524\" data-download=\"false\">\n                                                            <a class=\"GutGallery-item\"\n                           href=\"https:\/\/www.hautesvallees.com\/content\/uploads\/sites\/3\/2025\/02\/Chiens-de-traineau-Nevache-\u00a9T.-Blais-2-optimise-web.webp\"\n                            data-lg-size=\"1199-800\"                             data-sub-html=\"Blais T.\"                         >\n                            <picture class=\"GutGallery-pic\">\n                                <img decoding=\"async\" class=\"GutGallery-img\" src=\"https:\/\/www.hautesvallees.com\/content\/uploads\/sites\/3\/2025\/02\/Chiens-de-traineau-Nevache-\u00a9T.-Blais-2-optimise-web-436x436.webp\" alt=\"1\">\n                            <\/picture>\n                                                            <div class=\"GutGallery-creditphoto\">Blais T.<\/div>\n                                                    <\/a>\n                                                                                <a class=\"GutGallery-item\"\n                           href=\"https:\/\/www.hautesvallees.com\/content\/uploads\/sites\/3\/2025\/03\/Chien-de-traineau-nevache-hiver-T.Poinas-3-scaled.jpg\"\n                            data-lg-size=\"2560-1706\"                             data-sub-html=\"Poinas T.\"                         >\n                            <picture class=\"GutGallery-pic\">\n                                <img decoding=\"async\" class=\"GutGallery-img\" src=\"https:\/\/www.hautesvallees.com\/content\/uploads\/sites\/3\/2025\/03\/Chien-de-traineau-nevache-hiver-T.Poinas-3-436x436.jpg\" alt=\"Chien de traineau, n\u00e9vache, hiver - T.Poinas (3)\">\n                            <\/picture>\n                                                            <div class=\"GutGallery-creditphoto\">Poinas T.<\/div>\n                                                    <\/a>\n                                                                                <a class=\"GutGallery-item\"\n                           href=\"https:\/\/www.hautesvallees.com\/content\/uploads\/sites\/3\/2025\/03\/Chien-de-traineau-nevache-hiver-T.Poinas-17-scaled.jpg\"\n                            data-lg-size=\"2560-1707\"                             data-sub-html=\"Poinas T.\"                         >\n                            <picture class=\"GutGallery-pic\">\n                                <img decoding=\"async\" class=\"GutGallery-img\" src=\"https:\/\/www.hautesvallees.com\/content\/uploads\/sites\/3\/2025\/03\/Chien-de-traineau-nevache-hiver-T.Poinas-17-436x436.jpg\" alt=\"Chien de traineau, n\u00e9vache, hiver - T.Poinas (17)\">\n                            <\/picture>\n                                                            <div class=\"GutGallery-creditphoto\">Poinas T.<\/div>\n                                                    <\/a>\n                                                <\/div>\n            <\/div>\n\n\n<div class=\"GutText BgColor GutContainer-full\">\n        <div class=\"GutText-inner\">\n            <div class=\"GutTitle Center\">\n                    <h2 class=\"GutTitle-title\">\n                                    <span class=\"GutTitle-surtitle\">R\u00e9server votre sortie<\/span>\n                                                        en chiens de tra\u00eeneaux\n                            <\/h2>\n                    <\/div>\n                                        <div class=\"GutText-wysiwyg Content\">\n                    <p style=\"text-align: center\">Pensez \u00e0 r\u00e9server \u00e0 l&rsquo;avance votre sortie en chiens de tra\u00eeneaux !<\/p>\n<p style=\"text-align: center\" data-pm-slice=\"1 1 [&quot;list&quot;,{},&quot;list_item&quot;,{&quot;indent&quot;:3,&quot;type&quot;:&quot;bulleted&quot;}]\">Attention, \u00e0 N\u00e9vache vous devez vous munir d\u2019une redevance d\u2019acc\u00e8s aux pistes (\u00e0 minima un Pass \u00c9vasion) pour pratiquer du chiens de traineaux. Les mushers conventionn\u00e9s avec la mairie de N\u00e9vache les vendent sur place, ou vous pouvez commander votre Pass en ligne.<\/p>\n<p style=\"text-align: center\"><a class=\"Button-primary\" href=\"https:\/\/billetterie-nordic-nevache.intence.tech\/shop\" target=\"_blank\" rel=\"noopener\">Je commande mon Nordic Pass Evasion<\/a><\/p>\n<p>&nbsp;<\/p>\n\n                <\/div>\n                    <\/div>\n    <\/div>\n\n\n<div class=\"GutCol2  GutContainer\">\n        <div class=\"GutCol2-container\">\n\n            <div class=\"GutTitle Center\">\n                    <h2 class=\"GutTitle-title\">\n                                                        Les diff\u00e9rentes exp\u00e9riences propos\u00e9es\n                            <\/h2>\n                    <\/div>\n\n                                                                                                        <div class=\"GutCol2-wrap GutCol2-blocTexte Left\">\n                                <div class=\"GutCol2-blocTexte--inner\">\n                                                                            <div class=\"GutTitle Left\">\n                            <span class=\"GutTitle-subtitle\">Bapt\u00eame en tra\u00eeneau (accessible \u00e0 tous)<\/span>\n            <\/div>\n                                                                                                                                                    <div class=\"GutCol2-text Content\">\n                                            <p data-start=\"1759\" data-end=\"1840\">Installez-vous confortablement dans le tra\u00eeneau et laissez le musher vous guider.<\/p>\n<ul data-start=\"1842\" data-end=\"1986\">\n<li data-section-id=\"19dvra0\" data-start=\"1842\" data-end=\"1911\">\n<p data-start=\"1844\" data-end=\"1911\">Accessible d\u00e8s <strong data-start=\"1862\" data-end=\"1871\">3 ans<\/strong><\/p>\n<\/li>\n<li data-section-id=\"y8zgya\" data-start=\"1912\" data-end=\"1953\">\n<p data-start=\"1914\" data-end=\"1953\">Id\u00e9al pour une premi\u00e8re exp\u00e9rience<\/p>\n<\/li>\n<li data-section-id=\"18d9oil\" data-start=\"1954\" data-end=\"1986\">\n<p data-start=\"1956\" data-end=\"1986\">Parfait pour les familles<\/p>\n<\/li>\n<\/ul>\n<p data-start=\"1988\" data-end=\"2060\">Une balade contemplative, sans effort, au c\u0153ur des paysages enneig\u00e9s.<\/p>\n\n                                        <\/div>\n                                                                    <\/div>\n                            <\/div>\n                                                                                                                        <div class=\"GutCol2-wrap GutCol2-blocTexte Right\">\n                                <div class=\"GutCol2-blocTexte--inner\">\n                                                                            <div class=\"GutTitle Left\">\n                            <span class=\"GutTitle-subtitle\">Conduite d\u2019attelage (exp\u00e9rience sportive)<\/span>\n            <\/div>\n                                                                                                                                                    <div class=\"GutCol2-text Content\">\n                                            <p data-start=\"2159\" data-end=\"2206\">Prenez les commandes de votre propre tra\u00eeneau !<\/p>\n<ul data-start=\"2208\" data-end=\"2357\">\n<li data-section-id=\"1keqfwc\" data-start=\"2208\" data-end=\"2275\">\n<p data-start=\"2210\" data-end=\"2275\">\u00c0 partir de <strong data-start=\"2225\" data-end=\"2235\">12 ans<\/strong><\/p>\n<\/li>\n<li data-section-id=\"1n0byly\" data-start=\"2276\" data-end=\"2322\">\n<p data-start=\"2278\" data-end=\"2322\">Encadrement par un musher professionnel<\/p>\n<\/li>\n<li data-section-id=\"1oanr33\" data-start=\"2323\" data-end=\"2357\">\n<p data-start=\"2325\" data-end=\"2357\">Sensations fortes garanties<\/p>\n<\/li>\n<\/ul>\n<p data-start=\"2359\" data-end=\"2417\">Une immersion totale dans l\u2019univers des grands espaces.<\/p>\n\n                                        <\/div>\n                                                                    <\/div>\n                            <\/div>\n                                                                <\/div>\n    <\/div>\n\n\n\n<div class=\"ApiListing __altimax_listing \" data-js=\"{&quot;action_load&quot;:&quot;apidae_listing_load&quot;,&quot;action_map_tiles&quot;:&quot;apidae_listing_load_map_tiles&quot;,&quot;action_filters&quot;:&quot;apidae_listing_filters&quot;,&quot;action_pdf&quot;:&quot;apidae_listing_pdf&quot;,&quot;post_id&quot;:939,&quot;blog_id&quot;:3,&quot;uid&quot;:1,&quot;cache_key&quot;:&quot;934f0ecb05dc725e0b94bf60019d9e49&quot;,&quot;is_agenda&quot;:false,&quot;listing_mode&quot;:&quot;listing&quot;,&quot;use_filters&quot;:false,&quot;use_share&quot;:false,&quot;paginator&quot;:{&quot;currentPage&quot;:1,&quot;maxPerPage&quot;:10,&quot;count&quot;:0,&quot;totalPages&quot;:0,&quot;nextPage&quot;:1,&quot;html&quot;:&quot;&quot;},&quot;ajax_url&quot;:&quot;https:\\\/\\\/www.hautesvallees.com\\\/\\\/la-claree\\\/wp-admin\\\/admin-ajax.php&quot;,&quot;lang&quot;:&quot;fr&quot;}\">\n    <div class=\"ApiListingLoader __altimax_loader\">\n        <div class=\"ApiListingLoader-container\">\n            <div class=\"ApiListingLoader-ring\"><\/div>\n        <\/div>\n    <\/div>\n        \n        \n        \n                                <div class=\"ApiListing-container\">\n        <div class=\"ApiListing-control container_full \">\n                                                    <button class=\"ApiListing-pdf desktop Button-border __altimax_listing_pdf\">T\u00e9l\u00e9charger<\/button>\n                                                                <div class=\"ApiListing-result\">\n                <div class=\"ApiListing-result--number __altimax_listing_count\">0<\/div>\n                R\u00e9sultats\n            <\/div>\n                    <\/div>\n\n        <div class=\"ApiListing-wrapper container_full  \">\n            \n                            <ul class=\"ApiListing-list __altimax_listing_content\">\n                                    <\/ul>\n            \n                        \n        <\/div>\n                    <ul class=\"Paginator __altimax_listing_paginator\">\n                \n            <\/ul>\n            <\/div>\n<\/div>\n\n<div class=\"GutVideo \">\n        <div class=\" GutContainer-full \">\n            \n            <div class=\"GutVideo-inner __video_parent\">\n                                    <picture class=\"GutVideo-pic __video_open\">\n                        <source srcset=\"https:\/\/www.hautesvallees.com\/content\/uploads\/sites\/3\/2025\/03\/Chien-de-traineau-nevache-hiver-T.Poinas-7-768x433.jpg\" media=\"(max-width: 768px)\">\n                        <source srcset=\"https:\/\/www.hautesvallees.com\/content\/uploads\/sites\/3\/2025\/03\/Chien-de-traineau-nevache-hiver-T.Poinas-7-992x559.jpg\" media=\"(max-width: 992px)\">\n                        <source srcset=\"https:\/\/www.hautesvallees.com\/content\/uploads\/sites\/3\/2025\/03\/Chien-de-traineau-nevache-hiver-T.Poinas-7-1920x1080.jpg\" media=\"(min-width: 993px)\">\n                        <img decoding=\"async\" class=\"GutVideo-img\" src=\"https:\/\/www.hautesvallees.com\/content\/uploads\/sites\/3\/2025\/03\/Chien-de-traineau-nevache-hiver-T.Poinas-7-1920x1080.jpg\" alt=\"Chien de traineau, n\u00e9vache, hiver - T.Poinas (7)\" \/>\n                    <\/picture>\n                                                    <div class=\"GutVideo-out __video_out\">\n                        <iframe class='Video' width='1920' height='1080' src='https:\/\/youtube.com\/embed\/zrzMmJKiczM?&#038;rel=0' frameborder='0' controls='0' allow='accelerometer; encrypted-media; gyroscope; picture-in-picture' allowfullscreen><\/iframe>\n                    <\/div>\n                            <\/div>\n\n                    <\/div>\n    <\/div>\n\n\n<div class=\"GutCol2  GutContainer\">\n        <div class=\"GutCol2-container\">\n\n            <div class=\"GutTitle Center\">\n                    <h2 class=\"GutTitle-title\">\n                                    <span class=\"GutTitle-surtitle\">Retour<\/span>\n                                                        d&#039;exp\u00e9rience\n                            <\/h2>\n                    <\/div>\n\n                                                                                                        <div class=\"GutCol2-wrap GutCol2-blocTexte Left\">\n                                <div class=\"GutCol2-blocTexte--inner\">\n                                                                            <div class=\"GutTitle Left\">\n                    <h2 class=\"GutTitle-title\">\n                                    <span class=\"GutTitle-surtitle\">d&#039;une balade<\/span>\n                                                         en tra\u00eeneau en Clar\u00e9e\n                            <\/h2>\n                    <\/div>\n                                                                                                                <div class=\"GutCol2-intro\">Envie de vivre une aventure pleine nature \u00e0 l\u2019allure canadienne ? Partez d\u00e9couvrir certains des plus beaux endroits des Hautes-Alpes install\u00e9 sur un tra\u00eeneau guid\u00e9 par un attelage de chiens des races du Grand Nord.<\/div>\n                                                                                                                <div class=\"GutCol2-text Content\">\n                                            <p>\u00ab\u00a0Compos\u00e9s de <strong>6, 8 ou 10 chiens<\/strong> en fonction de l\u2019effort \u00e0 fournir, <strong>les attelages de chiens de tra\u00eeneaux<\/strong> sont un r\u00eave pour ceux qui <strong>aiment les chiens biens dodus et biens dress\u00e9s<\/strong>. Toutes entra\u00een\u00e9es depuis des g\u00e9n\u00e9rations pour guider les tra\u00eeneaux dans les neiges les plus \u00e9paisses, les races composant les \u00e9quipes vont varier d\u2019un attelage \u00e0 l\u2019autre.\u00a0\u00bb<\/p>\n<p>&nbsp;<\/p>\n<p><a class=\"Button-primary\" href=\"https:\/\/www.hautesvallees.com\/balades-en-traineau-dans-la-claree-avec-sophie-et-dakota-2\/\">Retour d&rsquo;exp\u00e9rience d&rsquo;une balade en tra\u00eeneau en Clar\u00e9e<\/a><\/p>\n\n                                        <\/div>\n                                                                    <\/div>\n                            <\/div>\n                                                                                                                                                        <div class=\"GutCol2-wrap GutCol2-blocImage Right\">\n                                    <picture class=\"GutCol2-picture\">\n                                        <img decoding=\"async\" src=\"https:\/\/www.hautesvallees.com\/content\/uploads\/sites\/3\/2025\/03\/Chien-de-traineau-nevache-hiver-T.Poinas-31-664x480.jpg\"\n                                             alt=\"Chien de traineau, n\u00e9vache, hiver - T.Poinas (31)\" \/>\n                                    <\/picture>\n                                                                            <span class=\"GutCol2-credit\">\u00a9 Poinas T.<\/span>\n                                                                    <\/div>\n                                                                                            <\/div>\n    <\/div>\n\n\n<div class=\"GutCol2  GutContainer\">\n        <div class=\"GutCol2-container\">\n\n            <div class=\"GutTitle Center\">\n                    <h2 class=\"GutTitle-title\">\n                                    <span class=\"GutTitle-surtitle\">Conduite<\/span>\n                                                        d&#039;attelage\n                            <\/h2>\n                    <\/div>\n\n                                                                                                                                        <div class=\"GutCol2-wrap GutCol2-blocImage Left\">\n                                    <picture class=\"GutCol2-picture\">\n                                        <img decoding=\"async\" src=\"https:\/\/www.hautesvallees.com\/content\/uploads\/sites\/3\/2025\/02\/DSC_0631_DxO-scaled-1-664x480.jpg\"\n                                             alt=\"Chien de traineaux en clar\u00e9e - Foehn M.\" \/>\n                                    <\/picture>\n                                                                            <span class=\"GutCol2-credit\">\u00a9 Foehn M.<\/span>\n                                                                    <\/div>\n                                                                                                                                                    <div class=\"GutCol2-wrap GutCol2-blocTexte Right\">\n                                <div class=\"GutCol2-blocTexte--inner\">\n                                                                            <div class=\"GutTitle Left\">\n                    <h2 class=\"GutTitle-title\">\n                                    <span class=\"GutTitle-surtitle\">Sortie<\/span>\n                                                        sportive\n                            <\/h2>\n                    <\/div>\n                                                                                                                <div class=\"GutCol2-intro\">Pour une sortie plus sportive, conduisez vous-m\u00eame votre attelage. <\/div>\n                                                                                                                <div class=\"GutCol2-text Content\">\n                                            <p class=\"text-justify\"><strong>Les secrets de la conduite d&rsquo;attelage<\/strong> vous seront r\u00e9v\u00e9l\u00e9s par <strong>les mushers dipl\u00f4m\u00e9s<\/strong>, qui vous accompagneront sur le parcours vers le <strong>Col de l&rsquo;Echelle<\/strong>.<\/p>\n<p class=\"text-justify\">Laissez-vous bercer par les sensations de ce moyen de d\u00e9placement du \u00ab grand nord \u00bb ! <strong>Une exp\u00e9rience nordique au coeur des Hautes-Alpes<\/strong>, que vous ne serez pas pr\u00eat d\u2019oublier\u00a0!<\/p>\n<p>&nbsp;<\/p>\n<p class=\"text-justify\"><a class=\"Button-primary\" href=\"https:\/\/www.hautesvallees.com\/balades-en-traineau-dans-la-claree-avec-sophie-et-dakota\/\">Retrouvez le portrait de Sophie, la musher de l&rsquo;Empreinte nordique<\/a><\/p>\n\n                                        <\/div>\n                                                                    <\/div>\n                            <\/div>\n                                                                <\/div>\n    <\/div>\n\n\n<div class=\"GutPeleMele  GutContainer-full\">\n        <div class=\"GutPeleMele-inner\">\n            <div class=\"GutTitle Center\">\n                    <h2 class=\"GutTitle-title\">\n                                    <span class=\"GutTitle-surtitle\">Vous aimerez<\/span>\n                                                        aussi\n                            <\/h2>\n                    <\/div>\n                            <div class=\"GutPeleMele-grid\">\n                                                                        <a class=\"GutPeleMele-tile\" href=\"https:\/\/www.hautesvallees.com\/la-claree\/que-faire\/en-hiver\/nordique-nevache\/\" target=\"\" title=\"Nordique N\u00e9vache\">\n                                                    <img decoding=\"async\" class=\"GutPeleMele-tile--image\" src=\"https:\/\/www.hautesvallees.com\/content\/uploads\/sites\/3\/2025\/02\/Shooting-ski-de-fond-Nevache-54-scaled-1.jpg\" alt=\"Nordique N\u00e9vache - T.Blais\">\n                            <span class=\"GutPeleMele-tile--title\">Domaine nordique de N\u00e9vache<\/span>\n                                                    <\/a>\n                                                                                                <a class=\"GutPeleMele-tile\" href=\"https:\/\/www.hautesvallees.com\/la-claree\/que-faire\/en-hiver\/nordique-val-des-pres\/\" target=\"\" title=\"Nordique Val-Des-Pr\u00e9s\">\n                                                    <img decoding=\"async\" class=\"GutPeleMele-tile--image\" src=\"https:\/\/www.hautesvallees.com\/content\/uploads\/sites\/3\/2025\/02\/Hiver-Famille-_-alpesphotogrphies.com-14-optimise-web.jpg\" alt=\"\">\n                            <span class=\"GutPeleMele-tile--title\">Domaine nordique de Val-des-Pr\u00e9s<\/span>\n                                                    <\/a>\n                                                                                                <a class=\"GutPeleMele-tile\" href=\"https:\/\/www.hautesvallees.com\/la-claree\/que-faire\/en-hiver\/vacances-en-famille\/\" target=\"\" title=\"Vacances d\u2019hiver en famille\">\n                                                    <img decoding=\"async\" class=\"GutPeleMele-tile--image\" src=\"https:\/\/www.hautesvallees.com\/content\/uploads\/sites\/3\/2025\/02\/Val-des-pres-Hiver-Famille-en-luge-_-alpesphotogrphies.com-1-optimise-web.jpg\" alt=\"Val-des-pr\u00e9s Hiver Famille en luge _ alpesphotogrphies.com (1) (optimis\u00e9 web)\">\n                            <span class=\"GutPeleMele-tile--title\">Vacances en famille en hiver<\/span>\n                                                    <\/a>\n                                                                                                <a class=\"GutPeleMele-tile\" href=\"https:\/\/www.hautesvallees.com\/la-claree\/que-faire\/en-hiver\/raquettes\/\" target=\"\" title=\"Raquettes\">\n                                                    <img decoding=\"async\" class=\"GutPeleMele-tile--image\" src=\"https:\/\/www.hautesvallees.com\/content\/uploads\/sites\/3\/2025\/02\/RAQUETTES-CLAREE-_-alpesphotographies.com-40-1.jpg\" alt=\"\">\n                            <span class=\"GutPeleMele-tile--title\">Raquettes<\/span>\n                                                    <\/a>\n                                                                                                <a class=\"GutPeleMele-tile\" href=\"https:\/\/www.hautesvallees.com\/la-claree\/que-faire\/en-hiver\/ski-de-randonnee\/\" target=\"\" title=\"Ski de randonn\u00e9e\">\n                                                    <img decoding=\"async\" class=\"GutPeleMele-tile--image\" src=\"https:\/\/www.hautesvallees.com\/content\/uploads\/sites\/3\/2025\/01\/Ski-de-rando-Jan-2022-Buffere-\u00a9T.-Blais-26-scaled-1.jpg\" alt=\"\">\n                            <span class=\"GutPeleMele-tile--title\">Ski de randonn\u00e9e<\/span>\n                                                    <\/a>\n                                                                                                <a class=\"GutPeleMele-tile\" href=\"https:\/\/www.hautesvallees.com\/la-claree\/que-faire\/en-hiver\/ski-alpin\/\" target=\"\" title=\"Ski Alpin en Clar\u00e9e\">\n                                                    <img decoding=\"async\" class=\"GutPeleMele-tile--image\" src=\"https:\/\/www.hautesvallees.com\/content\/uploads\/sites\/3\/2025\/02\/MMorattel_ski-alpin2_2014-1-scaled-1.jpg\" alt=\"Ski alpin N\u00e9vache - Morattel S.\">\n                            <span class=\"GutPeleMele-tile--title\">Ski Alpin \u00e0 N\u00e9vache<\/span>\n                                                    <\/a>\n                                                            <\/div>\n                    <\/div>\n\n    <\/div>\n","protected":false},"excerpt":{"rendered":"","protected":false},"author":5,"featured_media":2671,"parent":932,"menu_order":6,"comment_status":"closed","ping_status":"closed","template":"","meta":{"_acf_changed":false,"footnotes":""},"class_list":["post-939","page","type-page","status-publish","has-post-thumbnail","hentry"],"acf":[],"_links":{"self":[{"href":"https:\/\/www.hautesvallees.com\/la-claree\/wp-json\/wp\/v2\/pages\/939","targetHints":{"allow":["GET"]}}],"collection":[{"href":"https:\/\/www.hautesvallees.com\/la-claree\/wp-json\/wp\/v2\/pages"}],"about":[{"href":"https:\/\/www.hautesvallees.com\/la-claree\/wp-json\/wp\/v2\/types\/page"}],"author":[{"embeddable":true,"href":"https:\/\/www.hautesvallees.com\/la-claree\/wp-json\/wp\/v2\/users\/5"}],"replies":[{"embeddable":true,"href":"https:\/\/www.hautesvallees.com\/la-claree\/wp-json\/wp\/v2\/comments?post=939"}],"version-history":[{"count":14,"href":"https:\/\/www.hautesvallees.com\/la-claree\/wp-json\/wp\/v2\/pages\/939\/revisions"}],"predecessor-version":[{"id":37648,"href":"https:\/\/www.hautesvallees.com\/la-claree\/wp-json\/wp\/v2\/pages\/939\/revisions\/37648"}],"up":[{"embeddable":true,"href":"https:\/\/www.hautesvallees.com\/la-claree\/wp-json\/wp\/v2\/pages\/932"}],"wp:featuredmedia":[{"embeddable":true,"href":"https:\/\/www.hautesvallees.com\/la-claree\/wp-json\/wp\/v2\/media\/2671"}],"wp:attachment":[{"href":"https:\/\/www.hautesvallees.com\/la-claree\/wp-json\/wp\/v2\/media?parent=939"}],"curies":[{"name":"wp","href":"https:\/\/api.w.org\/{rel}","templated":true}]}}