{"id":911,"date":"2024-05-15T10:17:33","date_gmt":"2024-05-15T08:17:08","guid":{"rendered":"https:\/\/www.hautesvallees.com\/la-claree\/?page_id=911"},"modified":"2025-02-12T09:09:47","modified_gmt":"2025-02-12T08:09:47","slug":"itinerance-zero-carbone","status":"publish","type":"page","link":"https:\/\/www.hautesvallees.com\/la-claree\/que-faire\/en-ete\/itinerances-en-claree\/itinerance-zero-carbone\/","title":{"rendered":"Itin\u00e9rance z\u00e9ro carbone"},"content":{"rendered":"<div class=\"GutText  GutContainer\">\n        <div class=\"GutText-inner\">\n            <div class=\"GutTitle Center\">\n                    <h2 class=\"GutTitle-title\">\n                                    <span class=\"GutTitle-surtitle\">Etre attentif \u00e0 son<\/span>\n                                                        empreinte carbone\n                            <\/h2>\n                    <\/div>\n                            <div class=\"GutText-intro Center\">Tentez l&rsquo;exp\u00e9rience d&rsquo;une itin\u00e9rance z\u00e9ro carbone avec cette itin\u00e9raire dans les Hautes-Alpes !<\/div>\n                                        <div class=\"GutText-wysiwyg Content\">\n                    <p class=\"txt-vert text-justify\" style=\"text-align: center;\">Partir en<strong> train<\/strong>, lacer ses chaussures et se lancer \u00e0 la conqu\u00eate de paysages \u00e0 couper le souffle et tout \u00e7a sans prendre la voiture ! Traverser la <a href=\"https:\/\/www.hautesvallees.com\/la-claree\/decouvrir\/vallee-etroite\/\">Vall\u00e9e \u00c9troite<\/a> et la <a href=\"https:\/\/www.hautesvallees.com\/la-claree\/decouvrir\/vallee-de-la-claree\/\">Vall\u00e9e de la Clar\u00e9e<\/a> pour ensuite rejoindre la ville de Brian\u00e7on et ses fortifications \u00e0 la force de ses jambes.<\/p>\n<p style=\"text-align: center;\">Propositions de parcours et r\u00e9servations sur<\/p>\n<p style=\"text-align: center;\"><a class=\"Button-primary\" href=\"https:\/\/www.refugesclareethabor.com\/fr\/il4-accueil.aspx\" target=\"_blank\" rel=\"noopener noreferrer\">www.refugesclareethabor.com<\/a><\/p>\n\n                <\/div>\n                    <\/div>\n    <\/div>\n\n\n<div class=\"GutCol2  GutContainer\">\n        <div class=\"GutCol2-container\">\n\n            <div class=\"GutTitle Center\">\n                    <h2 class=\"GutTitle-title\">\n                                                        Etape 1\n                            <\/h2>\n                    <\/div>\n\n                                                                                                        <div class=\"GutCol2-wrap GutCol2-blocTexte Left\">\n                                <div class=\"GutCol2-blocTexte--inner\">\n                                                                            <div class=\"GutTitle Left\">\n                    <h2 class=\"GutTitle-title\">\n                                    <span class=\"GutTitle-surtitle\">De Modane <\/span>\n                                                        au refuge du thabor\n                            <\/h2>\n                    <\/div>\n                                                                                                                                                    <div class=\"GutCol2-text Content\">\n                                            <p class=\"text-justify\">Depuis la gare de Modane, prendre \u00e0 gauche sur 50m pour traverser la voie ferr\u00e9e via un tunnel.<\/p>\n<p class=\"text-justify\">\u00c0 sa sortie prendre \u00e0 droite et longer la route jusqu&rsquo;\u00e0 d\u00e9passer l&rsquo;h\u00f4tel Bellevue. Le GR5 menant au refuge d\u00e9marre 100m apr\u00e8s l&rsquo;h\u00f4tel, le suivre jusqu&rsquo;au refuge.<\/p>\n<p class=\"text-justify\">\nJuste avant d&rsquo;arriver \u00e0 Valfr\u00e9jus, apr\u00e8s la travers\u00e9e du ruisseau du Charmaix, il est conseill\u00e9 d&#8217;emprunter le sentier longeant le ruisseau.<\/p>\n<p class=\"text-justify\">Celui-ci rejoint le Lavoir en rive gauche du vallon, via les Herbiers.<\/p>\n<p class=\"text-justify\">Au Lavoir (1923m), continuer par la piste en direction du sud-ouest jusqu&rsquo;\u00e0 rejoindre la prise d&rsquo;eau de la Losa (2099m).<\/p>\n<p><em><strong>Altitude d\u00e9part\u00a0<\/strong>: 1050 m<br \/>\n<strong>Altitude arriv\u00e9e<\/strong>\u00a0: 2500 m (+ 1450m)<br \/>\n<strong>Temps de marche :<\/strong>\u00a05h30<\/em><\/p>\n<p class=\"text-justify\"><em><strong>Variante :\u00a0<\/strong><\/em>Atteindre le refuge du Thabor (2502m) soit par la rive droite et le col de la Vall\u00e9e Etroite, soit par la rive gauche et les chalets du Mounioz.<\/p>\n\n                                        <\/div>\n                                                                    <\/div>\n                            <\/div>\n                                                                                                                                                        <div class=\"GutCol2-wrap GutCol2-blocImage Right\">\n                                    <picture class=\"GutCol2-picture\">\n                                        <img decoding=\"async\" src=\"https:\/\/www.hautesvallees.com\/content\/uploads\/sites\/3\/2025\/02\/Capture-decran-2024-05-15-145140.png\"\n                                             alt=\"Carte IGN OTHV\" \/>\n                                    <\/picture>\n                                                                            <span class=\"GutCol2-credit\">\u00a9 OTHV &#8211; IGN<\/span>\n                                                                    <\/div>\n                                                                                            <\/div>\n    <\/div>\n\n\n<div class=\"GutCol2 BgColor GutContainer-full\">\n        <div class=\"GutCol2-container\">\n\n            <div class=\"GutTitle Center\">\n                    <h2 class=\"GutTitle-title\">\n                                                        Etape 2\n                            <\/h2>\n                    <\/div>\n\n                                                                                                                                        <div class=\"GutCol2-wrap GutCol2-blocImage Left\">\n                                    <picture class=\"GutCol2-picture\">\n                                        <img decoding=\"async\" src=\"https:\/\/www.hautesvallees.com\/content\/uploads\/sites\/3\/2025\/02\/Randonnee-lac-vert-vallee-etroite-BALACE-Amandine-2-664x480.jpg\"\n                                             alt=\"Randonn\u00e9e lac vert vall\u00e9e \u00e9troite - BALAC\u00c9 Amandine 2\" \/>\n                                    <\/picture>\n                                                                            <span class=\"GutCol2-credit\">\u00a9 Balac\u00e9 A.<\/span>\n                                                                    <\/div>\n                                                                                                                                                    <div class=\"GutCol2-wrap GutCol2-blocTexte Right\">\n                                <div class=\"GutCol2-blocTexte--inner\">\n                                                                            <div class=\"GutTitle Left\">\n                    <h2 class=\"GutTitle-title\">\n                                    <span class=\"GutTitle-surtitle\">du refuge du Thabor<\/span>\n                                                        aux Granges de la vall\u00e9e \u00e9troite via le mont Thabor\n                            <\/h2>\n                    <\/div>\n                                                                                                                                                    <div class=\"GutCol2-text Content\">\n                                            <p class=\"text-justify\">Le deuxi\u00e8me jour c&rsquo;est direction le mont Thabor ! Du refuge du Thabor, laisser le col de la Vall\u00e9e \u00c9troite (2434m) pour rejoindre le lac du Peyron (2453m) puis le col des M\u00e9andes (2727m) le long du GR57.<\/p>\n<p class=\"text-justify\">Atteindre le sommet du mont Thabor (3178m) en aller-retour, avant de descendre dans le vallon du D\u00eener pour rejoindre le Pont de la Fonderie (1910m) puis les Granges de la Vall\u00e9e \u00c9troite (1760m).<\/p>\n<p><em><strong>Altitude d\u00e9part :\u00a0<\/strong>2500m<br \/>\n<strong>Altitude arriv\u00e9e<\/strong>\u00a0: 1760m (+ 850 m \/ &#8211; 1600 m)<br \/>\n<strong>Temps de marche :<\/strong>\u00a06h<\/em><\/p>\n<p class=\"text-justify\"><strong>Bonus :\u00a0<\/strong><em>Du Pont de la Fonderie, la travers\u00e9e du Ruisseau de la Vall\u00e9e \u00c9troite suivie d&rsquo;une raide mais courte mont\u00e9e vous d\u00e9pose sur un petit plateau bucolique qui vous m\u00e8ne au merveilleux lac Vert.<\/em><\/p>\n\n                                        <\/div>\n                                                                    <\/div>\n                            <\/div>\n                                                                <\/div>\n    <\/div>\n\n\n<div class=\"GutImage  GutContainer\">\n        <div class=\"GutImage-container\">\n            <div class=\"GutTitle Center\">\n                    <h2 class=\"GutTitle-title\">\n                                    <span class=\"GutTitle-surtitle\">Etape 3<\/span>\n                                                        Des granges de la Vall\u00e9e Etroite au refuge de Buff\u00e8re\n                            <\/h2>\n                    <\/div>\n            \n                            <picture class=\"GutImage-pic\">\n                    <source srcset=\"https:\/\/www.hautesvallees.com\/content\/uploads\/sites\/3\/2025\/02\/IMG_20220622_1638561-e1713718869901-1500x400-1-768x400.jpg\" media=\"(max-width: 768px)\">\n                    <source srcset=\"https:\/\/www.hautesvallees.com\/content\/uploads\/sites\/3\/2025\/02\/IMG_20220622_1638561-e1713718869901-1500x400-1-992x400.jpg\" media=\"(max-width: 992px)\">\n                    <source srcset=\"https:\/\/www.hautesvallees.com\/content\/uploads\/sites\/3\/2025\/02\/IMG_20220622_1638561-e1713718869901-1500x400-1-1348x400.jpg\" media=\"(min-width: 993px)\">\n                    <img decoding=\"async\" class=\"GutImage-img\" src=\"https:\/\/www.hautesvallees.com\/content\/uploads\/sites\/3\/2025\/02\/IMG_20220622_1638561-e1713718869901-1500x400-1-1348x400.jpg\" alt=\"IMG_20220622_1638561-e1713718869901-1500x400\" \/>\n                <\/picture>\n                                        <div class=\"GutImage-creditphoto\">\n                    Refuge Buff\u00e8re\n                <\/div>\n                    <\/div>\n    <\/div>\n\n\n<div class=\"GutText  GutContainer\">\n        <div class=\"GutText-inner\">\n                                                    <div class=\"GutText-wysiwyg Content\">\n                    <p class=\"text-justify\" style=\"text-align: center;\">Le lendemain, des granges de la Vall\u00e9e \u00c9troite emprunter un chemin facile en direction du Col des Thures (2194m), puis descendre sur N\u00e9vache. De N\u00e9vache, traverser la Clar\u00e9e pour rejoindre le GR57 en rive droite, le suivre jusqu&rsquo;\u00e0 arriver au pont du Rately. Prendre ensuite en direction de la haute vall\u00e9e et de Fontcouverte pour monter en direction du refuge de Buff\u00e8re, \u00e0 ce point l\u00e0 il reste 1h30 de marche sans difficult\u00e9.<\/p>\n<p style=\"text-align: center;\"><em><strong>Altitude d\u00e9part :<\/strong>\u00a01760 m<br \/>\n<strong>Altitude arriv\u00e9e<\/strong>\u00a0: 2076 m (+ 900 m \/ &#8211; 600 m)<br \/>\n<strong>Temps de marche :\u00a0<\/strong>6h\u00a0<\/em><\/p>\n<p class=\"text-justify\" style=\"text-align: center;\"><em><strong>Bonus :\u00a0<\/strong><\/em>du refuge de Buff\u00e8re, gagner le col de Buff\u00e8re et prendre \u00e0 gauche le sentier parfois escarp\u00e9 qui m\u00e8ne au Grand Area (2869m, 2h). Magnifique panorama circulaire sur les Cerces et l&rsquo;Oisans. Retour par le m\u00eame chemin.<\/p>\n\n                <\/div>\n                    <\/div>\n    <\/div>\n\n\n<div class=\"GutCol2  GutContainer\">\n        <div class=\"GutCol2-container\">\n\n            <div class=\"GutTitle Center\">\n                    <h2 class=\"GutTitle-title\">\n                                                        Etape 4\n                            <\/h2>\n                    <\/div>\n\n                                                                                                        <div class=\"GutCol2-wrap GutCol2-blocTexte Left\">\n                                <div class=\"GutCol2-blocTexte--inner\">\n                                                                            <div class=\"GutTitle Left\">\n                    <h2 class=\"GutTitle-title\">\n                                    <span class=\"GutTitle-surtitle\">Du refuge de Buff\u00e8re<\/span>\n                                                        \u00e0 la gare de Brian\u00e7on\n                            <\/h2>\n                    <\/div>\n                                                                                                                                                    <div class=\"GutCol2-text Content\">\n                                            <p class=\"text-justify\">Pour le dernier jour de l&rsquo;itin\u00e9raire z\u00e9ro carbone direction la ville de Brian\u00e7on. Du refuge Buff\u00e8re (2076m), prendre le sentier de C\u00f4te Rouge pour acc\u00e9der au vallon de Cristol, puis aux lacs et \u00e0 la porte de Cristol (2483m).<\/p>\n<p class=\"text-justify\">De l\u00e0, rejoindre le col du Granon (2404m) par le col des Cibi\u00e8res (2350m) et le col de l&rsquo;Oules (2548m). Suivre alors les Cr\u00eates de Peyrolles (2645m) jusqu&rsquo;\u00e0 la croix de Toulouse (1962m) qui surplombe Brian\u00e7on, puis descendre \u00e0 Brian\u00e7on avec une arriv\u00e9e au Champ de Mars \u00e0 l&rsquo;entr\u00e9e de la vieille ville nich\u00e9e dans ses remparts.<\/p>\n<p class=\"text-justify\">La gare se trouve dans la ville basse.<\/p>\n<p class=\"text-justify\"><em><strong>Altitude d\u00e9part :\u00a0<\/strong>2076 m<br \/>\n<strong>Altitude arriv\u00e9e<\/strong>\u00a0: 1326 m (+ 600 m \/ &#8211; 1300 m)<br \/>\n<strong>Temps de marche :<\/strong>\u00a07h<\/em><\/p>\n<p>&nbsp;<\/p>\n\n                                        <\/div>\n                                                                    <\/div>\n                            <\/div>\n                                                                                                                                                        <div class=\"GutCol2-wrap GutCol2-blocImage Right\">\n                                    <picture class=\"GutCol2-picture\">\n                                        <img decoding=\"async\" src=\"https:\/\/www.hautesvallees.com\/content\/uploads\/sites\/3\/2025\/02\/\u00a9MDucroux-Lac-de-Cristol-1-scaled-1-664x480.jpg\"\n                                             alt=\"Lac de Cristol et de l&#039;Oule\" \/>\n                                    <\/picture>\n                                                                            <span class=\"GutCol2-credit\">\u00a9 Ducroux M.<\/span>\n                                                                    <\/div>\n                                                                                            <\/div>\n    <\/div>\n\n\n<div class=\"GutPushArticles BgColor GutContainer\">\n        <div class=\"GutPushArticles-container\">\n            <div class=\"GutTitle Center\">\n                    <h2 class=\"GutTitle-title\">\n                                    <span class=\"GutTitle-surtitle\">Vous aimerez<\/span>\n                                                        aussi\n                            <\/h2>\n                    <\/div>\n            <div class=\"GutPushArticles-inner \">\n                                    <div class=\"GutPushArticles-container \" >\n                        <div class=\"GutPushArticles-list \">\n                                                            <div class=\"GutPushArticles-wrap \">\n                                                                            <picture class=\"GutPushArticles-picture\">\n                                            <img decoding=\"async\" src=\"https:\/\/www.hautesvallees.com\/content\/uploads\/sites\/3\/2025\/02\/920C4778-702A-47DB-9D8B-79E78E7E96A5-scaled-1-371x248.jpeg\"\n                                                 alt=\"randonn\u00e9e \u00e9t\u00e9 izoard\" \/>\n                                        <\/picture>\n                                                                        <div class=\"GutPushArticles-content\">\n                                                                                    <h2 class=\"GutPushArticles-title\">Itin\u00e9rances dans les Hautes vall\u00e9es<\/h2>\n                                                                                                                                                                    <a class=\"Link\" href=\"https:\/\/www.hautesvallees.com\/la-claree\/que-faire\/en-ete\/itinerances-en-claree\/les-itinerances-dans-les-hautes-vallees\/\">D\u00e9couvrir<\/a>\n                                                                            <\/div>\n                                <\/div>\n                                                            <div class=\"GutPushArticles-wrap \">\n                                                                        <div class=\"GutPushArticles-content\">\n                                                                                    <h2 class=\"GutPushArticles-title\">Itin\u00e9rance autour du mont Thabor<\/h2>\n                                                                                                                                                                    <a class=\"Link\" href=\"https:\/\/www.hautesvallees.com\/la-claree\/que-faire\/en-ete\/itinerances-en-claree\/itinerance-autour-du-mont-thabor\/\">Planifier<\/a>\n                                                                            <\/div>\n                                <\/div>\n                                                            <div class=\"GutPushArticles-wrap \">\n                                                                            <picture class=\"GutPushArticles-picture\">\n                                            <img decoding=\"async\" src=\"https:\/\/www.hautesvallees.com\/content\/uploads\/sites\/3\/2025\/02\/Claree-les-lacs-rond-long-muande-madeleine-_-Alpesphotographies.com-25-371x248.jpg\"\n                                                 alt=\"randonn\u00e9es accompagn\u00e9es \u00e9t\u00e9 la grave\" \/>\n                                        <\/picture>\n                                                                        <div class=\"GutPushArticles-content\">\n                                                                                    <h2 class=\"GutPushArticles-title\">Itin\u00e9rance en famille en Clar\u00e9e<\/h2>\n                                                                                                                                                                    <a class=\"Link\" href=\"https:\/\/www.hautesvallees.com\/la-claree\/que-faire\/en-ete\/itinerances-en-claree\/itinerance-en-famille\/\">Planifier<\/a>\n                                                                            <\/div>\n                                <\/div>\n                                                    <\/div>\n                                            <\/div>\n                                                <\/div>\n                    <\/div>\n    <\/div>\n","protected":false},"excerpt":{"rendered":"","protected":false},"author":5,"featured_media":2457,"parent":908,"menu_order":2,"comment_status":"closed","ping_status":"closed","template":"","meta":{"_acf_changed":false,"footnotes":""},"class_list":["post-911","page","type-page","status-publish","has-post-thumbnail","hentry"],"acf":[],"_links":{"self":[{"href":"https:\/\/www.hautesvallees.com\/la-claree\/wp-json\/wp\/v2\/pages\/911","targetHints":{"allow":["GET"]}}],"collection":[{"href":"https:\/\/www.hautesvallees.com\/la-claree\/wp-json\/wp\/v2\/pages"}],"about":[{"href":"https:\/\/www.hautesvallees.com\/la-claree\/wp-json\/wp\/v2\/types\/page"}],"author":[{"embeddable":true,"href":"https:\/\/www.hautesvallees.com\/la-claree\/wp-json\/wp\/v2\/users\/5"}],"replies":[{"embeddable":true,"href":"https:\/\/www.hautesvallees.com\/la-claree\/wp-json\/wp\/v2\/comments?post=911"}],"version-history":[{"count":2,"href":"https:\/\/www.hautesvallees.com\/la-claree\/wp-json\/wp\/v2\/pages\/911\/revisions"}],"predecessor-version":[{"id":2511,"href":"https:\/\/www.hautesvallees.com\/la-claree\/wp-json\/wp\/v2\/pages\/911\/revisions\/2511"}],"up":[{"embeddable":true,"href":"https:\/\/www.hautesvallees.com\/la-claree\/wp-json\/wp\/v2\/pages\/908"}],"wp:featuredmedia":[{"embeddable":true,"href":"https:\/\/www.hautesvallees.com\/la-claree\/wp-json\/wp\/v2\/media\/2457"}],"wp:attachment":[{"href":"https:\/\/www.hautesvallees.com\/la-claree\/wp-json\/wp\/v2\/media?parent=911"}],"curies":[{"name":"wp","href":"https:\/\/api.w.org\/{rel}","templated":true}]}}