{"id":895,"date":"2024-04-16T14:11:33","date_gmt":"2024-04-16T12:11:21","guid":{"rendered":"https:\/\/www.hautesvallees.com\/la-claree\/?page_id=895"},"modified":"2025-02-11T16:56:39","modified_gmt":"2025-02-11T15:56:39","slug":"avec-les-animaux","status":"publish","type":"page","link":"https:\/\/www.hautesvallees.com\/la-claree\/que-faire\/en-ete\/balades-et-randonnees-en-claree\/avec-les-animaux\/","title":{"rendered":"Avec les animaux en Clar\u00e9e"},"content":{"rendered":"<div class=\"GutText  GutContainer\">\n        <div class=\"GutText-inner\">\n            <div class=\"GutTitle Center\">\n                    <h2 class=\"GutTitle-title\">\n                                    <span class=\"GutTitle-surtitle\">Rando avec<\/span>\n                                                        les animaux\n                            <\/h2>\n                    <\/div>\n                                        <div class=\"GutText-wysiwyg Content\">\n                    <p class=\"txt-vert text-justify\" style=\"text-align: center;\"><strong>Partez en randonn\u00e9e au d\u00e9part de N\u00e9vache avec un chien de traineau<\/strong> pour un bon coup de pouce pour les mont\u00e9es. Profitez pleinement de votre <strong>balade familiale en Clar\u00e9e,<\/strong> sans aucune difficult\u00e9.<\/p>\n<p class=\"txt-vert text-justify\" style=\"text-align: center;\"><strong>Ces animaux attachants, seront des compagnons exceptionnels et initieront vos enfants \u00e0 la marche\u00a0 et sauront ravir petits et grands.<\/strong><\/p>\n<p class=\"txt-vert text-justify\" style=\"text-align: center;\">Vivez cette <strong>exp\u00e9rience inoubliable en famille<\/strong>, \u00e0 la journ\u00e9e, pour atteindre un des plus beaux lacs des Hautes-Alpes ou un sommet fr\u00f4lant les 3000 m, au rythme de la caravane, ou sur plusieurs jours, avec un bivouac en pleine nature ou une nuit dans un confortable refuge.<\/p>\n\n                <\/div>\n                    <\/div>\n    <\/div>\n\n\n\n<div class=\"ApiListing __altimax_listing \" data-js=\"{&quot;action_load&quot;:&quot;apidae_listing_load&quot;,&quot;action_map_tiles&quot;:&quot;apidae_listing_load_map_tiles&quot;,&quot;action_filters&quot;:&quot;apidae_listing_filters&quot;,&quot;action_pdf&quot;:&quot;apidae_listing_pdf&quot;,&quot;post_id&quot;:895,&quot;blog_id&quot;:3,&quot;uid&quot;:1,&quot;cache_key&quot;:&quot;d1dbc61a5a934a448721d75b11b17831&quot;,&quot;is_agenda&quot;:false,&quot;listing_mode&quot;:&quot;listing-map&quot;,&quot;use_filters&quot;:false,&quot;use_share&quot;:false,&quot;paginator&quot;:{&quot;currentPage&quot;:1,&quot;maxPerPage&quot;:10,&quot;count&quot;:1,&quot;totalPages&quot;:1,&quot;nextPage&quot;:1,&quot;html&quot;:&quot;    &lt;li class=\\&quot;Paginator-page __altimax_listing_load active\\&quot;\\n        data-index=\\&quot;1\\&quot; &gt;\\n        &lt;span&gt;1&lt;\\\/span&gt;\\n    &lt;\\\/li&gt;\\n&quot;},&quot;ajax_url&quot;:&quot;https:\\\/\\\/www.hautesvallees.com\\\/\\\/la-claree\\\/wp-admin\\\/admin-ajax.php&quot;,&quot;lang&quot;:&quot;fr&quot;}\">\n    <div class=\"ApiListingLoader __altimax_loader\">\n        <div class=\"ApiListingLoader-container\">\n            <div class=\"ApiListingLoader-ring\"><\/div>\n        <\/div>\n    <\/div>\n        \n        \n        \n                                            <div class=\"ApiListing-container\">\n        <div class=\"ApiListing-control container_full  switch\">\n                                                                                        <div class=\"ApiListing-result\">\n                <div class=\"ApiListing-result--number __altimax_listing_count\">1<\/div>\n                R\u00e9sultats\n            <\/div>\n                            <button class=\"ApiListing-switch Button-full __apidae_map_listing_switch\"\n                        data-current=\"listing\"\n                        data-text-listing=\"Liste\"\n                        data-text-map=\"Carte\">\n                    Carte\n                <\/button>\n                    <\/div>\n\n        <div class=\"ApiListing-wrapper container_full   switch\">\n            \n                            <ul class=\"ApiListing-list __altimax_listing_content\">\n                                            <!-- Generer le: 2026-04-19 10:21:08 -->\n<!-- Blog: La Clar\u00e9e - 3 -->\n<li class=\"ApiTile ApiTileDefault __altimax_listing_item  \"\n    data-roadbook-item=\"5877460\"\n    data-apidae=\"5877460\"\n    data-event-category=\"Apidae affichage\"\n    data-event-action=\"vue teaser\"\n    data-event-label=\"5877460 : Cani-balade - L&#039;Empreinte nordique\">\n    <a href=\"https:\/\/www.hautesvallees.com\/la-claree\/activite\/cani-balade-lempreinte-nordique-val-des-pres\" class=\"ApiTile-link ApiTileDefault-link\" title=\"Cani-balade - L&#039;Empreinte nordique\">\n            <span class=\"ApiTile-location ApiTileDefault-location\">\n        Val-des-Pr\u00e9s\n    <\/span>\n\n            <button class=\"__gtm_track_click __altimax_favory ApiTile-fav ApiTileDefault-fav Favourite\"\n            data-apidae=\"5877460\"\n            title=\"Ajoutez aux favoris\"\n            data-txtajouter=\"Ajoutez aux favoris\"\n            data-txtretirer=\"Retirez des favoris\"\n            data-event-category=\"Apidae fiche objet\"\n            data-event-action=\"ajout trip planner\"\n            data-event-label=\"5877460 : Cani-balade - L&#039;Empreinte nordique\">\n        <img decoding=\"async\" class=\"Favourite-border svg\"\n             src=\"\/content\/themes\/theme_altimax\/dist\/img\/apidae\/system\/SYSTEM-FavOff-30px.svg\"\/>\n        <img decoding=\"async\" class=\"Favourite-full svg\"\n             src=\"\/content\/themes\/theme_altimax\/dist\/img\/apidae\/system\/SYSTEM-FavOn-30px.svg\"\/>\n    <\/button>\n\n            <picture class=\"ApiTile-picture ApiTileDefault-picture\">\n        <img decoding=\"async\" class=\"ApiTile-img ApiTileAgenda-img\" src=\"\/cache\/images\/19140537_apidae-tile.jpg\" alt=\"Cani-balade - L&#039;Empreinte nordique\">\n    <\/picture>\n\n        <div class=\"ApiTile-content ApiTileDefault-content\">\n            \n            <div class=\"ApiTile-top ApiTileDefault-top\">\n                <span class=\"ApiTile-type ApiTileDefault-type\">\n                        activite\n            <\/span>                                            <\/div>\n\n            <h2 class=\"ApiTile-title ApiTileDefault-title\">Cani-balade &#8211; L&#039;Empreinte nordique<\/h2>\n                                        <ul class=\"ApiTile-categorie ApiTileDefault-categorie\">\n                                                <li class=\"ApiTile-categorie--item ApiTileDefault-categorie--item\">\n                        Pratique encadr\u00e9e\n                    <\/li>\n                                    <\/ul>\n                \n                                <\/div>\n    <\/a>\n<\/li>\n\n                                    <\/ul>\n            \n                        <div class=\"__apidae_map_listing ApiListingMap hidden\">\n    <div class=\"ApiTileMap-map\" data-options='{&quot;markers&quot;:[{&quot;latitude&quot;:44.939942,&quot;longitude&quot;:6.681174,&quot;index&quot;:5877460,&quot;content&quot;:null,&quot;icon&quot;:&quot;div&quot;,&quot;gpxs&quot;:[],&quot;gpxs_color&quot;:&quot;blue&quot;,&quot;size&quot;:[30,30],&quot;anchor&quot;:[15,15],&quot;class&quot;:null,&quot;icon_content&quot;:&quot;&lt;div class=\\&quot;ApiListing-marker ApiListing-marker--activite\\&quot;&gt;&lt;\\\/div&gt;&quot;,&quot;hover_icon_content&quot;:&quot;&lt;div class=\\&quot;ApiListing-marker ApiListing-marker--activite hover\\&quot;&gt;&lt;\\\/div&gt;&quot;,&quot;selected_icon_content&quot;:&quot;&lt;div class=\\&quot;ApiListing-marker ApiListing-marker--activite selected\\&quot;&gt;&lt;\\\/div&gt;&quot;,&quot;hover_icon&quot;:&quot;div&quot;,&quot;hover_size&quot;:[32,32],&quot;hover_anchor&quot;:[16,16],&quot;popup_anchor&quot;:null,&quot;selected_icon&quot;:&quot;div&quot;,&quot;selected_size&quot;:[32,32],&quot;selected_anchor&quot;:[16,16]}],&quot;default_icon&quot;:{&quot;url&quot;:&quot;https:\\\/\\\/www.hautesvallees.com\\\/content\\\/uploads\\\/sites\\\/3\\\/2025\\\/06\\\/PIN-Global-18px.svg&quot;,&quot;size&quot;:[30,40],&quot;anchor&quot;:[15,40]},&quot;useHoverMarker&quot;:true,&quot;useHoverMarkerPopup&quot;:false,&quot;gpxs&quot;:[],&quot;kmls&quot;:[],&quot;useGpx&quot;:false,&quot;useKml&quot;:false,&quot;useElevation&quot;:false,&quot;useHoverGpx&quot;:false,&quot;center&quot;:[45.891312226484,6.077075095539],&quot;zoom&quot;:15,&quot;isGoogle&quot;:false,&quot;layer&quot;:&quot;http:\\\/\\\/a.tile.openstreetmap.org\\\/{z}\\\/{x}\\\/{y}.png&quot;,&quot;attribution&quot;:&quot;\\u00a9 &lt;a href=\\&quot;http:\\\/\\\/www.openstreetmap.org\\\/copyright\\&quot;&gt;OpenStreetMap&lt;\\\/a&gt; contributors \\u00a9 &lt;a href=\\&quot;http:\\\/\\\/carto.com\\\/attributions\\&quot;&gt;CARTO&lt;\\\/a&gt;&quot;,&quot;disablePopup&quot;:false,&quot;useCluster&quot;:true,&quot;useActiveArea&quot;:true,&quot;leafletOptions&quot;:{&quot;scrollWheelZoom&quot;:false,&quot;zoomControl&quot;:true,&quot;mapTypeControl&quot;:false,&quot;scaleControl&quot;:false,&quot;streetViewControl&quot;:false,&quot;rotateControl&quot;:false,&quot;keyboardShortcuts&quot;:false,&quot;draggable&quot;:true}}' style=\"width: 100%;height: 100%;\"><\/div>\n    <div class=\"ApiListingMap-list __apidae_map_listing_tiles\">\n                                                                                    \n<div class=\"ApiTile ApiTileMap __apidae_map_tile __apidae_map_tile_5877460 \" data-apidae=\"5877460\">\n    <button class=\"ApiTile-target ApiTileMap-target __apidae_tile_target\" data-apidae=\"5877460\">\n    <img decoding=\"async\" class=\"ApiTile-target--svg ApiTileMap-target--svg svg\"\n         src=\"\/content\/themes\/theme_altimax\/dist\/img\/apidae\/system\/SYSTEM-Target-30px.svg\"\/>\n<\/button>    <a class=\"ApiTile-link ApiTileMap-link\" href=\"https:\/\/www.hautesvallees.com\/la-claree\/activite\/cani-balade-lempreinte-nordique-val-des-pres\/\" title=\"Cani-balade - L&#039;Empreinte nordique\" target=\"_blank\">\n            <span class=\"ApiTile-location ApiTileMap-location\">\n        Val-des-Pr\u00e9s\n    <\/span>\n\n            <picture class=\"ApiTile-picture ApiTileMap-picture\">\n        <img decoding=\"async\" class=\"ApiTile-img ApiTileAgenda-img\" src=\"\/cache\/images\/19140537_apidae-tile.jpg\" alt=\"Cani-balade - L&#039;Empreinte nordique\">\n    <\/picture>\n\n        <div class=\"ApiTile-col ApiTileMap-col\">\n            <div class=\"ApiTile-content ApiTileMap-content\">\n                <div class=\"ApiTile-top ApiTileMap-top\">\n                    <div class=\"ApiTile-row ApiTileMap-row\">\n                        <span class=\"ApiTile-type ApiTileMap-type\">\n                        activite\n            <\/span>\n                        \n                                            <\/div>\n                    <h2 class=\"ApiTile-title ApiTileMap-title\">Cani-balade &#8211; L&#039;Empreinte nordique<\/h2>\n                        <button class=\"__gtm_track_click __altimax_favory ApiTile-fav ApiTileMap-fav Favourite\"\n            data-apidae=\"5877460\"\n            title=\"Ajoutez aux favoris\"\n            data-txtajouter=\"Ajoutez aux favoris\"\n            data-txtretirer=\"Retirez des favoris\"\n            data-event-category=\"Apidae fiche objet\"\n            data-event-action=\"ajout trip planner\"\n            data-event-label=\"5877460 : Cani-balade - L&#039;Empreinte nordique\">\n        <img decoding=\"async\" class=\"Favourite-border svg\"\n             src=\"\/content\/themes\/theme_altimax\/dist\/img\/apidae\/system\/SYSTEM-FavOff-30px.svg\"\/>\n        <img decoding=\"async\" class=\"Favourite-full svg\"\n             src=\"\/content\/themes\/theme_altimax\/dist\/img\/apidae\/system\/SYSTEM-FavOn-30px.svg\"\/>\n    <\/button>\n                <\/div>\n                                            <ul class=\"ApiTile-categorie ApiTileMap-categorie\">\n                                                <li class=\"ApiTile-categorie--item ApiTileMap-categorie--item\">\n                        Pratique encadr\u00e9e\n                    <\/li>\n                                    <\/ul>\n    \n                \n                                            <\/div>\n                    <\/div>\n    <\/a>\n<\/div>\n\n                    <\/div>\n<\/div>\n        <\/div>\n                    <ul class=\"Paginator __altimax_listing_paginator\">\n                    <li class=\"Paginator-page __altimax_listing_load active\"\n        data-index=\"1\" >\n        <span>1<\/span>\n    <\/li>\n\n            <\/ul>\n            <\/div>\n<\/div>\n\n<div class=\"GutPeleMele  GutContainer\">\n        <div class=\"GutPeleMele-inner\">\n            <div class=\"GutTitle Center\">\n                    <h2 class=\"GutTitle-title\">\n                                    <span class=\"GutTitle-surtitle\">Vous aimerez<\/span>\n                                                        aussi\n                            <\/h2>\n                    <\/div>\n                            <div class=\"GutPeleMele-grid\">\n                                                                        <a class=\"GutPeleMele-tile\" href=\"https:\/\/www.hautesvallees.com\/la-claree\/que-faire\/en-ete\/balades-et-randonnees-en-claree\/\"\n                               target=\"\" title=\"Balades et randonn\u00e9es\">\n                                                    <img decoding=\"async\" class=\"GutPeleMele-tile--image\" src=\"https:\/\/www.hautesvallees.com\/content\/uploads\/sites\/3\/2025\/02\/Claree-les-lacs-rond-long-muande-madeleine-_-Alpesphotographies.com_.jpg\" alt=\"Vacances d&#039;\u00e9t\u00e9 en famille - Clar\u00e9e - les lacs rond, long, muande, madeleine _ Alpesphotographies.com\">\n                            <span class=\"GutPeleMele-tile--title\">Balades et randonn\u00e9es<\/span>\n                                                    <\/a>\n                                                                                                <a class=\"GutPeleMele-tile\" href=\"https:\/\/www.hautesvallees.com\/la-claree\/que-faire\/en-ete\/itinerances-en-claree\/\"\n                               target=\"\" title=\"Itin\u00e9rances\">\n                                                    <img decoding=\"async\" class=\"GutPeleMele-tile--image\" src=\"https:\/\/www.hautesvallees.com\/content\/uploads\/sites\/3\/2025\/02\/Bivouac-au-sommet-du-Thabor-25-scaled.jpg\" alt=\"Itin\u00e9rances en clar\u00e9e - Sommets en Clar\u00e9e - Bivouac au sommet du Thabor vue \u00a9T.Blais\">\n                            <span class=\"GutPeleMele-tile--title\">Itin\u00e9rances<\/span>\n                                                    <\/a>\n                                                                                                <a class=\"GutPeleMele-tile\" href=\"https:\/\/www.hautesvallees.com\/la-claree\/que-faire\/en-ete\/cyclisme-en-claree\/\"\n                               target=\"\" title=\"Cyclisme\">\n                                                    <img decoding=\"async\" class=\"GutPeleMele-tile--image\" src=\"https:\/\/www.hautesvallees.com\/content\/uploads\/sites\/3\/2025\/02\/col-de-lechelle-velo-5-scaled-1.jpg\" alt=\"col de l&#039;echelle - Blais T.\">\n                            <span class=\"GutPeleMele-tile--title\">Cyclisme<\/span>\n                                                    <\/a>\n                                                                                                <a class=\"GutPeleMele-tile\" href=\"https:\/\/www.hautesvallees.com\/la-claree\/que-faire\/en-ete\/peche-en-claree\/\"\n                               target=\"\" title=\"\">\n                                                    <img decoding=\"async\" class=\"GutPeleMele-tile--image\" src=\"https:\/\/www.hautesvallees.com\/content\/uploads\/sites\/3\/2025\/02\/Peche-Cerveyrette-\u00a9FGuffroy-12-1-scaled-1.jpg\" alt=\"P\u00eache Cerveyrette - Guffroy F.\">\n                            <span class=\"GutPeleMele-tile--title\">P\u00eache<\/span>\n                                                    <\/a>\n                                                                                                <a class=\"GutPeleMele-tile\" href=\"https:\/\/www.hautesvallees.com\/la-claree\/que-faire\/en-ete\/escalade-via-ferrata-canyon-en-claree\/\"\n                               target=\"\" title=\"Escalade, via ferrata, canyoning\">\n                                                    <img decoding=\"async\" class=\"GutPeleMele-tile--image\" src=\"https:\/\/www.hautesvallees.com\/content\/uploads\/sites\/3\/2025\/02\/IMG_2705-scaled-1.jpg\" alt=\"escalade la grave cascade des fr\u00e9aux C. JOUFFREY\">\n                            <span class=\"GutPeleMele-tile--title\">Escalade, via ferrata et canyoning<\/span>\n                                                    <\/a>\n                                                                                                <a class=\"GutPeleMele-tile\" href=\"https:\/\/www.hautesvallees.com\/la-claree\/que-faire\/visites-et-patrimoines\/\"\n                               target=\"\" title=\"Visites et patrimoine\">\n                                                    <img decoding=\"async\" class=\"GutPeleMele-tile--image\" src=\"https:\/\/www.hautesvallees.com\/content\/uploads\/sites\/3\/2025\/01\/Village-Val-des-Pres-\ufffd-alpesphotographies.com-12-scaled.jpg\" alt=\"Village Val des Pr\u00e9s \ufffd alpesphotographies.com-12\">\n                            <span class=\"GutPeleMele-tile--title\">Visites et patrimoine<\/span>\n                                                    <\/a>\n                                                            <\/div>\n                    <\/div>\n\n    <\/div>\n","protected":false},"excerpt":{"rendered":"","protected":false},"author":5,"featured_media":2459,"parent":888,"menu_order":5,"comment_status":"closed","ping_status":"closed","template":"","meta":{"_acf_changed":false,"footnotes":""},"class_list":["post-895","page","type-page","status-publish","has-post-thumbnail","hentry"],"acf":[],"_links":{"self":[{"href":"https:\/\/www.hautesvallees.com\/la-claree\/wp-json\/wp\/v2\/pages\/895","targetHints":{"allow":["GET"]}}],"collection":[{"href":"https:\/\/www.hautesvallees.com\/la-claree\/wp-json\/wp\/v2\/pages"}],"about":[{"href":"https:\/\/www.hautesvallees.com\/la-claree\/wp-json\/wp\/v2\/types\/page"}],"author":[{"embeddable":true,"href":"https:\/\/www.hautesvallees.com\/la-claree\/wp-json\/wp\/v2\/users\/5"}],"replies":[{"embeddable":true,"href":"https:\/\/www.hautesvallees.com\/la-claree\/wp-json\/wp\/v2\/comments?post=895"}],"version-history":[{"count":3,"href":"https:\/\/www.hautesvallees.com\/la-claree\/wp-json\/wp\/v2\/pages\/895\/revisions"}],"predecessor-version":[{"id":3625,"href":"https:\/\/www.hautesvallees.com\/la-claree\/wp-json\/wp\/v2\/pages\/895\/revisions\/3625"}],"up":[{"embeddable":true,"href":"https:\/\/www.hautesvallees.com\/la-claree\/wp-json\/wp\/v2\/pages\/888"}],"wp:featuredmedia":[{"embeddable":true,"href":"https:\/\/www.hautesvallees.com\/la-claree\/wp-json\/wp\/v2\/media\/2459"}],"wp:attachment":[{"href":"https:\/\/www.hautesvallees.com\/la-claree\/wp-json\/wp\/v2\/media?parent=895"}],"curies":[{"name":"wp","href":"https:\/\/api.w.org\/{rel}","templated":true}]}}