{"id":870,"date":"2024-01-26T16:44:39","date_gmt":"2024-01-26T15:44:39","guid":{"rendered":"https:\/\/www.hautesvallees.com\/la-claree\/?page_id=870"},"modified":"2025-02-26T17:36:48","modified_gmt":"2025-02-26T16:36:48","slug":"se-loger","status":"publish","type":"page","link":"https:\/\/www.hautesvallees.com\/la-claree\/se-loger\/","title":{"rendered":"Se loger en Clar\u00e9e"},"content":{"rendered":"<div class=\"GutText  GutContainer\">\n        <div class=\"GutText-inner\">\n            <div class=\"GutTitle Center\">\n                    <h2 class=\"GutTitle-title\">\n                                    <span class=\"GutTitle-surtitle\">Se loger<\/span>\n                                                        en Clar\u00e9e\n                            <\/h2>\n                    <\/div>\n                            <div class=\"GutText-intro Center\">Alors vous \u00eates plut\u00f4t refuge ? g\u00eete ? h\u00f4tel ? ou peut-\u00eatre m\u00eame pr\u00e9f\u00e9rez-vous le bivouac ? \r\n<\/div>\n                                        <div class=\"GutText-wysiwyg Content\">\n                    <p style=\"text-align: center;\">En attendant, voici quelques pistes pour se loger en Clar\u00e9e et vous aidez \u00e0 trouver votre perle rare.<br \/>\nBienvenue dans la vall\u00e9e de la Clar\u00e9e pr\u00e9serv\u00e9e !<\/p>\n\n                <\/div>\n                    <\/div>\n    <\/div>\n\n\n<div class=\"GutPushArticles GutPushCategories  GutContainer\">\n        <div class=\"GutPushArticles-container\">\n                        <div class=\"GutPushArticles-inner \">\n                                    <div class=\"GutPushArticles-container \" >\n                        <div class=\"GutPushArticles-list \">\n                                                            <a class=\"GutPushArticles-wrap \" href=\"https:\/\/www.hautesvallees.com\/la-claree\/se-loger\/hotels\/\">\n                                                                            <picture class=\"GutPushArticles-picture\">\n                                            <img decoding=\"async\" src=\"https:\/\/www.hautesvallees.com\/content\/uploads\/sites\/3\/2025\/01\/14412891_apidae-sheet-gallery-full-1024x683-1-371x248.jpg\"\n                                                 alt=\"Les H\u00f4tels en Clar\u00e9e - Chalet d&#039;en H\u00f4\" \/>\n                                        <\/picture>\n                                                                                                                <h2 class=\"GutPushCategories-title GutPushArticles-title\">H\u00f4tels en Clar\u00e9e<\/h2>\n                                                                    <\/a>\n                                                            <a class=\"GutPushArticles-wrap \" href=\"https:\/\/www.hautesvallees.com\/la-claree\/se-loger\/refuges\/\">\n                                                                            <picture class=\"GutPushArticles-picture\">\n                                            <img decoding=\"async\" src=\"https:\/\/www.hautesvallees.com\/content\/uploads\/sites\/3\/2025\/01\/Refuge-du-chardonnet-tete-de-la-cassille-\u00a9T.Blais-44-scaled-1-371x248.jpg\"\n                                                 alt=\"Refuge du chardonnet - t\u00eate de la cassille \u00a9T.Blais\" \/>\n                                        <\/picture>\n                                                                                                                <h2 class=\"GutPushCategories-title GutPushArticles-title\">Refuges en Clar\u00e9e<\/h2>\n                                                                    <\/a>\n                                                            <a class=\"GutPushArticles-wrap \" href=\"https:\/\/www.hautesvallees.com\/la-claree\/se-loger\/campings\/\">\n                                                                            <picture class=\"GutPushArticles-picture\">\n                                            <img decoding=\"async\" src=\"https:\/\/www.hautesvallees.com\/content\/uploads\/sites\/3\/2025\/02\/laclaree2018_nealbadache_06-371x248.jpg\"\n                                                 alt=\"Camping Huttopia - OTHV\" \/>\n                                        <\/picture>\n                                                                                                                <h2 class=\"GutPushCategories-title GutPushArticles-title\">Campings de la Clar\u00e9e<\/h2>\n                                                                    <\/a>\n                                                    <\/div>\n                                            <\/div>\n                                                <\/div>\n        <\/div>\n    <\/div>\n\n\n<div class=\"GutPushArticles GutPushCategories  GutContainer\">\n        <div class=\"GutPushArticles-container\">\n                        <div class=\"GutPushArticles-inner \">\n                                    <div class=\"GutPushArticles-container \" >\n                        <div class=\"GutPushArticles-list \">\n                                                            <a class=\"GutPushArticles-wrap \" href=\"https:\/\/www.hautesvallees.com\/la-claree\/se-loger\/gites-detapes-et-auberges\/\">\n                                                                            <picture class=\"GutPushArticles-picture\">\n                                            <img decoding=\"async\" src=\"https:\/\/www.hautesvallees.com\/content\/uploads\/sites\/3\/2025\/01\/11191427_apidae-sheet-gallery-main-300x225-1.jpg\"\n                                                 alt=\"G\u00eetes d&#039;\u00e9tape et auberges en Clar\u00e9e - G\u00eete les M\u00e9l\u00e9zets\" \/>\n                                        <\/picture>\n                                                                                                                <h2 class=\"GutPushCategories-title GutPushArticles-title\">G\u00eetes d\u2019\u00e9tapes et auberges en Clar\u00e9e<\/h2>\n                                                                    <\/a>\n                                                            <a class=\"GutPushArticles-wrap \" href=\"https:\/\/www.hautesvallees.com\/la-claree\/se-loger\/chambres-dhotes\/\">\n                                                                            <picture class=\"GutPushArticles-picture\">\n                                            <img decoding=\"async\" src=\"https:\/\/www.hautesvallees.com\/content\/uploads\/sites\/3\/2025\/01\/20109101_apidae-sheet-gallery-full-1024x768-1-371x248.jpg\"\n                                                 alt=\"Chambres d&#039;h\u00f4tes en Clar\u00e9e - Chambres d&#039;Anavo\" \/>\n                                        <\/picture>\n                                                                                                                <h2 class=\"GutPushCategories-title GutPushArticles-title\">Chambres d\u2019h\u00f4tes et chambres chez l\u2019habitant en Clar\u00e9e<\/h2>\n                                                                    <\/a>\n                                                            <a class=\"GutPushArticles-wrap \" href=\"https:\/\/www.hautesvallees.com\/la-claree\/se-loger\/locationdevacances-claree\/\">\n                                                                            <picture class=\"GutPushArticles-picture\">\n                                            <img decoding=\"async\" src=\"https:\/\/www.hautesvallees.com\/content\/uploads\/sites\/3\/2025\/01\/18788511_apidae-sheet-gallery-full-300x200-1.jpg\"\n                                                 alt=\"Locations de vacances en Clar\u00e9e - Gouroun -salon - Heidi Grojean\" \/>\n                                        <\/picture>\n                                                                                                                <h2 class=\"GutPushCategories-title GutPushArticles-title\">Locations de vacances en Clar\u00e9e<\/h2>\n                                                                    <\/a>\n                                                    <\/div>\n                                            <\/div>\n                                                <\/div>\n        <\/div>\n    <\/div>\n\n\n<div class=\"GutPeleMele  GutContainer\">\n        <div class=\"GutPeleMele-inner\">\n            <div class=\"GutTitle Center\">\n                    <h2 class=\"GutTitle-title\">\n                                    <span class=\"GutTitle-surtitle\">Vous aimerez<\/span>\n                                                        aussi\n                            <\/h2>\n                    <\/div>\n                            <div class=\"GutPeleMele-grid\">\n                                                                        <a class=\"GutPeleMele-tile\" href=\"https:\/\/www.hautesvallees.com\/la-claree\/sur-place\/\"\n                               target=\"\" title=\"Sur place\">\n                                                    <img decoding=\"async\" class=\"GutPeleMele-tile--image\" src=\"https:\/\/www.hautesvallees.com\/content\/uploads\/sites\/3\/2025\/01\/les-acles-12-200x300-1.jpg\" alt=\"Les acles en randonn\u00e9e \u00a9T.Blais\">\n                            <span class=\"GutPeleMele-tile--title\">Sur place<\/span>\n                                                    <\/a>\n                                                                                                <a class=\"GutPeleMele-tile\" href=\"https:\/\/www.hautesvallees.com\/la-claree\/decouvrir\/\"\n                               target=\"\" title=\"D\u00e9couvrir\">\n                                                    <img decoding=\"async\" class=\"GutPeleMele-tile--image\" src=\"https:\/\/www.hautesvallees.com\/content\/uploads\/sites\/3\/2025\/01\/Plateau-des-thures-lac-chavillon-28-200x300-1.jpg\" alt=\"Plateau des thures - lac chavillon - Blais T.\">\n                            <span class=\"GutPeleMele-tile--title\">D\u00e9couvrir la Clar\u00e9e<\/span>\n                                                    <\/a>\n                                                                                                <a class=\"GutPeleMele-tile\" href=\"https:\/\/www.hautesvallees.com\/la-claree\/que-faire\/\"\n                               target=\"\" title=\"Que faire ?\">\n                                                    <img decoding=\"async\" class=\"GutPeleMele-tile--image\" src=\"https:\/\/www.hautesvallees.com\/content\/uploads\/sites\/3\/2025\/01\/Lac-des-Beraudes-Rando-\u00a9T.Blais_-300x200-1.jpg\" alt=\"Lac des B\u00e9raudes - Rando \u00a9T.Blais\">\n                            <span class=\"GutPeleMele-tile--title\">Que faire ?<\/span>\n                                                    <\/a>\n                                                                                                <a class=\"GutPeleMele-tile\" href=\"https:\/\/www.hautesvallees.com\/la-claree\/agenda\/\"\n                               target=\"\" title=\"Agenda\">\n                                                    <img decoding=\"async\" class=\"GutPeleMele-tile--image\" src=\"https:\/\/www.hautesvallees.com\/content\/uploads\/sites\/3\/2025\/01\/RAQUETTES-CLAREE-_-alpesphotographies.com-52-300x200-1.jpg\" alt=\"RAQUETTES CLAREE Alpes Photographies\">\n                            <span class=\"GutPeleMele-tile--title\">Agenda<\/span>\n                                                    <\/a>\n                                                                                                <a class=\"GutPeleMele-tile\" href=\"https:\/\/www.hautesvallees.com\/blog\/\"\n                               target=\"\" title=\"Inspirez-vous\">\n                                                    <img decoding=\"async\" class=\"GutPeleMele-tile--image\" src=\"\" alt=\"\">\n                            <span class=\"GutPeleMele-tile--title\">Inspirez-vous<\/span>\n                                                    <\/a>\n                                                                                                <a class=\"GutPeleMele-tile\" href=\"https:\/\/www.hautesvallees.com\/faq\/\"\n                               target=\"\" title=\"FAQ\">\n                                                    <img decoding=\"async\" class=\"GutPeleMele-tile--image\" src=\"https:\/\/www.hautesvallees.com\/content\/uploads\/sites\/3\/2025\/01\/Le-sentier-des-crevasses-arsine-en-famille-55-300x200-1.jpg\" alt=\"Le sentier des crevasses en randonn\u00e9e &amp; arsine en famille \u00a9T.BLais - Que faire \u00e0 La Grave - Pays de la Meije\">\n                            <span class=\"GutPeleMele-tile--title\">FAQ<\/span>\n                                                    <\/a>\n                                                            <\/div>\n                    <\/div>\n\n    <\/div>\n","protected":false},"excerpt":{"rendered":"","protected":false},"author":5,"featured_media":1261,"parent":0,"menu_order":6,"comment_status":"closed","ping_status":"closed","template":"","meta":{"_acf_changed":false,"footnotes":""},"class_list":["post-870","page","type-page","status-publish","has-post-thumbnail","hentry"],"acf":[],"_links":{"self":[{"href":"https:\/\/www.hautesvallees.com\/la-claree\/wp-json\/wp\/v2\/pages\/870","targetHints":{"allow":["GET"]}}],"collection":[{"href":"https:\/\/www.hautesvallees.com\/la-claree\/wp-json\/wp\/v2\/pages"}],"about":[{"href":"https:\/\/www.hautesvallees.com\/la-claree\/wp-json\/wp\/v2\/types\/page"}],"author":[{"embeddable":true,"href":"https:\/\/www.hautesvallees.com\/la-claree\/wp-json\/wp\/v2\/users\/5"}],"replies":[{"embeddable":true,"href":"https:\/\/www.hautesvallees.com\/la-claree\/wp-json\/wp\/v2\/comments?post=870"}],"version-history":[{"count":7,"href":"https:\/\/www.hautesvallees.com\/la-claree\/wp-json\/wp\/v2\/pages\/870\/revisions"}],"predecessor-version":[{"id":4970,"href":"https:\/\/www.hautesvallees.com\/la-claree\/wp-json\/wp\/v2\/pages\/870\/revisions\/4970"}],"wp:featuredmedia":[{"embeddable":true,"href":"https:\/\/www.hautesvallees.com\/la-claree\/wp-json\/wp\/v2\/media\/1261"}],"wp:attachment":[{"href":"https:\/\/www.hautesvallees.com\/la-claree\/wp-json\/wp\/v2\/media?parent=870"}],"curies":[{"name":"wp","href":"https:\/\/api.w.org\/{rel}","templated":true}]}}