{"id":852,"date":"2024-04-15T11:36:48","date_gmt":"2024-04-15T09:36:48","guid":{"rendered":"https:\/\/www.hautesvallees.com\/la-claree\/?page_id=852"},"modified":"2025-03-05T11:38:24","modified_gmt":"2025-03-05T10:38:24","slug":"mont-thabor","status":"publish","type":"page","link":"https:\/\/www.hautesvallees.com\/la-claree\/decouvrir\/nos-incontournables\/mont-thabor\/","title":{"rendered":"Le Mont Thabor"},"content":{"rendered":"<div class=\"GutText  GutContainer\">\n        <div class=\"GutText-inner\">\n            <div class=\"GutTitle Center\">\n                    <h2 class=\"GutTitle-title\">\n                                    <span class=\"GutTitle-surtitle\">Sommet mythique<\/span>\n                                                        de la vall\u00e9e de la clar\u00e9e\n                            <\/h2>\n                    <\/div>\n                            <div class=\"GutText-intro Center\">D&rsquo;apparence lunaire une fois arriv\u00e9e au sommet, le Mont Thabor offre une ascension m\u00e9morable.<\/div>\n                                        <div class=\"GutText-wysiwyg Content\">\n                    <p style=\"text-align: center;\">Que ce soit au <strong>d\u00e9part de Laval<\/strong> en <strong>haute vall\u00e9e de la Clar\u00e9e<\/strong> ou depuis <strong>la Vall\u00e9e Etroite<\/strong>, <strong>le Mont Thabor<\/strong> est une merveille \u00e0 gravir. Passage par <strong>des lacs d&rsquo;altitudes<\/strong>, <strong>des cols<\/strong>, avec la possibilit\u00e9 de faire une pause au <strong>refuge du Thabor<\/strong> ou pour les plus aventuriers en <strong>bivouac,<\/strong> l&rsquo;exp\u00e9rience est saisissante, avec des<strong> passages de cimes min\u00e9rales<\/strong> et une arriv\u00e9e sur le <strong>d\u00e9sertique sommet<\/strong> o\u00f9 se niche la chapelle du mont Thabor, vous n&rsquo;oublierez sans doute jamais ce moment.<\/p>\n\n                <\/div>\n                    <\/div>\n    <\/div>\n\n\n<div class=\"GutCol2  GutContainer\">\n        <div class=\"GutCol2-container\">\n\n            <div class=\"GutTitle Center\">\n                    <h2 class=\"GutTitle-title\">\n                                    <span class=\"GutTitle-surtitle\">la chapelle du mont thabor<\/span>\n                                                        son histoire\n                            <\/h2>\n                    <\/div>\n\n                                                                                                        <div class=\"GutCol2-wrap GutCol2-blocTexte Left\">\n                                <div class=\"GutCol2-blocTexte--inner\">\n                                                                                                                <div class=\"GutCol2-intro\">Embl\u00e9matique et grandiose dans son \u00e9crin min\u00e9ral, la Chapelle notre Dame des sept douleurs du mont Thabor situ\u00e9e \u00e0 3171m d&rsquo;altitude, est un lieu de p\u00e8lerinage depuis des si\u00e8cles, ainsi qu&rsquo;un refuge pour de nombreux randonneurs.<\/div>\n                                                                                                                <div class=\"GutCol2-text Content\">\n                                            <p><strong>Construite au XV\u00e8me si\u00e8cle<\/strong>, elle appartenait au <strong>territoire des escartons jusqu&rsquo;au Trait\u00e9 d&rsquo;Utrecht en 1713<\/strong>.<\/p>\n<p><strong>En 1487, la paroisse du M\u00e9l\u00e9zet <\/strong>devient responsable de son entretien. Totalement <strong>reconstruite en bois en 1694 puis refaite en dur en 1897 et enfin restaur\u00e9e en 1951<\/strong>.<\/p>\n<p>C&rsquo;est \u00e9galement les habitant du m\u00e9l\u00e9zet qui sont \u00e0 l&rsquo;origine du <strong>chemin de croix implant\u00e9 en 1860<\/strong>. Cette ann\u00e9e l\u00e0, <strong>une \u00e9pid\u00e9mie de typho\u00efde<\/strong> fait de nombreuses victimes. Les populations mont\u00e8rent en procession pour implorer la protection de la vierge du Thabor. Et chaque ann\u00e9e en Ao\u00fbt, de nombreux p\u00e8lerins de M\u00e9l\u00e9zet, Valmeinier, Modane et N\u00e9vache se rassemble.<\/p>\n<p><strong>Savoyarde, puis italienne<\/strong>, pour finir en redevenant <strong>fran\u00e7aise par le trait\u00e9 de Paris du 10 f\u00e9vrier 1947<\/strong>. Elle a appartenu un temps au Minist\u00e8re des finances jusqu&rsquo;\u00e0 ce que des documents d&rsquo;archives permettent de rendre la <strong>propri\u00e9t\u00e9 \u00e0 la commune de Bardonecchia<\/strong>. Elle reste cependant en territoire fran\u00e7ais.<\/p>\n<p style=\"text-align: center;\"><strong>!!! ATTENTION !!!<\/strong><\/p>\n<p style=\"text-align: center;\"><strong>La chapelle menace de s&rsquo;effondrer, ainsi des mesures de s\u00e9curit\u00e9 ont \u00e9t\u00e9 prise, l&rsquo;acc\u00e8s est d\u00e9sormais impossible suite \u00e0 une mission de s\u00e9curisation.<\/strong><\/p>\n\n                                        <\/div>\n                                                                    <\/div>\n                            <\/div>\n                                                                                                                                                                                        <\/div>\n    <\/div>\n\n\n<div class=\"GutGallery  GutContainer\">\n\n        <div class=\"GutTitle Center\">\n                    <h2 class=\"GutTitle-title\">\n                                    <span class=\"GutTitle-surtitle\">au fil des saisons<\/span>\n                                                        au Mont Thabor\n                            <\/h2>\n                    <\/div>\n\n                    <div class=\"GutGallery-container three_column __gallery\" id=\"gallery_69e6527b9823c\" data-galleryid=\"gallery_69e6527b9823c\" data-download=\"false\">\n                                                            <a class=\"GutGallery-item\"\n                           href=\"https:\/\/www.hautesvallees.com\/content\/uploads\/sites\/3\/2025\/01\/Bivouac-au-sommet-du-Thabor-31-1024x683-1.jpg\"\n                            data-lg-size=\"1024-683\"                             data-sub-html=\"Blais T.\"                         >\n                            <picture class=\"GutGallery-pic\">\n                                <img decoding=\"async\" class=\"GutGallery-img\" src=\"https:\/\/www.hautesvallees.com\/content\/uploads\/sites\/3\/2025\/01\/Bivouac-au-sommet-du-Thabor-31-1024x683-1-436x436.jpg\" alt=\"1\">\n                            <\/picture>\n                                                            <div class=\"GutGallery-creditphoto\">Blais T.<\/div>\n                                                    <\/a>\n                                                                                <a class=\"GutGallery-item\"\n                           href=\"https:\/\/www.hautesvallees.com\/content\/uploads\/sites\/3\/2025\/02\/Vallee-Etroite-Seru-Thabor-Automne-\u00a9Nico-Rando-scaled-1.jpg\"\n                            data-lg-size=\"2048-2560\"                             data-sub-html=\"Nico Rando\"                         >\n                            <picture class=\"GutGallery-pic\">\n                                <img decoding=\"async\" class=\"GutGallery-img\" src=\"https:\/\/www.hautesvallees.com\/content\/uploads\/sites\/3\/2025\/02\/Vallee-Etroite-Seru-Thabor-Automne-\u00a9Nico-Rando-scaled-1-436x436.jpg\" alt=\"1\">\n                            <\/picture>\n                                                            <div class=\"GutGallery-creditphoto\">Nico Rando<\/div>\n                                                    <\/a>\n                                                                                <a class=\"GutGallery-item\"\n                           href=\"https:\/\/www.hautesvallees.com\/content\/uploads\/sites\/3\/2025\/03\/Mont-Thabor-premieres-neiges-2-scaled-1.jpg\"\n                            data-lg-size=\"2560-1707\"                             data-sub-html=\"Blais T.\"                         >\n                            <picture class=\"GutGallery-pic\">\n                                <img decoding=\"async\" class=\"GutGallery-img\" src=\"https:\/\/www.hautesvallees.com\/content\/uploads\/sites\/3\/2025\/03\/Mont-Thabor-premieres-neiges-2-scaled-1-436x436.jpg\" alt=\"1\">\n                            <\/picture>\n                                                            <div class=\"GutGallery-creditphoto\">Blais T.<\/div>\n                                                    <\/a>\n                                                <\/div>\n            <\/div>\n\n\n<div class=\"GutCol2  GutContainer\">\n        <div class=\"GutCol2-container\">\n\n            \n                                                                                                                                        <div class=\"GutCol2-wrap GutCol2-blocImage Left\">\n                                    <picture class=\"GutCol2-picture\">\n                                        <img decoding=\"async\" src=\"https:\/\/www.hautesvallees.com\/content\/uploads\/sites\/3\/2025\/02\/Bivouac-au-sommet-du-Thabor-25-588x588.jpg\"\n                                             alt=\"Itin\u00e9rances en clar\u00e9e - Sommets en Clar\u00e9e - Bivouac au sommet du Thabor vue \u00a9T.Blais\" \/>\n                                    <\/picture>\n                                                                            <span class=\"GutCol2-credit\">\u00a9 Blais T.<\/span>\n                                                                    <\/div>\n                                                                                                                                                    <div class=\"GutCol2-wrap GutCol2-blocTexte Right\">\n                                <div class=\"GutCol2-blocTexte--inner\">\n                                                                            <div class=\"GutTitle Left\">\n                    <h2 class=\"GutTitle-title\">\n                                    <span class=\"GutTitle-surtitle\">D\u00e9couvrir l&#039;itin\u00e9rance<\/span>\n                                                        autour du mont thabor\n                            <\/h2>\n                    <\/div>\n                                                                                                                <div class=\"GutCol2-intro\">Entre 2 et 16 jours, selon votre forme, parcourez les sentiers du GR 57 autour du\u00a0Mont Thabor\u00a0!<\/div>\n                                                                                                                <div class=\"GutCol2-text Content\">\n                                            <p>D\u00e9couvrez chaque jour les <strong>paysages grandioses de la Clar\u00e9e<\/strong>, dans une <strong>nature pr\u00e9serv\u00e9e et sauvage<\/strong> ! Vous en profiterez pour <strong>d\u00e9couvrir nos refuges de montagne<\/strong> dans <strong>la haute vall\u00e9e de la Clar\u00e9e<\/strong> ou dans <strong>la vall\u00e9e \u00c9troite<\/strong>, chaleureux et confortables, pour une pause bien m\u00e9rit\u00e9e.<\/p>\n<p>Au <strong>d\u00e9part de N\u00e9vache<\/strong>, en <strong>6 \u00e9tapes<\/strong> vous allez parcourir l<strong>es plus beaux sentiers des Hautes-Alpes<\/strong> avec en prime <strong>l&rsquo;ascension du Mont Thabor<\/strong>, un <strong>sommet \u00e0 3000 m entre N\u00e9vache et la Vall\u00e9e \u00c9troite facile d&rsquo;acc\u00e8s<\/strong>.<\/p>\n<p>&nbsp;<\/p>\n<p><a class=\"Button-primary\" href=\"https:\/\/www.hautesvallees.com\/la-claree\/que-faire\/en-ete\/itinerances-en-claree\/\">D\u00e9couvrir l&rsquo;itin\u00e9rance autour du Thabor<\/a><\/p>\n<p>&nbsp;<\/p>\n\n                                        <\/div>\n                                                                    <\/div>\n                            <\/div>\n                                                                <\/div>\n    <\/div>\n\n\n<div class=\"GutPeleMele  GutContainer\">\n        <div class=\"GutPeleMele-inner\">\n            <div class=\"GutTitle Center\">\n                    <h2 class=\"GutTitle-title\">\n                                    <span class=\"GutTitle-surtitle\">au fil des envies <\/span>\n                                                        pour tous les go\u00fbts\n                            <\/h2>\n                    <\/div>\n                            <div class=\"GutPeleMele-grid\">\n                                                                        <a class=\"GutPeleMele-tile\" href=\"https:\/\/www.hautesvallees.com\/la-claree\/que-faire\/en-ete\/itinerances-en-claree\/\"\n                               target=\"\" title=\"Itin\u00e9rances\">\n                                                    <img decoding=\"async\" class=\"GutPeleMele-tile--image\" src=\"https:\/\/www.hautesvallees.com\/content\/uploads\/sites\/3\/2025\/02\/H0A4203.jpg\" alt=\"Itin\u00e9rance en Clar\u00e9e - Blais T.\">\n                            <span class=\"GutPeleMele-tile--title\">Itin\u00e9rances<\/span>\n                                                    <\/a>\n                                                                                                <a class=\"GutPeleMele-tile\" href=\"https:\/\/www.hautesvallees.com\/la-claree\/decouvrir\/patrimoine-naturel\/faune-et-flore\/\"\n                               target=\"\" title=\"Faune et flore\">\n                                                    <img decoding=\"async\" class=\"GutPeleMele-tile--image\" src=\"\" alt=\"\">\n                            <span class=\"GutPeleMele-tile--title\">Faune sauvage<\/span>\n                                                    <\/a>\n                                                                                                <a class=\"GutPeleMele-tile\" href=\"https:\/\/www.hautesvallees.com\/la-claree\/se-loger\/refuges\/\"\n                               target=\"\" title=\"Refuges\">\n                                                    <img decoding=\"async\" class=\"GutPeleMele-tile--image\" src=\"https:\/\/www.hautesvallees.com\/content\/uploads\/sites\/3\/2025\/01\/Refuge-du-chardonnet-tete-de-la-cassille-\u00a9T.Blais-44-1024x683-1.jpg\" alt=\"vacances hiver clar\u00e9e\">\n                            <span class=\"GutPeleMele-tile--title\">Refuges de montagne<\/span>\n                                                    <\/a>\n                                                                                                <a class=\"GutPeleMele-tile\" href=\"https:\/\/www.hautesvallees.com\/la-claree\/que-faire\/en-ete\/balades-et-randonnees-en-claree\/\"\n                               target=\"\" title=\"Balades et randonn\u00e9es\">\n                                                    <img decoding=\"async\" class=\"GutPeleMele-tile--image\" src=\"https:\/\/www.hautesvallees.com\/content\/uploads\/sites\/3\/2025\/01\/ete-en-claree-Rando-\u00a9Thibaut-Blais-1.jpg\" alt=\"\">\n                            <span class=\"GutPeleMele-tile--title\">Randonn\u00e9es<\/span>\n                                                    <\/a>\n                                                                                                <a class=\"GutPeleMele-tile\" href=\"https:\/\/www.hautesvallees.com\/la-claree\/que-faire\/en-hiver\/\"\n                               target=\"\" title=\"Hiver\">\n                                                    <img decoding=\"async\" class=\"GutPeleMele-tile--image\" src=\"https:\/\/www.hautesvallees.com\/content\/uploads\/sites\/3\/2025\/03\/Refuge-du-chardonnet-tete-de-la-cassille-\u00a9T.Blais-49-scaled-1.jpg\" alt=\"Refuge du chardonnet - t\u00eate de la cassille \u00a9T.Blais (49)\">\n                            <span class=\"GutPeleMele-tile--title\">L&#039;hiver<\/span>\n                                                    <\/a>\n                                                                                                <a class=\"GutPeleMele-tile\" href=\"https:\/\/www.hautesvallees.com\/la-claree\/que-faire\/en-ete\/balades-et-randonnees-en-claree\/top-10-des-lacs-de-la-claree\/\"\n                               target=\"\" title=\"Top 10 des lacs de la Clar\u00e9e\">\n                                                    <img decoding=\"async\" class=\"GutPeleMele-tile--image\" src=\"https:\/\/www.hautesvallees.com\/content\/uploads\/sites\/3\/2025\/01\/Claree-les-lacs-rond-long-muande-madeleine-_-Alpesphotographies.com-44-optimise-web.jpg\" alt=\"Partez accompagn\u00e9s en Clar\u00e9e - vall\u00e9e de la Clar\u00e9e - les lacs rond, long, - Alpes Photographies\">\n                            <span class=\"GutPeleMele-tile--title\">Lacs d&#039;altitudes<\/span>\n                                                    <\/a>\n                                                            <\/div>\n                    <\/div>\n\n    <\/div>\n\n\n<div class=\"GutText  GutContainer\">\n        <div class=\"GutText-inner\">\n            <div class=\"GutTitle Center\">\n                    <h2 class=\"GutTitle-title\">\n                                    <span class=\"GutTitle-surtitle\">Partir randonner c&#039;est bien<\/span>\n                                                        mais partir accompagn\u00e9 c&#039;est mieux !\n                            <\/h2>\n                    <\/div>\n                            <div class=\"GutText-intro Center\">Pour vous lancer \u00e0 la conqu\u00eate du Thabor ou bien explorer la vall\u00e9e de la Clar\u00e9e, faites appel \u00e0 un professionnel !<\/div>\n                                        <div class=\"GutText-wysiwyg Content\">\n                    <p style=\"text-align: center;\">Vous pr\u00e9voyez de vous aventurer en <strong>terre de randonn\u00e9e<\/strong>, en <strong>Clar\u00e9e<\/strong> pour peut-\u00eatre la toute <strong>premi\u00e8re fois<\/strong>&#8230; Que ce soit <strong>en \u00e9t\u00e9 ou en hiver<\/strong>, faites-vous accompagner pour d\u00e9couvrir cette vall\u00e9e des Hautes-Alpes d&rsquo;une autre mani\u00e8re !<\/p>\n<p style=\"text-align: center;\"><strong>Un accompagnateur en montagne ou un guide<\/strong> seront l\u00e0 pour vous permettre de <strong>progresser sur sentier comme hors sentier<\/strong>, vous partager <strong>ses connaissances de la montagne<\/strong>, et vous <strong>apprendre<\/strong> aussi \u00e0 \u00eatre <strong>attentif \u00e0 votre environnement, \u00e0 la faune, \u00e0 la flore<\/strong>.<\/p>\n<p style=\"text-align: center;\">Vous partirez en tout s\u00e9curit\u00e9, sans toute la logistique de pr\u00e9paration de votre s\u00e9jour.<\/p>\n<p>&nbsp;<\/p>\n<p style=\"text-align: center;\"><a class=\"Button-primary\" href=\"https:\/\/www.hautesvallees.com\/la-claree\/que-faire\/en-ete\/balades-et-randonnees-en-claree\/partez-accompagnes\/\">D\u00e9couvrir nos professionnels de la montagne !<\/a><\/p>\n\n                <\/div>\n                    <\/div>\n    <\/div>\n\n\n<div class=\"GutPushArticles BgColor GutContainer\">\n        <div class=\"GutPushArticles-container\">\n            <div class=\"GutTitle Center\">\n                    <h2 class=\"GutTitle-title\">\n                                    <span class=\"GutTitle-surtitle\">quelques conseils<\/span>\n                                                        utiles\n                            <\/h2>\n                    <\/div>\n            <div class=\"GutPushArticles-inner \">\n                                    <div class=\"GutPushArticles-container \" >\n                        <div class=\"GutPushArticles-list \">\n                                                            <div class=\"GutPushArticles-wrap \">\n                                                                            <picture class=\"GutPushArticles-picture\">\n                                            <img decoding=\"async\" src=\"https:\/\/www.hautesvallees.com\/content\/uploads\/sites\/3\/2025\/02\/autour-du-col-darsine-c2a9-t.-blais-3-371x248.webp\"\n                                                 alt=\"Itin\u00e9rances dans les hautes vall\u00e9es - Autour du col d\u2019Arsine \u00a9 T. Blais\" \/>\n                                        <\/picture>\n                                                                        <div class=\"GutPushArticles-content\">\n                                                                                    <h2 class=\"GutPushArticles-title\">Le code du randonneur responsable<\/h2>\n                                                                                                                                                                    <a class=\"Link\" href=\"https:\/\/www.hautesvallees.com\/code-du-randonneur-responsable\/\" >Consulter<\/a>\n                                                                            <\/div>\n                                <\/div>\n                                                            <div class=\"GutPushArticles-wrap \">\n                                                                            <picture class=\"GutPushArticles-picture\">\n                                            <img decoding=\"async\" src=\"https:\/\/www.hautesvallees.com\/content\/uploads\/sites\/3\/2025\/02\/la-grave-_-paul-brEchu-36-371x248.jpg\"\n                                                 alt=\"transhumance n\u00e9vache - mouton - Paul Brechu\" \/>\n                                        <\/picture>\n                                                                        <div class=\"GutPushArticles-content\">\n                                                                                    <h2 class=\"GutPushArticles-title\">Comment se comporter face aux chiens de protection des troupeaux<\/h2>\n                                                                                                                                                                    <a class=\"Link\" href=\"https:\/\/www.hautesvallees.com\/comment-se-comporter-face-aux-chiens-de-protection-des-troupeaux\/\" >D\u00e9couvrir les bons gestes<\/a>\n                                                                            <\/div>\n                                <\/div>\n                                                            <div class=\"GutPushArticles-wrap \">\n                                                                            <picture class=\"GutPushArticles-picture\">\n                                            <img decoding=\"async\" src=\"https:\/\/www.hautesvallees.com\/content\/uploads\/sites\/3\/2025\/02\/PHOTO-2024-03-28-12-09-21-1-371x248.jpg\"\n                                                 alt=\"Balade chien C. Jouffrey\" \/>\n                                        <\/picture>\n                                                                        <div class=\"GutPushArticles-content\">\n                                                                                    <h2 class=\"GutPushArticles-title\">Randonner avec mon chien dans les hautes Vall\u00e9es<\/h2>\n                                                                                                                                                                    <a class=\"Link\" href=\"https:\/\/www.hautesvallees.com\/randonner-avec-mon-chien-dans-les-hautes-vallees\/\" >En d\u00e9couvrir plus<\/a>\n                                                                            <\/div>\n                                <\/div>\n                                                    <\/div>\n                                            <\/div>\n                                                <\/div>\n                    <\/div>\n    <\/div>\n","protected":false},"excerpt":{"rendered":"","protected":false},"author":5,"featured_media":1172,"parent":849,"menu_order":2,"comment_status":"closed","ping_status":"closed","template":"","meta":{"_acf_changed":false,"footnotes":""},"class_list":["post-852","page","type-page","status-publish","has-post-thumbnail","hentry"],"acf":[],"_links":{"self":[{"href":"https:\/\/www.hautesvallees.com\/la-claree\/wp-json\/wp\/v2\/pages\/852","targetHints":{"allow":["GET"]}}],"collection":[{"href":"https:\/\/www.hautesvallees.com\/la-claree\/wp-json\/wp\/v2\/pages"}],"about":[{"href":"https:\/\/www.hautesvallees.com\/la-claree\/wp-json\/wp\/v2\/types\/page"}],"author":[{"embeddable":true,"href":"https:\/\/www.hautesvallees.com\/la-claree\/wp-json\/wp\/v2\/users\/5"}],"replies":[{"embeddable":true,"href":"https:\/\/www.hautesvallees.com\/la-claree\/wp-json\/wp\/v2\/comments?post=852"}],"version-history":[{"count":8,"href":"https:\/\/www.hautesvallees.com\/la-claree\/wp-json\/wp\/v2\/pages\/852\/revisions"}],"predecessor-version":[{"id":5154,"href":"https:\/\/www.hautesvallees.com\/la-claree\/wp-json\/wp\/v2\/pages\/852\/revisions\/5154"}],"up":[{"embeddable":true,"href":"https:\/\/www.hautesvallees.com\/la-claree\/wp-json\/wp\/v2\/pages\/849"}],"wp:featuredmedia":[{"embeddable":true,"href":"https:\/\/www.hautesvallees.com\/la-claree\/wp-json\/wp\/v2\/media\/1172"}],"wp:attachment":[{"href":"https:\/\/www.hautesvallees.com\/la-claree\/wp-json\/wp\/v2\/media?parent=852"}],"curies":[{"name":"wp","href":"https:\/\/api.w.org\/{rel}","templated":true}]}}