{"id":812,"date":"2024-01-26T16:49:14","date_gmt":"2024-01-26T15:49:14","guid":{"rendered":"https:\/\/www.hautesvallees.com\/la-claree\/?page_id=812"},"modified":"2025-09-15T15:47:44","modified_gmt":"2025-09-15T13:47:44","slug":"commerces-et-services","status":"publish","type":"page","link":"https:\/\/www.hautesvallees.com\/la-claree\/sur-place\/commerces-et-services\/","title":{"rendered":"Commerces et services en Clar\u00e9e"},"content":{"rendered":"<div class=\"GutText  GutContainer\">\n        <div class=\"GutText-inner\">\n            <div class=\"GutTitle Center\">\n                    <h2 class=\"GutTitle-title\">\n                                    <span class=\"GutTitle-surtitle\">Les commerces et services<\/span>\n                                                        dont vous avez besoin\n                            <\/h2>\n                    <\/div>\n                                        <div class=\"GutText-wysiwyg Content\">\n                    <p style=\"text-align: center;\">Les <strong>commer\u00e7ants de la vall\u00e9e de la Clar\u00e9e<\/strong> sont \u00e0 votre disposition pour la location de mat\u00e9riel, vos achats de souvenirs, livres, topos et carte IGN, etc&#8230;<\/p>\n<p style=\"text-align: center;\">Retrouvez \u00e9galement les prestataires d&rsquo;activit\u00e9s, accompagnateurs en montagne, guide&#8230; Pour d\u00e9couvrir la vall\u00e9e de la Clar\u00e9e autrement&#8230;<\/p>\n\n                <\/div>\n                    <\/div>\n    <\/div>\n\n\n<div class=\"GutPushArticles  GutContainer\">\n        <div class=\"GutPushArticles-container\">\n                        <div class=\"GutPushArticles-inner \">\n                                    <div class=\"GutPushArticles-container \" >\n                        <div class=\"GutPushArticles-list \">\n                                                            <div class=\"GutPushArticles-wrap \">\n                                                                            <picture class=\"GutPushArticles-picture\">\n                                            <img decoding=\"async\" src=\"https:\/\/www.hautesvallees.com\/content\/uploads\/sites\/3\/2025\/01\/hendrik-morkel-HZgDcJE2lEs-unsplash-1-scaled-1-371x248.jpg\"\n                                                 alt=\"Magasin ski Unsplash\" \/>\n                                        <\/picture>\n                                                                        <div class=\"GutPushArticles-content\">\n                                                                                    <h2 class=\"GutPushArticles-title\">Location de mat\u00e9riel<\/h2>\n                                                                                                                                                                    <a class=\"Link\" href=\"https:\/\/www.hautesvallees.com\/la-claree\/sur-place\/commerces-et-services\/location-de-materiel\/\" >Par ici <\/a>\n                                                                            <\/div>\n                                <\/div>\n                                                            <div class=\"GutPushArticles-wrap \">\n                                                                            <picture class=\"GutPushArticles-picture\">\n                                            <img decoding=\"async\" src=\"https:\/\/www.hautesvallees.com\/content\/uploads\/sites\/3\/2025\/01\/ski-932188_640-371x248.jpg\"\n                                                 alt=\"Commerces et services - Equipement ski - Pixabay\" \/>\n                                        <\/picture>\n                                                                        <div class=\"GutPushArticles-content\">\n                                                                                    <h2 class=\"GutPushArticles-title\">Commerces, sports et souvenirs<\/h2>\n                                                                                                                                                                    <a class=\"Link\" href=\"https:\/\/www.hautesvallees.com\/la-claree\/sur-place\/commerces-et-services\/commerces-sports-et-souvenirs\/\" >Par ici<\/a>\n                                                                            <\/div>\n                                <\/div>\n                                                            <div class=\"GutPushArticles-wrap \">\n                                                                            <picture class=\"GutPushArticles-picture\">\n                                            <img decoding=\"async\" src=\"https:\/\/www.hautesvallees.com\/content\/uploads\/sites\/3\/2025\/01\/clara-ferrand-vallee-de-la-claree-4-optimise-web-1024x683-1-371x248.jpg\"\n                                                 alt=\"Carte IGN - Clara Ferrand\" \/>\n                                        <\/picture>\n                                                                        <div class=\"GutPushArticles-content\">\n                                                                                    <h2 class=\"GutPushArticles-title\">Prestataires d&rsquo;activit\u00e9s<\/h2>\n                                                                                                                                                                    <a class=\"Link\" href=\"https:\/\/www.hautesvallees.com\/la-claree\/sur-place\/commerces-et-services\/prestataires-dactivites\/\" >Par ici<\/a>\n                                                                            <\/div>\n                                <\/div>\n                                                    <\/div>\n                                            <\/div>\n                                                <\/div>\n                    <\/div>\n    <\/div>\n\n\n<div class=\"GutPushArticles  GutContainer\">\n        <div class=\"GutPushArticles-container\">\n                        <div class=\"GutPushArticles-inner \">\n                                    <div class=\"GutPushArticles-container \" >\n                        <div class=\"GutPushArticles-list \">\n                                                            <div class=\"GutPushArticles-wrap \">\n                                                                            <picture class=\"GutPushArticles-picture\">\n                                            <img decoding=\"async\" src=\"https:\/\/www.hautesvallees.com\/content\/uploads\/sites\/3\/2025\/09\/sincerely-media-EtyBBUByPSQ-unsplash-371x248-1.jpg\"\n                                                 alt=\"Service\" \/>\n                                        <\/picture>\n                                                                        <div class=\"GutPushArticles-content\">\n                                                                                    <h2 class=\"GutPushArticles-title\">Services<\/h2>\n                                                                                                                            <div class=\"GutPushArticles-text Content\">\n                                                Services pratiques sur place\n                                            <\/div>\n                                                                                                                            <a class=\"Link\" href=\"https:\/\/www.hautesvallees.com\/la-claree\/sur-place\/commerces-et-services\/services\/\" >Par ici<\/a>\n                                                                            <\/div>\n                                <\/div>\n                                                            <div class=\"GutPushArticles-wrap \">\n                                                                            <picture class=\"GutPushArticles-picture\">\n                                            <img decoding=\"async\" src=\"https:\/\/www.hautesvallees.com\/content\/uploads\/sites\/3\/2025\/02\/Village-Val-des-Pres-\ufffd-alpesphotographies.com-8-1-min-371x248.jpg\"\n                                                 alt=\"La village de Val-des-Pr\u00e9s \u00a9Alpes Photographies\" \/>\n                                        <\/picture>\n                                                                        <div class=\"GutPushArticles-content\">\n                                                                                    <h2 class=\"GutPushArticles-title\">Associations <\/h2>\n                                                                                                                            <div class=\"GutPushArticles-text Content\">\n                                                Retrouvez les associations sportives et culturelles\n                                            <\/div>\n                                                                                                                            <a class=\"Link\" href=\"https:\/\/www.hautesvallees.com\/la-claree\/sur-place\/commerces-et-services\/associations-de-la-claree\/\" >Par ici<\/a>\n                                                                            <\/div>\n                                <\/div>\n                                                            <div class=\"GutPushArticles-wrap \">\n                                                                            <picture class=\"GutPushArticles-picture\">\n                                            <img decoding=\"async\" src=\"https:\/\/www.hautesvallees.com\/content\/uploads\/sites\/3\/2025\/09\/books-2596809_1280-371x248-1.jpg\"\n                                                 alt=\"Biblioth\u00e8que\" \/>\n                                        <\/picture>\n                                                                        <div class=\"GutPushArticles-content\">\n                                                                                    <h2 class=\"GutPushArticles-title\">La biblioth\u00e8que de la Clar\u00e9e<\/h2>\n                                                                                                                                                                    <a class=\"Link\" href=\"https:\/\/www.hautesvallees.com\/la-claree\/sur-place\/commerces-et-services\/bibliotheque-de-la-claree\/\" >Par ici<\/a>\n                                                                            <\/div>\n                                <\/div>\n                                                    <\/div>\n                                            <\/div>\n                                                <\/div>\n                    <\/div>\n    <\/div>\n","protected":false},"excerpt":{"rendered":"","protected":false},"author":5,"featured_media":1005,"parent":811,"menu_order":1,"comment_status":"closed","ping_status":"closed","template":"","meta":{"_acf_changed":false,"footnotes":""},"class_list":["post-812","page","type-page","status-publish","has-post-thumbnail","hentry"],"acf":[],"_links":{"self":[{"href":"https:\/\/www.hautesvallees.com\/la-claree\/wp-json\/wp\/v2\/pages\/812","targetHints":{"allow":["GET"]}}],"collection":[{"href":"https:\/\/www.hautesvallees.com\/la-claree\/wp-json\/wp\/v2\/pages"}],"about":[{"href":"https:\/\/www.hautesvallees.com\/la-claree\/wp-json\/wp\/v2\/types\/page"}],"author":[{"embeddable":true,"href":"https:\/\/www.hautesvallees.com\/la-claree\/wp-json\/wp\/v2\/users\/5"}],"replies":[{"embeddable":true,"href":"https:\/\/www.hautesvallees.com\/la-claree\/wp-json\/wp\/v2\/comments?post=812"}],"version-history":[{"count":8,"href":"https:\/\/www.hautesvallees.com\/la-claree\/wp-json\/wp\/v2\/pages\/812\/revisions"}],"predecessor-version":[{"id":15010,"href":"https:\/\/www.hautesvallees.com\/la-claree\/wp-json\/wp\/v2\/pages\/812\/revisions\/15010"}],"up":[{"embeddable":true,"href":"https:\/\/www.hautesvallees.com\/la-claree\/wp-json\/wp\/v2\/pages\/811"}],"wp:featuredmedia":[{"embeddable":true,"href":"https:\/\/www.hautesvallees.com\/la-claree\/wp-json\/wp\/v2\/media\/1005"}],"wp:attachment":[{"href":"https:\/\/www.hautesvallees.com\/la-claree\/wp-json\/wp\/v2\/media?parent=812"}],"curies":[{"name":"wp","href":"https:\/\/api.w.org\/{rel}","templated":true}]}}