{"id":811,"date":"2024-01-26T16:43:46","date_gmt":"2024-01-26T15:43:56","guid":{"rendered":"https:\/\/www.hautesvallees.com\/la-claree\/?page_id=811"},"modified":"2025-02-13T10:43:06","modified_gmt":"2025-02-13T09:43:06","slug":"sur-place","status":"publish","type":"page","link":"https:\/\/www.hautesvallees.com\/la-claree\/sur-place\/","title":{"rendered":"Sur place"},"content":{"rendered":"<div class=\"GutText  GutContainer\">\n        <div class=\"GutText-inner\">\n            <div class=\"GutTitle Center\">\n                    <h2 class=\"GutTitle-title\">\n                                    <span class=\"GutTitle-surtitle\">Sur place<\/span>\n                                                        en Clar\u00e9e\n                            <\/h2>\n                    <\/div>\n                            <div class=\"GutText-intro Center\">Bienvenue dans les Hautes Vall\u00e9es ! vos vacances peuvent enfin d\u00e9buter !<\/div>\n                                        <div class=\"GutText-wysiwyg Content\">\n                    <p style=\"text-align: center;\">Le programme de vos vacances est anticip\u00e9 depuis plusieurs semaine voire plusieurs mois, mais pour certains d&rsquo;entres vous, la place \u00e0 la spontan\u00e9it\u00e9 est importante.<\/p>\n<p style=\"text-align: center;\">Envie de trouver un bon restaurant pour ce soir ? de d\u00e9couvrir les savoirs faires locaux en d\u00e9couvrant le d\u00e9licieux fromages de ch\u00e8vre de la ferme du coin ou bien en d\u00e9couvrant le talent des artisans locaux ?<\/p>\n<p style=\"text-align: center;\">Dans la vall\u00e9e de la Clar\u00e9e, vous trouverez bien un petit souvenir \u00e0 offrir \u00e0 votre famille !<\/p>\n<p style=\"text-align: center;\">Beson d&rsquo;informations pratiques ? wifi ? horaire de la poste ?<\/p>\n\n                <\/div>\n                    <\/div>\n    <\/div>\n\n\n<div class=\"GutPushArticles GutPushCategories  GutContainer\">\n        <div class=\"GutPushArticles-container\">\n                        <div class=\"GutPushArticles-inner \">\n                                    <div class=\"GutPushArticles-container \" >\n                        <div class=\"GutPushArticles-list \">\n                                                            <a class=\"GutPushArticles-wrap \" href=\"https:\/\/www.hautesvallees.com\/la-claree\/sur-place\/restaurants\/\">\n                                                                            <picture class=\"GutPushArticles-picture\">\n                                            <img decoding=\"async\" src=\"https:\/\/www.hautesvallees.com\/content\/uploads\/sites\/3\/2025\/02\/Repas-du-midi-colore-au-Brin-sauvage-Nevache-\u00a9Brin-Sauvage-1-1-scaled-1-371x248.jpg\"\n                                                 alt=\"Repas du midi color\u00e9 au Brin sauvage N\u00e9vache \u00a9Brin Sauvage (1) (1)\" \/>\n                                        <\/picture>\n                                                                                                                <h2 class=\"GutPushCategories-title GutPushArticles-title\">Restaurants en Clar\u00e9e<\/h2>\n                                                                    <\/a>\n                                                            <a class=\"GutPushArticles-wrap \" href=\"https:\/\/www.hautesvallees.com\/la-claree\/sur-place\/commerces-et-services\/\">\n                                                                            <picture class=\"GutPushArticles-picture\">\n                                            <img decoding=\"async\" src=\"https:\/\/www.hautesvallees.com\/content\/uploads\/sites\/3\/2025\/01\/girl-4181395_1280-371x248.jpg\"\n                                                 alt=\"Commerces et services - Pixabay\" \/>\n                                        <\/picture>\n                                                                                                                <h2 class=\"GutPushCategories-title GutPushArticles-title\">Commerces et services en Clar\u00e9e<\/h2>\n                                                                    <\/a>\n                                                            <a class=\"GutPushArticles-wrap \" href=\"https:\/\/www.hautesvallees.com\/la-claree\/sur-place\/consommer-local\/\">\n                                                                            <picture class=\"GutPushArticles-picture\">\n                                            <img decoding=\"async\" src=\"https:\/\/www.hautesvallees.com\/content\/uploads\/sites\/3\/2025\/02\/Plateau-fromage-\u00a9Entre2poles-scaled-1-371x248.jpeg\"\n                                                 alt=\"Plateau fromage \u00a9Entre2poles\" \/>\n                                        <\/picture>\n                                                                                                                <h2 class=\"GutPushCategories-title GutPushArticles-title\">Consommer local en Clar\u00e9e<\/h2>\n                                                                    <\/a>\n                                                    <\/div>\n                                            <\/div>\n                                                <\/div>\n        <\/div>\n    <\/div>\n\n\n<div class=\"GutPushArticles GutPushCategories  GutContainer\">\n        <div class=\"GutPushArticles-container\">\n                        <div class=\"GutPushArticles-inner \">\n                                    <div class=\"GutPushArticles-container \" >\n                        <div class=\"GutPushArticles-list \">\n                                                            <a class=\"GutPushArticles-wrap \" href=\"https:\/\/www.hautesvallees.com\/la-claree\/sur-place\/infos-pratiques\/\">\n                                                                            <picture class=\"GutPushArticles-picture\">\n                                            <img decoding=\"async\" src=\"https:\/\/www.hautesvallees.com\/content\/uploads\/sites\/3\/2025\/02\/S.Morattel-Bureau-Nevache-1-scaled-1-371x248.jpg\"\n                                                 alt=\"S.Morattel-Bureau N\u00e9vache (1)\" \/>\n                                        <\/picture>\n                                                                                                                <h2 class=\"GutPushCategories-title GutPushArticles-title\">Infos pratiques en Clar\u00e9e<\/h2>\n                                                                    <\/a>\n                                                            <a class=\"GutPushArticles-wrap \" href=\"https:\/\/www.hautesvallees.com\/la-claree\/sur-place\/vie-locale\/\">\n                                                                            <picture class=\"GutPushArticles-picture\">\n                                            <img decoding=\"async\" src=\"https:\/\/www.hautesvallees.com\/content\/uploads\/sites\/3\/2025\/01\/Nevache-villages-patrimoine-_-alpesphotographies.com-98-371x248.jpg\"\n                                                 alt=\"N\u00e9vache villages patrimoine _ alpesphotographies.com (98)\" \/>\n                                        <\/picture>\n                                                                                                                <h2 class=\"GutPushCategories-title GutPushArticles-title\">Vie locale en Clar\u00e9e<\/h2>\n                                                                    <\/a>\n                                                    <\/div>\n                                            <\/div>\n                                                <\/div>\n        <\/div>\n    <\/div>\n\n\n<div class=\"GutPeleMele  GutContainer\">\n        <div class=\"GutPeleMele-inner\">\n            <div class=\"GutTitle Center\">\n                    <h2 class=\"GutTitle-title\">\n                                    <span class=\"GutTitle-surtitle\">Vous aimerez<\/span>\n                                                        aussi\n                            <\/h2>\n                    <\/div>\n                            <div class=\"GutPeleMele-grid\">\n                                                                        <a class=\"GutPeleMele-tile\" href=\"https:\/\/www.hautesvallees.com\/la-claree\/decouvrir\/\"\n                               target=\"\" title=\"D\u00e9couvrir\">\n                                                    <img decoding=\"async\" class=\"GutPeleMele-tile--image\" src=\"https:\/\/www.hautesvallees.com\/content\/uploads\/sites\/3\/2025\/01\/Randonnee-lac-long-Nevache-Expression-Sauvage1-e1705934644249.jpg\" alt=\"Randonn\u00e9e en Haute Vall\u00e9e dans la Vall\u00e9e de la Clar\u00e9e\">\n                            <span class=\"GutPeleMele-tile--title\">D\u00e9couvrir la Clar\u00e9e<\/span>\n                                                    <\/a>\n                                                                                                <a class=\"GutPeleMele-tile\" href=\"https:\/\/www.hautesvallees.com\/la-claree\/se-loger\/\"\n                               target=\"\" title=\"Se loger\">\n                                                    <img decoding=\"async\" class=\"GutPeleMele-tile--image\" src=\"https:\/\/www.hautesvallees.com\/content\/uploads\/sites\/3\/2025\/01\/Refuge-du-Chardonnet-\u00a9TBlais-scaled-1.jpg\" alt=\"Itin\u00e9rances dans les Hautes Vall\u00e9es - Itin\u00e9rance Mont Thabor - Refuge du Chardonnet \u00a9T.Blais\">\n                            <span class=\"GutPeleMele-tile--title\">H\u00e9bergements <\/span>\n                                                    <\/a>\n                                                                                                <a class=\"GutPeleMele-tile\" href=\"https:\/\/www.hautesvallees.com\/la-claree\/que-faire\/\"\n                               target=\"\" title=\"Que faire ?\">\n                                                    <img decoding=\"async\" class=\"GutPeleMele-tile--image\" src=\"https:\/\/www.hautesvallees.com\/content\/uploads\/sites\/3\/2025\/01\/Randonneuse-automne-\u00a9T.blais_-1-scaled-1.jpg\" alt=\"s&#039;habiller et pr\u00e9parer sa randonn\u00e9e \u00a9T.blais\">\n                            <span class=\"GutPeleMele-tile--title\">Que faire en Clar\u00e9e<\/span>\n                                                    <\/a>\n                                                                                                <a class=\"GutPeleMele-tile\" href=\"https:\/\/www.hautesvallees.com\/la-claree\/agenda\/\"\n                               target=\"\" title=\"Agenda\">\n                                                    <img decoding=\"async\" class=\"GutPeleMele-tile--image\" src=\"https:\/\/www.hautesvallees.com\/content\/uploads\/sites\/3\/2025\/01\/Open-de-biathlon-2023-2-optimise-web.webp\" alt=\"Biathlon Clar\u00e9e \u00a9 Magda Molinari\">\n                            <span class=\"GutPeleMele-tile--title\">Agenda<\/span>\n                                                    <\/a>\n                                                                                                <a class=\"GutPeleMele-tile\" href=\"https:\/\/www.hautesvallees.com\/lizoard\/inspirez-vous\/\"\n                               target=\"\" title=\"Inspirez-vous\">\n                                                    <img decoding=\"async\" class=\"GutPeleMele-tile--image\" src=\"https:\/\/www.hautesvallees.com\/content\/uploads\/sites\/3\/2025\/01\/Plateau-des-thures-lac-chavillon-28-scaled-1.jpg\" alt=\"Plateau des thures - lac chavillon - Blais T.\">\n                            <span class=\"GutPeleMele-tile--title\">Inspirez-vous<\/span>\n                                                    <\/a>\n                                                                                                <a class=\"GutPeleMele-tile\" href=\"https:\/\/www.hautesvallees.com\/faq\/\"\n                               target=\"\" title=\"FAQ\">\n                                                    <img decoding=\"async\" class=\"GutPeleMele-tile--image\" src=\"https:\/\/www.hautesvallees.com\/content\/uploads\/sites\/3\/2025\/01\/Rando-avec-chien-\u00a9-Laury-Chamerlat-8-scaled-1.jpg\" alt=\"Randonn\u00e9e avec son chien - Croix d&#039;Aquila (Izoard)\">\n                            <span class=\"GutPeleMele-tile--title\">FAQ<\/span>\n                                                    <\/a>\n                                                            <\/div>\n                    <\/div>\n\n    <\/div>\n","protected":false},"excerpt":{"rendered":"","protected":false},"author":5,"featured_media":1001,"parent":0,"menu_order":4,"comment_status":"closed","ping_status":"closed","template":"","meta":{"_acf_changed":false,"footnotes":""},"class_list":["post-811","page","type-page","status-publish","has-post-thumbnail","hentry"],"acf":[],"_links":{"self":[{"href":"https:\/\/www.hautesvallees.com\/la-claree\/wp-json\/wp\/v2\/pages\/811","targetHints":{"allow":["GET"]}}],"collection":[{"href":"https:\/\/www.hautesvallees.com\/la-claree\/wp-json\/wp\/v2\/pages"}],"about":[{"href":"https:\/\/www.hautesvallees.com\/la-claree\/wp-json\/wp\/v2\/types\/page"}],"author":[{"embeddable":true,"href":"https:\/\/www.hautesvallees.com\/la-claree\/wp-json\/wp\/v2\/users\/5"}],"replies":[{"embeddable":true,"href":"https:\/\/www.hautesvallees.com\/la-claree\/wp-json\/wp\/v2\/comments?post=811"}],"version-history":[{"count":8,"href":"https:\/\/www.hautesvallees.com\/la-claree\/wp-json\/wp\/v2\/pages\/811\/revisions"}],"predecessor-version":[{"id":2722,"href":"https:\/\/www.hautesvallees.com\/la-claree\/wp-json\/wp\/v2\/pages\/811\/revisions\/2722"}],"wp:featuredmedia":[{"embeddable":true,"href":"https:\/\/www.hautesvallees.com\/la-claree\/wp-json\/wp\/v2\/media\/1001"}],"wp:attachment":[{"href":"https:\/\/www.hautesvallees.com\/la-claree\/wp-json\/wp\/v2\/media?parent=811"}],"curies":[{"name":"wp","href":"https:\/\/api.w.org\/{rel}","templated":true}]}}